{"id":7674,"date":"2024-06-04T21:17:48","date_gmt":"2024-06-04T18:17:48","guid":{"rendered":"https:\/\/musicmedia.fi\/?page_id=7674"},"modified":"2025-03-26T17:07:05","modified_gmt":"2025-03-26T15:07:05","slug":"fresh-ohjelma","status":"publish","type":"page","link":"https:\/\/musicmedia.fi\/fi\/fresh-ohjelma\/","title":{"rendered":"Ohjelma 2024 &#8211; Fresh! by Music x Media"},"content":{"rendered":"\t\t<div data-elementor-type=\"wp-page\" data-elementor-id=\"7674\" class=\"elementor elementor-7674\">\n\t\t\t\t<div class=\"elementor-element elementor-element-31005b4 e-flex e-con-boxed e-con e-parent\" data-id=\"31005b4\" data-element_type=\"container\" data-settings=\"{&quot;background_background&quot;:&quot;classic&quot;}\">\n\t\t\t\t\t<div class=\"e-con-inner\">\n\t\t\t\t\t<\/div>\n\t\t\t\t<\/div>\n\t\t<div class=\"elementor-element elementor-element-e530097 e-flex e-con-boxed e-con e-parent\" data-id=\"e530097\" data-element_type=\"container\" data-settings=\"{&quot;background_background&quot;:&quot;classic&quot;}\">\n\t\t\t\t\t<div class=\"e-con-inner\">\n\t\t\t\t<div class=\"elementor-element elementor-element-71f2562 elementor-widget elementor-widget-heading\" data-id=\"71f2562\" data-element_type=\"widget\" data-widget_type=\"heading.default\">\n\t\t\t\t<div class=\"elementor-widget-container\">\n\t\t\t\t\t<h2 class=\"elementor-heading-title elementor-size-default\">Vuonna 2024 Fresh! by Music x Median monipuolisessa ohjelmassa n\u00e4htiin ja koettiin erilaisia ty\u00f6pajoja, mielenkiintoisia keskusteluja, verkostoitumista sek\u00e4 tavattiin alan toimijoita!<\/h2>\t\t\t\t<\/div>\n\t\t\t\t<\/div>\n\t\t\t\t\t<\/div>\n\t\t\t\t<\/div>\n\t\t<div class=\"elementor-element elementor-element-da14582 e-flex e-con-boxed e-con e-parent\" data-id=\"da14582\" data-element_type=\"container\" data-settings=\"{&quot;background_background&quot;:&quot;classic&quot;}\">\n\t\t\t\t\t<div class=\"e-con-inner\">\n\t\t\t\t<div class=\"elementor-element elementor-element-2c7a730 elementor-widget elementor-widget-text-editor\" data-id=\"2c7a730\" data-element_type=\"widget\" data-widget_type=\"text-editor.default\">\n\t\t\t\t<div class=\"elementor-widget-container\">\n\t\t\t\t\t\t\t\t\t<p><span style=\"font-weight: 400;\"><strong>Ty\u00f6pajoissa<\/strong> p\u00e4\u00e4stiin muun muassa tutustumaan \u00e4\u00e4nitysstudioihin, <\/span><span style=\"font-weight: 400;\">tekem\u00e4\u00e4n biittej\u00e4, kokeilemaan DJ-workshopia, osallistuttiin urasparraus-keskusteluihin, opeteltiin biisien kirjoittamista ja paljon muuta! <\/span><span style=\"font-weight: 400;\"><br \/><\/span><span style=\"font-weight: 400;\"><br \/><\/span><span style=\"font-weight: 400;\"><strong>Puhesis\u00e4ll\u00f6iss\u00e4<\/strong> k\u00e4siteltiin musiikkialaa eri n\u00e4k\u00f6kulmista. Taphtumassa j\u00e4rjestetiin <\/span><span style=\"font-weight: 400;\">paneelikeskusteluja, keynote-puheenvuoroja sek\u00e4 tietoiskuja luovien alojen tekij\u00f6ille. Puhumassa oli mm. Hassan Maikal &amp; Setumo Bodibe sek\u00e4 Nosh A Lody, Berta, Joanna Heikkinen ja Christina Boman.<\/span><span style=\"font-weight: 400;\">\u00a0<\/span><\/p><p><span style=\"font-weight: 400;\">Tapahtumassa oli tavattavissa laajasti alan toimijoita, ja mukana olivat mm. <strong>Teosto<\/strong>, <strong>Gramex<\/strong>, <strong>Rytmi-instituutti<\/strong>, <strong>Tavara-asema<\/strong>, <\/span><span style=\"font-weight: 400;\"><strong>LiveFIN ry<\/strong>, <strong>Tampereen ammattikorkeakoulu Media\/Arts<\/strong>, <strong>Emma School<\/strong> &amp; <strong>YleX<\/strong>.\u00a0<\/span><\/p><p><span style=\"text-align: var(--text-align);\"><br \/>Tapahtuman puheohjelma j\u00e4rjestettiin suomeksi. Ty\u00f6pajoissa ohjaus toteutettiin suomeksi sek\u00e4 englanniksi.<\/span><\/p><p><b>Stage 13 goes Fresh! &#8211; jatkot Monitoimitalolla <\/b><\/p><p><span style=\"font-weight: 400;\">Ohjelma jatkui Tampere-talon j\u00e4lkeen Tampereen nuorisopalveluiden Monitoimitalolla <\/span><span style=\"font-weight: 400;\"><br \/><\/span><span style=\"font-weight: 400;\">Stage13 goes Fresh! -tapahtumassa klo 16-20, johon oli vapaa p\u00e4\u00e4sy. Jatkoilla oli avoimet ovet nuorten kulttuurikeskuksen monipuolisiin tiloihin ja toimintoihin, aloittelevien b\u00e4ndien Stage 13 -tapahtuma, b\u00e4ndilogon suunnittelua, levynkansigrafiikkaa, sek\u00e4 Ida Alexin ja Hannes Kettin pit\u00e4m\u00e4t ty\u00f6pajat.\u00a0<\/span><\/p>\t\t\t\t\t\t\t\t<\/div>\n\t\t\t\t<\/div>\n\t\t\t\t\t<\/div>\n\t\t\t\t<\/div>\n\t\t<div class=\"elementor-element elementor-element-9d4ad10 e-flex e-con-boxed e-con e-parent\" data-id=\"9d4ad10\" data-element_type=\"container\" data-settings=\"{&quot;background_background&quot;:&quot;classic&quot;}\">\n\t\t\t\t\t<div class=\"e-con-inner\">\n\t\t\t\t<div class=\"elementor-element elementor-element-3f0114a elementor-widget elementor-widget-image\" data-id=\"3f0114a\" data-element_type=\"widget\" data-widget_type=\"image.default\">\n\t\t\t\t<div class=\"elementor-widget-container\">\n\t\t\t\t\t\t\t\t\t\t\t\t\t\t\t<img fetchpriority=\"high\" decoding=\"async\" width=\"768\" height=\"432\" src=\"https:\/\/musicmedia.fi\/wp-content\/uploads\/2024\/06\/DJ-Academy-MxM-768x432.jpg\" class=\"attachment-medium_large size-medium_large wp-image-7796\" alt=\"\" srcset=\"https:\/\/musicmedia.fi\/wp-content\/uploads\/2024\/06\/DJ-Academy-MxM-768x432.jpg 768w, https:\/\/musicmedia.fi\/wp-content\/uploads\/2024\/06\/DJ-Academy-MxM-300x169.jpg 300w, https:\/\/musicmedia.fi\/wp-content\/uploads\/2024\/06\/DJ-Academy-MxM-1024x576.jpg 1024w, https:\/\/musicmedia.fi\/wp-content\/uploads\/2024\/06\/DJ-Academy-MxM-1536x864.jpg 1536w, https:\/\/musicmedia.fi\/wp-content\/uploads\/2024\/06\/DJ-Academy-MxM-18x10.jpg 18w, https:\/\/musicmedia.fi\/wp-content\/uploads\/2024\/06\/DJ-Academy-MxM.jpg 1890w\" sizes=\"(max-width: 768px) 100vw, 768px\" \/>\t\t\t\t\t\t\t\t\t\t\t\t\t\t\t<\/div>\n\t\t\t\t<\/div>\n\t\t\t\t\t<\/div>\n\t\t\t\t<\/div>\n\t\t<div class=\"elementor-element elementor-element-646e81a e-flex e-con-boxed e-con e-parent\" data-id=\"646e81a\" data-element_type=\"container\" data-settings=\"{&quot;background_background&quot;:&quot;classic&quot;}\">\n\t\t\t\t\t<div class=\"e-con-inner\">\n\t\t\t\t<div class=\"elementor-element elementor-element-a5b5444 elementor-widget elementor-widget-heading\" data-id=\"a5b5444\" data-element_type=\"widget\" data-widget_type=\"heading.default\">\n\t\t\t\t<div class=\"elementor-widget-container\">\n\t\t\t\t\t<h2 class=\"elementor-heading-title elementor-size-default\">Ohjelmaa tekem\u00e4ss\u00e4<\/h2>\t\t\t\t<\/div>\n\t\t\t\t<\/div>\n\t\t\t\t\t<\/div>\n\t\t\t\t<\/div>\n\t\t<div class=\"elementor-element elementor-element-4fa9361 e-flex e-con-boxed e-con e-parent\" data-id=\"4fa9361\" data-element_type=\"container\" data-settings=\"{&quot;background_background&quot;:&quot;classic&quot;}\">\n\t\t\t\t\t<div class=\"e-con-inner\">\n\t\t\t\t<div class=\"elementor-element elementor-element-d895a5a elementor-widget elementor-widget-text-editor\" data-id=\"d895a5a\" data-element_type=\"widget\" data-widget_type=\"text-editor.default\">\n\t\t\t\t<div class=\"elementor-widget-container\">\n\t\t\t\t\t\t\t\t\t<p>Music x Media &amp; Creative Finland<\/p><p>Teosto, Gramex, Tampereen Ammattikorkeakoulu Media\/Arts, Helsingin nuorisopalvelut, Emma School Helsinki, DJ Academy Helsinki, Signaalimedia, Vibing Out, msonic, Genelec, Universal Audio, Tavara-asema, LiveFIN ry, Monitoimitalo 13, Tampereen nuorisopalvelut, Rytmi-instituutti, YleX<\/p>\t\t\t\t\t\t\t\t<\/div>\n\t\t\t\t<\/div>\n\t\t\t\t<div class=\"elementor-element elementor-element-e1db40c elementor-widget elementor-widget-spacer\" data-id=\"e1db40c\" data-element_type=\"widget\" data-widget_type=\"spacer.default\">\n\t\t\t\t<div class=\"elementor-widget-container\">\n\t\t\t\t\t\t\t<div class=\"elementor-spacer\">\n\t\t\t<div class=\"elementor-spacer-inner\"><\/div>\n\t\t<\/div>\n\t\t\t\t\t\t<\/div>\n\t\t\t\t<\/div>\n\t\t\t\t\t<\/div>\n\t\t\t\t<\/div>\n\t\t\t\t<\/div>\n\t\t","protected":false},"excerpt":{"rendered":"<p>Vuonna 2024 Fresh! by Music x Median monipuolisessa ohjelmassa n\u00e4htiin ja koettiin erilaisia ty\u00f6pajoja, mielenkiintoisia keskusteluja, verkostoitumista sek\u00e4 tavattiin alan toimijoita! Ty\u00f6pajoissa p\u00e4\u00e4stiin muun muassa tutustumaan \u00e4\u00e4nitysstudioihin, tekem\u00e4\u00e4n biittej\u00e4, kokeilemaan DJ-workshopia, osallistuttiin urasparraus-keskusteluihin, opeteltiin biisien kirjoittamista ja paljon muuta! Puhesis\u00e4ll\u00f6iss\u00e4 k\u00e4siteltiin musiikkialaa eri n\u00e4k\u00f6kulmista. Taphtumassa j\u00e4rjestetiin paneelikeskusteluja, keynote-puheenvuoroja sek\u00e4 tietoiskuja luovien alojen tekij\u00f6ille. Puhumassa oli [&hellip;]<\/p>\n","protected":false},"author":19,"featured_media":0,"parent":0,"menu_order":0,"comment_status":"closed","ping_status":"closed","template":"","meta":{"_acf_changed":false,"inline_featured_image":false,"footnotes":""},"class_list":["post-7674","page","type-page","status-publish","hentry"],"acf":[],"yoast_head":"<!-- This site is optimized with the Yoast SEO plugin v25.7 - https:\/\/yoast.com\/wordpress\/plugins\/seo\/ -->\n<title>Ohjelma 2024 - Fresh! by Music x Media - Music x Media<\/title>\n<meta name=\"robots\" content=\"index, follow, max-snippet:-1, max-image-preview:large, max-video-preview:-1\" \/>\n<link rel=\"canonical\" href=\"https:\/\/musicmedia.fi\/fi\/fresh-ohjelma\/\" \/>\n<meta property=\"og:locale\" content=\"fi_FI\" \/>\n<meta property=\"og:type\" content=\"article\" \/>\n<meta property=\"og:title\" content=\"Ohjelma 2024 - Fresh! by Music x Media - Music x Media\" \/>\n<meta property=\"og:description\" content=\"Vuonna 2024 Fresh! by Music x Median monipuolisessa ohjelmassa n\u00e4htiin ja koettiin erilaisia ty\u00f6pajoja, mielenkiintoisia keskusteluja, verkostoitumista sek\u00e4 tavattiin alan toimijoita! Ty\u00f6pajoissa p\u00e4\u00e4stiin muun muassa tutustumaan \u00e4\u00e4nitysstudioihin, tekem\u00e4\u00e4n biittej\u00e4, kokeilemaan DJ-workshopia, osallistuttiin urasparraus-keskusteluihin, opeteltiin biisien kirjoittamista ja paljon muuta! Puhesis\u00e4ll\u00f6iss\u00e4 k\u00e4siteltiin musiikkialaa eri n\u00e4k\u00f6kulmista. Taphtumassa j\u00e4rjestetiin paneelikeskusteluja, keynote-puheenvuoroja sek\u00e4 tietoiskuja luovien alojen tekij\u00f6ille. Puhumassa oli [&hellip;]\" \/>\n<meta property=\"og:url\" content=\"https:\/\/musicmedia.fi\/fi\/fresh-ohjelma\/\" \/>\n<meta property=\"og:site_name\" content=\"Music x Media\" \/>\n<meta property=\"article:modified_time\" content=\"2025-03-26T15:07:05+00:00\" \/>\n<meta property=\"og:image\" content=\"https:\/\/musicmedia.fi\/wp-content\/uploads\/2024\/06\/DJ-Academy-MxM.jpg\" \/>\n\t<meta property=\"og:image:width\" content=\"1890\" \/>\n\t<meta property=\"og:image:height\" content=\"1063\" \/>\n\t<meta property=\"og:image:type\" content=\"image\/jpeg\" \/>\n<meta name=\"twitter:card\" content=\"summary_large_image\" \/>\n<meta name=\"twitter:label1\" content=\"Arvioitu lukuaika\" \/>\n\t<meta name=\"twitter:data1\" content=\"2 minuuttia\" \/>\n<script type=\"application\/ld+json\" class=\"yoast-schema-graph\">{\"@context\":\"https:\/\/schema.org\",\"@graph\":[{\"@type\":\"WebPage\",\"@id\":\"https:\/\/musicmedia.fi\/fresh-ohjelma\/\",\"url\":\"https:\/\/musicmedia.fi\/fresh-ohjelma\/\",\"name\":\"Ohjelma 2024 - Fresh! by Music x Media - Music x Media\",\"isPartOf\":{\"@id\":\"https:\/\/musicmedia.fi\/#website\"},\"primaryImageOfPage\":{\"@id\":\"https:\/\/musicmedia.fi\/fresh-ohjelma\/#primaryimage\"},\"image\":{\"@id\":\"https:\/\/musicmedia.fi\/fresh-ohjelma\/#primaryimage\"},\"thumbnailUrl\":\"https:\/\/musicmedia.fi\/wp-content\/uploads\/2024\/06\/DJ-Academy-MxM-768x432.jpg\",\"datePublished\":\"2024-06-04T18:17:48+00:00\",\"dateModified\":\"2025-03-26T15:07:05+00:00\",\"breadcrumb\":{\"@id\":\"https:\/\/musicmedia.fi\/fresh-ohjelma\/#breadcrumb\"},\"inLanguage\":\"fi\",\"potentialAction\":[{\"@type\":\"ReadAction\",\"target\":[\"https:\/\/musicmedia.fi\/fresh-ohjelma\/\"]}]},{\"@type\":\"ImageObject\",\"inLanguage\":\"fi\",\"@id\":\"https:\/\/musicmedia.fi\/fresh-ohjelma\/#primaryimage\",\"url\":\"https:\/\/musicmedia.fi\/wp-content\/uploads\/2024\/06\/DJ-Academy-MxM-768x432.jpg\",\"contentUrl\":\"https:\/\/musicmedia.fi\/wp-content\/uploads\/2024\/06\/DJ-Academy-MxM-768x432.jpg\"},{\"@type\":\"BreadcrumbList\",\"@id\":\"https:\/\/musicmedia.fi\/fresh-ohjelma\/#breadcrumb\",\"itemListElement\":[{\"@type\":\"ListItem\",\"position\":1,\"name\":\"Home\",\"item\":\"https:\/\/musicmedia.fi\/\"},{\"@type\":\"ListItem\",\"position\":2,\"name\":\"Ohjelma 2024 &#8211; Fresh! by Music x Media\"}]},{\"@type\":\"WebSite\",\"@id\":\"https:\/\/musicmedia.fi\/#website\",\"url\":\"https:\/\/musicmedia.fi\/\",\"name\":\"Music x Media\",\"description\":\"Musiikki-, viihde- ja tapahtuma-alojen kohtaamispaikka\",\"publisher\":{\"@id\":\"https:\/\/musicmedia.fi\/#organization\"},\"potentialAction\":[{\"@type\":\"SearchAction\",\"target\":{\"@type\":\"EntryPoint\",\"urlTemplate\":\"https:\/\/musicmedia.fi\/?s={search_term_string}\"},\"query-input\":{\"@type\":\"PropertyValueSpecification\",\"valueRequired\":true,\"valueName\":\"search_term_string\"}}],\"inLanguage\":\"fi\"},{\"@type\":\"Organization\",\"@id\":\"https:\/\/musicmedia.fi\/#organization\",\"name\":\"Music x Media\",\"url\":\"https:\/\/musicmedia.fi\/\",\"logo\":{\"@type\":\"ImageObject\",\"inLanguage\":\"fi\",\"@id\":\"https:\/\/musicmedia.fi\/#\/schema\/logo\/image\/\",\"url\":\"https:\/\/musicmedia.fi\/wp-content\/uploads\/2022\/05\/logo.png\",\"contentUrl\":\"https:\/\/musicmedia.fi\/wp-content\/uploads\/2022\/05\/logo.png\",\"width\":276,\"height\":147,\"caption\":\"Music x Media\"},\"image\":{\"@id\":\"https:\/\/musicmedia.fi\/#\/schema\/logo\/image\/\"}}]}<\/script>\n<!-- \/ Yoast SEO plugin. -->","yoast_head_json":{"title":"Ohjelma 2024 - Fresh! by Music x Media - Music x Media","robots":{"index":"index","follow":"follow","max-snippet":"max-snippet:-1","max-image-preview":"max-image-preview:large","max-video-preview":"max-video-preview:-1"},"canonical":"https:\/\/musicmedia.fi\/fi\/fresh-ohjelma\/","og_locale":"fi_FI","og_type":"article","og_title":"Ohjelma 2024 - Fresh! by Music x Media - Music x Media","og_description":"Vuonna 2024 Fresh! by Music x Median monipuolisessa ohjelmassa n\u00e4htiin ja koettiin erilaisia ty\u00f6pajoja, mielenkiintoisia keskusteluja, verkostoitumista sek\u00e4 tavattiin alan toimijoita! Ty\u00f6pajoissa p\u00e4\u00e4stiin muun muassa tutustumaan \u00e4\u00e4nitysstudioihin, tekem\u00e4\u00e4n biittej\u00e4, kokeilemaan DJ-workshopia, osallistuttiin urasparraus-keskusteluihin, opeteltiin biisien kirjoittamista ja paljon muuta! Puhesis\u00e4ll\u00f6iss\u00e4 k\u00e4siteltiin musiikkialaa eri n\u00e4k\u00f6kulmista. Taphtumassa j\u00e4rjestetiin paneelikeskusteluja, keynote-puheenvuoroja sek\u00e4 tietoiskuja luovien alojen tekij\u00f6ille. Puhumassa oli [&hellip;]","og_url":"https:\/\/musicmedia.fi\/fi\/fresh-ohjelma\/","og_site_name":"Music x Media","article_modified_time":"2025-03-26T15:07:05+00:00","og_image":[{"width":1890,"height":1063,"url":"https:\/\/musicmedia.fi\/wp-content\/uploads\/2024\/06\/DJ-Academy-MxM.jpg","type":"image\/jpeg"}],"twitter_card":"summary_large_image","twitter_misc":{"Arvioitu lukuaika":"2 minuuttia"},"schema":{"@context":"https:\/\/schema.org","@graph":[{"@type":"WebPage","@id":"https:\/\/musicmedia.fi\/fresh-ohjelma\/","url":"https:\/\/musicmedia.fi\/fresh-ohjelma\/","name":"Ohjelma 2024 - Fresh! by Music x Media - Music x Media","isPartOf":{"@id":"https:\/\/musicmedia.fi\/#website"},"primaryImageOfPage":{"@id":"https:\/\/musicmedia.fi\/fresh-ohjelma\/#primaryimage"},"image":{"@id":"https:\/\/musicmedia.fi\/fresh-ohjelma\/#primaryimage"},"thumbnailUrl":"https:\/\/musicmedia.fi\/wp-content\/uploads\/2024\/06\/DJ-Academy-MxM-768x432.jpg","datePublished":"2024-06-04T18:17:48+00:00","dateModified":"2025-03-26T15:07:05+00:00","breadcrumb":{"@id":"https:\/\/musicmedia.fi\/fresh-ohjelma\/#breadcrumb"},"inLanguage":"fi","potentialAction":[{"@type":"ReadAction","target":["https:\/\/musicmedia.fi\/fresh-ohjelma\/"]}]},{"@type":"ImageObject","inLanguage":"fi","@id":"https:\/\/musicmedia.fi\/fresh-ohjelma\/#primaryimage","url":"https:\/\/musicmedia.fi\/wp-content\/uploads\/2024\/06\/DJ-Academy-MxM-768x432.jpg","contentUrl":"https:\/\/musicmedia.fi\/wp-content\/uploads\/2024\/06\/DJ-Academy-MxM-768x432.jpg"},{"@type":"BreadcrumbList","@id":"https:\/\/musicmedia.fi\/fresh-ohjelma\/#breadcrumb","itemListElement":[{"@type":"ListItem","position":1,"name":"Home","item":"https:\/\/musicmedia.fi\/"},{"@type":"ListItem","position":2,"name":"Ohjelma 2024 &#8211; Fresh! by Music x Media"}]},{"@type":"WebSite","@id":"https:\/\/musicmedia.fi\/#website","url":"https:\/\/musicmedia.fi\/","name":"Music x Media","description":"Musiikki-, viihde- ja tapahtuma-alojen kohtaamispaikka","publisher":{"@id":"https:\/\/musicmedia.fi\/#organization"},"potentialAction":[{"@type":"SearchAction","target":{"@type":"EntryPoint","urlTemplate":"https:\/\/musicmedia.fi\/?s={search_term_string}"},"query-input":{"@type":"PropertyValueSpecification","valueRequired":true,"valueName":"search_term_string"}}],"inLanguage":"fi"},{"@type":"Organization","@id":"https:\/\/musicmedia.fi\/#organization","name":"Music x Media","url":"https:\/\/musicmedia.fi\/","logo":{"@type":"ImageObject","inLanguage":"fi","@id":"https:\/\/musicmedia.fi\/#\/schema\/logo\/image\/","url":"https:\/\/musicmedia.fi\/wp-content\/uploads\/2022\/05\/logo.png","contentUrl":"https:\/\/musicmedia.fi\/wp-content\/uploads\/2022\/05\/logo.png","width":276,"height":147,"caption":"Music x Media"},"image":{"@id":"https:\/\/musicmedia.fi\/#\/schema\/logo\/image\/"}}]}},"_links":{"self":[{"href":"https:\/\/musicmedia.fi\/fi\/wp-json\/wp\/v2\/pages\/7674","targetHints":{"allow":["GET"]}}],"collection":[{"href":"https:\/\/musicmedia.fi\/fi\/wp-json\/wp\/v2\/pages"}],"about":[{"href":"https:\/\/musicmedia.fi\/fi\/wp-json\/wp\/v2\/types\/page"}],"author":[{"embeddable":true,"href":"https:\/\/musicmedia.fi\/fi\/wp-json\/wp\/v2\/users\/19"}],"replies":[{"embeddable":true,"href":"https:\/\/musicmedia.fi\/fi\/wp-json\/wp\/v2\/comments?post=7674"}],"version-history":[{"count":172,"href":"https:\/\/musicmedia.fi\/fi\/wp-json\/wp\/v2\/pages\/7674\/revisions"}],"predecessor-version":[{"id":10787,"href":"https:\/\/musicmedia.fi\/fi\/wp-json\/wp\/v2\/pages\/7674\/revisions\/10787"}],"wp:attachment":[{"href":"https:\/\/musicmedia.fi\/fi\/wp-json\/wp\/v2\/media?parent=7674"}],"curies":[{"name":"wp","href":"https:\/\/api.w.org\/{rel}","templated":true}]}}