{"id":5939,"date":"2023-09-14T08:24:03","date_gmt":"2023-09-14T05:24:03","guid":{"rendered":"https:\/\/musicmedia.fi\/?page_id=5939"},"modified":"2025-09-16T13:48:31","modified_gmt":"2025-09-16T10:48:31","slug":"osallistujat","status":"publish","type":"page","link":"https:\/\/musicmedia.fi\/fi\/osallistujat\/","title":{"rendered":"Osallistujat"},"content":{"rendered":"<h2>Osallistujat<\/h2>\n<p>Ohessa l\u00f6yd\u00e4t listan osallistujista, jotka ovat antaneet luvan nimens\u00e4 ja yrityksens\u00e4 julkaisemiseen nettisivuillamme. Salasanan avulla saat n\u00e4kyviin my\u00f6s yhteystiedot niilt\u00e4 osallistujilta jotka ovat antaneet luvan yhteystietojen julkaisemiseen. Salasana l\u00e4hetet\u00e4\u00e4n rekister\u00f6ityneille osallistujille uutiskirjeen kautta s\u00e4hk\u00f6postitse. Uutiskirje l\u00e4hetet\u00e4\u00e4n rekister\u00f6ityneille pari kertaa viikossa.<\/p>\n","protected":false},"excerpt":{"rendered":"<p>Osallistujat Ohessa l\u00f6yd\u00e4t listan osallistujista, jotka ovat antaneet luvan nimens\u00e4 ja yrityksens\u00e4 julkaisemiseen nettisivuillamme. Salasanan avulla saat n\u00e4kyviin my\u00f6s yhteystiedot niilt\u00e4 osallistujilta jotka ovat antaneet luvan yhteystietojen julkaisemiseen. Salasana l\u00e4hetet\u00e4\u00e4n rekister\u00f6ityneille osallistujille uutiskirjeen kautta s\u00e4hk\u00f6postitse. Uutiskirje l\u00e4hetet\u00e4\u00e4n rekister\u00f6ityneille pari kertaa viikossa.<\/p>\n","protected":false},"author":15,"featured_media":0,"parent":0,"menu_order":0,"comment_status":"closed","ping_status":"closed","template":"osallistujafeed.php","meta":{"_acf_changed":false,"inline_featured_image":false,"footnotes":""},"class_list":["post-5939","page","type-page","status-publish","hentry"],"acf":[],"yoast_head":"<!-- This site is optimized with the Yoast SEO plugin v25.7 - https:\/\/yoast.com\/wordpress\/plugins\/seo\/ -->\n<title>Osallistujat - Music x Media<\/title>\n<meta name=\"robots\" content=\"index, follow, max-snippet:-1, max-image-preview:large, max-video-preview:-1\" \/>\n<link rel=\"canonical\" href=\"https:\/\/musicmedia.fi\/fi\/osallistujat\/\" \/>\n<meta property=\"og:locale\" content=\"fi_FI\" \/>\n<meta property=\"og:type\" content=\"article\" \/>\n<meta property=\"og:title\" content=\"Osallistujat - Music x Media\" \/>\n<meta property=\"og:description\" content=\"Osallistujat Ohessa l\u00f6yd\u00e4t listan osallistujista, jotka ovat antaneet luvan nimens\u00e4 ja yrityksens\u00e4 julkaisemiseen nettisivuillamme. Salasanan avulla saat n\u00e4kyviin my\u00f6s yhteystiedot niilt\u00e4 osallistujilta jotka ovat antaneet luvan yhteystietojen julkaisemiseen. Salasana l\u00e4hetet\u00e4\u00e4n rekister\u00f6ityneille osallistujille uutiskirjeen kautta s\u00e4hk\u00f6postitse. Uutiskirje l\u00e4hetet\u00e4\u00e4n rekister\u00f6ityneille pari kertaa viikossa.\" \/>\n<meta property=\"og:url\" content=\"https:\/\/musicmedia.fi\/fi\/osallistujat\/\" \/>\n<meta property=\"og:site_name\" content=\"Music x Media\" \/>\n<meta property=\"article:modified_time\" content=\"2025-09-16T10:48:31+00:00\" \/>\n<meta property=\"og:image\" content=\"https:\/\/musicmedia.fi\/wp-content\/uploads\/2023\/05\/mxm_oletuskuva_some-1024x538.png\" \/>\n\t<meta property=\"og:image:width\" content=\"1024\" \/>\n\t<meta property=\"og:image:height\" content=\"538\" \/>\n\t<meta property=\"og:image:type\" content=\"image\/png\" \/>\n<meta name=\"twitter:card\" content=\"summary_large_image\" \/>\n<meta name=\"twitter:label1\" content=\"Arvioitu lukuaika\" \/>\n\t<meta name=\"twitter:data1\" content=\"1 minuutti\" \/>\n<script type=\"application\/ld+json\" class=\"yoast-schema-graph\">{\"@context\":\"https:\/\/schema.org\",\"@graph\":[{\"@type\":\"WebPage\",\"@id\":\"https:\/\/musicmedia.fi\/osallistujat\/\",\"url\":\"https:\/\/musicmedia.fi\/osallistujat\/\",\"name\":\"Osallistujat - Music x Media\",\"isPartOf\":{\"@id\":\"https:\/\/musicmedia.fi\/#website\"},\"datePublished\":\"2023-09-14T05:24:03+00:00\",\"dateModified\":\"2025-09-16T10:48:31+00:00\",\"breadcrumb\":{\"@id\":\"https:\/\/musicmedia.fi\/osallistujat\/#breadcrumb\"},\"inLanguage\":\"fi\",\"potentialAction\":[{\"@type\":\"ReadAction\",\"target\":[\"https:\/\/musicmedia.fi\/osallistujat\/\"]}]},{\"@type\":\"BreadcrumbList\",\"@id\":\"https:\/\/musicmedia.fi\/osallistujat\/#breadcrumb\",\"itemListElement\":[{\"@type\":\"ListItem\",\"position\":1,\"name\":\"Home\",\"item\":\"https:\/\/musicmedia.fi\/\"},{\"@type\":\"ListItem\",\"position\":2,\"name\":\"Osallistujat\"}]},{\"@type\":\"WebSite\",\"@id\":\"https:\/\/musicmedia.fi\/#website\",\"url\":\"https:\/\/musicmedia.fi\/\",\"name\":\"Music x Media\",\"description\":\"Musiikki-, viihde- ja tapahtuma-alojen kohtaamispaikka\",\"publisher\":{\"@id\":\"https:\/\/musicmedia.fi\/#organization\"},\"potentialAction\":[{\"@type\":\"SearchAction\",\"target\":{\"@type\":\"EntryPoint\",\"urlTemplate\":\"https:\/\/musicmedia.fi\/?s={search_term_string}\"},\"query-input\":{\"@type\":\"PropertyValueSpecification\",\"valueRequired\":true,\"valueName\":\"search_term_string\"}}],\"inLanguage\":\"fi\"},{\"@type\":\"Organization\",\"@id\":\"https:\/\/musicmedia.fi\/#organization\",\"name\":\"Music x Media\",\"url\":\"https:\/\/musicmedia.fi\/\",\"logo\":{\"@type\":\"ImageObject\",\"inLanguage\":\"fi\",\"@id\":\"https:\/\/musicmedia.fi\/#\/schema\/logo\/image\/\",\"url\":\"https:\/\/musicmedia.fi\/wp-content\/uploads\/2022\/05\/logo.png\",\"contentUrl\":\"https:\/\/musicmedia.fi\/wp-content\/uploads\/2022\/05\/logo.png\",\"width\":276,\"height\":147,\"caption\":\"Music x Media\"},\"image\":{\"@id\":\"https:\/\/musicmedia.fi\/#\/schema\/logo\/image\/\"}}]}<\/script>\n<!-- \/ Yoast SEO plugin. -->","yoast_head_json":{"title":"Osallistujat - Music x Media","robots":{"index":"index","follow":"follow","max-snippet":"max-snippet:-1","max-image-preview":"max-image-preview:large","max-video-preview":"max-video-preview:-1"},"canonical":"https:\/\/musicmedia.fi\/fi\/osallistujat\/","og_locale":"fi_FI","og_type":"article","og_title":"Osallistujat - Music x Media","og_description":"Osallistujat Ohessa l\u00f6yd\u00e4t listan osallistujista, jotka ovat antaneet luvan nimens\u00e4 ja yrityksens\u00e4 julkaisemiseen nettisivuillamme. Salasanan avulla saat n\u00e4kyviin my\u00f6s yhteystiedot niilt\u00e4 osallistujilta jotka ovat antaneet luvan yhteystietojen julkaisemiseen. Salasana l\u00e4hetet\u00e4\u00e4n rekister\u00f6ityneille osallistujille uutiskirjeen kautta s\u00e4hk\u00f6postitse. Uutiskirje l\u00e4hetet\u00e4\u00e4n rekister\u00f6ityneille pari kertaa viikossa.","og_url":"https:\/\/musicmedia.fi\/fi\/osallistujat\/","og_site_name":"Music x Media","article_modified_time":"2025-09-16T10:48:31+00:00","og_image":[{"width":1024,"height":538,"url":"https:\/\/musicmedia.fi\/wp-content\/uploads\/2023\/05\/mxm_oletuskuva_some-1024x538.png","type":"image\/png"}],"twitter_card":"summary_large_image","twitter_misc":{"Arvioitu lukuaika":"1 minuutti"},"schema":{"@context":"https:\/\/schema.org","@graph":[{"@type":"WebPage","@id":"https:\/\/musicmedia.fi\/osallistujat\/","url":"https:\/\/musicmedia.fi\/osallistujat\/","name":"Osallistujat - Music x Media","isPartOf":{"@id":"https:\/\/musicmedia.fi\/#website"},"datePublished":"2023-09-14T05:24:03+00:00","dateModified":"2025-09-16T10:48:31+00:00","breadcrumb":{"@id":"https:\/\/musicmedia.fi\/osallistujat\/#breadcrumb"},"inLanguage":"fi","potentialAction":[{"@type":"ReadAction","target":["https:\/\/musicmedia.fi\/osallistujat\/"]}]},{"@type":"BreadcrumbList","@id":"https:\/\/musicmedia.fi\/osallistujat\/#breadcrumb","itemListElement":[{"@type":"ListItem","position":1,"name":"Home","item":"https:\/\/musicmedia.fi\/"},{"@type":"ListItem","position":2,"name":"Osallistujat"}]},{"@type":"WebSite","@id":"https:\/\/musicmedia.fi\/#website","url":"https:\/\/musicmedia.fi\/","name":"Music x Media","description":"Musiikki-, viihde- ja tapahtuma-alojen kohtaamispaikka","publisher":{"@id":"https:\/\/musicmedia.fi\/#organization"},"potentialAction":[{"@type":"SearchAction","target":{"@type":"EntryPoint","urlTemplate":"https:\/\/musicmedia.fi\/?s={search_term_string}"},"query-input":{"@type":"PropertyValueSpecification","valueRequired":true,"valueName":"search_term_string"}}],"inLanguage":"fi"},{"@type":"Organization","@id":"https:\/\/musicmedia.fi\/#organization","name":"Music x Media","url":"https:\/\/musicmedia.fi\/","logo":{"@type":"ImageObject","inLanguage":"fi","@id":"https:\/\/musicmedia.fi\/#\/schema\/logo\/image\/","url":"https:\/\/musicmedia.fi\/wp-content\/uploads\/2022\/05\/logo.png","contentUrl":"https:\/\/musicmedia.fi\/wp-content\/uploads\/2022\/05\/logo.png","width":276,"height":147,"caption":"Music x Media"},"image":{"@id":"https:\/\/musicmedia.fi\/#\/schema\/logo\/image\/"}}]}},"_links":{"self":[{"href":"https:\/\/musicmedia.fi\/fi\/wp-json\/wp\/v2\/pages\/5939","targetHints":{"allow":["GET"]}}],"collection":[{"href":"https:\/\/musicmedia.fi\/fi\/wp-json\/wp\/v2\/pages"}],"about":[{"href":"https:\/\/musicmedia.fi\/fi\/wp-json\/wp\/v2\/types\/page"}],"author":[{"embeddable":true,"href":"https:\/\/musicmedia.fi\/fi\/wp-json\/wp\/v2\/users\/15"}],"replies":[{"embeddable":true,"href":"https:\/\/musicmedia.fi\/fi\/wp-json\/wp\/v2\/comments?post=5939"}],"version-history":[{"count":7,"href":"https:\/\/musicmedia.fi\/fi\/wp-json\/wp\/v2\/pages\/5939\/revisions"}],"predecessor-version":[{"id":12219,"href":"https:\/\/musicmedia.fi\/fi\/wp-json\/wp\/v2\/pages\/5939\/revisions\/12219"}],"wp:attachment":[{"href":"https:\/\/musicmedia.fi\/fi\/wp-json\/wp\/v2\/media?parent=5939"}],"curies":[{"name":"wp","href":"https:\/\/api.w.org\/{rel}","templated":true}]}}