{"id":4582,"date":"2023-06-20T12:48:58","date_gmt":"2023-06-20T09:48:58","guid":{"rendered":"https:\/\/musicmedia.fi\/?page_id=4582"},"modified":"2025-09-19T11:39:30","modified_gmt":"2025-09-19T08:39:30","slug":"puhujasivu","status":"publish","type":"page","link":"https:\/\/musicmedia.fi\/fi\/puhujasivu\/","title":{"rendered":"Puhujasivu"},"content":{"rendered":"\t\t<div data-elementor-type=\"wp-page\" data-elementor-id=\"4582\" class=\"elementor elementor-4582\">\n\t\t\t\t<div class=\"elementor-element elementor-element-27e23ab e-flex e-con-boxed e-con e-parent\" data-id=\"27e23ab\" data-element_type=\"container\">\n\t\t\t\t\t<div class=\"e-con-inner\">\n\t\t\t\t<div class=\"elementor-element elementor-element-9a3a8e1 elementor-widget elementor-widget-image\" data-id=\"9a3a8e1\" data-element_type=\"widget\" data-widget_type=\"image.default\">\n\t\t\t\t<div class=\"elementor-widget-container\">\n\t\t\t\t\t\t\t\t\t\t\t\t\t\t\t<img fetchpriority=\"high\" decoding=\"async\" width=\"768\" height=\"768\" src=\"https:\/\/musicmedia.fi\/wp-content\/uploads\/2023\/04\/MusicxMedia-logo-black.svg\" class=\"attachment-medium_large size-medium_large wp-image-3335\" alt=\"\" \/>\t\t\t\t\t\t\t\t\t\t\t\t\t\t\t<\/div>\n\t\t\t\t<\/div>\n\t\t\t\t\t<\/div>\n\t\t\t\t<\/div>\n\t\t<div class=\"elementor-element elementor-element-5253012 e-flex e-con-boxed e-con e-parent\" data-id=\"5253012\" data-element_type=\"container\">\n\t\t\t\t\t<div class=\"e-con-inner\">\n\t\t<div class=\"elementor-element elementor-element-feea463 e-flex e-con-boxed e-con e-child\" data-id=\"feea463\" data-element_type=\"container\" data-settings=\"{&quot;background_background&quot;:&quot;classic&quot;}\">\n\t\t\t\t\t<div class=\"e-con-inner\">\n\t\t\t\t<div class=\"elementor-element elementor-element-04ca404 elementor-widget elementor-widget-heading\" data-id=\"04ca404\" data-element_type=\"widget\" data-widget_type=\"heading.default\">\n\t\t\t\t<div class=\"elementor-widget-container\">\n\t\t\t\t\t<h2 class=\"elementor-heading-title elementor-size-default\"><br>Tervetuloa puhujaksi Music x Mediaan!<\/h2>\t\t\t\t<\/div>\n\t\t\t\t<\/div>\n\t\t\t\t<div class=\"elementor-element elementor-element-9895485 elementor-widget elementor-widget-text-editor\" data-id=\"9895485\" data-element_type=\"widget\" data-widget_type=\"text-editor.default\">\n\t\t\t\t<div class=\"elementor-widget-container\">\n\t\t\t\t\t\t\t\t\t<p><span style=\"text-align: var(--text-align); background-color: var( --e-global-color-371159e );\">T\u00e4lle sivulle tulemme p\u00e4ivitt\u00e4m\u00e4\u00e4n kaikki puhujia koskevat ohjeistukset sek\u00e4 tarpeellisten lomakkeiden linkit. Tutustuthan sivun sis\u00e4lt\u00f6\u00f6n ennen Music x Mediaan saapumista.<\/span><\/p>\t\t\t\t\t\t\t\t<\/div>\n\t\t\t\t<\/div>\n\t\t\t\t\t<\/div>\n\t\t\t\t<\/div>\n\t\t<div class=\"elementor-element elementor-element-f843f81 e-flex e-con-boxed e-con e-child\" data-id=\"f843f81\" data-element_type=\"container\" data-settings=\"{&quot;background_background&quot;:&quot;classic&quot;}\">\n\t\t\t\t\t<div class=\"e-con-inner\">\n\t\t\t\t<div class=\"elementor-element elementor-element-8ab7599 elementor-widget elementor-widget-text-editor\" data-id=\"8ab7599\" data-element_type=\"widget\" data-widget_type=\"text-editor.default\">\n\t\t\t\t<div class=\"elementor-widget-container\">\n\t\t\t\t\t\t\t\t\t<p><strong>TOP 5 MUISTILISTA:<\/strong><\/p><ol><li><b> L\u00e4het\u00e4 meille kuvasi ja lyhyt bioteksti <\/b><span style=\"font-weight: 400;\">itsest\u00e4si alla olevan linkin kautta. <\/span><i><span style=\"font-weight: 400;\">(Mik\u00e4li n\u00e4it\u00e4 ei ole viel\u00e4 toimitettu)<\/span><\/i><\/li><li><b><\/b> <b>Akkreditoidu tapahtumaan viimeist\u00e4\u00e4n 11.9<\/b><span style=\"font-weight: 400;\">. <\/span><i><span style=\"font-weight: 400;\">(Huom. jokaisen t\u00e4ytyy olla rekister\u00f6itynyt tapahtumaan sinne saapuessaan)\u00a0<\/span><\/i><\/li><\/ol><ul><li style=\"font-weight: 400;\" aria-level=\"1\"><b>Jos osallistut seminaariin vain puhujap\u00e4iv\u00e4n\u00e4si<\/b><span style=\"font-weight: 400;\">:<\/span><ul><li style=\"font-weight: 400;\" aria-level=\"2\"><span style=\"font-weight: 400;\">Saat yhden p\u00e4iv\u00e4n seminaaripassin ilmaiseksi kyseiselle p\u00e4iv\u00e4lle. Valitse t\u00e4ll\u00f6in ilmainen p\u00e4iv\u00e4passi.<\/span><\/li><\/ul><\/li><\/ul><ul><li style=\"font-weight: 400;\" aria-level=\"1\"><b>Jos osallistut seminaareihin my\u00f6s toisena p\u00e4iv\u00e4n\u00e4<\/b><span style=\"font-weight: 400;\">:<\/span><ul><li style=\"font-weight: 400;\" aria-level=\"2\"><span style=\"font-weight: 400;\">Kaksi p\u00e4iv\u00e4\u00e4: Voit lunastaa ilmaisen puhujap\u00e4iv\u00e4si lis\u00e4ksi toisen p\u00e4iv\u00e4n puhujien omaan alennushintaan. Valitse t\u00e4ll\u00f6in kahden p\u00e4iv\u00e4n seminaaripassi.<\/span><\/li><li style=\"font-weight: 400;\" aria-level=\"2\"><span style=\"font-weight: 400;\">Industry Awards Gaala: Puhujana voit lis\u00e4t\u00e4 ilmaisen puhujap\u00e4iv\u00e4si lis\u00e4ksi toisen p\u00e4iv\u00e4n sek\u00e4 gaalan erikoisalennettuun pakettihintaan. My\u00f6s pelkk\u00e4\u00e4n gaalaan osallistumisen puhujap\u00e4iv\u00e4si lis\u00e4ksi saat alennushintaan.<\/span><\/li><\/ul><\/li><\/ul><ol start=\"3\"><li><b> K\u00e4yt\u00e4tk\u00f6 ohjelmasi aikana esitysmateriaalia?<\/b> <i><span style=\"font-weight: 400;\">(powerpoint, kuva, \u00e4\u00e4ni, video\u2026)<\/span><\/i><span style=\"font-weight: 400;\"> L\u00e4het\u00e4 ne meille ENNEN TAPAHTUMAA viimeist\u00e4\u00e4n 18.9., s\u00e4hk\u00f6postitse tai lomakkeen kautta (yhteystiedot ja lomakkeen linkki alla). Lomake vaatii kirjautumisen Google-tilille.\u00a0<\/span><\/li><li><b> Varmista ohjelmasi ajankohta tapahtuman aikataulusta<\/b><span style=\"font-weight: 400;\"> (Linkki tulossa l\u00e4hemp\u00e4n\u00e4 tapahtumaa).<\/span><\/li><li><b>Tutustu puhujaohjeeseen<\/b> (Linkki alla).<\/li><\/ol>\t\t\t\t\t\t\t\t<\/div>\n\t\t\t\t<\/div>\n\t\t\t\t\t<\/div>\n\t\t\t\t<\/div>\n\t\t<div class=\"elementor-element elementor-element-4253cc4 e-flex e-con-boxed e-con e-child\" data-id=\"4253cc4\" data-element_type=\"container\" data-settings=\"{&quot;background_background&quot;:&quot;classic&quot;}\">\n\t\t\t\t\t<div class=\"e-con-inner\">\n\t\t\t\t<div class=\"elementor-element elementor-element-7e50bd3 elementor-align-left elementor-widget elementor-widget-button\" data-id=\"7e50bd3\" data-element_type=\"widget\" data-widget_type=\"button.default\">\n\t\t\t\t<div class=\"elementor-widget-container\">\n\t\t\t\t\t\t\t\t\t<div class=\"elementor-button-wrapper\">\n\t\t\t\t\t<a class=\"elementor-button elementor-button-link elementor-size-sm\" href=\"https:\/\/musicmedia.fi\/add-speaker\/\" target=\"_blank\">\n\t\t\t\t\t\t<span class=\"elementor-button-content-wrapper\">\n\t\t\t\t\t\t\t\t\t<span class=\"elementor-button-text\">Kuvan ja bion l\u00e4hett\u00e4minen<\/span>\n\t\t\t\t\t<\/span>\n\t\t\t\t\t<\/a>\n\t\t\t\t<\/div>\n\t\t\t\t\t\t\t\t<\/div>\n\t\t\t\t<\/div>\n\t\t\t\t<div class=\"elementor-element elementor-element-e5cf6da elementor-align-left elementor-widget elementor-widget-button\" data-id=\"e5cf6da\" data-element_type=\"widget\" data-widget_type=\"button.default\">\n\t\t\t\t<div class=\"elementor-widget-container\">\n\t\t\t\t\t\t\t\t\t<div class=\"elementor-button-wrapper\">\n\t\t\t\t\t<a class=\"elementor-button elementor-button-link elementor-size-sm\" href=\"https:\/\/www.tiketti.fi\/music-x-media-2025-rekisteroityminen-puhujat-registration-akkreditointi\/2353488\" target=\"_blank\">\n\t\t\t\t\t\t<span class=\"elementor-button-content-wrapper\">\n\t\t\t\t\t\t\t\t\t<span class=\"elementor-button-text\">Puhuja-akkreditointi<\/span>\n\t\t\t\t\t<\/span>\n\t\t\t\t\t<\/a>\n\t\t\t\t<\/div>\n\t\t\t\t\t\t\t\t<\/div>\n\t\t\t\t<\/div>\n\t\t\t\t<div class=\"elementor-element elementor-element-97e4b04 elementor-align-left elementor-widget elementor-widget-button\" data-id=\"97e4b04\" data-element_type=\"widget\" data-widget_type=\"button.default\">\n\t\t\t\t<div class=\"elementor-widget-container\">\n\t\t\t\t\t\t\t\t\t<div class=\"elementor-button-wrapper\">\n\t\t\t\t\t<a class=\"elementor-button elementor-button-link elementor-size-sm\" href=\"https:\/\/docs.google.com\/forms\/d\/e\/1FAIpQLSeTNI6-w6ePo614OhtBYx2TjlMSzqQLQZBSmcWQr-LsunaXJQ\/viewform?usp=header\" target=\"_blank\">\n\t\t\t\t\t\t<span class=\"elementor-button-content-wrapper\">\n\t\t\t\t\t\t\t\t\t<span class=\"elementor-button-text\">Lomake esitysmateriaalien l\u00e4hett\u00e4miseen<\/span>\n\t\t\t\t\t<\/span>\n\t\t\t\t\t<\/a>\n\t\t\t\t<\/div>\n\t\t\t\t\t\t\t\t<\/div>\n\t\t\t\t<\/div>\n\t\t\t\t<div class=\"elementor-element elementor-element-3e4f0c1 elementor-align-left elementor-widget elementor-widget-button\" data-id=\"3e4f0c1\" data-element_type=\"widget\" data-widget_type=\"button.default\">\n\t\t\t\t<div class=\"elementor-widget-container\">\n\t\t\t\t\t\t\t\t\t<div class=\"elementor-button-wrapper\">\n\t\t\t\t\t<a class=\"elementor-button elementor-button-link elementor-size-sm\" href=\"https:\/\/musicmedia.fi\/fi\/ohjelma2025\/\" target=\"_blank\">\n\t\t\t\t\t\t<span class=\"elementor-button-content-wrapper\">\n\t\t\t\t\t\t\t\t\t<span class=\"elementor-button-text\">Tapahtuman aikataulu<\/span>\n\t\t\t\t\t<\/span>\n\t\t\t\t\t<\/a>\n\t\t\t\t<\/div>\n\t\t\t\t\t\t\t\t<\/div>\n\t\t\t\t<\/div>\n\t\t\t\t<div class=\"elementor-element elementor-element-8d9c473 elementor-align-left elementor-widget elementor-widget-button\" data-id=\"8d9c473\" data-element_type=\"widget\" data-widget_type=\"button.default\">\n\t\t\t\t<div class=\"elementor-widget-container\">\n\t\t\t\t\t\t\t\t\t<div class=\"elementor-button-wrapper\">\n\t\t\t\t\t<a class=\"elementor-button elementor-button-link elementor-size-sm\" href=\"https:\/\/musicmedia.fi\/wp-content\/uploads\/2025\/09\/PUHUJAOHJE_FIN_EN_MXM25_2.docx-part-1.pdf\" target=\"_blank\">\n\t\t\t\t\t\t<span class=\"elementor-button-content-wrapper\">\n\t\t\t\t\t\t\t\t\t<span class=\"elementor-button-text\">Puhujaohje <\/span>\n\t\t\t\t\t<\/span>\n\t\t\t\t\t<\/a>\n\t\t\t\t<\/div>\n\t\t\t\t\t\t\t\t<\/div>\n\t\t\t\t<\/div>\n\t\t\t\t<div class=\"elementor-element elementor-element-c8e3afb elementor-align-left elementor-widget elementor-widget-button\" data-id=\"c8e3afb\" data-element_type=\"widget\" data-widget_type=\"button.default\">\n\t\t\t\t<div class=\"elementor-widget-container\">\n\t\t\t\t\t\t\t\t\t<div class=\"elementor-button-wrapper\">\n\t\t\t\t\t<a class=\"elementor-button elementor-button-link elementor-size-sm\" href=\"https:\/\/musicmedia.fi\/wp-content\/uploads\/2025\/06\/Music-x-Media-Info-Suomi.pdf\" target=\"_blank\">\n\t\t\t\t\t\t<span class=\"elementor-button-content-wrapper\">\n\t\t\t\t\t\t\t\t\t<span class=\"elementor-button-text\">Music x Media Info<\/span>\n\t\t\t\t\t<\/span>\n\t\t\t\t\t<\/a>\n\t\t\t\t<\/div>\n\t\t\t\t\t\t\t\t<\/div>\n\t\t\t\t<\/div>\n\t\t\t\t<div class=\"elementor-element elementor-element-e41699c elementor-widget elementor-widget-text-editor\" data-id=\"e41699c\" data-element_type=\"widget\" data-widget_type=\"text-editor.default\">\n\t\t\t\t<div class=\"elementor-widget-container\">\n\t\t\t\t\t\t\t\t\t<p><strong>Tutustu my\u00f6s!<\/strong><\/p><p><span style=\"color: #000000;\"><a style=\"color: #000000; text-decoration: underline;\" href=\"https:\/\/musicmedia.fi\/en\/\" target=\"_blank\" rel=\"noopener\">Music x Media -website <\/a>\u00a0<\/span><\/p><p><span style=\"color: #000000;\"><a style=\"color: #000000; text-decoration: underline;\" href=\"https:\/\/lostinmusic.fi\/\" target=\"_blank\" rel=\"noopener\">Lost In Music -website\u00a0<\/a> <\/span><\/p>\t\t\t\t\t\t\t\t<\/div>\n\t\t\t\t<\/div>\n\t\t\t\t\t<\/div>\n\t\t\t\t<\/div>\n\t\t<div class=\"elementor-element elementor-element-862b9e0 e-flex e-con-boxed e-con e-child\" data-id=\"862b9e0\" data-element_type=\"container\" data-settings=\"{&quot;background_background&quot;:&quot;classic&quot;}\">\n\t\t\t\t\t<div class=\"e-con-inner\">\n\t\t\t\t<div class=\"elementor-element elementor-element-d79822a elementor-widget elementor-widget-text-editor\" data-id=\"d79822a\" data-element_type=\"widget\" data-widget_type=\"text-editor.default\">\n\t\t\t\t<div class=\"elementor-widget-container\">\n\t\t\t\t\t\t\t\t\t<p><strong>KYSYTT\u00c4V\u00c4\u00c4? OTA YHTEYTT\u00c4!<\/strong><br \/>Anni Rantanen (puhujakoordinaattori)<br \/>puh. +358 44 3455 107<br \/>moro@musicmedia.fi<\/p>\t\t\t\t\t\t\t\t<\/div>\n\t\t\t\t<\/div>\n\t\t\t\t\t<\/div>\n\t\t\t\t<\/div>\n\t\t\t\t\t<\/div>\n\t\t\t\t<\/div>\n\t\t<div class=\"elementor-element elementor-element-da94df6 e-flex e-con-boxed e-con e-parent\" data-id=\"da94df6\" data-element_type=\"container\">\n\t\t\t\t\t<div class=\"e-con-inner\">\n\t\t<div class=\"elementor-element elementor-element-31efe65 e-con-full e-flex e-con e-child\" data-id=\"31efe65\" data-element_type=\"container\">\n\t\t\t\t<div class=\"elementor-element elementor-element-d2aaa70 elementor-widget elementor-widget-image\" data-id=\"d2aaa70\" data-element_type=\"widget\" data-widget_type=\"image.default\">\n\t\t\t\t<div class=\"elementor-widget-container\">\n\t\t\t\t\t\t\t\t\t\t\t\t\t\t\t<img decoding=\"async\" width=\"800\" height=\"534\" src=\"https:\/\/musicmedia.fi\/wp-content\/uploads\/2023\/07\/52417744123_57506cc488_o-1024x683.jpg\" class=\"attachment-large size-large wp-image-4870\" alt=\"\" srcset=\"https:\/\/musicmedia.fi\/wp-content\/uploads\/2023\/07\/52417744123_57506cc488_o-1024x683.jpg 1024w, https:\/\/musicmedia.fi\/wp-content\/uploads\/2023\/07\/52417744123_57506cc488_o-300x200.jpg 300w, https:\/\/musicmedia.fi\/wp-content\/uploads\/2023\/07\/52417744123_57506cc488_o-768x512.jpg 768w, https:\/\/musicmedia.fi\/wp-content\/uploads\/2023\/07\/52417744123_57506cc488_o-1536x1024.jpg 1536w, https:\/\/musicmedia.fi\/wp-content\/uploads\/2023\/07\/52417744123_57506cc488_o-18x12.jpg 18w, https:\/\/musicmedia.fi\/wp-content\/uploads\/2023\/07\/52417744123_57506cc488_o.jpg 2048w\" sizes=\"(max-width: 800px) 100vw, 800px\" \/>\t\t\t\t\t\t\t\t\t\t\t\t\t\t\t<\/div>\n\t\t\t\t<\/div>\n\t\t\t\t<\/div>\n\t\t<div class=\"elementor-element elementor-element-934bd25 e-con-full e-flex e-con e-child\" data-id=\"934bd25\" data-element_type=\"container\">\n\t\t\t\t<div class=\"elementor-element elementor-element-6030822 elementor-widget elementor-widget-image\" data-id=\"6030822\" data-element_type=\"widget\" data-widget_type=\"image.default\">\n\t\t\t\t<div class=\"elementor-widget-container\">\n\t\t\t\t\t\t\t\t\t\t\t\t\t\t\t<img decoding=\"async\" width=\"800\" height=\"533\" src=\"https:\/\/musicmedia.fi\/wp-content\/uploads\/2023\/07\/52417402241_359b9f9379_o-1024x682.jpg\" class=\"attachment-large size-large wp-image-4858\" alt=\"\" srcset=\"https:\/\/musicmedia.fi\/wp-content\/uploads\/2023\/07\/52417402241_359b9f9379_o-1024x682.jpg 1024w, https:\/\/musicmedia.fi\/wp-content\/uploads\/2023\/07\/52417402241_359b9f9379_o-300x200.jpg 300w, https:\/\/musicmedia.fi\/wp-content\/uploads\/2023\/07\/52417402241_359b9f9379_o-768x512.jpg 768w, https:\/\/musicmedia.fi\/wp-content\/uploads\/2023\/07\/52417402241_359b9f9379_o-1536x1024.jpg 1536w, https:\/\/musicmedia.fi\/wp-content\/uploads\/2023\/07\/52417402241_359b9f9379_o-18x12.jpg 18w, https:\/\/musicmedia.fi\/wp-content\/uploads\/2023\/07\/52417402241_359b9f9379_o.jpg 2000w\" sizes=\"(max-width: 800px) 100vw, 800px\" \/>\t\t\t\t\t\t\t\t\t\t\t\t\t\t\t<\/div>\n\t\t\t\t<\/div>\n\t\t\t\t<\/div>\n\t\t\t\t\t<\/div>\n\t\t\t\t<\/div>\n\t\t<div class=\"elementor-element elementor-element-b072f1a e-flex e-con-boxed e-con e-parent\" data-id=\"b072f1a\" data-element_type=\"container\">\n\t\t\t\t\t<div class=\"e-con-inner\">\n\t\t\t\t<div class=\"elementor-element elementor-element-5d836a0 elementor-widget elementor-widget-image\" data-id=\"5d836a0\" data-element_type=\"widget\" data-widget_type=\"image.default\">\n\t\t\t\t<div class=\"elementor-widget-container\">\n\t\t\t\t\t\t\t\t\t\t\t\t\t\t\t<img loading=\"lazy\" decoding=\"async\" width=\"1000\" height=\"275\" src=\"https:\/\/musicmedia.fi\/wp-content\/uploads\/2023\/05\/mm22_logo_website_1000x275.gif\" class=\"attachment-full size-full wp-image-3420\" alt=\"\" \/>\t\t\t\t\t\t\t\t\t\t\t\t\t\t\t<\/div>\n\t\t\t\t<\/div>\n\t\t\t\t\t<\/div>\n\t\t\t\t<\/div>\n\t\t\t\t<\/div>\n\t\t","protected":false},"excerpt":{"rendered":"<p>Tervetuloa puhujaksi Music x Mediaan! T\u00e4lle sivulle tulemme p\u00e4ivitt\u00e4m\u00e4\u00e4n kaikki puhujia koskevat ohjeistukset sek\u00e4 tarpeellisten lomakkeiden linkit. Tutustuthan sivun sis\u00e4lt\u00f6\u00f6n ennen Music x Mediaan saapumista. TOP 5 MUISTILISTA: L\u00e4het\u00e4 meille kuvasi ja lyhyt bioteksti itsest\u00e4si alla olevan linkin kautta. (Mik\u00e4li n\u00e4it\u00e4 ei ole viel\u00e4 toimitettu) Akkreditoidu tapahtumaan viimeist\u00e4\u00e4n 11.9. (Huom. jokaisen t\u00e4ytyy olla rekister\u00f6itynyt tapahtumaan [&hellip;]<\/p>\n","protected":false},"author":10,"featured_media":0,"parent":0,"menu_order":0,"comment_status":"closed","ping_status":"closed","template":"","meta":{"_acf_changed":false,"inline_featured_image":false,"footnotes":""},"class_list":["post-4582","page","type-page","status-publish","hentry"],"acf":[],"yoast_head":"<!-- This site is optimized with the Yoast SEO plugin v25.7 - https:\/\/yoast.com\/wordpress\/plugins\/seo\/ -->\n<title>Puhujasivu - Music x Media<\/title>\n<meta name=\"robots\" content=\"index, follow, max-snippet:-1, max-image-preview:large, max-video-preview:-1\" \/>\n<link rel=\"canonical\" href=\"https:\/\/musicmedia.fi\/fi\/puhujasivu\/\" \/>\n<meta property=\"og:locale\" content=\"fi_FI\" \/>\n<meta property=\"og:type\" content=\"article\" \/>\n<meta property=\"og:title\" content=\"Puhujasivu - Music x Media\" \/>\n<meta property=\"og:description\" content=\"Tervetuloa puhujaksi Music x Mediaan! T\u00e4lle sivulle tulemme p\u00e4ivitt\u00e4m\u00e4\u00e4n kaikki puhujia koskevat ohjeistukset sek\u00e4 tarpeellisten lomakkeiden linkit. Tutustuthan sivun sis\u00e4lt\u00f6\u00f6n ennen Music x Mediaan saapumista. TOP 5 MUISTILISTA: L\u00e4het\u00e4 meille kuvasi ja lyhyt bioteksti itsest\u00e4si alla olevan linkin kautta. (Mik\u00e4li n\u00e4it\u00e4 ei ole viel\u00e4 toimitettu) Akkreditoidu tapahtumaan viimeist\u00e4\u00e4n 11.9. (Huom. jokaisen t\u00e4ytyy olla rekister\u00f6itynyt tapahtumaan [&hellip;]\" \/>\n<meta property=\"og:url\" content=\"https:\/\/musicmedia.fi\/fi\/puhujasivu\/\" \/>\n<meta property=\"og:site_name\" content=\"Music x Media\" \/>\n<meta property=\"article:modified_time\" content=\"2025-09-19T08:39:30+00:00\" \/>\n<meta property=\"og:image\" content=\"https:\/\/musicmedia.fi\/wp-content\/uploads\/2023\/05\/mxm_oletuskuva_some-1024x538.png\" \/>\n\t<meta property=\"og:image:width\" content=\"1024\" \/>\n\t<meta property=\"og:image:height\" content=\"538\" \/>\n\t<meta property=\"og:image:type\" content=\"image\/png\" \/>\n<meta name=\"twitter:card\" content=\"summary_large_image\" \/>\n<meta name=\"twitter:label1\" content=\"Arvioitu lukuaika\" \/>\n\t<meta name=\"twitter:data1\" content=\"2 minuuttia\" \/>\n<script type=\"application\/ld+json\" class=\"yoast-schema-graph\">{\"@context\":\"https:\/\/schema.org\",\"@graph\":[{\"@type\":\"WebPage\",\"@id\":\"https:\/\/musicmedia.fi\/puhujasivu\/\",\"url\":\"https:\/\/musicmedia.fi\/puhujasivu\/\",\"name\":\"Puhujasivu - Music x Media\",\"isPartOf\":{\"@id\":\"https:\/\/musicmedia.fi\/#website\"},\"primaryImageOfPage\":{\"@id\":\"https:\/\/musicmedia.fi\/puhujasivu\/#primaryimage\"},\"image\":{\"@id\":\"https:\/\/musicmedia.fi\/puhujasivu\/#primaryimage\"},\"thumbnailUrl\":\"https:\/\/musicmedia.fi\/wp-content\/uploads\/2023\/04\/MusicxMedia-logo-black.svg\",\"datePublished\":\"2023-06-20T09:48:58+00:00\",\"dateModified\":\"2025-09-19T08:39:30+00:00\",\"breadcrumb\":{\"@id\":\"https:\/\/musicmedia.fi\/puhujasivu\/#breadcrumb\"},\"inLanguage\":\"fi\",\"potentialAction\":[{\"@type\":\"ReadAction\",\"target\":[\"https:\/\/musicmedia.fi\/puhujasivu\/\"]}]},{\"@type\":\"ImageObject\",\"inLanguage\":\"fi\",\"@id\":\"https:\/\/musicmedia.fi\/puhujasivu\/#primaryimage\",\"url\":\"https:\/\/musicmedia.fi\/wp-content\/uploads\/2023\/04\/MusicxMedia-logo-black.svg\",\"contentUrl\":\"https:\/\/musicmedia.fi\/wp-content\/uploads\/2023\/04\/MusicxMedia-logo-black.svg\"},{\"@type\":\"BreadcrumbList\",\"@id\":\"https:\/\/musicmedia.fi\/puhujasivu\/#breadcrumb\",\"itemListElement\":[{\"@type\":\"ListItem\",\"position\":1,\"name\":\"Home\",\"item\":\"https:\/\/musicmedia.fi\/\"},{\"@type\":\"ListItem\",\"position\":2,\"name\":\"Puhujasivu\"}]},{\"@type\":\"WebSite\",\"@id\":\"https:\/\/musicmedia.fi\/#website\",\"url\":\"https:\/\/musicmedia.fi\/\",\"name\":\"Music x Media\",\"description\":\"Musiikki-, viihde- ja tapahtuma-alojen kohtaamispaikka\",\"publisher\":{\"@id\":\"https:\/\/musicmedia.fi\/#organization\"},\"potentialAction\":[{\"@type\":\"SearchAction\",\"target\":{\"@type\":\"EntryPoint\",\"urlTemplate\":\"https:\/\/musicmedia.fi\/?s={search_term_string}\"},\"query-input\":{\"@type\":\"PropertyValueSpecification\",\"valueRequired\":true,\"valueName\":\"search_term_string\"}}],\"inLanguage\":\"fi\"},{\"@type\":\"Organization\",\"@id\":\"https:\/\/musicmedia.fi\/#organization\",\"name\":\"Music x Media\",\"url\":\"https:\/\/musicmedia.fi\/\",\"logo\":{\"@type\":\"ImageObject\",\"inLanguage\":\"fi\",\"@id\":\"https:\/\/musicmedia.fi\/#\/schema\/logo\/image\/\",\"url\":\"https:\/\/musicmedia.fi\/wp-content\/uploads\/2022\/05\/logo.png\",\"contentUrl\":\"https:\/\/musicmedia.fi\/wp-content\/uploads\/2022\/05\/logo.png\",\"width\":276,\"height\":147,\"caption\":\"Music x Media\"},\"image\":{\"@id\":\"https:\/\/musicmedia.fi\/#\/schema\/logo\/image\/\"}}]}<\/script>\n<!-- \/ Yoast SEO plugin. -->","yoast_head_json":{"title":"Puhujasivu - Music x Media","robots":{"index":"index","follow":"follow","max-snippet":"max-snippet:-1","max-image-preview":"max-image-preview:large","max-video-preview":"max-video-preview:-1"},"canonical":"https:\/\/musicmedia.fi\/fi\/puhujasivu\/","og_locale":"fi_FI","og_type":"article","og_title":"Puhujasivu - Music x Media","og_description":"Tervetuloa puhujaksi Music x Mediaan! T\u00e4lle sivulle tulemme p\u00e4ivitt\u00e4m\u00e4\u00e4n kaikki puhujia koskevat ohjeistukset sek\u00e4 tarpeellisten lomakkeiden linkit. Tutustuthan sivun sis\u00e4lt\u00f6\u00f6n ennen Music x Mediaan saapumista. TOP 5 MUISTILISTA: L\u00e4het\u00e4 meille kuvasi ja lyhyt bioteksti itsest\u00e4si alla olevan linkin kautta. (Mik\u00e4li n\u00e4it\u00e4 ei ole viel\u00e4 toimitettu) Akkreditoidu tapahtumaan viimeist\u00e4\u00e4n 11.9. (Huom. jokaisen t\u00e4ytyy olla rekister\u00f6itynyt tapahtumaan [&hellip;]","og_url":"https:\/\/musicmedia.fi\/fi\/puhujasivu\/","og_site_name":"Music x Media","article_modified_time":"2025-09-19T08:39:30+00:00","og_image":[{"width":1024,"height":538,"url":"https:\/\/musicmedia.fi\/wp-content\/uploads\/2023\/05\/mxm_oletuskuva_some-1024x538.png","type":"image\/png"}],"twitter_card":"summary_large_image","twitter_misc":{"Arvioitu lukuaika":"2 minuuttia"},"schema":{"@context":"https:\/\/schema.org","@graph":[{"@type":"WebPage","@id":"https:\/\/musicmedia.fi\/puhujasivu\/","url":"https:\/\/musicmedia.fi\/puhujasivu\/","name":"Puhujasivu - Music x Media","isPartOf":{"@id":"https:\/\/musicmedia.fi\/#website"},"primaryImageOfPage":{"@id":"https:\/\/musicmedia.fi\/puhujasivu\/#primaryimage"},"image":{"@id":"https:\/\/musicmedia.fi\/puhujasivu\/#primaryimage"},"thumbnailUrl":"https:\/\/musicmedia.fi\/wp-content\/uploads\/2023\/04\/MusicxMedia-logo-black.svg","datePublished":"2023-06-20T09:48:58+00:00","dateModified":"2025-09-19T08:39:30+00:00","breadcrumb":{"@id":"https:\/\/musicmedia.fi\/puhujasivu\/#breadcrumb"},"inLanguage":"fi","potentialAction":[{"@type":"ReadAction","target":["https:\/\/musicmedia.fi\/puhujasivu\/"]}]},{"@type":"ImageObject","inLanguage":"fi","@id":"https:\/\/musicmedia.fi\/puhujasivu\/#primaryimage","url":"https:\/\/musicmedia.fi\/wp-content\/uploads\/2023\/04\/MusicxMedia-logo-black.svg","contentUrl":"https:\/\/musicmedia.fi\/wp-content\/uploads\/2023\/04\/MusicxMedia-logo-black.svg"},{"@type":"BreadcrumbList","@id":"https:\/\/musicmedia.fi\/puhujasivu\/#breadcrumb","itemListElement":[{"@type":"ListItem","position":1,"name":"Home","item":"https:\/\/musicmedia.fi\/"},{"@type":"ListItem","position":2,"name":"Puhujasivu"}]},{"@type":"WebSite","@id":"https:\/\/musicmedia.fi\/#website","url":"https:\/\/musicmedia.fi\/","name":"Music x Media","description":"Musiikki-, viihde- ja tapahtuma-alojen kohtaamispaikka","publisher":{"@id":"https:\/\/musicmedia.fi\/#organization"},"potentialAction":[{"@type":"SearchAction","target":{"@type":"EntryPoint","urlTemplate":"https:\/\/musicmedia.fi\/?s={search_term_string}"},"query-input":{"@type":"PropertyValueSpecification","valueRequired":true,"valueName":"search_term_string"}}],"inLanguage":"fi"},{"@type":"Organization","@id":"https:\/\/musicmedia.fi\/#organization","name":"Music x Media","url":"https:\/\/musicmedia.fi\/","logo":{"@type":"ImageObject","inLanguage":"fi","@id":"https:\/\/musicmedia.fi\/#\/schema\/logo\/image\/","url":"https:\/\/musicmedia.fi\/wp-content\/uploads\/2022\/05\/logo.png","contentUrl":"https:\/\/musicmedia.fi\/wp-content\/uploads\/2022\/05\/logo.png","width":276,"height":147,"caption":"Music x Media"},"image":{"@id":"https:\/\/musicmedia.fi\/#\/schema\/logo\/image\/"}}]}},"_links":{"self":[{"href":"https:\/\/musicmedia.fi\/fi\/wp-json\/wp\/v2\/pages\/4582","targetHints":{"allow":["GET"]}}],"collection":[{"href":"https:\/\/musicmedia.fi\/fi\/wp-json\/wp\/v2\/pages"}],"about":[{"href":"https:\/\/musicmedia.fi\/fi\/wp-json\/wp\/v2\/types\/page"}],"author":[{"embeddable":true,"href":"https:\/\/musicmedia.fi\/fi\/wp-json\/wp\/v2\/users\/10"}],"replies":[{"embeddable":true,"href":"https:\/\/musicmedia.fi\/fi\/wp-json\/wp\/v2\/comments?post=4582"}],"version-history":[{"count":244,"href":"https:\/\/musicmedia.fi\/fi\/wp-json\/wp\/v2\/pages\/4582\/revisions"}],"predecessor-version":[{"id":12324,"href":"https:\/\/musicmedia.fi\/fi\/wp-json\/wp\/v2\/pages\/4582\/revisions\/12324"}],"wp:attachment":[{"href":"https:\/\/musicmedia.fi\/fi\/wp-json\/wp\/v2\/media?parent=4582"}],"curies":[{"name":"wp","href":"https:\/\/api.w.org\/{rel}","templated":true}]}}