{"id":3837,"date":"2023-05-07T21:15:45","date_gmt":"2023-05-07T18:15:45","guid":{"rendered":"https:\/\/musamedia.fi\/?page_id=3837"},"modified":"2025-09-10T13:12:05","modified_gmt":"2025-09-10T10:12:05","slug":"avajaiset","status":"publish","type":"page","link":"https:\/\/musicmedia.fi\/fi\/ohjelma-2025-3\/avajaiset\/","title":{"rendered":"Avajaiset"},"content":{"rendered":"\t\t<div data-elementor-type=\"wp-page\" data-elementor-id=\"3837\" class=\"elementor elementor-3837\">\n\t\t\t\t\t\t<section class=\"elementor-section elementor-top-section elementor-element elementor-element-20fc990 elementor-section-height-min-height elementor-section-boxed elementor-section-height-default elementor-section-items-middle\" data-id=\"20fc990\" data-element_type=\"section\" data-settings=\"{&quot;background_background&quot;:&quot;classic&quot;}\">\n\t\t\t\t\t\t<div class=\"elementor-container elementor-column-gap-default\">\n\t\t\t\t\t<div class=\"elementor-column elementor-col-100 elementor-top-column elementor-element elementor-element-18b4c38\" data-id=\"18b4c38\" data-element_type=\"column\">\n\t\t\t<div class=\"elementor-widget-wrap\">\n\t\t\t\t\t\t\t<\/div>\n\t\t<\/div>\n\t\t\t\t\t<\/div>\n\t\t<\/section>\n\t\t\t\t<section class=\"elementor-section elementor-top-section elementor-element elementor-element-cca457f elementor-section-boxed elementor-section-height-default elementor-section-height-default\" data-id=\"cca457f\" data-element_type=\"section\">\n\t\t\t\t\t\t<div class=\"elementor-container elementor-column-gap-default\">\n\t\t\t\t\t<div class=\"elementor-column elementor-col-100 elementor-top-column elementor-element elementor-element-e7ecada\" data-id=\"e7ecada\" data-element_type=\"column\">\n\t\t\t<div class=\"elementor-widget-wrap elementor-element-populated\">\n\t\t\t\t\t\t<div class=\"elementor-element elementor-element-7ed53ef elementor-widget elementor-widget-spacer\" data-id=\"7ed53ef\" data-element_type=\"widget\" data-widget_type=\"spacer.default\">\n\t\t\t\t<div class=\"elementor-widget-container\">\n\t\t\t\t\t\t\t<div class=\"elementor-spacer\">\n\t\t\t<div class=\"elementor-spacer-inner\"><\/div>\n\t\t<\/div>\n\t\t\t\t\t\t<\/div>\n\t\t\t\t<\/div>\n\t\t\t\t\t<\/div>\n\t\t<\/div>\n\t\t\t\t\t<\/div>\n\t\t<\/section>\n\t\t\t\t<section class=\"elementor-section elementor-top-section elementor-element elementor-element-d2e66e0 elementor-section-boxed elementor-section-height-default elementor-section-height-default\" data-id=\"d2e66e0\" data-element_type=\"section\">\n\t\t\t\t\t\t<div class=\"elementor-container elementor-column-gap-default\">\n\t\t\t\t\t<div class=\"elementor-column elementor-col-100 elementor-top-column elementor-element elementor-element-b54b978\" data-id=\"b54b978\" data-element_type=\"column\" data-settings=\"{&quot;background_background&quot;:&quot;classic&quot;}\">\n\t\t\t<div class=\"elementor-widget-wrap elementor-element-populated\">\n\t\t\t\t\t\t<div class=\"elementor-element elementor-element-a26b892 elementor-widget elementor-widget-text-editor\" data-id=\"a26b892\" data-element_type=\"widget\" data-widget_type=\"text-editor.default\">\n\t\t\t\t<div class=\"elementor-widget-container\">\n\t\t\t\t\t\t\t\t\t<h1><span style=\"font-family: var( --e-global-typography-primary-font-family ), Sans-serif; font-size: 2.5rem; background-color: var( --e-global-color-371159e );\">Avajaiset\u00a0<\/span><\/h1><p>Music x Median ensimm\u00e4inen p\u00e4iv\u00e4 p\u00e4\u00e4tet\u00e4\u00e4n perinteisesti tapahtuman virallisilla avajaisilla, jotka j\u00e4rjestet\u00e4\u00e4n <strong>torstaina 25.9.2025 klo 18-20<\/strong>\u00a0<a href=\"https:\/\/tavara-asema.fi\/\">Tavara-asemalla<\/a> (Ratapihankatu 33, 33100 Tampere).\u00a0\u00a0<\/p><p>Avajaisten virallisena kumppanina toimivat <a href=\"https:\/\/www.theorchard.com\/\">The Orchard<\/a> ja <a href=\"https:\/\/www.tampere.fi\/\">Tampeereen kaupunki<\/a>.<\/p><p>Tilaisuudessa kuullaan livemusiikkia ja puheita sek\u00e4 nautitaan kevyen <span style=\"background-color: var( --e-global-color-371159e );\">buffet-p\u00f6yd\u00e4n tarjoiluista ja hyv\u00e4st\u00e4 seurasta.<\/span><\/p><p>Avajaisjuhliin p\u00e4\u00e4sev\u00e4t osallistumaan kaikki Music x Mediaan lipun ostaneet seminaarivieraat.<\/p><p><em>The Orchard on t\u00e4yden palvelun musiikin jakeluyritys, joka toimii yli 45 kaupungissa ymp\u00e4ri maailmaa ja juhli viime vuonna 25-vuotista taivaltaan. Pohjoismaissa yritys hallinnoi alueellisia palveluitaan toimistoistaan Tukholmassa, Oslossa ja K\u00f6\u00f6penhaminassa.<\/em><\/p><p><em>The Orchardin kattavat artisti- ja levy-yhti\u00f6palvelut tarjoavat innovatiivista teknologiaa, l\u00e4pin\u00e4kyv\u00e4\u00e4 data-analyysi\u00e4 ja asiantuntemusta faniyhteyden luomiseen ja yleis\u00f6n kasvattamiseen. Palveluihin kuuluvat digitaalinen ja fyysinen myynti ja markkinointi, mainonta, synkronointi- ja br\u00e4ndikumppanuudet, oikeuksien hallinta, videon kaupallistaminen, yhteisty\u00f6kumppaneiden osuuksien jaon sek\u00e4 rojaltien kirjanpidon hallinta, kustannushallinto ja paljon muuta. The Orchard antaa luoville tekij\u00f6ille ja yritt\u00e4jille mahdollisuuden kasvaa ja sopeutua dynaamisessa, globaalissa musiikkiteollisuudessa.<\/em><\/p>\t\t\t\t\t\t\t\t<\/div>\n\t\t\t\t<\/div>\n\t\t\t\t\t<\/div>\n\t\t<\/div>\n\t\t\t\t\t<\/div>\n\t\t<\/section>\n\t\t<div class=\"elementor-element elementor-element-1726efa e-flex e-con-boxed e-con e-parent\" data-id=\"1726efa\" data-element_type=\"container\">\n\t\t\t\t\t<div class=\"e-con-inner\">\n\t\t\t\t<div class=\"elementor-element elementor-element-2f361b6 elementor-widget elementor-widget-spacer\" data-id=\"2f361b6\" data-element_type=\"widget\" data-widget_type=\"spacer.default\">\n\t\t\t\t<div class=\"elementor-widget-container\">\n\t\t\t\t\t\t\t<div class=\"elementor-spacer\">\n\t\t\t<div class=\"elementor-spacer-inner\"><\/div>\n\t\t<\/div>\n\t\t\t\t\t\t<\/div>\n\t\t\t\t<\/div>\n\t\t\t\t\t<\/div>\n\t\t\t\t<\/div>\n\t\t\t\t<\/div>\n\t\t","protected":false},"excerpt":{"rendered":"<p>Avajaiset\u00a0 Music x Median ensimm\u00e4inen p\u00e4iv\u00e4 p\u00e4\u00e4tet\u00e4\u00e4n perinteisesti tapahtuman virallisilla avajaisilla, jotka j\u00e4rjestet\u00e4\u00e4n torstaina 25.9.2025 klo 18-20\u00a0Tavara-asemalla (Ratapihankatu 33, 33100 Tampere).\u00a0\u00a0 Avajaisten virallisena kumppanina toimivat The Orchard ja Tampeereen kaupunki. Tilaisuudessa kuullaan livemusiikkia ja puheita sek\u00e4 nautitaan kevyen buffet-p\u00f6yd\u00e4n tarjoiluista ja hyv\u00e4st\u00e4 seurasta. Avajaisjuhliin p\u00e4\u00e4sev\u00e4t osallistumaan kaikki Music x Mediaan lipun ostaneet seminaarivieraat. The Orchard [&hellip;]<\/p>\n","protected":false},"author":16,"featured_media":0,"parent":11300,"menu_order":1,"comment_status":"closed","ping_status":"closed","template":"","meta":{"_acf_changed":false,"inline_featured_image":false,"footnotes":""},"class_list":["post-3837","page","type-page","status-publish","hentry"],"acf":[],"yoast_head":"<!-- This site is optimized with the Yoast SEO plugin v25.7 - https:\/\/yoast.com\/wordpress\/plugins\/seo\/ -->\n<title>Avajaiset - Music x Media<\/title>\n<meta name=\"robots\" content=\"index, follow, max-snippet:-1, max-image-preview:large, max-video-preview:-1\" \/>\n<link rel=\"canonical\" href=\"https:\/\/musicmedia.fi\/fi\/ohjelma-2025-3\/avajaiset\/\" \/>\n<meta property=\"og:locale\" content=\"fi_FI\" \/>\n<meta property=\"og:type\" content=\"article\" \/>\n<meta property=\"og:title\" content=\"Avajaiset - Music x Media\" \/>\n<meta property=\"og:description\" content=\"Avajaiset\u00a0 Music x Median ensimm\u00e4inen p\u00e4iv\u00e4 p\u00e4\u00e4tet\u00e4\u00e4n perinteisesti tapahtuman virallisilla avajaisilla, jotka j\u00e4rjestet\u00e4\u00e4n torstaina 25.9.2025 klo 18-20\u00a0Tavara-asemalla (Ratapihankatu 33, 33100 Tampere).\u00a0\u00a0 Avajaisten virallisena kumppanina toimivat The Orchard ja Tampeereen kaupunki. Tilaisuudessa kuullaan livemusiikkia ja puheita sek\u00e4 nautitaan kevyen buffet-p\u00f6yd\u00e4n tarjoiluista ja hyv\u00e4st\u00e4 seurasta. Avajaisjuhliin p\u00e4\u00e4sev\u00e4t osallistumaan kaikki Music x Mediaan lipun ostaneet seminaarivieraat. The Orchard [&hellip;]\" \/>\n<meta property=\"og:url\" content=\"https:\/\/musicmedia.fi\/fi\/ohjelma-2025-3\/avajaiset\/\" \/>\n<meta property=\"og:site_name\" content=\"Music x Media\" \/>\n<meta property=\"article:modified_time\" content=\"2025-09-10T10:12:05+00:00\" \/>\n<meta property=\"og:image\" content=\"https:\/\/musicmedia.fi\/wp-content\/uploads\/2023\/05\/mxm_oletuskuva_some-1024x538.png\" \/>\n\t<meta property=\"og:image:width\" content=\"1024\" \/>\n\t<meta property=\"og:image:height\" content=\"538\" \/>\n\t<meta property=\"og:image:type\" content=\"image\/png\" \/>\n<meta name=\"twitter:card\" content=\"summary_large_image\" \/>\n<meta name=\"twitter:label1\" content=\"Arvioitu lukuaika\" \/>\n\t<meta name=\"twitter:data1\" content=\"1 minuutti\" \/>\n<script type=\"application\/ld+json\" class=\"yoast-schema-graph\">{\"@context\":\"https:\/\/schema.org\",\"@graph\":[{\"@type\":\"WebPage\",\"@id\":\"https:\/\/musicmedia.fi\/ohjelma-2025-3\/avajaiset\/\",\"url\":\"https:\/\/musicmedia.fi\/ohjelma-2025-3\/avajaiset\/\",\"name\":\"Avajaiset - Music x Media\",\"isPartOf\":{\"@id\":\"https:\/\/musicmedia.fi\/#website\"},\"datePublished\":\"2023-05-07T18:15:45+00:00\",\"dateModified\":\"2025-09-10T10:12:05+00:00\",\"breadcrumb\":{\"@id\":\"https:\/\/musicmedia.fi\/ohjelma-2025-3\/avajaiset\/#breadcrumb\"},\"inLanguage\":\"fi\",\"potentialAction\":[{\"@type\":\"ReadAction\",\"target\":[\"https:\/\/musicmedia.fi\/ohjelma-2025-3\/avajaiset\/\"]}]},{\"@type\":\"BreadcrumbList\",\"@id\":\"https:\/\/musicmedia.fi\/ohjelma-2025-3\/avajaiset\/#breadcrumb\",\"itemListElement\":[{\"@type\":\"ListItem\",\"position\":1,\"name\":\"Home\",\"item\":\"https:\/\/musicmedia.fi\/\"},{\"@type\":\"ListItem\",\"position\":2,\"name\":\"Ohjelma 2025\",\"item\":\"https:\/\/musicmedia.fi\/ohjelma-2025-3\/\"},{\"@type\":\"ListItem\",\"position\":3,\"name\":\"Avajaiset\"}]},{\"@type\":\"WebSite\",\"@id\":\"https:\/\/musicmedia.fi\/#website\",\"url\":\"https:\/\/musicmedia.fi\/\",\"name\":\"Music x Media\",\"description\":\"Musiikki-, viihde- ja tapahtuma-alojen kohtaamispaikka\",\"publisher\":{\"@id\":\"https:\/\/musicmedia.fi\/#organization\"},\"potentialAction\":[{\"@type\":\"SearchAction\",\"target\":{\"@type\":\"EntryPoint\",\"urlTemplate\":\"https:\/\/musicmedia.fi\/?s={search_term_string}\"},\"query-input\":{\"@type\":\"PropertyValueSpecification\",\"valueRequired\":true,\"valueName\":\"search_term_string\"}}],\"inLanguage\":\"fi\"},{\"@type\":\"Organization\",\"@id\":\"https:\/\/musicmedia.fi\/#organization\",\"name\":\"Music x Media\",\"url\":\"https:\/\/musicmedia.fi\/\",\"logo\":{\"@type\":\"ImageObject\",\"inLanguage\":\"fi\",\"@id\":\"https:\/\/musicmedia.fi\/#\/schema\/logo\/image\/\",\"url\":\"https:\/\/musicmedia.fi\/wp-content\/uploads\/2022\/05\/logo.png\",\"contentUrl\":\"https:\/\/musicmedia.fi\/wp-content\/uploads\/2022\/05\/logo.png\",\"width\":276,\"height\":147,\"caption\":\"Music x Media\"},\"image\":{\"@id\":\"https:\/\/musicmedia.fi\/#\/schema\/logo\/image\/\"}}]}<\/script>\n<!-- \/ Yoast SEO plugin. -->","yoast_head_json":{"title":"Avajaiset - Music x Media","robots":{"index":"index","follow":"follow","max-snippet":"max-snippet:-1","max-image-preview":"max-image-preview:large","max-video-preview":"max-video-preview:-1"},"canonical":"https:\/\/musicmedia.fi\/fi\/ohjelma-2025-3\/avajaiset\/","og_locale":"fi_FI","og_type":"article","og_title":"Avajaiset - Music x Media","og_description":"Avajaiset\u00a0 Music x Median ensimm\u00e4inen p\u00e4iv\u00e4 p\u00e4\u00e4tet\u00e4\u00e4n perinteisesti tapahtuman virallisilla avajaisilla, jotka j\u00e4rjestet\u00e4\u00e4n torstaina 25.9.2025 klo 18-20\u00a0Tavara-asemalla (Ratapihankatu 33, 33100 Tampere).\u00a0\u00a0 Avajaisten virallisena kumppanina toimivat The Orchard ja Tampeereen kaupunki. Tilaisuudessa kuullaan livemusiikkia ja puheita sek\u00e4 nautitaan kevyen buffet-p\u00f6yd\u00e4n tarjoiluista ja hyv\u00e4st\u00e4 seurasta. Avajaisjuhliin p\u00e4\u00e4sev\u00e4t osallistumaan kaikki Music x Mediaan lipun ostaneet seminaarivieraat. The Orchard [&hellip;]","og_url":"https:\/\/musicmedia.fi\/fi\/ohjelma-2025-3\/avajaiset\/","og_site_name":"Music x Media","article_modified_time":"2025-09-10T10:12:05+00:00","og_image":[{"width":1024,"height":538,"url":"https:\/\/musicmedia.fi\/wp-content\/uploads\/2023\/05\/mxm_oletuskuva_some-1024x538.png","type":"image\/png"}],"twitter_card":"summary_large_image","twitter_misc":{"Arvioitu lukuaika":"1 minuutti"},"schema":{"@context":"https:\/\/schema.org","@graph":[{"@type":"WebPage","@id":"https:\/\/musicmedia.fi\/ohjelma-2025-3\/avajaiset\/","url":"https:\/\/musicmedia.fi\/ohjelma-2025-3\/avajaiset\/","name":"Avajaiset - Music x Media","isPartOf":{"@id":"https:\/\/musicmedia.fi\/#website"},"datePublished":"2023-05-07T18:15:45+00:00","dateModified":"2025-09-10T10:12:05+00:00","breadcrumb":{"@id":"https:\/\/musicmedia.fi\/ohjelma-2025-3\/avajaiset\/#breadcrumb"},"inLanguage":"fi","potentialAction":[{"@type":"ReadAction","target":["https:\/\/musicmedia.fi\/ohjelma-2025-3\/avajaiset\/"]}]},{"@type":"BreadcrumbList","@id":"https:\/\/musicmedia.fi\/ohjelma-2025-3\/avajaiset\/#breadcrumb","itemListElement":[{"@type":"ListItem","position":1,"name":"Home","item":"https:\/\/musicmedia.fi\/"},{"@type":"ListItem","position":2,"name":"Ohjelma 2025","item":"https:\/\/musicmedia.fi\/ohjelma-2025-3\/"},{"@type":"ListItem","position":3,"name":"Avajaiset"}]},{"@type":"WebSite","@id":"https:\/\/musicmedia.fi\/#website","url":"https:\/\/musicmedia.fi\/","name":"Music x Media","description":"Musiikki-, viihde- ja tapahtuma-alojen kohtaamispaikka","publisher":{"@id":"https:\/\/musicmedia.fi\/#organization"},"potentialAction":[{"@type":"SearchAction","target":{"@type":"EntryPoint","urlTemplate":"https:\/\/musicmedia.fi\/?s={search_term_string}"},"query-input":{"@type":"PropertyValueSpecification","valueRequired":true,"valueName":"search_term_string"}}],"inLanguage":"fi"},{"@type":"Organization","@id":"https:\/\/musicmedia.fi\/#organization","name":"Music x Media","url":"https:\/\/musicmedia.fi\/","logo":{"@type":"ImageObject","inLanguage":"fi","@id":"https:\/\/musicmedia.fi\/#\/schema\/logo\/image\/","url":"https:\/\/musicmedia.fi\/wp-content\/uploads\/2022\/05\/logo.png","contentUrl":"https:\/\/musicmedia.fi\/wp-content\/uploads\/2022\/05\/logo.png","width":276,"height":147,"caption":"Music x Media"},"image":{"@id":"https:\/\/musicmedia.fi\/#\/schema\/logo\/image\/"}}]}},"_links":{"self":[{"href":"https:\/\/musicmedia.fi\/fi\/wp-json\/wp\/v2\/pages\/3837","targetHints":{"allow":["GET"]}}],"collection":[{"href":"https:\/\/musicmedia.fi\/fi\/wp-json\/wp\/v2\/pages"}],"about":[{"href":"https:\/\/musicmedia.fi\/fi\/wp-json\/wp\/v2\/types\/page"}],"author":[{"embeddable":true,"href":"https:\/\/musicmedia.fi\/fi\/wp-json\/wp\/v2\/users\/16"}],"replies":[{"embeddable":true,"href":"https:\/\/musicmedia.fi\/fi\/wp-json\/wp\/v2\/comments?post=3837"}],"version-history":[{"count":67,"href":"https:\/\/musicmedia.fi\/fi\/wp-json\/wp\/v2\/pages\/3837\/revisions"}],"predecessor-version":[{"id":12156,"href":"https:\/\/musicmedia.fi\/fi\/wp-json\/wp\/v2\/pages\/3837\/revisions\/12156"}],"up":[{"embeddable":true,"href":"https:\/\/musicmedia.fi\/fi\/wp-json\/wp\/v2\/pages\/11300"}],"wp:attachment":[{"href":"https:\/\/musicmedia.fi\/fi\/wp-json\/wp\/v2\/media?parent=3837"}],"curies":[{"name":"wp","href":"https:\/\/api.w.org\/{rel}","templated":true}]}}