{"id":3819,"date":"2023-05-07T21:09:02","date_gmt":"2023-05-07T18:09:02","guid":{"rendered":"https:\/\/musamedia.fi\/?page_id=3819"},"modified":"2026-01-13T11:55:30","modified_gmt":"2026-01-13T09:55:30","slug":"lost-in-music","status":"publish","type":"page","link":"https:\/\/musicmedia.fi\/fi\/lost-in-music\/","title":{"rendered":"Lost In Music"},"content":{"rendered":"\t\t<div data-elementor-type=\"wp-page\" data-elementor-id=\"3819\" class=\"elementor elementor-3819\">\n\t\t\t\t<div class=\"elementor-element elementor-element-dffe541 e-flex e-con-boxed e-con e-parent\" data-id=\"dffe541\" data-element_type=\"container\">\n\t\t\t\t\t<div class=\"e-con-inner\">\n\t\t\t\t<div class=\"elementor-element elementor-element-045ea0f elementor-widget elementor-widget-heading\" data-id=\"045ea0f\" data-element_type=\"widget\" data-widget_type=\"heading.default\">\n\t\t\t\t<div class=\"elementor-widget-container\">\n\t\t\t\t\t<h1 class=\"elementor-heading-title elementor-size-default\">Lost in Music<\/h1>\t\t\t\t<\/div>\n\t\t\t\t<\/div>\n\t\t\t\t\t<\/div>\n\t\t\t\t<\/div>\n\t\t\t\t<section class=\"elementor-section elementor-top-section elementor-element elementor-element-d2e66e0 elementor-section-boxed elementor-section-height-default elementor-section-height-default\" data-id=\"d2e66e0\" data-element_type=\"section\" data-settings=\"{&quot;background_background&quot;:&quot;classic&quot;}\">\n\t\t\t\t\t\t<div class=\"elementor-container elementor-column-gap-default\">\n\t\t\t\t\t<div class=\"elementor-column elementor-col-100 elementor-top-column elementor-element elementor-element-b54b978\" data-id=\"b54b978\" data-element_type=\"column\" data-settings=\"{&quot;background_background&quot;:&quot;classic&quot;}\">\n\t\t\t<div class=\"elementor-widget-wrap elementor-element-populated\">\n\t\t\t\t\t\t<div class=\"elementor-element elementor-element-a26b892 elementor-widget elementor-widget-text-editor\" data-id=\"a26b892\" data-element_type=\"widget\" data-widget_type=\"text-editor.default\">\n\t\t\t\t<div class=\"elementor-widget-container\">\n\t\t\t\t\t\t\t\t\t<p>\u00a0<\/p><p>Suomen suurin ja merkitt\u00e4vin showcase-festivaali Lost In Music j\u00e4rjestet\u00e4\u00e4n Tampereella 1\u20132.10.2026, jolloin kaupungin klubit ja keikkapaikat t\u00e4yttyv\u00e4t uudesta musiikista ja upeasta tunnelmasta. Lost In Music tuo yhteen sadat artistit, tuhannet musiikkia rakastavat festivaalik\u00e4vij\u00e4t sek\u00e4 musiikkialan ammattilaiset.<\/p><p><strong>Music x Median delegaateilla on vapaa p\u00e4\u00e4sy Lost in Music -keikoille. Yksip\u00e4iv\u00e4inen lippu oikeuttaa sis\u00e4\u00e4np\u00e4\u00e4syn vain saman p\u00e4iv\u00e4n Lost in Music -keikoille.<\/strong><\/p><p>Lue artisteista ja keikoista lis\u00e4\u00e4 <strong><a href=\"https:\/\/lostinmusic.fi\">Lost In Musicin<\/a><\/strong> nettisivuilta.<\/p><h2><span class=\"s1\">Yhteys<\/span><\/h2><p class=\"p2\"><span class=\"s1\">Kysytt\u00e4v\u00e4\u00e4? Vastaamme mielell\u00e4mme!<\/span><\/p><p>L\u00e4het\u00e4 meille s\u00e4hk\u00f6postia:<strong>\u00a0info(at)lostinmusic.fi\u00a0<\/strong><\/p><p><span class=\"s1\">Voit my\u00f6s laittaa meille viesti\u00e4: <\/span><strong><a href=\"http:\/\/www.facebook.fi\/limfest\" target=\"_blank\" rel=\"noopener\">Facebookissa <\/a>\u00a0\/ <\/strong><strong><a href=\"https:\/\/www.instagram.com\/lostinmusicfestival\/\" target=\"_blank\" rel=\"noopener\">Instagramissa<\/a><\/strong><\/p>\t\t\t\t\t\t\t\t<\/div>\n\t\t\t\t<\/div>\n\t\t\t\t\t<\/div>\n\t\t<\/div>\n\t\t\t\t\t<\/div>\n\t\t<\/section>\n\t\t<div class=\"elementor-element elementor-element-499e907 e-flex e-con-boxed e-con e-parent\" data-id=\"499e907\" data-element_type=\"container\">\n\t\t\t\t\t<div class=\"e-con-inner\">\n\t\t<div class=\"elementor-element elementor-element-b32d616 e-con-full e-flex e-con e-child\" data-id=\"b32d616\" data-element_type=\"container\">\n\t\t\t\t<div class=\"elementor-element elementor-element-09d829d elementor-widget elementor-widget-image\" data-id=\"09d829d\" data-element_type=\"widget\" data-widget_type=\"image.default\">\n\t\t\t\t<div class=\"elementor-widget-container\">\n\t\t\t\t\t\t\t\t\t\t\t\t\t\t\t<img fetchpriority=\"high\" decoding=\"async\" width=\"800\" height=\"534\" src=\"https:\/\/musicmedia.fi\/wp-content\/uploads\/2024\/05\/LIM23_Yleiso_Jere-Hakkinen-04882-1024x683.jpg\" class=\"attachment-large size-large wp-image-7436\" alt=\"\" srcset=\"https:\/\/musicmedia.fi\/wp-content\/uploads\/2024\/05\/LIM23_Yleiso_Jere-Hakkinen-04882-1024x683.jpg 1024w, https:\/\/musicmedia.fi\/wp-content\/uploads\/2024\/05\/LIM23_Yleiso_Jere-Hakkinen-04882-300x200.jpg 300w, https:\/\/musicmedia.fi\/wp-content\/uploads\/2024\/05\/LIM23_Yleiso_Jere-Hakkinen-04882-768x512.jpg 768w, https:\/\/musicmedia.fi\/wp-content\/uploads\/2024\/05\/LIM23_Yleiso_Jere-Hakkinen-04882-1536x1024.jpg 1536w, https:\/\/musicmedia.fi\/wp-content\/uploads\/2024\/05\/LIM23_Yleiso_Jere-Hakkinen-04882-18x12.jpg 18w, https:\/\/musicmedia.fi\/wp-content\/uploads\/2024\/05\/LIM23_Yleiso_Jere-Hakkinen-04882.jpg 2048w\" sizes=\"(max-width: 800px) 100vw, 800px\" \/>\t\t\t\t\t\t\t\t\t\t\t\t\t\t\t<\/div>\n\t\t\t\t<\/div>\n\t\t\t\t<\/div>\n\t\t<div class=\"elementor-element elementor-element-993ca2c e-con-full e-flex e-con e-child\" data-id=\"993ca2c\" data-element_type=\"container\">\n\t\t\t\t<div class=\"elementor-element elementor-element-f3286f0 elementor-widget elementor-widget-image\" data-id=\"f3286f0\" data-element_type=\"widget\" data-widget_type=\"image.default\">\n\t\t\t\t<div class=\"elementor-widget-container\">\n\t\t\t\t\t\t\t\t\t\t\t\t\t\t\t<img decoding=\"async\" width=\"800\" height=\"534\" src=\"https:\/\/musicmedia.fi\/wp-content\/uploads\/2024\/06\/48879600821_0ea87c1d12_o-1024x683.jpg\" class=\"attachment-large size-large wp-image-7946\" alt=\"\" srcset=\"https:\/\/musicmedia.fi\/wp-content\/uploads\/2024\/06\/48879600821_0ea87c1d12_o-1024x683.jpg 1024w, https:\/\/musicmedia.fi\/wp-content\/uploads\/2024\/06\/48879600821_0ea87c1d12_o-300x200.jpg 300w, https:\/\/musicmedia.fi\/wp-content\/uploads\/2024\/06\/48879600821_0ea87c1d12_o-768x512.jpg 768w, https:\/\/musicmedia.fi\/wp-content\/uploads\/2024\/06\/48879600821_0ea87c1d12_o-1536x1024.jpg 1536w, https:\/\/musicmedia.fi\/wp-content\/uploads\/2024\/06\/48879600821_0ea87c1d12_o-2048x1365.jpg 2048w, https:\/\/musicmedia.fi\/wp-content\/uploads\/2024\/06\/48879600821_0ea87c1d12_o-18x12.jpg 18w\" sizes=\"(max-width: 800px) 100vw, 800px\" \/>\t\t\t\t\t\t\t\t\t\t\t\t\t\t\t<\/div>\n\t\t\t\t<\/div>\n\t\t\t\t<\/div>\n\t\t\t\t\t<\/div>\n\t\t\t\t<\/div>\n\t\t<div class=\"elementor-element elementor-element-c68afb3 e-flex e-con-boxed e-con e-parent\" data-id=\"c68afb3\" data-element_type=\"container\">\n\t\t\t\t\t<div class=\"e-con-inner\">\n\t\t\t\t<div class=\"elementor-element elementor-element-14bf343 elementor-widget elementor-widget-spacer\" data-id=\"14bf343\" data-element_type=\"widget\" data-widget_type=\"spacer.default\">\n\t\t\t\t<div class=\"elementor-widget-container\">\n\t\t\t\t\t\t\t<div class=\"elementor-spacer\">\n\t\t\t<div class=\"elementor-spacer-inner\"><\/div>\n\t\t<\/div>\n\t\t\t\t\t\t<\/div>\n\t\t\t\t<\/div>\n\t\t\t\t\t<\/div>\n\t\t\t\t<\/div>\n\t\t\t\t<\/div>\n\t\t","protected":false},"excerpt":{"rendered":"<p>Lost in Music Suomen suurin ja merkitt\u00e4vin showcase-festivaali Lost In Music j\u00e4rjestet\u00e4\u00e4n Tampereella 1\u20132.10.2026, jolloin kaupungin klubit ja keikkapaikat t\u00e4yttyv\u00e4t uudesta musiikista ja upeasta tunnelmasta. Lost In Music tuo yhteen sadat artistit, tuhannet musiikkia rakastavat festivaalik\u00e4vij\u00e4t sek\u00e4 musiikkialan ammattilaiset. Music x Median delegaateilla on vapaa p\u00e4\u00e4sy Lost in Music -keikoille. Yksip\u00e4iv\u00e4inen lippu oikeuttaa sis\u00e4\u00e4np\u00e4\u00e4syn vain [&hellip;]<\/p>\n","protected":false},"author":16,"featured_media":0,"parent":0,"menu_order":0,"comment_status":"closed","ping_status":"closed","template":"","meta":{"_acf_changed":false,"inline_featured_image":false,"footnotes":""},"class_list":["post-3819","page","type-page","status-publish","hentry"],"acf":[],"yoast_head":"<!-- This site is optimized with the Yoast SEO plugin v25.7 - https:\/\/yoast.com\/wordpress\/plugins\/seo\/ -->\n<title>Lost In Music - Music x Media<\/title>\n<meta name=\"robots\" content=\"index, follow, max-snippet:-1, max-image-preview:large, max-video-preview:-1\" \/>\n<link rel=\"canonical\" href=\"https:\/\/musicmedia.fi\/fi\/lost-in-music\/\" \/>\n<meta property=\"og:locale\" content=\"fi_FI\" \/>\n<meta property=\"og:type\" content=\"article\" \/>\n<meta property=\"og:title\" content=\"Lost In Music - Music x Media\" \/>\n<meta property=\"og:description\" content=\"Lost in Music Suomen suurin ja merkitt\u00e4vin showcase-festivaali Lost In Music j\u00e4rjestet\u00e4\u00e4n Tampereella 1\u20132.10.2026, jolloin kaupungin klubit ja keikkapaikat t\u00e4yttyv\u00e4t uudesta musiikista ja upeasta tunnelmasta. Lost In Music tuo yhteen sadat artistit, tuhannet musiikkia rakastavat festivaalik\u00e4vij\u00e4t sek\u00e4 musiikkialan ammattilaiset. Music x Median delegaateilla on vapaa p\u00e4\u00e4sy Lost in Music -keikoille. Yksip\u00e4iv\u00e4inen lippu oikeuttaa sis\u00e4\u00e4np\u00e4\u00e4syn vain [&hellip;]\" \/>\n<meta property=\"og:url\" content=\"https:\/\/musicmedia.fi\/fi\/lost-in-music\/\" \/>\n<meta property=\"og:site_name\" content=\"Music x Media\" \/>\n<meta property=\"article:modified_time\" content=\"2026-01-13T09:55:30+00:00\" \/>\n<meta property=\"og:image\" content=\"https:\/\/musicmedia.fi\/wp-content\/uploads\/2024\/05\/LIM23_Yleiso_Jere-Hakkinen-04882-1024x683.jpg\" \/>\n<meta name=\"twitter:card\" content=\"summary_large_image\" \/>\n<meta name=\"twitter:label1\" content=\"Arvioitu lukuaika\" \/>\n\t<meta name=\"twitter:data1\" content=\"1 minuutti\" \/>\n<script type=\"application\/ld+json\" class=\"yoast-schema-graph\">{\"@context\":\"https:\/\/schema.org\",\"@graph\":[{\"@type\":\"WebPage\",\"@id\":\"https:\/\/musicmedia.fi\/lost-in-music\/\",\"url\":\"https:\/\/musicmedia.fi\/lost-in-music\/\",\"name\":\"Lost In Music - Music x Media\",\"isPartOf\":{\"@id\":\"https:\/\/musicmedia.fi\/#website\"},\"primaryImageOfPage\":{\"@id\":\"https:\/\/musicmedia.fi\/lost-in-music\/#primaryimage\"},\"image\":{\"@id\":\"https:\/\/musicmedia.fi\/lost-in-music\/#primaryimage\"},\"thumbnailUrl\":\"https:\/\/musicmedia.fi\/wp-content\/uploads\/2024\/05\/LIM23_Yleiso_Jere-Hakkinen-04882-1024x683.jpg\",\"datePublished\":\"2023-05-07T18:09:02+00:00\",\"dateModified\":\"2026-01-13T09:55:30+00:00\",\"breadcrumb\":{\"@id\":\"https:\/\/musicmedia.fi\/lost-in-music\/#breadcrumb\"},\"inLanguage\":\"fi\",\"potentialAction\":[{\"@type\":\"ReadAction\",\"target\":[\"https:\/\/musicmedia.fi\/lost-in-music\/\"]}]},{\"@type\":\"ImageObject\",\"inLanguage\":\"fi\",\"@id\":\"https:\/\/musicmedia.fi\/lost-in-music\/#primaryimage\",\"url\":\"https:\/\/musicmedia.fi\/wp-content\/uploads\/2024\/05\/LIM23_Yleiso_Jere-Hakkinen-04882-1024x683.jpg\",\"contentUrl\":\"https:\/\/musicmedia.fi\/wp-content\/uploads\/2024\/05\/LIM23_Yleiso_Jere-Hakkinen-04882-1024x683.jpg\"},{\"@type\":\"BreadcrumbList\",\"@id\":\"https:\/\/musicmedia.fi\/lost-in-music\/#breadcrumb\",\"itemListElement\":[{\"@type\":\"ListItem\",\"position\":1,\"name\":\"Home\",\"item\":\"https:\/\/musicmedia.fi\/\"},{\"@type\":\"ListItem\",\"position\":2,\"name\":\"Lost In Music\"}]},{\"@type\":\"WebSite\",\"@id\":\"https:\/\/musicmedia.fi\/#website\",\"url\":\"https:\/\/musicmedia.fi\/\",\"name\":\"Music x Media\",\"description\":\"Musiikki-, viihde- ja tapahtuma-alojen kohtaamispaikka\",\"publisher\":{\"@id\":\"https:\/\/musicmedia.fi\/#organization\"},\"potentialAction\":[{\"@type\":\"SearchAction\",\"target\":{\"@type\":\"EntryPoint\",\"urlTemplate\":\"https:\/\/musicmedia.fi\/?s={search_term_string}\"},\"query-input\":{\"@type\":\"PropertyValueSpecification\",\"valueRequired\":true,\"valueName\":\"search_term_string\"}}],\"inLanguage\":\"fi\"},{\"@type\":\"Organization\",\"@id\":\"https:\/\/musicmedia.fi\/#organization\",\"name\":\"Music x Media\",\"url\":\"https:\/\/musicmedia.fi\/\",\"logo\":{\"@type\":\"ImageObject\",\"inLanguage\":\"fi\",\"@id\":\"https:\/\/musicmedia.fi\/#\/schema\/logo\/image\/\",\"url\":\"https:\/\/musicmedia.fi\/wp-content\/uploads\/2022\/05\/logo.png\",\"contentUrl\":\"https:\/\/musicmedia.fi\/wp-content\/uploads\/2022\/05\/logo.png\",\"width\":276,\"height\":147,\"caption\":\"Music x Media\"},\"image\":{\"@id\":\"https:\/\/musicmedia.fi\/#\/schema\/logo\/image\/\"}}]}<\/script>\n<!-- \/ Yoast SEO plugin. -->","yoast_head_json":{"title":"Lost In Music - Music x Media","robots":{"index":"index","follow":"follow","max-snippet":"max-snippet:-1","max-image-preview":"max-image-preview:large","max-video-preview":"max-video-preview:-1"},"canonical":"https:\/\/musicmedia.fi\/fi\/lost-in-music\/","og_locale":"fi_FI","og_type":"article","og_title":"Lost In Music - Music x Media","og_description":"Lost in Music Suomen suurin ja merkitt\u00e4vin showcase-festivaali Lost In Music j\u00e4rjestet\u00e4\u00e4n Tampereella 1\u20132.10.2026, jolloin kaupungin klubit ja keikkapaikat t\u00e4yttyv\u00e4t uudesta musiikista ja upeasta tunnelmasta. Lost In Music tuo yhteen sadat artistit, tuhannet musiikkia rakastavat festivaalik\u00e4vij\u00e4t sek\u00e4 musiikkialan ammattilaiset. Music x Median delegaateilla on vapaa p\u00e4\u00e4sy Lost in Music -keikoille. Yksip\u00e4iv\u00e4inen lippu oikeuttaa sis\u00e4\u00e4np\u00e4\u00e4syn vain [&hellip;]","og_url":"https:\/\/musicmedia.fi\/fi\/lost-in-music\/","og_site_name":"Music x Media","article_modified_time":"2026-01-13T09:55:30+00:00","og_image":[{"url":"https:\/\/musicmedia.fi\/wp-content\/uploads\/2024\/05\/LIM23_Yleiso_Jere-Hakkinen-04882-1024x683.jpg","type":"","width":"","height":""}],"twitter_card":"summary_large_image","twitter_misc":{"Arvioitu lukuaika":"1 minuutti"},"schema":{"@context":"https:\/\/schema.org","@graph":[{"@type":"WebPage","@id":"https:\/\/musicmedia.fi\/lost-in-music\/","url":"https:\/\/musicmedia.fi\/lost-in-music\/","name":"Lost In Music - Music x Media","isPartOf":{"@id":"https:\/\/musicmedia.fi\/#website"},"primaryImageOfPage":{"@id":"https:\/\/musicmedia.fi\/lost-in-music\/#primaryimage"},"image":{"@id":"https:\/\/musicmedia.fi\/lost-in-music\/#primaryimage"},"thumbnailUrl":"https:\/\/musicmedia.fi\/wp-content\/uploads\/2024\/05\/LIM23_Yleiso_Jere-Hakkinen-04882-1024x683.jpg","datePublished":"2023-05-07T18:09:02+00:00","dateModified":"2026-01-13T09:55:30+00:00","breadcrumb":{"@id":"https:\/\/musicmedia.fi\/lost-in-music\/#breadcrumb"},"inLanguage":"fi","potentialAction":[{"@type":"ReadAction","target":["https:\/\/musicmedia.fi\/lost-in-music\/"]}]},{"@type":"ImageObject","inLanguage":"fi","@id":"https:\/\/musicmedia.fi\/lost-in-music\/#primaryimage","url":"https:\/\/musicmedia.fi\/wp-content\/uploads\/2024\/05\/LIM23_Yleiso_Jere-Hakkinen-04882-1024x683.jpg","contentUrl":"https:\/\/musicmedia.fi\/wp-content\/uploads\/2024\/05\/LIM23_Yleiso_Jere-Hakkinen-04882-1024x683.jpg"},{"@type":"BreadcrumbList","@id":"https:\/\/musicmedia.fi\/lost-in-music\/#breadcrumb","itemListElement":[{"@type":"ListItem","position":1,"name":"Home","item":"https:\/\/musicmedia.fi\/"},{"@type":"ListItem","position":2,"name":"Lost In Music"}]},{"@type":"WebSite","@id":"https:\/\/musicmedia.fi\/#website","url":"https:\/\/musicmedia.fi\/","name":"Music x Media","description":"Musiikki-, viihde- ja tapahtuma-alojen kohtaamispaikka","publisher":{"@id":"https:\/\/musicmedia.fi\/#organization"},"potentialAction":[{"@type":"SearchAction","target":{"@type":"EntryPoint","urlTemplate":"https:\/\/musicmedia.fi\/?s={search_term_string}"},"query-input":{"@type":"PropertyValueSpecification","valueRequired":true,"valueName":"search_term_string"}}],"inLanguage":"fi"},{"@type":"Organization","@id":"https:\/\/musicmedia.fi\/#organization","name":"Music x Media","url":"https:\/\/musicmedia.fi\/","logo":{"@type":"ImageObject","inLanguage":"fi","@id":"https:\/\/musicmedia.fi\/#\/schema\/logo\/image\/","url":"https:\/\/musicmedia.fi\/wp-content\/uploads\/2022\/05\/logo.png","contentUrl":"https:\/\/musicmedia.fi\/wp-content\/uploads\/2022\/05\/logo.png","width":276,"height":147,"caption":"Music x Media"},"image":{"@id":"https:\/\/musicmedia.fi\/#\/schema\/logo\/image\/"}}]}},"_links":{"self":[{"href":"https:\/\/musicmedia.fi\/fi\/wp-json\/wp\/v2\/pages\/3819","targetHints":{"allow":["GET"]}}],"collection":[{"href":"https:\/\/musicmedia.fi\/fi\/wp-json\/wp\/v2\/pages"}],"about":[{"href":"https:\/\/musicmedia.fi\/fi\/wp-json\/wp\/v2\/types\/page"}],"author":[{"embeddable":true,"href":"https:\/\/musicmedia.fi\/fi\/wp-json\/wp\/v2\/users\/16"}],"replies":[{"embeddable":true,"href":"https:\/\/musicmedia.fi\/fi\/wp-json\/wp\/v2\/comments?post=3819"}],"version-history":[{"count":38,"href":"https:\/\/musicmedia.fi\/fi\/wp-json\/wp\/v2\/pages\/3819\/revisions"}],"predecessor-version":[{"id":12610,"href":"https:\/\/musicmedia.fi\/fi\/wp-json\/wp\/v2\/pages\/3819\/revisions\/12610"}],"wp:attachment":[{"href":"https:\/\/musicmedia.fi\/fi\/wp-json\/wp\/v2\/media?parent=3819"}],"curies":[{"name":"wp","href":"https:\/\/api.w.org\/{rel}","templated":true}]}}