{"id":3737,"date":"2023-05-05T13:38:35","date_gmt":"2023-05-05T10:38:35","guid":{"rendered":"https:\/\/musamedia.fi\/?page_id=3737"},"modified":"2024-09-12T16:19:26","modified_gmt":"2024-09-12T13:19:26","slug":"ohjelma-vanha","status":"publish","type":"page","link":"https:\/\/musicmedia.fi\/fi\/ohjelma-vanha\/","title":{"rendered":"Ohjelma vanha 23"},"content":{"rendered":"\t\t<div data-elementor-type=\"wp-page\" data-elementor-id=\"3737\" class=\"elementor elementor-3737\">\n\t\t\t\t<div class=\"elementor-element elementor-element-6e32d27 e-flex e-con-boxed e-con e-parent\" data-id=\"6e32d27\" data-element_type=\"container\">\n\t\t\t\t\t<div class=\"e-con-inner\">\n\t\t\t\t<div class=\"elementor-element elementor-element-185db20 elementor-widget elementor-widget-spacer\" data-id=\"185db20\" data-element_type=\"widget\" data-widget_type=\"spacer.default\">\n\t\t\t\t<div class=\"elementor-widget-container\">\n\t\t\t\t\t\t\t<div class=\"elementor-spacer\">\n\t\t\t<div class=\"elementor-spacer-inner\"><\/div>\n\t\t<\/div>\n\t\t\t\t\t\t<\/div>\n\t\t\t\t<\/div>\n\t\t\t\t<div class=\"elementor-element elementor-element-ab19447 elementor-widget elementor-widget-heading\" data-id=\"ab19447\" data-element_type=\"widget\" data-widget_type=\"heading.default\">\n\t\t\t\t<div class=\"elementor-widget-container\">\n\t\t\t\t\t<h1 class=\"elementor-heading-title elementor-size-default\">Ohjelma<\/h1>\t\t\t\t<\/div>\n\t\t\t\t<\/div>\n\t\t\t\t<div class=\"elementor-element elementor-element-10a5111 elementor-widget elementor-widget-text-editor\" data-id=\"10a5111\" data-element_type=\"widget\" data-widget_type=\"text-editor.default\">\n\t\t\t\t<div class=\"elementor-widget-container\">\n\t\t\t\t\t\t\t\t\t<header class=\"page-header\"><h2 class=\"entry-title\">Tutustu Music x Media 2024 -ohjelmaan<\/h2><\/header><div class=\"page-content\"><p>T\u00e4m\u00e4n vuoden Music x Media keskittyy kolmeen p\u00e4\u00e4teemaan: <b>yhteisty\u00f6n mahdollisuuksiin<\/b>\u00a0(Music x Collaboration),\u00a0<b>bisneksen suuntaan<\/b>\u00a0(Music x Business) sek\u00e4\u00a0<b>kest\u00e4vyyteen ja tulevaisuuteen<\/b>\u00a0(Music x Future).<\/p><p>Kolmip\u00e4iv\u00e4inen Music x Media j\u00e4rjestet\u00e4\u00e4n 35:tt\u00e4 kertaa Tampereella 2.-4. lokakuuta 2024.<\/p><\/div>\t\t\t\t\t\t\t\t<\/div>\n\t\t\t\t<\/div>\n\t\t\t\t\t<\/div>\n\t\t\t\t<\/div>\n\t\t\t\t<\/div>\n\t\t","protected":false},"excerpt":{"rendered":"<p>Ohjelma Tutustu Music x Media 2024 -ohjelmaan T\u00e4m\u00e4n vuoden Music x Media keskittyy kolmeen p\u00e4\u00e4teemaan: yhteisty\u00f6n mahdollisuuksiin\u00a0(Music x Collaboration),\u00a0bisneksen suuntaan\u00a0(Music x Business) sek\u00e4\u00a0kest\u00e4vyyteen ja tulevaisuuteen\u00a0(Music x Future). Kolmip\u00e4iv\u00e4inen Music x Media j\u00e4rjestet\u00e4\u00e4n 35:tt\u00e4 kertaa Tampereella 2.-4. lokakuuta 2024.<\/p>\n","protected":false},"author":15,"featured_media":0,"parent":0,"menu_order":0,"comment_status":"closed","ping_status":"closed","template":"ohjelma.php","meta":{"_acf_changed":false,"inline_featured_image":false,"footnotes":""},"class_list":["post-3737","page","type-page","status-publish","hentry"],"acf":[],"yoast_head":"<!-- This site is optimized with the Yoast SEO plugin v25.7 - https:\/\/yoast.com\/wordpress\/plugins\/seo\/ -->\n<title>Ohjelma vanha 23 - Music x Media<\/title>\n<meta name=\"robots\" content=\"index, follow, max-snippet:-1, max-image-preview:large, max-video-preview:-1\" \/>\n<link rel=\"canonical\" href=\"https:\/\/musicmedia.fi\/fi\/ohjelma-vanha\/\" \/>\n<meta property=\"og:locale\" content=\"fi_FI\" \/>\n<meta property=\"og:type\" content=\"article\" \/>\n<meta property=\"og:title\" content=\"Ohjelma vanha 23 - Music x Media\" \/>\n<meta property=\"og:description\" content=\"Ohjelma Tutustu Music x Media 2024 -ohjelmaan T\u00e4m\u00e4n vuoden Music x Media keskittyy kolmeen p\u00e4\u00e4teemaan: yhteisty\u00f6n mahdollisuuksiin\u00a0(Music x Collaboration),\u00a0bisneksen suuntaan\u00a0(Music x Business) sek\u00e4\u00a0kest\u00e4vyyteen ja tulevaisuuteen\u00a0(Music x Future). Kolmip\u00e4iv\u00e4inen Music x Media j\u00e4rjestet\u00e4\u00e4n 35:tt\u00e4 kertaa Tampereella 2.-4. lokakuuta 2024.\" \/>\n<meta property=\"og:url\" content=\"https:\/\/musicmedia.fi\/fi\/ohjelma-vanha\/\" \/>\n<meta property=\"og:site_name\" content=\"Music x Media\" \/>\n<meta property=\"article:modified_time\" content=\"2024-09-12T13:19:26+00:00\" \/>\n<meta property=\"og:image\" content=\"https:\/\/musicmedia.fi\/wp-content\/uploads\/2023\/05\/mxm_oletuskuva_some-1024x538.png\" \/>\n\t<meta property=\"og:image:width\" content=\"1024\" \/>\n\t<meta property=\"og:image:height\" content=\"538\" \/>\n\t<meta property=\"og:image:type\" content=\"image\/png\" \/>\n<meta name=\"twitter:card\" content=\"summary_large_image\" \/>\n<meta name=\"twitter:label1\" content=\"Arvioitu lukuaika\" \/>\n\t<meta name=\"twitter:data1\" content=\"1 minuutti\" \/>\n<script type=\"application\/ld+json\" class=\"yoast-schema-graph\">{\"@context\":\"https:\/\/schema.org\",\"@graph\":[{\"@type\":\"WebPage\",\"@id\":\"https:\/\/musicmedia.fi\/ohjelma-vanha\/\",\"url\":\"https:\/\/musicmedia.fi\/ohjelma-vanha\/\",\"name\":\"Ohjelma vanha 23 - Music x Media\",\"isPartOf\":{\"@id\":\"https:\/\/musicmedia.fi\/#website\"},\"datePublished\":\"2023-05-05T10:38:35+00:00\",\"dateModified\":\"2024-09-12T13:19:26+00:00\",\"breadcrumb\":{\"@id\":\"https:\/\/musicmedia.fi\/ohjelma-vanha\/#breadcrumb\"},\"inLanguage\":\"fi\",\"potentialAction\":[{\"@type\":\"ReadAction\",\"target\":[\"https:\/\/musicmedia.fi\/ohjelma-vanha\/\"]}]},{\"@type\":\"BreadcrumbList\",\"@id\":\"https:\/\/musicmedia.fi\/ohjelma-vanha\/#breadcrumb\",\"itemListElement\":[{\"@type\":\"ListItem\",\"position\":1,\"name\":\"Home\",\"item\":\"https:\/\/musicmedia.fi\/\"},{\"@type\":\"ListItem\",\"position\":2,\"name\":\"Ohjelma vanha 23\"}]},{\"@type\":\"WebSite\",\"@id\":\"https:\/\/musicmedia.fi\/#website\",\"url\":\"https:\/\/musicmedia.fi\/\",\"name\":\"Music x Media\",\"description\":\"Musiikki-, viihde- ja tapahtuma-alojen kohtaamispaikka\",\"publisher\":{\"@id\":\"https:\/\/musicmedia.fi\/#organization\"},\"potentialAction\":[{\"@type\":\"SearchAction\",\"target\":{\"@type\":\"EntryPoint\",\"urlTemplate\":\"https:\/\/musicmedia.fi\/?s={search_term_string}\"},\"query-input\":{\"@type\":\"PropertyValueSpecification\",\"valueRequired\":true,\"valueName\":\"search_term_string\"}}],\"inLanguage\":\"fi\"},{\"@type\":\"Organization\",\"@id\":\"https:\/\/musicmedia.fi\/#organization\",\"name\":\"Music x Media\",\"url\":\"https:\/\/musicmedia.fi\/\",\"logo\":{\"@type\":\"ImageObject\",\"inLanguage\":\"fi\",\"@id\":\"https:\/\/musicmedia.fi\/#\/schema\/logo\/image\/\",\"url\":\"https:\/\/musicmedia.fi\/wp-content\/uploads\/2022\/05\/logo.png\",\"contentUrl\":\"https:\/\/musicmedia.fi\/wp-content\/uploads\/2022\/05\/logo.png\",\"width\":276,\"height\":147,\"caption\":\"Music x Media\"},\"image\":{\"@id\":\"https:\/\/musicmedia.fi\/#\/schema\/logo\/image\/\"}}]}<\/script>\n<!-- \/ Yoast SEO plugin. -->","yoast_head_json":{"title":"Ohjelma vanha 23 - Music x Media","robots":{"index":"index","follow":"follow","max-snippet":"max-snippet:-1","max-image-preview":"max-image-preview:large","max-video-preview":"max-video-preview:-1"},"canonical":"https:\/\/musicmedia.fi\/fi\/ohjelma-vanha\/","og_locale":"fi_FI","og_type":"article","og_title":"Ohjelma vanha 23 - Music x Media","og_description":"Ohjelma Tutustu Music x Media 2024 -ohjelmaan T\u00e4m\u00e4n vuoden Music x Media keskittyy kolmeen p\u00e4\u00e4teemaan: yhteisty\u00f6n mahdollisuuksiin\u00a0(Music x Collaboration),\u00a0bisneksen suuntaan\u00a0(Music x Business) sek\u00e4\u00a0kest\u00e4vyyteen ja tulevaisuuteen\u00a0(Music x Future). Kolmip\u00e4iv\u00e4inen Music x Media j\u00e4rjestet\u00e4\u00e4n 35:tt\u00e4 kertaa Tampereella 2.-4. lokakuuta 2024.","og_url":"https:\/\/musicmedia.fi\/fi\/ohjelma-vanha\/","og_site_name":"Music x Media","article_modified_time":"2024-09-12T13:19:26+00:00","og_image":[{"width":1024,"height":538,"url":"https:\/\/musicmedia.fi\/wp-content\/uploads\/2023\/05\/mxm_oletuskuva_some-1024x538.png","type":"image\/png"}],"twitter_card":"summary_large_image","twitter_misc":{"Arvioitu lukuaika":"1 minuutti"},"schema":{"@context":"https:\/\/schema.org","@graph":[{"@type":"WebPage","@id":"https:\/\/musicmedia.fi\/ohjelma-vanha\/","url":"https:\/\/musicmedia.fi\/ohjelma-vanha\/","name":"Ohjelma vanha 23 - Music x Media","isPartOf":{"@id":"https:\/\/musicmedia.fi\/#website"},"datePublished":"2023-05-05T10:38:35+00:00","dateModified":"2024-09-12T13:19:26+00:00","breadcrumb":{"@id":"https:\/\/musicmedia.fi\/ohjelma-vanha\/#breadcrumb"},"inLanguage":"fi","potentialAction":[{"@type":"ReadAction","target":["https:\/\/musicmedia.fi\/ohjelma-vanha\/"]}]},{"@type":"BreadcrumbList","@id":"https:\/\/musicmedia.fi\/ohjelma-vanha\/#breadcrumb","itemListElement":[{"@type":"ListItem","position":1,"name":"Home","item":"https:\/\/musicmedia.fi\/"},{"@type":"ListItem","position":2,"name":"Ohjelma vanha 23"}]},{"@type":"WebSite","@id":"https:\/\/musicmedia.fi\/#website","url":"https:\/\/musicmedia.fi\/","name":"Music x Media","description":"Musiikki-, viihde- ja tapahtuma-alojen kohtaamispaikka","publisher":{"@id":"https:\/\/musicmedia.fi\/#organization"},"potentialAction":[{"@type":"SearchAction","target":{"@type":"EntryPoint","urlTemplate":"https:\/\/musicmedia.fi\/?s={search_term_string}"},"query-input":{"@type":"PropertyValueSpecification","valueRequired":true,"valueName":"search_term_string"}}],"inLanguage":"fi"},{"@type":"Organization","@id":"https:\/\/musicmedia.fi\/#organization","name":"Music x Media","url":"https:\/\/musicmedia.fi\/","logo":{"@type":"ImageObject","inLanguage":"fi","@id":"https:\/\/musicmedia.fi\/#\/schema\/logo\/image\/","url":"https:\/\/musicmedia.fi\/wp-content\/uploads\/2022\/05\/logo.png","contentUrl":"https:\/\/musicmedia.fi\/wp-content\/uploads\/2022\/05\/logo.png","width":276,"height":147,"caption":"Music x Media"},"image":{"@id":"https:\/\/musicmedia.fi\/#\/schema\/logo\/image\/"}}]}},"_links":{"self":[{"href":"https:\/\/musicmedia.fi\/fi\/wp-json\/wp\/v2\/pages\/3737","targetHints":{"allow":["GET"]}}],"collection":[{"href":"https:\/\/musicmedia.fi\/fi\/wp-json\/wp\/v2\/pages"}],"about":[{"href":"https:\/\/musicmedia.fi\/fi\/wp-json\/wp\/v2\/types\/page"}],"author":[{"embeddable":true,"href":"https:\/\/musicmedia.fi\/fi\/wp-json\/wp\/v2\/users\/15"}],"replies":[{"embeddable":true,"href":"https:\/\/musicmedia.fi\/fi\/wp-json\/wp\/v2\/comments?post=3737"}],"version-history":[{"count":57,"href":"https:\/\/musicmedia.fi\/fi\/wp-json\/wp\/v2\/pages\/3737\/revisions"}],"predecessor-version":[{"id":9367,"href":"https:\/\/musicmedia.fi\/fi\/wp-json\/wp\/v2\/pages\/3737\/revisions\/9367"}],"wp:attachment":[{"href":"https:\/\/musicmedia.fi\/fi\/wp-json\/wp\/v2\/media?parent=3737"}],"curies":[{"name":"wp","href":"https:\/\/api.w.org\/{rel}","templated":true}]}}