{"id":3549,"date":"2023-05-04T14:28:21","date_gmt":"2023-05-04T11:28:21","guid":{"rendered":"https:\/\/musamedia.fi\/?page_id=3549"},"modified":"2026-04-13T17:20:53","modified_gmt":"2026-04-13T14:20:53","slug":"meista","status":"publish","type":"page","link":"https:\/\/musicmedia.fi\/fi\/meista\/","title":{"rendered":"Meist\u00e4"},"content":{"rendered":"\t\t<div data-elementor-type=\"wp-page\" data-elementor-id=\"3549\" class=\"elementor elementor-3549\">\n\t\t\t\t<div class=\"elementor-element elementor-element-fbdd0b0 e-flex e-con-boxed e-con e-parent\" data-id=\"fbdd0b0\" data-element_type=\"container\">\n\t\t\t\t\t<div class=\"e-con-inner\">\n\t\t\t\t<div class=\"elementor-element elementor-element-a36ff5d elementor-widget elementor-widget-spacer\" data-id=\"a36ff5d\" data-element_type=\"widget\" data-widget_type=\"spacer.default\">\n\t\t\t\t<div class=\"elementor-widget-container\">\n\t\t\t\t\t\t\t<div class=\"elementor-spacer\">\n\t\t\t<div class=\"elementor-spacer-inner\"><\/div>\n\t\t<\/div>\n\t\t\t\t\t\t<\/div>\n\t\t\t\t<\/div>\n\t\t\t\t\t<\/div>\n\t\t\t\t<\/div>\n\t\t<div class=\"elementor-element elementor-element-0b5ba94 e-flex e-con-boxed e-con e-parent\" data-id=\"0b5ba94\" data-element_type=\"container\">\n\t\t\t\t\t<div class=\"e-con-inner\">\n\t\t\t\t<div class=\"elementor-element elementor-element-71d0e05 elementor-widget elementor-widget-heading\" data-id=\"71d0e05\" data-element_type=\"widget\" data-widget_type=\"heading.default\">\n\t\t\t\t<div class=\"elementor-widget-container\">\n\t\t\t\t\t<h1 class=\"elementor-heading-title elementor-size-default\">Meist\u00e4 <\/h1>\t\t\t\t<\/div>\n\t\t\t\t<\/div>\n\t\t\t\t<div class=\"elementor-element elementor-element-436985a elementor-widget elementor-widget-text-editor\" data-id=\"436985a\" data-element_type=\"widget\" data-widget_type=\"text-editor.default\">\n\t\t\t\t<div class=\"elementor-widget-container\">\n\t\t\t\t\t\t\t\t\t<p>Music x Media on Suomen johtava musiikki-, viihde- ja tapahtuma-alan konferenssi. Tapahtuma rakentaa siltoja toimialojen v\u00e4lille ja edist\u00e4\u00e4 niiden v\u00e4list\u00e4 yhteisty\u00f6t\u00e4. Music x Media j\u00e4rjestettiin Tampereella ensimm\u00e4isen kerran vuonna 1989.<\/p><p>Music x Median showcase-festivaali Lost in Music tuo yhteen uudet, nousevat artistit, b\u00e4ndit ja musiikin rakastajat.<\/p><p>Music x Media ja Lost in Music -tapahtumassa kohtaat uusia ihmisi\u00e4, inspiroidut ajankohtaisista keskusteluista ja musiikista, vauhditat liiketoimintaasi ja verkostoidut.<\/p><p><span style=\"text-align: var(--text-align); background-color: var( --e-global-color-0f1a95e );\">Kaksip\u00e4iv\u00e4inen Music x Media j\u00e4rjestet\u00e4\u00e4n Tampere-talossa 1.-2. lokakuuta 2026. <\/span>Lokakuussa Tampereelle odotetaan yli 1 500 konferenssiosallistujaa, tuhansia uuden musiikin yst\u00e4vi\u00e4, yli 100 puhujaa sek\u00e4 artisteja.<\/p>\t\t\t\t\t\t\t\t<\/div>\n\t\t\t\t<\/div>\n\t\t\t\t\t<\/div>\n\t\t\t\t<\/div>\n\t\t<div class=\"elementor-element elementor-element-ce2dbf5 e-flex e-con-boxed e-con e-parent\" data-id=\"ce2dbf5\" data-element_type=\"container\">\n\t\t\t\t\t<div class=\"e-con-inner\">\n\t\t<div class=\"elementor-element elementor-element-b8398eb e-con-full e-flex e-con e-child\" data-id=\"b8398eb\" data-element_type=\"container\">\n\t\t\t\t<div class=\"elementor-element elementor-element-a9d409f elementor-widget elementor-widget-counter\" data-id=\"a9d409f\" data-element_type=\"widget\" data-widget_type=\"counter.default\">\n\t\t\t\t<div class=\"elementor-widget-container\">\n\t\t\t\t\t\t\t<div class=\"elementor-counter\">\n\t\t\t<div class=\"elementor-counter-title\">Delegaattia<\/div>\t\t\t<div class=\"elementor-counter-number-wrapper\">\n\t\t\t\t<span class=\"elementor-counter-number-prefix\"><\/span>\n\t\t\t\t<span class=\"elementor-counter-number\" data-duration=\"2000\" data-to-value=\"1000\" data-from-value=\"0\" data-delimiter=\",\">0<\/span>\n\t\t\t\t<span class=\"elementor-counter-number-suffix\"><\/span>\n\t\t\t<\/div>\n\t\t<\/div>\n\t\t\t\t\t\t<\/div>\n\t\t\t\t<\/div>\n\t\t\t\t<\/div>\n\t\t<div class=\"elementor-element elementor-element-d94e1b5 e-con-full e-flex e-con e-child\" data-id=\"d94e1b5\" data-element_type=\"container\">\n\t\t\t\t<div class=\"elementor-element elementor-element-1029c1b elementor-widget elementor-widget-counter\" data-id=\"1029c1b\" data-element_type=\"widget\" data-widget_type=\"counter.default\">\n\t\t\t\t<div class=\"elementor-widget-container\">\n\t\t\t\t\t\t\t<div class=\"elementor-counter\">\n\t\t\t<div class=\"elementor-counter-title\">Puhujaa<\/div>\t\t\t<div class=\"elementor-counter-number-wrapper\">\n\t\t\t\t<span class=\"elementor-counter-number-prefix\"><\/span>\n\t\t\t\t<span class=\"elementor-counter-number\" data-duration=\"2000\" data-to-value=\"200\" data-from-value=\"0\" data-delimiter=\",\">0<\/span>\n\t\t\t\t<span class=\"elementor-counter-number-suffix\"><\/span>\n\t\t\t<\/div>\n\t\t<\/div>\n\t\t\t\t\t\t<\/div>\n\t\t\t\t<\/div>\n\t\t\t\t<\/div>\n\t\t<div class=\"elementor-element elementor-element-c2861f4 e-con-full e-flex e-con e-child\" data-id=\"c2861f4\" data-element_type=\"container\">\n\t\t\t\t<div class=\"elementor-element elementor-element-2d9e5cd elementor-widget elementor-widget-counter\" data-id=\"2d9e5cd\" data-element_type=\"widget\" data-widget_type=\"counter.default\">\n\t\t\t\t<div class=\"elementor-widget-container\">\n\t\t\t\t\t\t\t<div class=\"elementor-counter\">\n\t\t\t<div class=\"elementor-counter-title\">Livemusaa<\/div>\t\t\t<div class=\"elementor-counter-number-wrapper\">\n\t\t\t\t<span class=\"elementor-counter-number-prefix\"><\/span>\n\t\t\t\t<span class=\"elementor-counter-number\" data-duration=\"2000\" data-to-value=\"90\" data-from-value=\"0\" data-delimiter=\",\">0<\/span>\n\t\t\t\t<span class=\"elementor-counter-number-suffix\">h<\/span>\n\t\t\t<\/div>\n\t\t<\/div>\n\t\t\t\t\t\t<\/div>\n\t\t\t\t<\/div>\n\t\t\t\t<\/div>\n\t\t<div class=\"elementor-element elementor-element-6e2952e e-con-full e-flex e-con e-child\" data-id=\"6e2952e\" data-element_type=\"container\">\n\t\t\t\t<div class=\"elementor-element elementor-element-29ee317 elementor-widget elementor-widget-counter\" data-id=\"29ee317\" data-element_type=\"widget\" data-widget_type=\"counter.default\">\n\t\t\t\t<div class=\"elementor-widget-container\">\n\t\t\t\t\t\t\t<div class=\"elementor-counter\">\n\t\t\t<div class=\"elementor-counter-title\">Vuotta<\/div>\t\t\t<div class=\"elementor-counter-number-wrapper\">\n\t\t\t\t<span class=\"elementor-counter-number-prefix\"><\/span>\n\t\t\t\t<span class=\"elementor-counter-number\" data-duration=\"2000\" data-to-value=\"35\" data-from-value=\"0\" data-delimiter=\",\">0<\/span>\n\t\t\t\t<span class=\"elementor-counter-number-suffix\"><\/span>\n\t\t\t<\/div>\n\t\t<\/div>\n\t\t\t\t\t\t<\/div>\n\t\t\t\t<\/div>\n\t\t\t\t<\/div>\n\t\t\t\t\t<\/div>\n\t\t\t\t<\/div>\n\t\t\t\t<section class=\"elementor-section elementor-top-section elementor-element elementor-element-2219757 elementor-section-boxed elementor-section-height-default elementor-section-height-default\" data-id=\"2219757\" data-element_type=\"section\">\n\t\t\t\t\t\t<div class=\"elementor-container elementor-column-gap-default\">\n\t\t\t\t\t<div class=\"elementor-column elementor-col-50 elementor-top-column elementor-element elementor-element-4b0ff74\" data-id=\"4b0ff74\" data-element_type=\"column\">\n\t\t\t<div class=\"elementor-widget-wrap elementor-element-populated\">\n\t\t\t\t\t\t<div class=\"elementor-element elementor-element-0d3bb51 elementor-widget elementor-widget-spacer\" data-id=\"0d3bb51\" data-element_type=\"widget\" data-widget_type=\"spacer.default\">\n\t\t\t\t<div class=\"elementor-widget-container\">\n\t\t\t\t\t\t\t<div class=\"elementor-spacer\">\n\t\t\t<div class=\"elementor-spacer-inner\"><\/div>\n\t\t<\/div>\n\t\t\t\t\t\t<\/div>\n\t\t\t\t<\/div>\n\t\t\t\t<div class=\"elementor-element elementor-element-5ad59e6 elementor-widget elementor-widget-text-editor\" data-id=\"5ad59e6\" data-element_type=\"widget\" data-widget_type=\"text-editor.default\">\n\t\t\t\t<div class=\"elementor-widget-container\">\n\t\t\t\t\t\t\t\t\t<h1>Arvot<\/h1><p><strong>Arvolupaus<br \/><\/strong>Olemme maailman mittakaavassa ainutlaatuinen foorumi, joka tarjoaa musiikkia hy\u00f6dynt\u00e4ville aloille kasvua.<\/p><p><strong>Suunnan n\u00e4ytt\u00e4minen<br \/><\/strong>Avaamme musiikkia hy\u00f6dynt\u00e4ville aloille vastuullisia tulevaisuuden mahdollisuuksia.<\/p><p><strong>Osallisuus<br \/><\/strong>Vaalimme monimuotoisuutta. Tarjoamme yhteisen, turvallisen tilan kokoontua, tutustua ja tehd\u00e4 yhteisty\u00f6t\u00e4.<\/p><p><strong>Rohkea muutos<\/strong><br \/>Positiivinen muutos motivoi meit\u00e4. Emme pelk\u00e4\u00e4 poiketa tavanomaisesta. Puolustamme erilaisia \u00e4\u00e4ni\u00e4.<\/p><p><strong>Luovuus<br \/><\/strong>Luova ajattelu on meille elinehto. Luomme ja l\u00f6yd\u00e4mme mahdollisuuksia kaikille musiikkia hy\u00f6dynt\u00e4ville aloille ja ihmisille.<\/p>\t\t\t\t\t\t\t\t<\/div>\n\t\t\t\t<\/div>\n\t\t\t\t\t<\/div>\n\t\t<\/div>\n\t\t\t\t<div class=\"elementor-column elementor-col-50 elementor-top-column elementor-element elementor-element-10c56a0\" data-id=\"10c56a0\" data-element_type=\"column\">\n\t\t\t<div class=\"elementor-widget-wrap elementor-element-populated\">\n\t\t\t\t\t\t<div class=\"elementor-element elementor-element-915cb3e elementor-widget elementor-widget-spacer\" data-id=\"915cb3e\" data-element_type=\"widget\" data-widget_type=\"spacer.default\">\n\t\t\t\t<div class=\"elementor-widget-container\">\n\t\t\t\t\t\t\t<div class=\"elementor-spacer\">\n\t\t\t<div class=\"elementor-spacer-inner\"><\/div>\n\t\t<\/div>\n\t\t\t\t\t\t<\/div>\n\t\t\t\t<\/div>\n\t\t\t\t<div class=\"elementor-element elementor-element-ec48054 elementor-widget elementor-widget-image\" data-id=\"ec48054\" data-element_type=\"widget\" data-widget_type=\"image.default\">\n\t\t\t\t<div class=\"elementor-widget-container\">\n\t\t\t\t\t\t\t\t\t\t\t\t\t\t\t<img fetchpriority=\"high\" decoding=\"async\" width=\"800\" height=\"800\" src=\"https:\/\/musicmedia.fi\/wp-content\/uploads\/2023\/04\/Kuvitus-scaled-800x800_c.jpg\" class=\"attachment-large size-large wp-image-3371\" alt=\"\" srcset=\"https:\/\/musicmedia.fi\/wp-content\/uploads\/2023\/04\/Kuvitus-scaled-800x800_c.jpg 800w, https:\/\/musicmedia.fi\/wp-content\/uploads\/2023\/04\/Kuvitus-scaled-800x800_c-300x300.jpg 300w, https:\/\/musicmedia.fi\/wp-content\/uploads\/2023\/04\/Kuvitus-scaled-800x800_c-150x150.jpg 150w, https:\/\/musicmedia.fi\/wp-content\/uploads\/2023\/04\/Kuvitus-scaled-800x800_c-768x768.jpg 768w, https:\/\/musicmedia.fi\/wp-content\/uploads\/2023\/04\/Kuvitus-scaled-800x800_c-12x12.jpg 12w\" sizes=\"(max-width: 800px) 100vw, 800px\" \/>\t\t\t\t\t\t\t\t\t\t\t\t\t\t\t<\/div>\n\t\t\t\t<\/div>\n\t\t\t\t<div class=\"elementor-element elementor-element-fd78d53 elementor-widget elementor-widget-spacer\" data-id=\"fd78d53\" data-element_type=\"widget\" data-widget_type=\"spacer.default\">\n\t\t\t\t<div class=\"elementor-widget-container\">\n\t\t\t\t\t\t\t<div class=\"elementor-spacer\">\n\t\t\t<div class=\"elementor-spacer-inner\"><\/div>\n\t\t<\/div>\n\t\t\t\t\t\t<\/div>\n\t\t\t\t<\/div>\n\t\t\t\t\t<\/div>\n\t\t<\/div>\n\t\t\t\t\t<\/div>\n\t\t<\/section>\n\t\t\t\t<section class=\"elementor-section elementor-top-section elementor-element elementor-element-350d396 elementor-section-boxed elementor-section-height-default elementor-section-height-default\" data-id=\"350d396\" data-element_type=\"section\">\n\t\t\t\t\t\t<div class=\"elementor-container elementor-column-gap-default\">\n\t\t\t\t\t<div class=\"elementor-column elementor-col-50 elementor-top-column elementor-element elementor-element-7ecf63c\" data-id=\"7ecf63c\" data-element_type=\"column\" data-settings=\"{&quot;background_background&quot;:&quot;classic&quot;}\">\n\t\t\t<div class=\"elementor-widget-wrap elementor-element-populated\">\n\t\t\t\t\t\t<div class=\"elementor-element elementor-element-67ecdad elementor-widget elementor-widget-image\" data-id=\"67ecdad\" data-element_type=\"widget\" data-widget_type=\"image.default\">\n\t\t\t\t<div class=\"elementor-widget-container\">\n\t\t\t\t\t\t\t\t\t\t\t\t\t\t\t<img decoding=\"async\" width=\"800\" height=\"534\" src=\"https:\/\/musicmedia.fi\/wp-content\/uploads\/2023\/05\/MxM_2809_ke_MiikkaVarila_OmaSP_sisallontuottajat-8-e1683717944948-1024x683.jpg\" class=\"attachment-large size-large wp-image-4212\" alt=\"\" srcset=\"https:\/\/musicmedia.fi\/wp-content\/uploads\/2023\/05\/MxM_2809_ke_MiikkaVarila_OmaSP_sisallontuottajat-8-e1683717944948-1024x683.jpg 1024w, https:\/\/musicmedia.fi\/wp-content\/uploads\/2023\/05\/MxM_2809_ke_MiikkaVarila_OmaSP_sisallontuottajat-8-e1683717944948-300x200.jpg 300w, https:\/\/musicmedia.fi\/wp-content\/uploads\/2023\/05\/MxM_2809_ke_MiikkaVarila_OmaSP_sisallontuottajat-8-e1683717944948-768x512.jpg 768w, https:\/\/musicmedia.fi\/wp-content\/uploads\/2023\/05\/MxM_2809_ke_MiikkaVarila_OmaSP_sisallontuottajat-8-e1683717944948-18x12.jpg 18w, https:\/\/musicmedia.fi\/wp-content\/uploads\/2023\/05\/MxM_2809_ke_MiikkaVarila_OmaSP_sisallontuottajat-8-e1683717944948.jpg 1200w\" sizes=\"(max-width: 800px) 100vw, 800px\" \/>\t\t\t\t\t\t\t\t\t\t\t\t\t\t\t<\/div>\n\t\t\t\t<\/div>\n\t\t\t\t\t<\/div>\n\t\t<\/div>\n\t\t\t\t<div class=\"elementor-column elementor-col-50 elementor-top-column elementor-element elementor-element-efc6ea4\" data-id=\"efc6ea4\" data-element_type=\"column\" data-settings=\"{&quot;background_background&quot;:&quot;classic&quot;}\">\n\t\t\t<div class=\"elementor-widget-wrap elementor-element-populated\">\n\t\t\t\t\t\t<div class=\"elementor-element elementor-element-7645595 elementor-widget elementor-widget-text-editor\" data-id=\"7645595\" data-element_type=\"widget\" data-widget_type=\"text-editor.default\">\n\t\t\t\t<div class=\"elementor-widget-container\">\n\t\t\t\t\t\t\t\t\t<h1>Hallitus<\/h1><p><strong>Hallituksen puheenjohtaja<\/strong><br \/>Tiina Vihtkari,\u00a0CEO,<em> Sublime<\/em><\/p><p>Mirva Merimaa, CEO,<em> Tiketti<\/em><br \/>Mikko Koivusipil\u00e4<br \/>Paulina Ahokas, CEO, <em>Tampere-Talo<\/em><em><br \/><\/em>Saara Everi, Marketing Manager<em>, PME<\/em><\/p><p>Poissaolevana<br \/>Rauha Kyyr\u00f6,\u00a0Puheenjohtaja<em>, Fullsteam Agency<\/em><\/p>\t\t\t\t\t\t\t\t<\/div>\n\t\t\t\t<\/div>\n\t\t\t\t<div class=\"elementor-element elementor-element-8ff82d5 elementor-widget elementor-widget-spacer\" data-id=\"8ff82d5\" data-element_type=\"widget\" data-widget_type=\"spacer.default\">\n\t\t\t\t<div class=\"elementor-widget-container\">\n\t\t\t\t\t\t\t<div class=\"elementor-spacer\">\n\t\t\t<div class=\"elementor-spacer-inner\"><\/div>\n\t\t<\/div>\n\t\t\t\t\t\t<\/div>\n\t\t\t\t<\/div>\n\t\t\t\t\t<\/div>\n\t\t<\/div>\n\t\t\t\t\t<\/div>\n\t\t<\/section>\n\t\t\t\t<\/div>\n\t\t","protected":false},"excerpt":{"rendered":"<p>Meist\u00e4 Music x Media on Suomen johtava musiikki-, viihde- ja tapahtuma-alan konferenssi. Tapahtuma rakentaa siltoja toimialojen v\u00e4lille ja edist\u00e4\u00e4 niiden v\u00e4list\u00e4 yhteisty\u00f6t\u00e4. Music x Media j\u00e4rjestettiin Tampereella ensimm\u00e4isen kerran vuonna 1989. Music x Median showcase-festivaali Lost in Music tuo yhteen uudet, nousevat artistit, b\u00e4ndit ja musiikin rakastajat. Music x Media ja Lost in Music -tapahtumassa [&hellip;]<\/p>\n","protected":false},"author":16,"featured_media":0,"parent":0,"menu_order":0,"comment_status":"closed","ping_status":"closed","template":"","meta":{"_acf_changed":false,"inline_featured_image":false,"footnotes":""},"class_list":["post-3549","page","type-page","status-publish","hentry"],"acf":[],"yoast_head":"<!-- This site is optimized with the Yoast SEO plugin v25.7 - https:\/\/yoast.com\/wordpress\/plugins\/seo\/ -->\n<title>Meist\u00e4 - Music x Media<\/title>\n<meta name=\"description\" content=\"Music x Mediassa kohtaat uusia ihmisi\u00e4, inspiroidut ajankohtaisista keskusteluista, vauhditat liiketoimintaasi ja verkostoidut.\" \/>\n<meta name=\"robots\" content=\"index, follow, max-snippet:-1, max-image-preview:large, max-video-preview:-1\" \/>\n<link rel=\"canonical\" href=\"https:\/\/musicmedia.fi\/fi\/meista\/\" \/>\n<meta property=\"og:locale\" content=\"fi_FI\" \/>\n<meta property=\"og:type\" content=\"article\" \/>\n<meta property=\"og:title\" content=\"Meist\u00e4 - Music x Media\" \/>\n<meta property=\"og:description\" content=\"Music x Mediassa kohtaat uusia ihmisi\u00e4, inspiroidut ajankohtaisista keskusteluista, vauhditat liiketoimintaasi ja verkostoidut.\" \/>\n<meta property=\"og:url\" content=\"https:\/\/musicmedia.fi\/fi\/meista\/\" \/>\n<meta property=\"og:site_name\" content=\"Music x Media\" \/>\n<meta property=\"article:modified_time\" content=\"2026-04-13T14:20:53+00:00\" \/>\n<meta property=\"og:image\" content=\"https:\/\/musicmedia.fi\/wp-content\/uploads\/2023\/04\/Kuvitus-scaled-800x800_c.jpg\" \/>\n\t<meta property=\"og:image:width\" content=\"800\" \/>\n\t<meta property=\"og:image:height\" content=\"800\" \/>\n\t<meta property=\"og:image:type\" content=\"image\/jpeg\" \/>\n<meta name=\"twitter:card\" content=\"summary_large_image\" \/>\n<meta name=\"twitter:label1\" content=\"Arvioitu lukuaika\" \/>\n\t<meta name=\"twitter:data1\" content=\"2 minuuttia\" \/>\n<script type=\"application\/ld+json\" class=\"yoast-schema-graph\">{\"@context\":\"https:\/\/schema.org\",\"@graph\":[{\"@type\":\"WebPage\",\"@id\":\"https:\/\/musicmedia.fi\/meista\/\",\"url\":\"https:\/\/musicmedia.fi\/meista\/\",\"name\":\"Meist\u00e4 - Music x Media\",\"isPartOf\":{\"@id\":\"https:\/\/musicmedia.fi\/#website\"},\"primaryImageOfPage\":{\"@id\":\"https:\/\/musicmedia.fi\/meista\/#primaryimage\"},\"image\":{\"@id\":\"https:\/\/musicmedia.fi\/meista\/#primaryimage\"},\"thumbnailUrl\":\"https:\/\/musicmedia.fi\/wp-content\/uploads\/2023\/04\/Kuvitus-scaled-800x800_c.jpg\",\"datePublished\":\"2023-05-04T11:28:21+00:00\",\"dateModified\":\"2026-04-13T14:20:53+00:00\",\"description\":\"Music x Mediassa kohtaat uusia ihmisi\u00e4, inspiroidut ajankohtaisista keskusteluista, vauhditat liiketoimintaasi ja verkostoidut.\",\"breadcrumb\":{\"@id\":\"https:\/\/musicmedia.fi\/meista\/#breadcrumb\"},\"inLanguage\":\"fi\",\"potentialAction\":[{\"@type\":\"ReadAction\",\"target\":[\"https:\/\/musicmedia.fi\/meista\/\"]}]},{\"@type\":\"ImageObject\",\"inLanguage\":\"fi\",\"@id\":\"https:\/\/musicmedia.fi\/meista\/#primaryimage\",\"url\":\"https:\/\/musicmedia.fi\/wp-content\/uploads\/2023\/04\/Kuvitus-scaled-800x800_c.jpg\",\"contentUrl\":\"https:\/\/musicmedia.fi\/wp-content\/uploads\/2023\/04\/Kuvitus-scaled-800x800_c.jpg\"},{\"@type\":\"BreadcrumbList\",\"@id\":\"https:\/\/musicmedia.fi\/meista\/#breadcrumb\",\"itemListElement\":[{\"@type\":\"ListItem\",\"position\":1,\"name\":\"Home\",\"item\":\"https:\/\/musicmedia.fi\/\"},{\"@type\":\"ListItem\",\"position\":2,\"name\":\"Meist\u00e4\"}]},{\"@type\":\"WebSite\",\"@id\":\"https:\/\/musicmedia.fi\/#website\",\"url\":\"https:\/\/musicmedia.fi\/\",\"name\":\"Music x Media\",\"description\":\"Musiikki-, viihde- ja tapahtuma-alojen kohtaamispaikka\",\"publisher\":{\"@id\":\"https:\/\/musicmedia.fi\/#organization\"},\"potentialAction\":[{\"@type\":\"SearchAction\",\"target\":{\"@type\":\"EntryPoint\",\"urlTemplate\":\"https:\/\/musicmedia.fi\/?s={search_term_string}\"},\"query-input\":{\"@type\":\"PropertyValueSpecification\",\"valueRequired\":true,\"valueName\":\"search_term_string\"}}],\"inLanguage\":\"fi\"},{\"@type\":\"Organization\",\"@id\":\"https:\/\/musicmedia.fi\/#organization\",\"name\":\"Music x Media\",\"url\":\"https:\/\/musicmedia.fi\/\",\"logo\":{\"@type\":\"ImageObject\",\"inLanguage\":\"fi\",\"@id\":\"https:\/\/musicmedia.fi\/#\/schema\/logo\/image\/\",\"url\":\"https:\/\/musicmedia.fi\/wp-content\/uploads\/2022\/05\/logo.png\",\"contentUrl\":\"https:\/\/musicmedia.fi\/wp-content\/uploads\/2022\/05\/logo.png\",\"width\":276,\"height\":147,\"caption\":\"Music x Media\"},\"image\":{\"@id\":\"https:\/\/musicmedia.fi\/#\/schema\/logo\/image\/\"}}]}<\/script>\n<!-- \/ Yoast SEO plugin. -->","yoast_head_json":{"title":"Meist\u00e4 - Music x Media","description":"Music x Mediassa kohtaat uusia ihmisi\u00e4, inspiroidut ajankohtaisista keskusteluista, vauhditat liiketoimintaasi ja verkostoidut.","robots":{"index":"index","follow":"follow","max-snippet":"max-snippet:-1","max-image-preview":"max-image-preview:large","max-video-preview":"max-video-preview:-1"},"canonical":"https:\/\/musicmedia.fi\/fi\/meista\/","og_locale":"fi_FI","og_type":"article","og_title":"Meist\u00e4 - Music x Media","og_description":"Music x Mediassa kohtaat uusia ihmisi\u00e4, inspiroidut ajankohtaisista keskusteluista, vauhditat liiketoimintaasi ja verkostoidut.","og_url":"https:\/\/musicmedia.fi\/fi\/meista\/","og_site_name":"Music x Media","article_modified_time":"2026-04-13T14:20:53+00:00","og_image":[{"width":800,"height":800,"url":"https:\/\/musicmedia.fi\/wp-content\/uploads\/2023\/04\/Kuvitus-scaled-800x800_c.jpg","type":"image\/jpeg"}],"twitter_card":"summary_large_image","twitter_misc":{"Arvioitu lukuaika":"2 minuuttia"},"schema":{"@context":"https:\/\/schema.org","@graph":[{"@type":"WebPage","@id":"https:\/\/musicmedia.fi\/meista\/","url":"https:\/\/musicmedia.fi\/meista\/","name":"Meist\u00e4 - Music x Media","isPartOf":{"@id":"https:\/\/musicmedia.fi\/#website"},"primaryImageOfPage":{"@id":"https:\/\/musicmedia.fi\/meista\/#primaryimage"},"image":{"@id":"https:\/\/musicmedia.fi\/meista\/#primaryimage"},"thumbnailUrl":"https:\/\/musicmedia.fi\/wp-content\/uploads\/2023\/04\/Kuvitus-scaled-800x800_c.jpg","datePublished":"2023-05-04T11:28:21+00:00","dateModified":"2026-04-13T14:20:53+00:00","description":"Music x Mediassa kohtaat uusia ihmisi\u00e4, inspiroidut ajankohtaisista keskusteluista, vauhditat liiketoimintaasi ja verkostoidut.","breadcrumb":{"@id":"https:\/\/musicmedia.fi\/meista\/#breadcrumb"},"inLanguage":"fi","potentialAction":[{"@type":"ReadAction","target":["https:\/\/musicmedia.fi\/meista\/"]}]},{"@type":"ImageObject","inLanguage":"fi","@id":"https:\/\/musicmedia.fi\/meista\/#primaryimage","url":"https:\/\/musicmedia.fi\/wp-content\/uploads\/2023\/04\/Kuvitus-scaled-800x800_c.jpg","contentUrl":"https:\/\/musicmedia.fi\/wp-content\/uploads\/2023\/04\/Kuvitus-scaled-800x800_c.jpg"},{"@type":"BreadcrumbList","@id":"https:\/\/musicmedia.fi\/meista\/#breadcrumb","itemListElement":[{"@type":"ListItem","position":1,"name":"Home","item":"https:\/\/musicmedia.fi\/"},{"@type":"ListItem","position":2,"name":"Meist\u00e4"}]},{"@type":"WebSite","@id":"https:\/\/musicmedia.fi\/#website","url":"https:\/\/musicmedia.fi\/","name":"Music x Media","description":"Musiikki-, viihde- ja tapahtuma-alojen kohtaamispaikka","publisher":{"@id":"https:\/\/musicmedia.fi\/#organization"},"potentialAction":[{"@type":"SearchAction","target":{"@type":"EntryPoint","urlTemplate":"https:\/\/musicmedia.fi\/?s={search_term_string}"},"query-input":{"@type":"PropertyValueSpecification","valueRequired":true,"valueName":"search_term_string"}}],"inLanguage":"fi"},{"@type":"Organization","@id":"https:\/\/musicmedia.fi\/#organization","name":"Music x Media","url":"https:\/\/musicmedia.fi\/","logo":{"@type":"ImageObject","inLanguage":"fi","@id":"https:\/\/musicmedia.fi\/#\/schema\/logo\/image\/","url":"https:\/\/musicmedia.fi\/wp-content\/uploads\/2022\/05\/logo.png","contentUrl":"https:\/\/musicmedia.fi\/wp-content\/uploads\/2022\/05\/logo.png","width":276,"height":147,"caption":"Music x Media"},"image":{"@id":"https:\/\/musicmedia.fi\/#\/schema\/logo\/image\/"}}]}},"_links":{"self":[{"href":"https:\/\/musicmedia.fi\/fi\/wp-json\/wp\/v2\/pages\/3549","targetHints":{"allow":["GET"]}}],"collection":[{"href":"https:\/\/musicmedia.fi\/fi\/wp-json\/wp\/v2\/pages"}],"about":[{"href":"https:\/\/musicmedia.fi\/fi\/wp-json\/wp\/v2\/types\/page"}],"author":[{"embeddable":true,"href":"https:\/\/musicmedia.fi\/fi\/wp-json\/wp\/v2\/users\/16"}],"replies":[{"embeddable":true,"href":"https:\/\/musicmedia.fi\/fi\/wp-json\/wp\/v2\/comments?post=3549"}],"version-history":[{"count":106,"href":"https:\/\/musicmedia.fi\/fi\/wp-json\/wp\/v2\/pages\/3549\/revisions"}],"predecessor-version":[{"id":13019,"href":"https:\/\/musicmedia.fi\/fi\/wp-json\/wp\/v2\/pages\/3549\/revisions\/13019"}],"wp:attachment":[{"href":"https:\/\/musicmedia.fi\/fi\/wp-json\/wp\/v2\/media?parent=3549"}],"curies":[{"name":"wp","href":"https:\/\/api.w.org\/{rel}","templated":true}]}}