{"id":3390,"date":"2023-04-27T15:01:51","date_gmt":"2023-04-27T12:01:51","guid":{"rendered":"https:\/\/musamedia.fi\/?page_id=3390"},"modified":"2026-03-05T15:47:15","modified_gmt":"2026-03-05T13:47:15","slug":"hairintayhteyshenkilo","status":"publish","type":"page","link":"https:\/\/musicmedia.fi\/fi\/hairintayhteyshenkilo\/","title":{"rendered":"Yhdenvertaisuus"},"content":{"rendered":"\t\t<div data-elementor-type=\"wp-page\" data-elementor-id=\"3390\" class=\"elementor elementor-3390\">\n\t\t\t\t<div class=\"elementor-element elementor-element-058ed7a e-flex e-con-boxed e-con e-parent\" data-id=\"058ed7a\" data-element_type=\"container\">\n\t\t\t\t\t<div class=\"e-con-inner\">\n\t\t\t\t<div class=\"elementor-element elementor-element-fc6e678 elementor-widget elementor-widget-heading\" data-id=\"fc6e678\" data-element_type=\"widget\" data-widget_type=\"heading.default\">\n\t\t\t\t<div class=\"elementor-widget-container\">\n\t\t\t\t\t<h1 class=\"elementor-heading-title elementor-size-default\">Turvallisempi tila Music x Mediassa<\/h1>\t\t\t\t<\/div>\n\t\t\t\t<\/div>\n\t\t\t\t\t<\/div>\n\t\t\t\t<\/div>\n\t\t\t\t<section class=\"elementor-section elementor-top-section elementor-element elementor-element-d2e66e0 elementor-section-boxed elementor-section-height-default elementor-section-height-default\" data-id=\"d2e66e0\" data-element_type=\"section\" data-settings=\"{&quot;background_background&quot;:&quot;classic&quot;}\">\n\t\t\t\t\t\t<div class=\"elementor-container elementor-column-gap-default\">\n\t\t\t\t\t<div class=\"elementor-column elementor-col-100 elementor-top-column elementor-element elementor-element-b54b978\" data-id=\"b54b978\" data-element_type=\"column\" data-settings=\"{&quot;background_background&quot;:&quot;classic&quot;}\">\n\t\t\t<div class=\"elementor-widget-wrap elementor-element-populated\">\n\t\t\t\t\t\t<div class=\"elementor-element elementor-element-a26b892 elementor-widget__width-initial elementor-widget elementor-widget-text-editor\" data-id=\"a26b892\" data-element_type=\"widget\" data-widget_type=\"text-editor.default\">\n\t\t\t\t<div class=\"elementor-widget-container\">\n\t\t\t\t\t\t\t\t\t<p><span style=\"font-weight: 400;\">Music x Media ja Lost In Music haluavat tarjota yleis\u00f6lleen, k\u00e4vij\u00f6illeen, tapahtuman tekemiseen osallistuville ty\u00f6ntekij\u00f6ille, vapaaehtoisille ja opiskelijoille, sek\u00e4 yhteisty\u00f6kumppaneille, esiintyjille ja puhujavierailleen mahdollisimman turvallisen ja yhteis\u00f6llisen ilmapiirin.<\/span><\/p><p><span style=\"font-weight: 400;\">Mik\u00e4li tapahtuman aikana kokee turvattomuuden tunnetta, on joutunut kokemaan tai todistamaan ep\u00e4asiallista k\u00e4yt\u00f6st\u00e4, pyydet\u00e4\u00e4n siit\u00e4 ilmoittamaan l\u00e4himm\u00e4lle j\u00e4rjestyksenvalvojalle tai tapahtuman yhdenvertaisuus- ja h\u00e4irint\u00e4yhteishenkil\u00f6lle.<\/span><\/p><p><span style=\"font-weight: 400;\">Mahdollisiin h\u00e4irint\u00e4tilanteisiin ja ep\u00e4asialliseen k\u00e4yt\u00f6kseen puututaan asianmukaisella tavalla. Haastavissakin tilanteissa on mahdollisuus saada monenlaista tukea ja apua, eik\u00e4 ket\u00e4\u00e4n j\u00e4tet\u00e4 yksin &#8211; mahdollinen tapahtunut tilanne huomioiden ohjaamme my\u00f6s jatkoavun piiriin. Kriisitilanteissa tarjotaan psykososiaalista ensiapua.<\/span><span style=\"font-weight: 400;\"><br \/><\/span><span style=\"font-weight: 400;\"><br \/><\/span><span style=\"font-weight: 400;\">Tapahtumassa tunnistetaan auringonkukka-avainnauha, joka viestii n\u00e4kym\u00e4tt\u00f6m\u00e4st\u00e4 vammasta, sairaudesta tai ominaisuudesta.<\/span><\/p><p><span style=\"font-weight: 400;\">Jokainen on vastuussa omasta k\u00e4yt\u00f6ksest\u00e4\u00e4n ja odotamme kaikkien tapahtumaan jollakin tavalla osallisena olevien sitoutuvan noudattamaan Music x Media 2026 -tapahtuman omia turvallisemman tilan periaatteita ja kunnioittamaan tapahtuman arvoja.<\/span><\/p><p><strong>TURVALLISEMMAN TILAN PERIAATTEET<\/strong><\/p><ul><li style=\"font-weight: 400;\" aria-level=\"1\"><span style=\"font-weight: 400;\">Kunnioitathan toisen m\u00e4\u00e4ritt\u00e4m\u00e4\u00e4 henkil\u00f6kohtaista tilaa ja itsem\u00e4\u00e4r\u00e4\u00e4misoikeutta<\/span><\/li><li style=\"font-weight: 400;\" aria-level=\"1\"><span style=\"font-weight: 400;\">Toisen ihmisen rajoja ei voi tiet\u00e4\u00e4 kysym\u00e4tt\u00e4 niit\u00e4: \u00e4l\u00e4 koske toista kysym\u00e4tt\u00e4 lupaa ja pyyd\u00e4 tilaa tarvittaessa my\u00f6s itsellesi.<\/span><\/li><li style=\"font-weight: 400;\" aria-level=\"1\"><span style=\"font-weight: 400;\">Puhuthan toisille ja toisista kunnioittavasti.<\/span><\/li><li style=\"font-weight: 400;\" aria-level=\"1\"><span style=\"font-weight: 400;\">Pit\u00e4ydy ulkon\u00e4k\u00f6\u00f6n ja toimintaan pohjautuvista oletuksista, kuten esimerkiksi seksuaalisuudesta, sukupuolesta, etnisyydest\u00e4, arvoista tai terveydest\u00e4.<\/span><\/li><li style=\"font-weight: 400;\" aria-level=\"1\"><span style=\"font-weight: 400;\">Anna tilaa. Huomioi muiden mahdollisuudet olla osana keskustelua omine mielipiteineen.<\/span><\/li><li style=\"font-weight: 400;\" aria-level=\"1\"><span style=\"font-weight: 400;\">Arvosta my\u00f6s muiden rajoja yksityisyyden osalta ja k\u00e4sittele arkoja aiheita hell\u00e4varaisesti.<\/span><\/li><li style=\"font-weight: 400;\" aria-level=\"1\"><span style=\"font-weight: 400;\">Kuuntele ja opi. Kaikki meist\u00e4 voivat l\u00f6yt\u00e4\u00e4 uusia kiinnostuksen kohteita ja n\u00e4k\u00f6kulmia toisilta ihmisilt\u00e4. Olethan avoinna l\u00f6yt\u00e4m\u00e4\u00e4n uutta.<\/span><\/li><li style=\"font-weight: 400;\" aria-level=\"1\"><span style=\"font-weight: 400;\">Pyyd\u00e4 anteeksi, jos olet loukannut tahallisesti tai tahattomasti muita.<\/span><\/li><li style=\"font-weight: 400;\" aria-level=\"1\"><span style=\"font-weight: 400;\">Puutu. Toivomme, ett\u00e4 otat yhteytt\u00e4 yhdenvertaisuus- ja h\u00e4irint\u00e4yhteyshenkil\u00f6\u00f6n, j\u00e4rjestyksenvalvojiin tai muuhun henkil\u00f6kuntaan huomatessasi arvojen ja periaatteiden vastaista toimintaa. Puutu. Toivomme, ett\u00e4 otat yhteytt\u00e4 yhdenvertaisuus- ja h\u00e4irint\u00e4yhteyshenkil\u00f6\u00f6n, j\u00e4rjestyksenvalvojiin tai muuhun henkil\u00f6kuntaan huomatessasi arvojen ja periaatteiden vastaista toimintaa.<\/span><\/li><\/ul><p><span style=\"font-weight: 400;\">Lost In Music venueilla on kussakin omat arvopohjaiset turvallisemman tilan periaatteet, joihin on my\u00f6s hyv\u00e4 tutustua.<\/span><\/p><p><strong>YHDENVERTAISUUS- JA H\u00c4IRINT\u00c4YHTEYSHENKIL\u00d6<\/strong><\/p><p><span style=\"font-weight: 400;\">Music x Median ja Lost In Musicin yhdenvertaisuus- ja h\u00e4irint\u00e4yhteyshenkil\u00f6st\u00e4 tulee lis\u00e4\u00e4 infoa my\u00f6hemmin.<\/span><\/p>\t\t\t\t\t\t\t\t<\/div>\n\t\t\t\t<\/div>\n\t\t\t\t\t<\/div>\n\t\t<\/div>\n\t\t\t\t\t<\/div>\n\t\t<\/section>\n\t\t<div class=\"elementor-element elementor-element-ffa5f60 e-flex e-con-boxed e-con e-parent\" data-id=\"ffa5f60\" data-element_type=\"container\">\n\t\t\t\t\t<div class=\"e-con-inner\">\n\t\t\t\t<div class=\"elementor-element elementor-element-9abea63 elementor-widget elementor-widget-heading\" data-id=\"9abea63\" data-element_type=\"widget\" data-widget_type=\"heading.default\">\n\t\t\t\t<div class=\"elementor-widget-container\">\n\t\t\t\t\t<h2 class=\"elementor-heading-title elementor-size-default\">\n\n<\/h2>\t\t\t\t<\/div>\n\t\t\t\t<\/div>\n\t\t\t\t\t<\/div>\n\t\t\t\t<\/div>\n\t\t<div class=\"elementor-element elementor-element-abf946e e-flex e-con-boxed e-con e-parent\" data-id=\"abf946e\" data-element_type=\"container\">\n\t\t\t\t\t<div class=\"e-con-inner\">\n\t\t\t\t<div class=\"elementor-element elementor-element-73123e3 elementor-widget elementor-widget-spacer\" data-id=\"73123e3\" data-element_type=\"widget\" data-widget_type=\"spacer.default\">\n\t\t\t\t<div class=\"elementor-widget-container\">\n\t\t\t\t\t\t\t<div class=\"elementor-spacer\">\n\t\t\t<div class=\"elementor-spacer-inner\"><\/div>\n\t\t<\/div>\n\t\t\t\t\t\t<\/div>\n\t\t\t\t<\/div>\n\t\t\t\t\t<\/div>\n\t\t\t\t<\/div>\n\t\t\t\t<\/div>\n\t\t","protected":false},"excerpt":{"rendered":"<p>Turvallisempi tila Music x Mediassa Music x Media ja Lost In Music haluavat tarjota yleis\u00f6lleen, k\u00e4vij\u00f6illeen, tapahtuman tekemiseen osallistuville ty\u00f6ntekij\u00f6ille, vapaaehtoisille ja opiskelijoille, sek\u00e4 yhteisty\u00f6kumppaneille, esiintyjille ja puhujavierailleen mahdollisimman turvallisen ja yhteis\u00f6llisen ilmapiirin. Mik\u00e4li tapahtuman aikana kokee turvattomuuden tunnetta, on joutunut kokemaan tai todistamaan ep\u00e4asiallista k\u00e4yt\u00f6st\u00e4, pyydet\u00e4\u00e4n siit\u00e4 ilmoittamaan l\u00e4himm\u00e4lle j\u00e4rjestyksenvalvojalle tai tapahtuman yhdenvertaisuus- ja [&hellip;]<\/p>\n","protected":false},"author":16,"featured_media":0,"parent":0,"menu_order":0,"comment_status":"closed","ping_status":"closed","template":"","meta":{"_acf_changed":false,"inline_featured_image":false,"footnotes":""},"class_list":["post-3390","page","type-page","status-publish","hentry"],"acf":[],"yoast_head":"<!-- This site is optimized with the Yoast SEO plugin v25.7 - https:\/\/yoast.com\/wordpress\/plugins\/seo\/ -->\n<title>Yhdenvertaisuus - Music x Media<\/title>\n<meta name=\"robots\" content=\"index, follow, max-snippet:-1, max-image-preview:large, max-video-preview:-1\" \/>\n<link rel=\"canonical\" href=\"https:\/\/musicmedia.fi\/fi\/hairintayhteyshenkilo\/\" \/>\n<meta property=\"og:locale\" content=\"fi_FI\" \/>\n<meta property=\"og:type\" content=\"article\" \/>\n<meta property=\"og:title\" content=\"Yhdenvertaisuus - Music x Media\" \/>\n<meta property=\"og:description\" content=\"Turvallisempi tila Music x Mediassa Music x Media ja Lost In Music haluavat tarjota yleis\u00f6lleen, k\u00e4vij\u00f6illeen, tapahtuman tekemiseen osallistuville ty\u00f6ntekij\u00f6ille, vapaaehtoisille ja opiskelijoille, sek\u00e4 yhteisty\u00f6kumppaneille, esiintyjille ja puhujavierailleen mahdollisimman turvallisen ja yhteis\u00f6llisen ilmapiirin. Mik\u00e4li tapahtuman aikana kokee turvattomuuden tunnetta, on joutunut kokemaan tai todistamaan ep\u00e4asiallista k\u00e4yt\u00f6st\u00e4, pyydet\u00e4\u00e4n siit\u00e4 ilmoittamaan l\u00e4himm\u00e4lle j\u00e4rjestyksenvalvojalle tai tapahtuman yhdenvertaisuus- ja [&hellip;]\" \/>\n<meta property=\"og:url\" content=\"https:\/\/musicmedia.fi\/fi\/hairintayhteyshenkilo\/\" \/>\n<meta property=\"og:site_name\" content=\"Music x Media\" \/>\n<meta property=\"article:modified_time\" content=\"2026-03-05T13:47:15+00:00\" \/>\n<meta property=\"og:image\" content=\"https:\/\/musicmedia.fi\/wp-content\/uploads\/2023\/05\/mxm_oletuskuva_some-1024x538.png\" \/>\n\t<meta property=\"og:image:width\" content=\"1024\" \/>\n\t<meta property=\"og:image:height\" content=\"538\" \/>\n\t<meta property=\"og:image:type\" content=\"image\/png\" \/>\n<meta name=\"twitter:card\" content=\"summary_large_image\" \/>\n<meta name=\"twitter:label1\" content=\"Arvioitu lukuaika\" \/>\n\t<meta name=\"twitter:data1\" content=\"2 minuuttia\" \/>\n<script type=\"application\/ld+json\" class=\"yoast-schema-graph\">{\"@context\":\"https:\/\/schema.org\",\"@graph\":[{\"@type\":\"WebPage\",\"@id\":\"https:\/\/musicmedia.fi\/hairintayhteyshenkilo\/\",\"url\":\"https:\/\/musicmedia.fi\/hairintayhteyshenkilo\/\",\"name\":\"Yhdenvertaisuus - Music x Media\",\"isPartOf\":{\"@id\":\"https:\/\/musicmedia.fi\/#website\"},\"datePublished\":\"2023-04-27T12:01:51+00:00\",\"dateModified\":\"2026-03-05T13:47:15+00:00\",\"breadcrumb\":{\"@id\":\"https:\/\/musicmedia.fi\/hairintayhteyshenkilo\/#breadcrumb\"},\"inLanguage\":\"fi\",\"potentialAction\":[{\"@type\":\"ReadAction\",\"target\":[\"https:\/\/musicmedia.fi\/hairintayhteyshenkilo\/\"]}]},{\"@type\":\"BreadcrumbList\",\"@id\":\"https:\/\/musicmedia.fi\/hairintayhteyshenkilo\/#breadcrumb\",\"itemListElement\":[{\"@type\":\"ListItem\",\"position\":1,\"name\":\"Home\",\"item\":\"https:\/\/musicmedia.fi\/\"},{\"@type\":\"ListItem\",\"position\":2,\"name\":\"Yhdenvertaisuus\"}]},{\"@type\":\"WebSite\",\"@id\":\"https:\/\/musicmedia.fi\/#website\",\"url\":\"https:\/\/musicmedia.fi\/\",\"name\":\"Music x Media\",\"description\":\"Musiikki-, viihde- ja tapahtuma-alojen kohtaamispaikka\",\"publisher\":{\"@id\":\"https:\/\/musicmedia.fi\/#organization\"},\"potentialAction\":[{\"@type\":\"SearchAction\",\"target\":{\"@type\":\"EntryPoint\",\"urlTemplate\":\"https:\/\/musicmedia.fi\/?s={search_term_string}\"},\"query-input\":{\"@type\":\"PropertyValueSpecification\",\"valueRequired\":true,\"valueName\":\"search_term_string\"}}],\"inLanguage\":\"fi\"},{\"@type\":\"Organization\",\"@id\":\"https:\/\/musicmedia.fi\/#organization\",\"name\":\"Music x Media\",\"url\":\"https:\/\/musicmedia.fi\/\",\"logo\":{\"@type\":\"ImageObject\",\"inLanguage\":\"fi\",\"@id\":\"https:\/\/musicmedia.fi\/#\/schema\/logo\/image\/\",\"url\":\"https:\/\/musicmedia.fi\/wp-content\/uploads\/2022\/05\/logo.png\",\"contentUrl\":\"https:\/\/musicmedia.fi\/wp-content\/uploads\/2022\/05\/logo.png\",\"width\":276,\"height\":147,\"caption\":\"Music x Media\"},\"image\":{\"@id\":\"https:\/\/musicmedia.fi\/#\/schema\/logo\/image\/\"}}]}<\/script>\n<!-- \/ Yoast SEO plugin. -->","yoast_head_json":{"title":"Yhdenvertaisuus - Music x Media","robots":{"index":"index","follow":"follow","max-snippet":"max-snippet:-1","max-image-preview":"max-image-preview:large","max-video-preview":"max-video-preview:-1"},"canonical":"https:\/\/musicmedia.fi\/fi\/hairintayhteyshenkilo\/","og_locale":"fi_FI","og_type":"article","og_title":"Yhdenvertaisuus - Music x Media","og_description":"Turvallisempi tila Music x Mediassa Music x Media ja Lost In Music haluavat tarjota yleis\u00f6lleen, k\u00e4vij\u00f6illeen, tapahtuman tekemiseen osallistuville ty\u00f6ntekij\u00f6ille, vapaaehtoisille ja opiskelijoille, sek\u00e4 yhteisty\u00f6kumppaneille, esiintyjille ja puhujavierailleen mahdollisimman turvallisen ja yhteis\u00f6llisen ilmapiirin. Mik\u00e4li tapahtuman aikana kokee turvattomuuden tunnetta, on joutunut kokemaan tai todistamaan ep\u00e4asiallista k\u00e4yt\u00f6st\u00e4, pyydet\u00e4\u00e4n siit\u00e4 ilmoittamaan l\u00e4himm\u00e4lle j\u00e4rjestyksenvalvojalle tai tapahtuman yhdenvertaisuus- ja [&hellip;]","og_url":"https:\/\/musicmedia.fi\/fi\/hairintayhteyshenkilo\/","og_site_name":"Music x Media","article_modified_time":"2026-03-05T13:47:15+00:00","og_image":[{"width":1024,"height":538,"url":"https:\/\/musicmedia.fi\/wp-content\/uploads\/2023\/05\/mxm_oletuskuva_some-1024x538.png","type":"image\/png"}],"twitter_card":"summary_large_image","twitter_misc":{"Arvioitu lukuaika":"2 minuuttia"},"schema":{"@context":"https:\/\/schema.org","@graph":[{"@type":"WebPage","@id":"https:\/\/musicmedia.fi\/hairintayhteyshenkilo\/","url":"https:\/\/musicmedia.fi\/hairintayhteyshenkilo\/","name":"Yhdenvertaisuus - Music x Media","isPartOf":{"@id":"https:\/\/musicmedia.fi\/#website"},"datePublished":"2023-04-27T12:01:51+00:00","dateModified":"2026-03-05T13:47:15+00:00","breadcrumb":{"@id":"https:\/\/musicmedia.fi\/hairintayhteyshenkilo\/#breadcrumb"},"inLanguage":"fi","potentialAction":[{"@type":"ReadAction","target":["https:\/\/musicmedia.fi\/hairintayhteyshenkilo\/"]}]},{"@type":"BreadcrumbList","@id":"https:\/\/musicmedia.fi\/hairintayhteyshenkilo\/#breadcrumb","itemListElement":[{"@type":"ListItem","position":1,"name":"Home","item":"https:\/\/musicmedia.fi\/"},{"@type":"ListItem","position":2,"name":"Yhdenvertaisuus"}]},{"@type":"WebSite","@id":"https:\/\/musicmedia.fi\/#website","url":"https:\/\/musicmedia.fi\/","name":"Music x Media","description":"Musiikki-, viihde- ja tapahtuma-alojen kohtaamispaikka","publisher":{"@id":"https:\/\/musicmedia.fi\/#organization"},"potentialAction":[{"@type":"SearchAction","target":{"@type":"EntryPoint","urlTemplate":"https:\/\/musicmedia.fi\/?s={search_term_string}"},"query-input":{"@type":"PropertyValueSpecification","valueRequired":true,"valueName":"search_term_string"}}],"inLanguage":"fi"},{"@type":"Organization","@id":"https:\/\/musicmedia.fi\/#organization","name":"Music x Media","url":"https:\/\/musicmedia.fi\/","logo":{"@type":"ImageObject","inLanguage":"fi","@id":"https:\/\/musicmedia.fi\/#\/schema\/logo\/image\/","url":"https:\/\/musicmedia.fi\/wp-content\/uploads\/2022\/05\/logo.png","contentUrl":"https:\/\/musicmedia.fi\/wp-content\/uploads\/2022\/05\/logo.png","width":276,"height":147,"caption":"Music x Media"},"image":{"@id":"https:\/\/musicmedia.fi\/#\/schema\/logo\/image\/"}}]}},"_links":{"self":[{"href":"https:\/\/musicmedia.fi\/fi\/wp-json\/wp\/v2\/pages\/3390","targetHints":{"allow":["GET"]}}],"collection":[{"href":"https:\/\/musicmedia.fi\/fi\/wp-json\/wp\/v2\/pages"}],"about":[{"href":"https:\/\/musicmedia.fi\/fi\/wp-json\/wp\/v2\/types\/page"}],"author":[{"embeddable":true,"href":"https:\/\/musicmedia.fi\/fi\/wp-json\/wp\/v2\/users\/16"}],"replies":[{"embeddable":true,"href":"https:\/\/musicmedia.fi\/fi\/wp-json\/wp\/v2\/comments?post=3390"}],"version-history":[{"count":67,"href":"https:\/\/musicmedia.fi\/fi\/wp-json\/wp\/v2\/pages\/3390\/revisions"}],"predecessor-version":[{"id":12803,"href":"https:\/\/musicmedia.fi\/fi\/wp-json\/wp\/v2\/pages\/3390\/revisions\/12803"}],"wp:attachment":[{"href":"https:\/\/musicmedia.fi\/fi\/wp-json\/wp\/v2\/media?parent=3390"}],"curies":[{"name":"wp","href":"https:\/\/api.w.org\/{rel}","templated":true}]}}