{"id":12938,"date":"2026-03-24T11:29:21","date_gmt":"2026-03-24T09:29:21","guid":{"rendered":"https:\/\/musicmedia.fi\/?page_id=12938"},"modified":"2026-03-24T12:27:54","modified_gmt":"2026-03-24T10:27:54","slug":"ohjelmasisallot-2026","status":"publish","type":"page","link":"https:\/\/musicmedia.fi\/fi\/ohjelmasisallot-2026\/","title":{"rendered":"Ohjelmasis\u00e4ll\u00f6t 2026"},"content":{"rendered":"\t\t<div data-elementor-type=\"wp-page\" data-elementor-id=\"12938\" class=\"elementor elementor-12938\">\n\t\t\t\t<div class=\"elementor-element elementor-element-70528dc e-flex e-con-boxed e-con e-parent\" data-id=\"70528dc\" data-element_type=\"container\">\n\t\t\t\t\t<div class=\"e-con-inner\">\n\t\t\t\t<div class=\"elementor-element elementor-element-14fe86d elementor-widget elementor-widget-text-editor\" data-id=\"14fe86d\" data-element_type=\"widget\" data-widget_type=\"text-editor.default\">\n\t\t\t\t<div class=\"elementor-widget-container\">\n\t\t\t\t\t\t\t\t\t<p>Music x Media julkaisee ohjelmasis\u00e4lt\u00f6j\u00e4 vuoden 2026 tapahtumaan pitkin kev\u00e4tt\u00e4 ja kes\u00e4\u00e4. T\u00e4ll\u00e4 sivulla voit lukea lis\u00e4\u00e4 jo julkaistuista ohjelmasis\u00e4ll\u00f6ist\u00e4. Pid\u00e4th\u00e4n kanavamme seurannassa, niin kuulet ensimm\u00e4isten joukossa uusista sis\u00e4ll\u00f6ist\u00e4!<\/p><p><a href=\"https:\/\/musicmedia.fi\/fi\/ohjelma2025\/\">Voit my\u00f6s halutessasi tutustua viel\u00e4 vuoden 2025 ohjelmaan t\u00e4\u00e4ll\u00e4.<\/a><\/p><h3>Liput myynniss\u00e4<\/h3><p>Music x Media j\u00e4rjestet\u00e4\u00e4n Tampereella 1.-2.10.2026.\u00a0<\/p><p>Early Bird- ja Freelancer-liput ovat nyt myynniss\u00e4.<a href=\"https:\/\/musicmedia.fi\/fi\/liput\/\"> Hanki liput edullisesti t\u00e4\u00e4lt\u00e4.<\/a><\/p>\t\t\t\t\t\t\t\t<\/div>\n\t\t\t\t<\/div>\n\t\t\t\t\t<\/div>\n\t\t\t\t<\/div>\n\t\t<div class=\"elementor-element elementor-element-a4240b5 e-flex e-con-boxed e-con e-parent\" data-id=\"a4240b5\" data-element_type=\"container\">\n\t\t\t\t\t<div class=\"e-con-inner\">\n\t\t\t\t<div class=\"elementor-element elementor-element-c526ebb elementor-widget elementor-widget-heading\" data-id=\"c526ebb\" data-element_type=\"widget\" data-widget_type=\"heading.default\">\n\t\t\t\t<div class=\"elementor-widget-container\">\n\t\t\t\t\t<h2 class=\"elementor-heading-title elementor-size-default\">Ohjelmasis\u00e4ll\u00f6t 2026<\/h2>\t\t\t\t<\/div>\n\t\t\t\t<\/div>\n\t\t\t\t\t<\/div>\n\t\t\t\t<\/div>\n\t\t<div class=\"elementor-element elementor-element-8868d0e e-flex e-con-boxed e-con e-parent\" data-id=\"8868d0e\" data-element_type=\"container\">\n\t\t\t\t\t<div class=\"e-con-inner\">\n\t\t\t\t<div class=\"elementor-element elementor-element-ffd655a elementor-widget elementor-widget-ucaddon_post_blocks\" data-id=\"ffd655a\" data-element_type=\"widget\" data-widget_type=\"ucaddon_post_blocks.default\">\n\t\t\t\t<div class=\"elementor-widget-container\">\n\t\t\t\t\t\n<!-- start Post Blocks -->\n\t\t<link id='font-awesome-css' href='https:\/\/musicmedia.fi\/wp-content\/plugins\/unlimited-elements-for-elementor\/assets_libraries\/font-awesome6\/fontawesome-all.min.css' type='text\/css' rel='stylesheet' >\n\t\t<link id='font-awesome-4-shim-css' href='https:\/\/musicmedia.fi\/wp-content\/plugins\/unlimited-elements-for-elementor\/assets_libraries\/font-awesome6\/fontawesome-v4-shims.min.css' type='text\/css' rel='stylesheet' >\n\n<style>\/* widget: Post Blocks *\/\n\n\n\n#uc_post_blocks_elementor_ffd655a {\n    display:grid;\n}\n#uc_post_blocks_elementor_ffd655a .ue_post_blocks_box\n{\n  overflow:hidden;\n}\n\n#uc_post_blocks_elementor_ffd655a .ue_post_blocks_image\n{\n  overflow:hidden;\n}\n#uc_post_blocks_elementor_ffd655a .ue_post_blocks_image img\n{\n  object-fit: cover;\n  object-position:center center;\n  width:100%;\n  display:block;\n}\n#uc_post_blocks_elementor_ffd655a .ue_post_blocks_link a\n{\n  display:inline-block;\n  text-decoration:none;\n  text-align:center;\n}\n\n #uc_post_blocks_elementor_ffd655a .ue_post_blocks_box img\n{\n  transition:0.5s;\n}\n #uc_post_blocks_elementor_ffd655a .ue_post_blocks_box:hover img\n{\n  transform:scale(1.1,1.1);\n}\n\n\n\n\n#uc_post_blocks_elementor_ffd655a .ue-grid-item-meta-data\n{\n  display:inlin-flex;\n  flex-wrap: wrap;\n}\n\n.ue-grid-item-meta-data\n{\n  font-size:12px;\n}\n\n#uc_post_blocks_elementor_ffd655a .ue-grid-item-meta-data-icon\n{\n  line-height:1em;\n}\n\n#uc_post_blocks_elementor_ffd655a .ue-grid-item-meta-data-icon svg\n{\n  width:1em;\n  height:1em;\n}\n\n\n.ue-grid-item-category a\n{\n  display:inline-block;\n  font-size:10px;\n  text-transform:uppercase;\n}\n\n<\/style>\n\n<div id=\"uc_post_blocks_elementor_ffd655a\" class=\"ue_post_blocks uc-items-wrapper\" >\n    <div class=\"ue_post_blocks_box\">\n    <div class=\"ue_post_blocks_image\">\n    <a href=\"https:\/\/musicmedia.fi\/fi\/suomalainen-jazz-tanaan-uudet-lapimurrot-ja-kansainvalinen-suunta\/\" style=\"display:block;\"><img fetchpriority=\"high\" decoding=\"async\" src=\"https:\/\/musicmedia.fi\/wp-content\/uploads\/2026\/03\/2-768x432.jpg\"  src=\"https:\/\/musicmedia.fi\/wp-content\/uploads\/2026\/03\/2-768x432.jpg\" alt=\"2\" width=\"768\" height=\"432\"><\/a>\n  <\/div>\n    <div class=\"ue_post_blocks_content\">\n      \n     \n         \n    <div class=\"ue_post_blocks_title\"><a href=\"https:\/\/musicmedia.fi\/fi\/suomalainen-jazz-tanaan-uudet-lapimurrot-ja-kansainvalinen-suunta\/\">Suomalainen jazz t\u00e4n\u00e4\u00e4n \u2013 uudet l\u00e4pimurrot ja kansainv\u00e4linen suunta<\/a><\/div>    \n        \n    \n    <div class=\"ue_post_blocks_text\">Suomalainen jazz t\u00e4n\u00e4\u00e4n \u2013 uudet l\u00e4pimurrot ja kansainv\u00e4linen suunta Kotimainen jazz t\u00e4ytt\u00e4\u00e4 t\u00e4n\u00e4 vuonna...<\/div>    <div class=\"ue_post_blocks_link\"><a href=\"https:\/\/musicmedia.fi\/fi\/suomalainen-jazz-tanaan-uudet-lapimurrot-ja-kansainvalinen-suunta\/\" class=\"\">Read More<div class=\"mm-luenuoli\">\u2191<\/div><\/a><\/div>  <\/div>\n<\/div>\n<div class=\"ue_post_blocks_box\">\n    <div class=\"ue_post_blocks_image\">\n    <a href=\"https:\/\/musicmedia.fi\/fi\/uuden-jutun-kulttuuriohjelma-kerma-livena\/\" style=\"display:block;\"><img decoding=\"async\" src=\"https:\/\/musicmedia.fi\/wp-content\/uploads\/2026\/03\/1-768x432.jpg\"  src=\"https:\/\/musicmedia.fi\/wp-content\/uploads\/2026\/03\/1-768x432.jpg\" alt=\"1\" width=\"768\" height=\"432\"><\/a>\n  <\/div>\n    <div class=\"ue_post_blocks_content\">\n      \n     \n         \n    <div class=\"ue_post_blocks_title\"><a href=\"https:\/\/musicmedia.fi\/fi\/uuden-jutun-kulttuuriohjelma-kerma-livena\/\">Uuden Jutun kulttuuriohjelma Kerma liven\u00e4!<\/a><\/div>    \n        \n    \n    <div class=\"ue_post_blocks_text\">Kerma on Uuden Jutun ylpe\u00e4sti elitistinen, kerran viikossa ilmestyv\u00e4 kuunneltava kulttuuriohjelma. Kermassa...<\/div>    <div class=\"ue_post_blocks_link\"><a href=\"https:\/\/musicmedia.fi\/fi\/uuden-jutun-kulttuuriohjelma-kerma-livena\/\" class=\"\">Read More<div class=\"mm-luenuoli\">\u2191<\/div><\/a><\/div>  <\/div>\n<\/div>\n<div class=\"ue_post_blocks_box\">\n    <div class=\"ue_post_blocks_image\">\n    <a href=\"https:\/\/musicmedia.fi\/fi\/henkilokuvassa-kristiina-wheeler\/\" style=\"display:block;\"><img decoding=\"async\" src=\"https:\/\/musicmedia.fi\/wp-content\/uploads\/2026\/03\/3-768x432.jpg\"  src=\"https:\/\/musicmedia.fi\/wp-content\/uploads\/2026\/03\/3-768x432.jpg\" alt=\"3\" width=\"768\" height=\"432\"><\/a>\n  <\/div>\n    <div class=\"ue_post_blocks_content\">\n      \n     \n         \n    <div class=\"ue_post_blocks_title\"><a href=\"https:\/\/musicmedia.fi\/fi\/henkilokuvassa-kristiina-wheeler\/\">Henkil\u00f6kuvassa: Kristiina Wheeler<\/a><\/div>    \n        \n    \n    <div class=\"ue_post_blocks_text\">Kristiina Wheeler \u2013 T\u00e4htien tekij\u00e4 Kristiina Wheeler on keskeinen voima Mirellan sek\u00e4 juuri YLEX L\u00e4pimurtolistauksen...<\/div>    <div class=\"ue_post_blocks_link\"><a href=\"https:\/\/musicmedia.fi\/fi\/henkilokuvassa-kristiina-wheeler\/\" class=\"\">Read More<div class=\"mm-luenuoli\">\u2191<\/div><\/a><\/div>  <\/div>\n<\/div>\n<div class=\"ue_post_blocks_box\">\n    <div class=\"ue_post_blocks_image\">\n    <a href=\"https:\/\/musicmedia.fi\/fi\/music-x-median-ensimmaiset-ohjelmasisallot-julki\/\" style=\"display:block;\"><img loading=\"lazy\" decoding=\"async\" src=\"https:\/\/musicmedia.fi\/wp-content\/uploads\/2026\/03\/MXM26-Julkistukset-Uutinen--768x432.jpg\"  src=\"https:\/\/musicmedia.fi\/wp-content\/uploads\/2026\/03\/MXM26-Julkistukset-Uutinen--768x432.jpg\" alt=\"MXM26 Julkistukset-Uutinen\" width=\"768\" height=\"432\"><\/a>\n  <\/div>\n    <div class=\"ue_post_blocks_content\">\n      \n     \n         \n    <div class=\"ue_post_blocks_title\"><a href=\"https:\/\/musicmedia.fi\/fi\/music-x-median-ensimmaiset-ohjelmasisallot-julki\/\">Music x Median ensimm\u00e4iset ohjelmasis\u00e4ll\u00f6t julki<\/a><\/div>    \n        \n    \n    <div class=\"ue_post_blocks_text\">Music x Median ensimm\u00e4iset ohjelmasis\u00e4ll\u00f6t on nyt julkaistu. Luvassa on monipuolinen kattaus puheenvuoroja,...<\/div>    <div class=\"ue_post_blocks_link\"><a href=\"https:\/\/musicmedia.fi\/fi\/music-x-median-ensimmaiset-ohjelmasisallot-julki\/\" class=\"\">Read More<div class=\"mm-luenuoli\">\u2191<\/div><\/a><\/div>  <\/div>\n<\/div>\n\n<\/div>\n<!-- end Post Blocks -->\t\t\t\t<\/div>\n\t\t\t\t<\/div>\n\t\t\t\t\t<\/div>\n\t\t\t\t<\/div>\n\t\t\t\t<\/div>\n\t\t","protected":false},"excerpt":{"rendered":"<p>Music x Media julkaisee ohjelmasis\u00e4lt\u00f6j\u00e4 vuoden 2026 tapahtumaan pitkin kev\u00e4tt\u00e4 ja kes\u00e4\u00e4. T\u00e4ll\u00e4 sivulla voit lukea lis\u00e4\u00e4 jo julkaistuista ohjelmasis\u00e4ll\u00f6ist\u00e4. Pid\u00e4th\u00e4n kanavamme seurannassa, niin kuulet ensimm\u00e4isten joukossa uusista sis\u00e4ll\u00f6ist\u00e4! Voit my\u00f6s halutessasi tutustua viel\u00e4 vuoden 2025 ohjelmaan t\u00e4\u00e4ll\u00e4. Liput myynniss\u00e4 Music x Media j\u00e4rjestet\u00e4\u00e4n Tampereella 1.-2.10.2026.\u00a0 Early Bird- ja Freelancer-liput ovat nyt myynniss\u00e4. Hanki liput [&hellip;]<\/p>\n","protected":false},"author":11,"featured_media":0,"parent":0,"menu_order":0,"comment_status":"closed","ping_status":"closed","template":"","meta":{"_acf_changed":false,"inline_featured_image":false,"footnotes":""},"class_list":["post-12938","page","type-page","status-publish","hentry"],"acf":[],"yoast_head":"<!-- This site is optimized with the Yoast SEO plugin v25.7 - https:\/\/yoast.com\/wordpress\/plugins\/seo\/ -->\n<title>Ohjelmasis\u00e4ll\u00f6t 2026 - Music x Media<\/title>\n<meta name=\"robots\" content=\"index, follow, max-snippet:-1, max-image-preview:large, max-video-preview:-1\" \/>\n<link rel=\"canonical\" href=\"https:\/\/musicmedia.fi\/fi\/ohjelmasisallot-2026\/\" \/>\n<meta property=\"og:locale\" content=\"fi_FI\" \/>\n<meta property=\"og:type\" content=\"article\" \/>\n<meta property=\"og:title\" content=\"Ohjelmasis\u00e4ll\u00f6t 2026 - Music x Media\" \/>\n<meta property=\"og:description\" content=\"Music x Media julkaisee ohjelmasis\u00e4lt\u00f6j\u00e4 vuoden 2026 tapahtumaan pitkin kev\u00e4tt\u00e4 ja kes\u00e4\u00e4. T\u00e4ll\u00e4 sivulla voit lukea lis\u00e4\u00e4 jo julkaistuista ohjelmasis\u00e4ll\u00f6ist\u00e4. Pid\u00e4th\u00e4n kanavamme seurannassa, niin kuulet ensimm\u00e4isten joukossa uusista sis\u00e4ll\u00f6ist\u00e4! Voit my\u00f6s halutessasi tutustua viel\u00e4 vuoden 2025 ohjelmaan t\u00e4\u00e4ll\u00e4. Liput myynniss\u00e4 Music x Media j\u00e4rjestet\u00e4\u00e4n Tampereella 1.-2.10.2026.\u00a0 Early Bird- ja Freelancer-liput ovat nyt myynniss\u00e4. Hanki liput [&hellip;]\" \/>\n<meta property=\"og:url\" content=\"https:\/\/musicmedia.fi\/fi\/ohjelmasisallot-2026\/\" \/>\n<meta property=\"og:site_name\" content=\"Music x Media\" \/>\n<meta property=\"article:modified_time\" content=\"2026-03-24T10:27:54+00:00\" \/>\n<meta property=\"og:image\" content=\"https:\/\/musicmedia.fi\/wp-content\/uploads\/2026\/03\/2-768x432.jpg\" \/>\n<meta name=\"twitter:card\" content=\"summary_large_image\" \/>\n<meta name=\"twitter:label1\" content=\"Arvioitu lukuaika\" \/>\n\t<meta name=\"twitter:data1\" content=\"2 minuuttia\" \/>\n<script type=\"application\/ld+json\" class=\"yoast-schema-graph\">{\"@context\":\"https:\/\/schema.org\",\"@graph\":[{\"@type\":\"WebPage\",\"@id\":\"https:\/\/musicmedia.fi\/ohjelmasisallot-2026\/\",\"url\":\"https:\/\/musicmedia.fi\/ohjelmasisallot-2026\/\",\"name\":\"Ohjelmasis\u00e4ll\u00f6t 2026 - Music x Media\",\"isPartOf\":{\"@id\":\"https:\/\/musicmedia.fi\/#website\"},\"primaryImageOfPage\":{\"@id\":\"https:\/\/musicmedia.fi\/ohjelmasisallot-2026\/#primaryimage\"},\"image\":{\"@id\":\"https:\/\/musicmedia.fi\/ohjelmasisallot-2026\/#primaryimage\"},\"thumbnailUrl\":\"https:\/\/musicmedia.fi\/wp-content\/uploads\/2026\/03\/2-768x432.jpg\",\"datePublished\":\"2026-03-24T09:29:21+00:00\",\"dateModified\":\"2026-03-24T10:27:54+00:00\",\"breadcrumb\":{\"@id\":\"https:\/\/musicmedia.fi\/ohjelmasisallot-2026\/#breadcrumb\"},\"inLanguage\":\"fi\",\"potentialAction\":[{\"@type\":\"ReadAction\",\"target\":[\"https:\/\/musicmedia.fi\/ohjelmasisallot-2026\/\"]}]},{\"@type\":\"ImageObject\",\"inLanguage\":\"fi\",\"@id\":\"https:\/\/musicmedia.fi\/ohjelmasisallot-2026\/#primaryimage\",\"url\":\"https:\/\/musicmedia.fi\/wp-content\/uploads\/2026\/03\/2-768x432.jpg\",\"contentUrl\":\"https:\/\/musicmedia.fi\/wp-content\/uploads\/2026\/03\/2-768x432.jpg\"},{\"@type\":\"BreadcrumbList\",\"@id\":\"https:\/\/musicmedia.fi\/ohjelmasisallot-2026\/#breadcrumb\",\"itemListElement\":[{\"@type\":\"ListItem\",\"position\":1,\"name\":\"Home\",\"item\":\"https:\/\/musicmedia.fi\/\"},{\"@type\":\"ListItem\",\"position\":2,\"name\":\"Ohjelmasis\u00e4ll\u00f6t 2026\"}]},{\"@type\":\"WebSite\",\"@id\":\"https:\/\/musicmedia.fi\/#website\",\"url\":\"https:\/\/musicmedia.fi\/\",\"name\":\"Music x Media\",\"description\":\"Musiikki-, viihde- ja tapahtuma-alojen kohtaamispaikka\",\"publisher\":{\"@id\":\"https:\/\/musicmedia.fi\/#organization\"},\"potentialAction\":[{\"@type\":\"SearchAction\",\"target\":{\"@type\":\"EntryPoint\",\"urlTemplate\":\"https:\/\/musicmedia.fi\/?s={search_term_string}\"},\"query-input\":{\"@type\":\"PropertyValueSpecification\",\"valueRequired\":true,\"valueName\":\"search_term_string\"}}],\"inLanguage\":\"fi\"},{\"@type\":\"Organization\",\"@id\":\"https:\/\/musicmedia.fi\/#organization\",\"name\":\"Music x Media\",\"url\":\"https:\/\/musicmedia.fi\/\",\"logo\":{\"@type\":\"ImageObject\",\"inLanguage\":\"fi\",\"@id\":\"https:\/\/musicmedia.fi\/#\/schema\/logo\/image\/\",\"url\":\"https:\/\/musicmedia.fi\/wp-content\/uploads\/2022\/05\/logo.png\",\"contentUrl\":\"https:\/\/musicmedia.fi\/wp-content\/uploads\/2022\/05\/logo.png\",\"width\":276,\"height\":147,\"caption\":\"Music x Media\"},\"image\":{\"@id\":\"https:\/\/musicmedia.fi\/#\/schema\/logo\/image\/\"}}]}<\/script>\n<!-- \/ Yoast SEO plugin. -->","yoast_head_json":{"title":"Ohjelmasis\u00e4ll\u00f6t 2026 - Music x Media","robots":{"index":"index","follow":"follow","max-snippet":"max-snippet:-1","max-image-preview":"max-image-preview:large","max-video-preview":"max-video-preview:-1"},"canonical":"https:\/\/musicmedia.fi\/fi\/ohjelmasisallot-2026\/","og_locale":"fi_FI","og_type":"article","og_title":"Ohjelmasis\u00e4ll\u00f6t 2026 - Music x Media","og_description":"Music x Media julkaisee ohjelmasis\u00e4lt\u00f6j\u00e4 vuoden 2026 tapahtumaan pitkin kev\u00e4tt\u00e4 ja kes\u00e4\u00e4. T\u00e4ll\u00e4 sivulla voit lukea lis\u00e4\u00e4 jo julkaistuista ohjelmasis\u00e4ll\u00f6ist\u00e4. Pid\u00e4th\u00e4n kanavamme seurannassa, niin kuulet ensimm\u00e4isten joukossa uusista sis\u00e4ll\u00f6ist\u00e4! Voit my\u00f6s halutessasi tutustua viel\u00e4 vuoden 2025 ohjelmaan t\u00e4\u00e4ll\u00e4. Liput myynniss\u00e4 Music x Media j\u00e4rjestet\u00e4\u00e4n Tampereella 1.-2.10.2026.\u00a0 Early Bird- ja Freelancer-liput ovat nyt myynniss\u00e4. Hanki liput [&hellip;]","og_url":"https:\/\/musicmedia.fi\/fi\/ohjelmasisallot-2026\/","og_site_name":"Music x Media","article_modified_time":"2026-03-24T10:27:54+00:00","og_image":[{"url":"https:\/\/musicmedia.fi\/wp-content\/uploads\/2026\/03\/2-768x432.jpg","type":"","width":"","height":""}],"twitter_card":"summary_large_image","twitter_misc":{"Arvioitu lukuaika":"2 minuuttia"},"schema":{"@context":"https:\/\/schema.org","@graph":[{"@type":"WebPage","@id":"https:\/\/musicmedia.fi\/ohjelmasisallot-2026\/","url":"https:\/\/musicmedia.fi\/ohjelmasisallot-2026\/","name":"Ohjelmasis\u00e4ll\u00f6t 2026 - Music x Media","isPartOf":{"@id":"https:\/\/musicmedia.fi\/#website"},"primaryImageOfPage":{"@id":"https:\/\/musicmedia.fi\/ohjelmasisallot-2026\/#primaryimage"},"image":{"@id":"https:\/\/musicmedia.fi\/ohjelmasisallot-2026\/#primaryimage"},"thumbnailUrl":"https:\/\/musicmedia.fi\/wp-content\/uploads\/2026\/03\/2-768x432.jpg","datePublished":"2026-03-24T09:29:21+00:00","dateModified":"2026-03-24T10:27:54+00:00","breadcrumb":{"@id":"https:\/\/musicmedia.fi\/ohjelmasisallot-2026\/#breadcrumb"},"inLanguage":"fi","potentialAction":[{"@type":"ReadAction","target":["https:\/\/musicmedia.fi\/ohjelmasisallot-2026\/"]}]},{"@type":"ImageObject","inLanguage":"fi","@id":"https:\/\/musicmedia.fi\/ohjelmasisallot-2026\/#primaryimage","url":"https:\/\/musicmedia.fi\/wp-content\/uploads\/2026\/03\/2-768x432.jpg","contentUrl":"https:\/\/musicmedia.fi\/wp-content\/uploads\/2026\/03\/2-768x432.jpg"},{"@type":"BreadcrumbList","@id":"https:\/\/musicmedia.fi\/ohjelmasisallot-2026\/#breadcrumb","itemListElement":[{"@type":"ListItem","position":1,"name":"Home","item":"https:\/\/musicmedia.fi\/"},{"@type":"ListItem","position":2,"name":"Ohjelmasis\u00e4ll\u00f6t 2026"}]},{"@type":"WebSite","@id":"https:\/\/musicmedia.fi\/#website","url":"https:\/\/musicmedia.fi\/","name":"Music x Media","description":"Musiikki-, viihde- ja tapahtuma-alojen kohtaamispaikka","publisher":{"@id":"https:\/\/musicmedia.fi\/#organization"},"potentialAction":[{"@type":"SearchAction","target":{"@type":"EntryPoint","urlTemplate":"https:\/\/musicmedia.fi\/?s={search_term_string}"},"query-input":{"@type":"PropertyValueSpecification","valueRequired":true,"valueName":"search_term_string"}}],"inLanguage":"fi"},{"@type":"Organization","@id":"https:\/\/musicmedia.fi\/#organization","name":"Music x Media","url":"https:\/\/musicmedia.fi\/","logo":{"@type":"ImageObject","inLanguage":"fi","@id":"https:\/\/musicmedia.fi\/#\/schema\/logo\/image\/","url":"https:\/\/musicmedia.fi\/wp-content\/uploads\/2022\/05\/logo.png","contentUrl":"https:\/\/musicmedia.fi\/wp-content\/uploads\/2022\/05\/logo.png","width":276,"height":147,"caption":"Music x Media"},"image":{"@id":"https:\/\/musicmedia.fi\/#\/schema\/logo\/image\/"}}]}},"_links":{"self":[{"href":"https:\/\/musicmedia.fi\/fi\/wp-json\/wp\/v2\/pages\/12938","targetHints":{"allow":["GET"]}}],"collection":[{"href":"https:\/\/musicmedia.fi\/fi\/wp-json\/wp\/v2\/pages"}],"about":[{"href":"https:\/\/musicmedia.fi\/fi\/wp-json\/wp\/v2\/types\/page"}],"author":[{"embeddable":true,"href":"https:\/\/musicmedia.fi\/fi\/wp-json\/wp\/v2\/users\/11"}],"replies":[{"embeddable":true,"href":"https:\/\/musicmedia.fi\/fi\/wp-json\/wp\/v2\/comments?post=12938"}],"version-history":[{"count":16,"href":"https:\/\/musicmedia.fi\/fi\/wp-json\/wp\/v2\/pages\/12938\/revisions"}],"predecessor-version":[{"id":12976,"href":"https:\/\/musicmedia.fi\/fi\/wp-json\/wp\/v2\/pages\/12938\/revisions\/12976"}],"wp:attachment":[{"href":"https:\/\/musicmedia.fi\/fi\/wp-json\/wp\/v2\/media?parent=12938"}],"curies":[{"name":"wp","href":"https:\/\/api.w.org\/{rel}","templated":true}]}}