{"id":7674,"date":"2024-06-04T21:17:48","date_gmt":"2024-06-04T18:17:48","guid":{"rendered":"https:\/\/musicmedia.fi\/?page_id=7674"},"modified":"2025-03-26T17:07:05","modified_gmt":"2025-03-26T15:07:05","slug":"fresh-ohjelma","status":"publish","type":"page","link":"https:\/\/musicmedia.fi\/en\/fresh-ohjelma\/","title":{"rendered":"Program 2024 \u2013 Fresh! by Music x Media"},"content":{"rendered":"<div data-elementor-type=\"wp-page\" data-elementor-id=\"7674\" class=\"elementor elementor-7674\">\n\t\t\t\t<div class=\"elementor-element elementor-element-31005b4 e-flex e-con-boxed e-con e-parent\" data-id=\"31005b4\" data-element_type=\"container\" data-settings=\"{&quot;background_background&quot;:&quot;classic&quot;}\">\n\t\t\t\t\t<div class=\"e-con-inner\">\n\t\t\t\t\t<\/div>\n\t\t\t\t<\/div>\n\t\t<div class=\"elementor-element elementor-element-e530097 e-flex e-con-boxed e-con e-parent\" data-id=\"e530097\" data-element_type=\"container\" data-settings=\"{&quot;background_background&quot;:&quot;classic&quot;}\">\n\t\t\t\t\t<div class=\"e-con-inner\">\n\t\t\t\t<div class=\"elementor-element elementor-element-71f2562 elementor-widget elementor-widget-heading\" data-id=\"71f2562\" data-element_type=\"widget\" data-widget_type=\"heading.default\">\n\t\t\t\t<div class=\"elementor-widget-container\">\n\t\t\t\t\t<h2 class=\"elementor-heading-title elementor-size-default\">In 2024, Fresh! by Music x Media's diverse program included various workshops, interesting discussions, networking, and meeting industry players.<\/h2>\t\t\t\t<\/div>\n\t\t\t\t<\/div>\n\t\t\t\t\t<\/div>\n\t\t\t\t<\/div>\n\t\t<div class=\"elementor-element elementor-element-da14582 e-flex e-con-boxed e-con e-parent\" data-id=\"da14582\" data-element_type=\"container\" data-settings=\"{&quot;background_background&quot;:&quot;classic&quot;}\">\n\t\t\t\t\t<div class=\"e-con-inner\">\n\t\t\t\t<div class=\"elementor-element elementor-element-2c7a730 elementor-widget elementor-widget-text-editor\" data-id=\"2c7a730\" data-element_type=\"widget\" data-widget_type=\"text-editor.default\">\n\t\t\t\t<div class=\"elementor-widget-container\">\n\t\t\t\t\t\t\t\t\t<p><span style=\"font-weight: 400;\"><strong>In the workshops<\/strong> we got to explore recording studios, <\/span><span style=\"font-weight: 400;\">make beats, try out a DJ workshop, participate in career-building discussions, learn how to write songs, and much more! <\/span><span style=\"font-weight: 400;\"><br \/><\/span><span style=\"font-weight: 400;\"><br \/><\/span><span style=\"font-weight: 400;\"><strong>The speakers<\/strong> covered the music industry from different perspectives. The event included <\/span><span style=\"font-weight: 400;\">panel discussions, keynote speeches, and informative talks for professionals in the creative industries. Speakers include Hassan Maikal &amp; Setumo Bodibe, as well as Nosh A Lody, Berta, Joanna Heikkinen, and Christina Boman.<\/span><span style=\"font-weight: 400;\">\u00a0<\/span><\/p><p><span style=\"font-weight: 400;\">The event featured a wide range of industry players, including: <strong>Teosto<\/strong>, <strong>Gramex<\/strong>, <strong>Rytmi-instituutti<\/strong>, <strong>Tavara-asema<\/strong>, <\/span><span style=\"font-weight: 400;\"><strong>LiveFIN ry<\/strong>, <strong>Tampereen ammattikorkeakoulu Media\/Arts<\/strong>, <strong>Emma School<\/strong> &amp; <strong>YleX<\/strong>.\u00a0<\/span><\/p><p><span style=\"text-align: var(--text-align);\"><br \/>The event's speaking program was organized in Finnish. The workshops were guided in Finnish and English.<\/span><\/p><p><b>Stage 13 goes Fresh! \u2013 after even at Monitoimitalo 13 <\/b><\/p><p><span style=\"font-weight: 400;\">After Tampere-talo the program continues at Tampere youth services Monitoimitalo 13. <\/span><span style=\"font-weight: 400;\"><br \/><\/span><span style=\"font-weight: 400;\">At the Stage13 goes Fresh! event, which has free entry, there will be open access to the diverse spaces and activities of the youth culture center. The event will feature performances by up-and-coming bands, band logo design, album cover graphics, as well as workshops led by Ida Alex and Hannes Kett.\u00a0<\/span><\/p>\t\t\t\t\t\t\t\t<\/div>\n\t\t\t\t<\/div>\n\t\t\t\t\t<\/div>\n\t\t\t\t<\/div>\n\t\t<div class=\"elementor-element elementor-element-9d4ad10 e-flex e-con-boxed e-con e-parent\" data-id=\"9d4ad10\" data-element_type=\"container\" data-settings=\"{&quot;background_background&quot;:&quot;classic&quot;}\">\n\t\t\t\t\t<div class=\"e-con-inner\">\n\t\t\t\t<div class=\"elementor-element elementor-element-3f0114a elementor-widget elementor-widget-image\" data-id=\"3f0114a\" data-element_type=\"widget\" data-widget_type=\"image.default\">\n\t\t\t\t<div class=\"elementor-widget-container\">\n\t\t\t\t\t\t\t\t\t\t\t\t\t\t\t<img fetchpriority=\"high\" decoding=\"async\" width=\"768\" height=\"432\" src=\"https:\/\/musicmedia.fi\/wp-content\/uploads\/2024\/06\/DJ-Academy-MxM-768x432.jpg\" class=\"attachment-medium_large size-medium_large wp-image-7796\" alt=\"\" srcset=\"https:\/\/musicmedia.fi\/wp-content\/uploads\/2024\/06\/DJ-Academy-MxM-768x432.jpg 768w, https:\/\/musicmedia.fi\/wp-content\/uploads\/2024\/06\/DJ-Academy-MxM-300x169.jpg 300w, https:\/\/musicmedia.fi\/wp-content\/uploads\/2024\/06\/DJ-Academy-MxM-1024x576.jpg 1024w, https:\/\/musicmedia.fi\/wp-content\/uploads\/2024\/06\/DJ-Academy-MxM-1536x864.jpg 1536w, https:\/\/musicmedia.fi\/wp-content\/uploads\/2024\/06\/DJ-Academy-MxM-18x10.jpg 18w, https:\/\/musicmedia.fi\/wp-content\/uploads\/2024\/06\/DJ-Academy-MxM.jpg 1890w\" sizes=\"(max-width: 768px) 100vw, 768px\" \/>\t\t\t\t\t\t\t\t\t\t\t\t\t\t\t<\/div>\n\t\t\t\t<\/div>\n\t\t\t\t\t<\/div>\n\t\t\t\t<\/div>\n\t\t<div class=\"elementor-element elementor-element-646e81a e-flex e-con-boxed e-con e-parent\" data-id=\"646e81a\" data-element_type=\"container\" data-settings=\"{&quot;background_background&quot;:&quot;classic&quot;}\">\n\t\t\t\t\t<div class=\"e-con-inner\">\n\t\t\t\t<div class=\"elementor-element elementor-element-a5b5444 elementor-widget elementor-widget-heading\" data-id=\"a5b5444\" data-element_type=\"widget\" data-widget_type=\"heading.default\">\n\t\t\t\t<div class=\"elementor-widget-container\">\n\t\t\t\t\t<h2 class=\"elementor-heading-title elementor-size-default\">Making the program<\/h2>\t\t\t\t<\/div>\n\t\t\t\t<\/div>\n\t\t\t\t\t<\/div>\n\t\t\t\t<\/div>\n\t\t<div class=\"elementor-element elementor-element-4fa9361 e-flex e-con-boxed e-con e-parent\" data-id=\"4fa9361\" data-element_type=\"container\" data-settings=\"{&quot;background_background&quot;:&quot;classic&quot;}\">\n\t\t\t\t\t<div class=\"e-con-inner\">\n\t\t\t\t<div class=\"elementor-element elementor-element-d895a5a elementor-widget elementor-widget-text-editor\" data-id=\"d895a5a\" data-element_type=\"widget\" data-widget_type=\"text-editor.default\">\n\t\t\t\t<div class=\"elementor-widget-container\">\n\t\t\t\t\t\t\t\t\t<p>Music x Media &amp; Creative Finland<\/p><p>Teosto, Gramex, Tampereen Ammattikorkeakoulu Media\/Arts, Helsingin nuorisopalvelut, Emma School Helsinki, DJ Academy Helsinki, Signaalimedia, Vibing Out, msonic, Genelec, Universal Audio, Tavara-asema, LiveFIN ry, Monitoimitalo 13, Tampereen nuorisopalvelut, Rytmi-instituutti, YleX<\/p>\t\t\t\t\t\t\t\t<\/div>\n\t\t\t\t<\/div>\n\t\t\t\t<div class=\"elementor-element elementor-element-e1db40c elementor-widget elementor-widget-spacer\" data-id=\"e1db40c\" data-element_type=\"widget\" data-widget_type=\"spacer.default\">\n\t\t\t\t<div class=\"elementor-widget-container\">\n\t\t\t\t\t\t\t<div class=\"elementor-spacer\">\n\t\t\t<div class=\"elementor-spacer-inner\"><\/div>\n\t\t<\/div>\n\t\t\t\t\t\t<\/div>\n\t\t\t\t<\/div>\n\t\t\t\t\t<\/div>\n\t\t\t\t<\/div>\n\t\t\t\t<\/div>","protected":false},"excerpt":{"rendered":"<p>Vuonna 2024 Fresh! by Music x Median monipuolisessa ohjelmassa n\u00e4htiin ja koettiin erilaisia ty\u00f6pajoja, mielenkiintoisia keskusteluja, verkostoitumista sek\u00e4 tavattiin alan toimijoita! Ty\u00f6pajoissa p\u00e4\u00e4stiin muun muassa tutustumaan \u00e4\u00e4nitysstudioihin, tekem\u00e4\u00e4n biittej\u00e4, kokeilemaan DJ-workshopia, osallistuttiin urasparraus-keskusteluihin, opeteltiin biisien kirjoittamista ja paljon muuta! Puhesis\u00e4ll\u00f6iss\u00e4 k\u00e4siteltiin musiikkialaa eri n\u00e4k\u00f6kulmista. Taphtumassa j\u00e4rjestetiin paneelikeskusteluja, keynote-puheenvuoroja sek\u00e4 tietoiskuja luovien alojen tekij\u00f6ille. Puhumassa oli [&hellip;]<\/p>","protected":false},"author":19,"featured_media":0,"parent":0,"menu_order":0,"comment_status":"closed","ping_status":"closed","template":"","meta":{"_acf_changed":false,"inline_featured_image":false,"footnotes":""},"class_list":["post-7674","page","type-page","status-publish","hentry"],"acf":[],"yoast_head":"<!-- This site is optimized with the Yoast SEO plugin v25.7 - https:\/\/yoast.com\/wordpress\/plugins\/seo\/ -->\n<title>Ohjelma 2024 - Fresh! by Music x Media - Music x Media<\/title>\n<meta name=\"robots\" content=\"index, follow, max-snippet:-1, max-image-preview:large, max-video-preview:-1\" \/>\n<link rel=\"canonical\" href=\"https:\/\/musicmedia.fi\/en\/fresh-ohjelma\/\" \/>\n<meta property=\"og:locale\" content=\"en_GB\" \/>\n<meta property=\"og:type\" content=\"article\" \/>\n<meta property=\"og:title\" content=\"Ohjelma 2024 - Fresh! by Music x Media - Music x Media\" \/>\n<meta property=\"og:description\" content=\"Vuonna 2024 Fresh! by Music x Median monipuolisessa ohjelmassa n\u00e4htiin ja koettiin erilaisia ty\u00f6pajoja, mielenkiintoisia keskusteluja, verkostoitumista sek\u00e4 tavattiin alan toimijoita! Ty\u00f6pajoissa p\u00e4\u00e4stiin muun muassa tutustumaan \u00e4\u00e4nitysstudioihin, tekem\u00e4\u00e4n biittej\u00e4, kokeilemaan DJ-workshopia, osallistuttiin urasparraus-keskusteluihin, opeteltiin biisien kirjoittamista ja paljon muuta! Puhesis\u00e4ll\u00f6iss\u00e4 k\u00e4siteltiin musiikkialaa eri n\u00e4k\u00f6kulmista. Taphtumassa j\u00e4rjestetiin paneelikeskusteluja, keynote-puheenvuoroja sek\u00e4 tietoiskuja luovien alojen tekij\u00f6ille. Puhumassa oli [&hellip;]\" \/>\n<meta property=\"og:url\" content=\"https:\/\/musicmedia.fi\/en\/fresh-ohjelma\/\" \/>\n<meta property=\"og:site_name\" content=\"Music x Media\" \/>\n<meta property=\"article:modified_time\" content=\"2025-03-26T15:07:05+00:00\" \/>\n<meta property=\"og:image\" content=\"https:\/\/musicmedia.fi\/wp-content\/uploads\/2024\/06\/DJ-Academy-MxM.jpg\" \/>\n\t<meta property=\"og:image:width\" content=\"1890\" \/>\n\t<meta property=\"og:image:height\" content=\"1063\" \/>\n\t<meta property=\"og:image:type\" content=\"image\/jpeg\" \/>\n<meta name=\"twitter:card\" content=\"summary_large_image\" \/>\n<meta name=\"twitter:label1\" content=\"Estimated reading time\" \/>\n\t<meta name=\"twitter:data1\" content=\"2 minutes\" \/>\n<script type=\"application\/ld+json\" class=\"yoast-schema-graph\">{\"@context\":\"https:\/\/schema.org\",\"@graph\":[{\"@type\":\"WebPage\",\"@id\":\"https:\/\/musicmedia.fi\/fresh-ohjelma\/\",\"url\":\"https:\/\/musicmedia.fi\/fresh-ohjelma\/\",\"name\":\"Ohjelma 2024 - Fresh! by Music x Media - Music x Media\",\"isPartOf\":{\"@id\":\"https:\/\/musicmedia.fi\/#website\"},\"primaryImageOfPage\":{\"@id\":\"https:\/\/musicmedia.fi\/fresh-ohjelma\/#primaryimage\"},\"image\":{\"@id\":\"https:\/\/musicmedia.fi\/fresh-ohjelma\/#primaryimage\"},\"thumbnailUrl\":\"https:\/\/musicmedia.fi\/wp-content\/uploads\/2024\/06\/DJ-Academy-MxM-768x432.jpg\",\"datePublished\":\"2024-06-04T18:17:48+00:00\",\"dateModified\":\"2025-03-26T15:07:05+00:00\",\"breadcrumb\":{\"@id\":\"https:\/\/musicmedia.fi\/fresh-ohjelma\/#breadcrumb\"},\"inLanguage\":\"en-GB\",\"potentialAction\":[{\"@type\":\"ReadAction\",\"target\":[\"https:\/\/musicmedia.fi\/fresh-ohjelma\/\"]}]},{\"@type\":\"ImageObject\",\"inLanguage\":\"en-GB\",\"@id\":\"https:\/\/musicmedia.fi\/fresh-ohjelma\/#primaryimage\",\"url\":\"https:\/\/musicmedia.fi\/wp-content\/uploads\/2024\/06\/DJ-Academy-MxM-768x432.jpg\",\"contentUrl\":\"https:\/\/musicmedia.fi\/wp-content\/uploads\/2024\/06\/DJ-Academy-MxM-768x432.jpg\"},{\"@type\":\"BreadcrumbList\",\"@id\":\"https:\/\/musicmedia.fi\/fresh-ohjelma\/#breadcrumb\",\"itemListElement\":[{\"@type\":\"ListItem\",\"position\":1,\"name\":\"Home\",\"item\":\"https:\/\/musicmedia.fi\/\"},{\"@type\":\"ListItem\",\"position\":2,\"name\":\"Ohjelma 2024 &#8211; Fresh! by Music x Media\"}]},{\"@type\":\"WebSite\",\"@id\":\"https:\/\/musicmedia.fi\/#website\",\"url\":\"https:\/\/musicmedia.fi\/\",\"name\":\"Music x Media\",\"description\":\"Musiikki-, viihde- ja tapahtuma-alojen kohtaamispaikka\",\"publisher\":{\"@id\":\"https:\/\/musicmedia.fi\/#organization\"},\"potentialAction\":[{\"@type\":\"SearchAction\",\"target\":{\"@type\":\"EntryPoint\",\"urlTemplate\":\"https:\/\/musicmedia.fi\/?s={search_term_string}\"},\"query-input\":{\"@type\":\"PropertyValueSpecification\",\"valueRequired\":true,\"valueName\":\"search_term_string\"}}],\"inLanguage\":\"en-GB\"},{\"@type\":\"Organization\",\"@id\":\"https:\/\/musicmedia.fi\/#organization\",\"name\":\"Music x Media\",\"url\":\"https:\/\/musicmedia.fi\/\",\"logo\":{\"@type\":\"ImageObject\",\"inLanguage\":\"en-GB\",\"@id\":\"https:\/\/musicmedia.fi\/#\/schema\/logo\/image\/\",\"url\":\"https:\/\/musicmedia.fi\/wp-content\/uploads\/2022\/05\/logo.png\",\"contentUrl\":\"https:\/\/musicmedia.fi\/wp-content\/uploads\/2022\/05\/logo.png\",\"width\":276,\"height\":147,\"caption\":\"Music x Media\"},\"image\":{\"@id\":\"https:\/\/musicmedia.fi\/#\/schema\/logo\/image\/\"}}]}<\/script>\n<!-- \/ Yoast SEO plugin. -->","yoast_head_json":{"title":"Ohjelma 2024 - Fresh! by Music x Media - Music x Media","robots":{"index":"index","follow":"follow","max-snippet":"max-snippet:-1","max-image-preview":"max-image-preview:large","max-video-preview":"max-video-preview:-1"},"canonical":"https:\/\/musicmedia.fi\/en\/fresh-ohjelma\/","og_locale":"en_GB","og_type":"article","og_title":"Ohjelma 2024 - Fresh! by Music x Media - Music x Media","og_description":"Vuonna 2024 Fresh! by Music x Median monipuolisessa ohjelmassa n\u00e4htiin ja koettiin erilaisia ty\u00f6pajoja, mielenkiintoisia keskusteluja, verkostoitumista sek\u00e4 tavattiin alan toimijoita! Ty\u00f6pajoissa p\u00e4\u00e4stiin muun muassa tutustumaan \u00e4\u00e4nitysstudioihin, tekem\u00e4\u00e4n biittej\u00e4, kokeilemaan DJ-workshopia, osallistuttiin urasparraus-keskusteluihin, opeteltiin biisien kirjoittamista ja paljon muuta! Puhesis\u00e4ll\u00f6iss\u00e4 k\u00e4siteltiin musiikkialaa eri n\u00e4k\u00f6kulmista. Taphtumassa j\u00e4rjestetiin paneelikeskusteluja, keynote-puheenvuoroja sek\u00e4 tietoiskuja luovien alojen tekij\u00f6ille. Puhumassa oli [&hellip;]","og_url":"https:\/\/musicmedia.fi\/en\/fresh-ohjelma\/","og_site_name":"Music x Media","article_modified_time":"2025-03-26T15:07:05+00:00","og_image":[{"width":1890,"height":1063,"url":"https:\/\/musicmedia.fi\/wp-content\/uploads\/2024\/06\/DJ-Academy-MxM.jpg","type":"image\/jpeg"}],"twitter_card":"summary_large_image","twitter_misc":{"Estimated reading time":"2 minutes"},"schema":{"@context":"https:\/\/schema.org","@graph":[{"@type":"WebPage","@id":"https:\/\/musicmedia.fi\/fresh-ohjelma\/","url":"https:\/\/musicmedia.fi\/fresh-ohjelma\/","name":"Ohjelma 2024 - Fresh! by Music x Media - Music x Media","isPartOf":{"@id":"https:\/\/musicmedia.fi\/#website"},"primaryImageOfPage":{"@id":"https:\/\/musicmedia.fi\/fresh-ohjelma\/#primaryimage"},"image":{"@id":"https:\/\/musicmedia.fi\/fresh-ohjelma\/#primaryimage"},"thumbnailUrl":"https:\/\/musicmedia.fi\/wp-content\/uploads\/2024\/06\/DJ-Academy-MxM-768x432.jpg","datePublished":"2024-06-04T18:17:48+00:00","dateModified":"2025-03-26T15:07:05+00:00","breadcrumb":{"@id":"https:\/\/musicmedia.fi\/fresh-ohjelma\/#breadcrumb"},"inLanguage":"en-GB","potentialAction":[{"@type":"ReadAction","target":["https:\/\/musicmedia.fi\/fresh-ohjelma\/"]}]},{"@type":"ImageObject","inLanguage":"en-GB","@id":"https:\/\/musicmedia.fi\/fresh-ohjelma\/#primaryimage","url":"https:\/\/musicmedia.fi\/wp-content\/uploads\/2024\/06\/DJ-Academy-MxM-768x432.jpg","contentUrl":"https:\/\/musicmedia.fi\/wp-content\/uploads\/2024\/06\/DJ-Academy-MxM-768x432.jpg"},{"@type":"BreadcrumbList","@id":"https:\/\/musicmedia.fi\/fresh-ohjelma\/#breadcrumb","itemListElement":[{"@type":"ListItem","position":1,"name":"Home","item":"https:\/\/musicmedia.fi\/"},{"@type":"ListItem","position":2,"name":"Ohjelma 2024 &#8211; Fresh! by Music x Media"}]},{"@type":"WebSite","@id":"https:\/\/musicmedia.fi\/#website","url":"https:\/\/musicmedia.fi\/","name":"Music x Media","description":"Bridging the worlds of Music, Entertainment, and Event Industries","publisher":{"@id":"https:\/\/musicmedia.fi\/#organization"},"potentialAction":[{"@type":"SearchAction","target":{"@type":"EntryPoint","urlTemplate":"https:\/\/musicmedia.fi\/?s={search_term_string}"},"query-input":{"@type":"PropertyValueSpecification","valueRequired":true,"valueName":"search_term_string"}}],"inLanguage":"en-GB"},{"@type":"Organization","@id":"https:\/\/musicmedia.fi\/#organization","name":"Music x Media","url":"https:\/\/musicmedia.fi\/","logo":{"@type":"ImageObject","inLanguage":"en-GB","@id":"https:\/\/musicmedia.fi\/#\/schema\/logo\/image\/","url":"https:\/\/musicmedia.fi\/wp-content\/uploads\/2022\/05\/logo.png","contentUrl":"https:\/\/musicmedia.fi\/wp-content\/uploads\/2022\/05\/logo.png","width":276,"height":147,"caption":"Music x Media"},"image":{"@id":"https:\/\/musicmedia.fi\/#\/schema\/logo\/image\/"}}]}},"_links":{"self":[{"href":"https:\/\/musicmedia.fi\/en\/wp-json\/wp\/v2\/pages\/7674","targetHints":{"allow":["GET"]}}],"collection":[{"href":"https:\/\/musicmedia.fi\/en\/wp-json\/wp\/v2\/pages"}],"about":[{"href":"https:\/\/musicmedia.fi\/en\/wp-json\/wp\/v2\/types\/page"}],"author":[{"embeddable":true,"href":"https:\/\/musicmedia.fi\/en\/wp-json\/wp\/v2\/users\/19"}],"replies":[{"embeddable":true,"href":"https:\/\/musicmedia.fi\/en\/wp-json\/wp\/v2\/comments?post=7674"}],"version-history":[{"count":0,"href":"https:\/\/musicmedia.fi\/en\/wp-json\/wp\/v2\/pages\/7674\/revisions"}],"wp:attachment":[{"href":"https:\/\/musicmedia.fi\/en\/wp-json\/wp\/v2\/media?parent=7674"}],"curies":[{"name":"wp","href":"https:\/\/api.w.org\/{rel}","templated":true}]}}