{"id":7478,"date":"2024-05-24T13:27:34","date_gmt":"2024-05-24T10:27:34","guid":{"rendered":"https:\/\/musicmedia.fi\/?page_id=7478"},"modified":"2026-02-16T14:17:49","modified_gmt":"2026-02-16T12:17:49","slug":"ohjelma-2024-vanha","status":"publish","type":"page","link":"https:\/\/musicmedia.fi\/en\/ohjelma-2024-vanha\/","title":{"rendered":"Ohjelma 2026 testi"},"content":{"rendered":"<div data-elementor-type=\"wp-page\" data-elementor-id=\"7478\" class=\"elementor elementor-7478\">\n\t\t\t\t\t\t<section class=\"elementor-section elementor-top-section elementor-element elementor-element-098dbad elementor-section-boxed elementor-section-height-default elementor-section-height-default\" data-id=\"098dbad\" data-element_type=\"section\">\n\t\t\t\t\t\t<div class=\"elementor-container elementor-column-gap-default\">\n\t\t\t\t\t<div class=\"elementor-column elementor-col-100 elementor-top-column elementor-element elementor-element-0176879\" data-id=\"0176879\" data-element_type=\"column\">\n\t\t\t<div class=\"elementor-widget-wrap elementor-element-populated\">\n\t\t\t\t\t\t<div class=\"elementor-element elementor-element-fa031be elementor-widget elementor-widget-spacer\" data-id=\"fa031be\" data-element_type=\"widget\" data-widget_type=\"spacer.default\">\n\t\t\t\t<div class=\"elementor-widget-container\">\n\t\t\t\t\t\t\t<div class=\"elementor-spacer\">\n\t\t\t<div class=\"elementor-spacer-inner\"><\/div>\n\t\t<\/div>\n\t\t\t\t\t\t<\/div>\n\t\t\t\t<\/div>\n\t\t\t\t\t<\/div>\n\t\t<\/div>\n\t\t\t\t\t<\/div>\n\t\t<\/section>\n\t\t\t\t<section class=\"elementor-section elementor-top-section elementor-element elementor-element-3509540 elementor-section-boxed elementor-section-height-default elementor-section-height-default\" data-id=\"3509540\" data-element_type=\"section\" data-settings=\"{&quot;background_background&quot;:&quot;classic&quot;}\">\n\t\t\t\t\t\t<div class=\"elementor-container elementor-column-gap-default\">\n\t\t\t\t\t<div class=\"elementor-column elementor-col-100 elementor-top-column elementor-element elementor-element-b3fc3af\" data-id=\"b3fc3af\" data-element_type=\"column\">\n\t\t\t<div class=\"elementor-widget-wrap elementor-element-populated\">\n\t\t\t\t\t\t<div class=\"elementor-element elementor-element-95c3a02 elementor-widget elementor-widget-text-editor\" data-id=\"95c3a02\" data-element_type=\"widget\" data-widget_type=\"text-editor.default\">\n\t\t\t\t<div class=\"elementor-widget-container\">\n\t\t\t\t\t\t\t\t\t<header class=\"page-header\">\n<h1>Music x Media 2026 \/ OHJELMA<\/h1>\n<\/header>\n<div class=\"page-content\">\n<p>Ensimm\u00e4iset puhujamme on julkistettu, ja t\u00e4m\u00e4n vuoden Music x Media keskittyy xxx<\/p>\n<p>As Finland's leading music and creative industries conference, we offer a wide range of engaging discussions, networking opportunities, inspiration, fresh ideas, and of course, music. The event will feature some of the most compelling speakers in the field and thought-provoking discussions.&nbsp;<\/p>\n<p><strong>Kaksip\u00e4iv\u00e4inen Music x Media j\u00e4rjestet\u00e4\u00e4n Tampereella 1.-2. lokakuuta 2026.<\/strong><\/p><\/div>\n<p><\/p>\t\t\t\t\t\t\t\t<\/div>\n\t\t\t\t<\/div>\n\t\t\t\t\t<\/div>\n\t\t<\/div>\n\t\t\t\t\t<\/div>\n\t\t<\/section>\n\t\t\t\t<section class=\"elementor-section elementor-top-section elementor-element elementor-element-c27b062 elementor-section-boxed elementor-section-height-default elementor-section-height-default\" data-id=\"c27b062\" data-element_type=\"section\" data-settings=\"{&quot;background_background&quot;:&quot;classic&quot;}\">\n\t\t\t\t\t\t<div class=\"elementor-container elementor-column-gap-default\">\n\t\t\t\t\t<div class=\"elementor-column elementor-col-100 elementor-top-column elementor-element elementor-element-758f53c0\" data-id=\"758f53c0\" data-element_type=\"column\">\n\t\t\t<div class=\"elementor-widget-wrap elementor-element-populated\">\n\t\t\t\t\t\t<div class=\"elementor-element elementor-element-77a43c4 elementor-widget elementor-widget-heading\" data-id=\"77a43c4\" data-element_type=\"widget\" data-widget_type=\"heading.default\">\n\t\t\t\t<div class=\"elementor-widget-container\">\n\t\t\t\t\t<h2 class=\"elementor-heading-title elementor-size-default\">Program News<\/h2>\t\t\t\t<\/div>\n\t\t\t\t<\/div>\n\t\t\t\t<div class=\"elementor-element elementor-element-6807c42 elementor-widget elementor-widget-ucaddon_post_blocks\" data-id=\"6807c42\" data-element_type=\"widget\" data-widget_type=\"ucaddon_post_blocks.default\">\n\t\t\t\t<div class=\"elementor-widget-container\">\n\t\t\t\t\t\n<!-- start Post Blocks -->\n\t\t<link id='font-awesome-css' href='https:\/\/musicmedia.fi\/wp-content\/plugins\/unlimited-elements-for-elementor\/assets_libraries\/font-awesome6\/fontawesome-all.min.css' type='text\/css' rel='stylesheet' >\n\t\t<link id='font-awesome-4-shim-css' href='https:\/\/musicmedia.fi\/wp-content\/plugins\/unlimited-elements-for-elementor\/assets_libraries\/font-awesome6\/fontawesome-v4-shims.min.css' type='text\/css' rel='stylesheet' >\n\n<style>\/* widget: Post Blocks *\/\n\n\n\n#uc_post_blocks_elementor_6807c42 {\n    display:grid;\n}\n#uc_post_blocks_elementor_6807c42 .ue_post_blocks_box\n{\n  overflow:hidden;\n}\n\n#uc_post_blocks_elementor_6807c42 .ue_post_blocks_image\n{\n  overflow:hidden;\n}\n#uc_post_blocks_elementor_6807c42 .ue_post_blocks_image img\n{\n  object-fit: cover;\n  object-position:center center;\n  width:100%;\n  display:block;\n}\n#uc_post_blocks_elementor_6807c42 .ue_post_blocks_link a\n{\n  display:inline-block;\n  text-decoration:none;\n  text-align:center;\n}\n\n #uc_post_blocks_elementor_6807c42 .ue_post_blocks_box img\n{\n  transition:0.5s;\n}\n #uc_post_blocks_elementor_6807c42 .ue_post_blocks_box:hover img\n{\n  transform:scale(1.1,1.1);\n}\n\n\n\n\n#uc_post_blocks_elementor_6807c42 .ue-grid-item-meta-data\n{\n  display:inlin-flex;\n  flex-wrap: wrap;\n}\n\n.ue-grid-item-meta-data\n{\n  font-size:12px;\n}\n\n#uc_post_blocks_elementor_6807c42 .ue-grid-item-meta-data-icon\n{\n  line-height:1em;\n}\n\n#uc_post_blocks_elementor_6807c42 .ue-grid-item-meta-data-icon svg\n{\n  width:1em;\n  height:1em;\n}\n\n\n.ue-grid-item-category a\n{\n  display:inline-block;\n  font-size:10px;\n  text-transform:uppercase;\n}\n\n<\/style>\n\n<div id=\"uc_post_blocks_elementor_6807c42\" class=\"ue_post_blocks uc-items-wrapper\" >\n    <div class=\"ue_post_blocks_box\">\n    <div class=\"ue_post_blocks_content\">\n      \n     \n         \n    <div class=\"ue_post_blocks_title\"><a href=\"https:\/\/musicmedia.fi\/en\/program\/ohjelma-testi\/\">Ohjelma - testi<\/a><\/div>    \n        \n    \n    <div class=\"ue_post_blocks_text\">testi testi<\/div>    <div class=\"ue_post_blocks_link\"><a href=\"https:\/\/musicmedia.fi\/en\/program\/ohjelma-testi\/\" class=\"\">Lue lis\u00e4\u00e4<div class=\"mm-luenuoli\">\u2191<\/div><\/a><\/div>  <\/div>\n<\/div>\n\n<\/div>\n<!-- end Post Blocks -->\t\t\t\t<\/div>\n\t\t\t\t<\/div>\n\t\t\t\t\t<\/div>\n\t\t<\/div>\n\t\t\t\t\t<\/div>\n\t\t<\/section>\n\t\t\t\t<section class=\"elementor-section elementor-top-section elementor-element elementor-element-e04a5b4 elementor-section-boxed elementor-section-height-default elementor-section-height-default\" data-id=\"e04a5b4\" data-element_type=\"section\">\n\t\t\t\t\t\t<div class=\"elementor-container elementor-column-gap-default\">\n\t\t\t\t\t<div class=\"elementor-column elementor-col-50 elementor-top-column elementor-element elementor-element-85cd0d7\" data-id=\"85cd0d7\" data-element_type=\"column\" data-settings=\"{&quot;background_background&quot;:&quot;classic&quot;}\">\n\t\t\t<div class=\"elementor-widget-wrap elementor-element-populated\">\n\t\t\t\t\t\t<div class=\"elementor-element elementor-element-e4ad7b6 elementor-widget elementor-widget-text-editor\" data-id=\"e4ad7b6\" data-element_type=\"widget\" data-widget_type=\"text-editor.default\">\n\t\t\t\t<div class=\"elementor-widget-container\">\n\t\t\t\t\t\t\t\t\t<h2>\u00a0<\/h2><h2>Buy discounted Early-bird tickets now!\u00a0<\/h2><p>Welcome to Music x Media and to Tampere in October! <br \/>You can find the discounted Early-bird tickets <a href=\"https:\/\/musicmedia.fi\/en\/liput\/?_gl=1*3e5kb1*_ga*ODg0NzA5Mjg2LjE3MTQxMjgwMDg.*_ga_3JWQXCQP9G*MTcxNDM3MzA0OC41LjEuMTcxNDM3MzE4OS4wLjAuMA..\">here<\/a>.<\/p><p>\u00a0<\/p>\t\t\t\t\t\t\t\t<\/div>\n\t\t\t\t<\/div>\n\t\t\t\t\t<\/div>\n\t\t<\/div>\n\t\t\t\t<div class=\"elementor-column elementor-col-50 elementor-top-column elementor-element elementor-element-03f8a14\" data-id=\"03f8a14\" data-element_type=\"column\" data-settings=\"{&quot;background_background&quot;:&quot;classic&quot;}\">\n\t\t\t<div class=\"elementor-widget-wrap elementor-element-populated\">\n\t\t\t\t\t\t\t<\/div>\n\t\t<\/div>\n\t\t\t\t\t<\/div>\n\t\t<\/section>\n\t\t\t\t<\/div>","protected":false},"excerpt":{"rendered":"<p>Music x Media 2026 \/ OHJELMA Ensimm\u00e4iset puhujamme on julkistettu, ja t\u00e4m\u00e4n vuoden Music x Media keskittyy xxx Suomen johtavana musiikki- ja luovan teollisuuden konferenssina tarjoamme laajan kattauksen kiinnostavia keskusteluja, verkostoitumista, inspiraatiota, tuoreita ideoita ja tietysti musiikkia. Tapahtumassa tullaan kuulemaan j\u00e4lleen alojen kiinnostavampia puhujia ja ajatuksia her\u00e4tt\u00e4vi\u00e4 keskusteluja. Kaksip\u00e4iv\u00e4inen Music x Media j\u00e4rjestet\u00e4\u00e4n Tampereella 1.-2. [&hellip;]<\/p>","protected":false},"author":16,"featured_media":0,"parent":0,"menu_order":0,"comment_status":"closed","ping_status":"closed","template":"","meta":{"_acf_changed":false,"inline_featured_image":false,"footnotes":""},"class_list":["post-7478","page","type-page","status-publish","hentry"],"acf":[],"yoast_head":"<!-- This site is optimized with the Yoast SEO plugin v25.7 - https:\/\/yoast.com\/wordpress\/plugins\/seo\/ -->\n<title>Ohjelma 2026 testi - Music x Media<\/title>\n<meta name=\"robots\" content=\"index, follow, max-snippet:-1, max-image-preview:large, max-video-preview:-1\" \/>\n<link rel=\"canonical\" href=\"https:\/\/musicmedia.fi\/en\/ohjelma-2024-vanha\/\" \/>\n<meta property=\"og:locale\" content=\"en_GB\" \/>\n<meta property=\"og:type\" content=\"article\" \/>\n<meta property=\"og:title\" content=\"Ohjelma 2026 testi - Music x Media\" \/>\n<meta property=\"og:description\" content=\"Music x Media 2026 \/ OHJELMA Ensimm\u00e4iset puhujamme on julkistettu, ja t\u00e4m\u00e4n vuoden Music x Media keskittyy xxx Suomen johtavana musiikki- ja luovan teollisuuden konferenssina tarjoamme laajan kattauksen kiinnostavia keskusteluja, verkostoitumista, inspiraatiota, tuoreita ideoita ja tietysti musiikkia. Tapahtumassa tullaan kuulemaan j\u00e4lleen alojen kiinnostavampia puhujia ja ajatuksia her\u00e4tt\u00e4vi\u00e4 keskusteluja. Kaksip\u00e4iv\u00e4inen Music x Media j\u00e4rjestet\u00e4\u00e4n Tampereella 1.-2. [&hellip;]\" \/>\n<meta property=\"og:url\" content=\"https:\/\/musicmedia.fi\/en\/ohjelma-2024-vanha\/\" \/>\n<meta property=\"og:site_name\" content=\"Music x Media\" \/>\n<meta property=\"article:modified_time\" content=\"2026-02-16T12:17:49+00:00\" \/>\n<meta property=\"og:image\" content=\"https:\/\/musicmedia.fi\/wp-content\/uploads\/2023\/05\/mxm_oletuskuva_some-1024x538.png\" \/>\n\t<meta property=\"og:image:width\" content=\"1024\" \/>\n\t<meta property=\"og:image:height\" content=\"538\" \/>\n\t<meta property=\"og:image:type\" content=\"image\/png\" \/>\n<meta name=\"twitter:card\" content=\"summary_large_image\" \/>\n<meta name=\"twitter:label1\" content=\"Estimated reading time\" \/>\n\t<meta name=\"twitter:data1\" content=\"1 minute\" \/>\n<script type=\"application\/ld+json\" class=\"yoast-schema-graph\">{\"@context\":\"https:\/\/schema.org\",\"@graph\":[{\"@type\":\"WebPage\",\"@id\":\"https:\/\/musicmedia.fi\/ohjelma-2024-vanha\/\",\"url\":\"https:\/\/musicmedia.fi\/ohjelma-2024-vanha\/\",\"name\":\"Ohjelma 2026 testi - Music x Media\",\"isPartOf\":{\"@id\":\"https:\/\/musicmedia.fi\/#website\"},\"datePublished\":\"2024-05-24T10:27:34+00:00\",\"dateModified\":\"2026-02-16T12:17:49+00:00\",\"breadcrumb\":{\"@id\":\"https:\/\/musicmedia.fi\/ohjelma-2024-vanha\/#breadcrumb\"},\"inLanguage\":\"en-GB\",\"potentialAction\":[{\"@type\":\"ReadAction\",\"target\":[\"https:\/\/musicmedia.fi\/ohjelma-2024-vanha\/\"]}]},{\"@type\":\"BreadcrumbList\",\"@id\":\"https:\/\/musicmedia.fi\/ohjelma-2024-vanha\/#breadcrumb\",\"itemListElement\":[{\"@type\":\"ListItem\",\"position\":1,\"name\":\"Home\",\"item\":\"https:\/\/musicmedia.fi\/\"},{\"@type\":\"ListItem\",\"position\":2,\"name\":\"Ohjelma 2026 testi\"}]},{\"@type\":\"WebSite\",\"@id\":\"https:\/\/musicmedia.fi\/#website\",\"url\":\"https:\/\/musicmedia.fi\/\",\"name\":\"Music x Media\",\"description\":\"Musiikki-, viihde- ja tapahtuma-alojen kohtaamispaikka\",\"publisher\":{\"@id\":\"https:\/\/musicmedia.fi\/#organization\"},\"potentialAction\":[{\"@type\":\"SearchAction\",\"target\":{\"@type\":\"EntryPoint\",\"urlTemplate\":\"https:\/\/musicmedia.fi\/?s={search_term_string}\"},\"query-input\":{\"@type\":\"PropertyValueSpecification\",\"valueRequired\":true,\"valueName\":\"search_term_string\"}}],\"inLanguage\":\"en-GB\"},{\"@type\":\"Organization\",\"@id\":\"https:\/\/musicmedia.fi\/#organization\",\"name\":\"Music x Media\",\"url\":\"https:\/\/musicmedia.fi\/\",\"logo\":{\"@type\":\"ImageObject\",\"inLanguage\":\"en-GB\",\"@id\":\"https:\/\/musicmedia.fi\/#\/schema\/logo\/image\/\",\"url\":\"https:\/\/musicmedia.fi\/wp-content\/uploads\/2022\/05\/logo.png\",\"contentUrl\":\"https:\/\/musicmedia.fi\/wp-content\/uploads\/2022\/05\/logo.png\",\"width\":276,\"height\":147,\"caption\":\"Music x Media\"},\"image\":{\"@id\":\"https:\/\/musicmedia.fi\/#\/schema\/logo\/image\/\"}}]}<\/script>\n<!-- \/ Yoast SEO plugin. -->","yoast_head_json":{"title":"Ohjelma 2026 testi - Music x Media","robots":{"index":"index","follow":"follow","max-snippet":"max-snippet:-1","max-image-preview":"max-image-preview:large","max-video-preview":"max-video-preview:-1"},"canonical":"https:\/\/musicmedia.fi\/en\/ohjelma-2024-vanha\/","og_locale":"en_GB","og_type":"article","og_title":"Ohjelma 2026 testi - Music x Media","og_description":"Music x Media 2026 \/ OHJELMA Ensimm\u00e4iset puhujamme on julkistettu, ja t\u00e4m\u00e4n vuoden Music x Media keskittyy xxx Suomen johtavana musiikki- ja luovan teollisuuden konferenssina tarjoamme laajan kattauksen kiinnostavia keskusteluja, verkostoitumista, inspiraatiota, tuoreita ideoita ja tietysti musiikkia. Tapahtumassa tullaan kuulemaan j\u00e4lleen alojen kiinnostavampia puhujia ja ajatuksia her\u00e4tt\u00e4vi\u00e4 keskusteluja. Kaksip\u00e4iv\u00e4inen Music x Media j\u00e4rjestet\u00e4\u00e4n Tampereella 1.-2. [&hellip;]","og_url":"https:\/\/musicmedia.fi\/en\/ohjelma-2024-vanha\/","og_site_name":"Music x Media","article_modified_time":"2026-02-16T12:17:49+00:00","og_image":[{"width":1024,"height":538,"url":"https:\/\/musicmedia.fi\/wp-content\/uploads\/2023\/05\/mxm_oletuskuva_some-1024x538.png","type":"image\/png"}],"twitter_card":"summary_large_image","twitter_misc":{"Estimated reading time":"1 minute"},"schema":{"@context":"https:\/\/schema.org","@graph":[{"@type":"WebPage","@id":"https:\/\/musicmedia.fi\/ohjelma-2024-vanha\/","url":"https:\/\/musicmedia.fi\/ohjelma-2024-vanha\/","name":"Ohjelma 2026 testi - Music x Media","isPartOf":{"@id":"https:\/\/musicmedia.fi\/#website"},"datePublished":"2024-05-24T10:27:34+00:00","dateModified":"2026-02-16T12:17:49+00:00","breadcrumb":{"@id":"https:\/\/musicmedia.fi\/ohjelma-2024-vanha\/#breadcrumb"},"inLanguage":"en-GB","potentialAction":[{"@type":"ReadAction","target":["https:\/\/musicmedia.fi\/ohjelma-2024-vanha\/"]}]},{"@type":"BreadcrumbList","@id":"https:\/\/musicmedia.fi\/ohjelma-2024-vanha\/#breadcrumb","itemListElement":[{"@type":"ListItem","position":1,"name":"Home","item":"https:\/\/musicmedia.fi\/"},{"@type":"ListItem","position":2,"name":"Ohjelma 2026 testi"}]},{"@type":"WebSite","@id":"https:\/\/musicmedia.fi\/#website","url":"https:\/\/musicmedia.fi\/","name":"Music x Media","description":"Bridging the worlds of Music, Entertainment, and Event Industries","publisher":{"@id":"https:\/\/musicmedia.fi\/#organization"},"potentialAction":[{"@type":"SearchAction","target":{"@type":"EntryPoint","urlTemplate":"https:\/\/musicmedia.fi\/?s={search_term_string}"},"query-input":{"@type":"PropertyValueSpecification","valueRequired":true,"valueName":"search_term_string"}}],"inLanguage":"en-GB"},{"@type":"Organization","@id":"https:\/\/musicmedia.fi\/#organization","name":"Music x Media","url":"https:\/\/musicmedia.fi\/","logo":{"@type":"ImageObject","inLanguage":"en-GB","@id":"https:\/\/musicmedia.fi\/#\/schema\/logo\/image\/","url":"https:\/\/musicmedia.fi\/wp-content\/uploads\/2022\/05\/logo.png","contentUrl":"https:\/\/musicmedia.fi\/wp-content\/uploads\/2022\/05\/logo.png","width":276,"height":147,"caption":"Music x Media"},"image":{"@id":"https:\/\/musicmedia.fi\/#\/schema\/logo\/image\/"}}]}},"_links":{"self":[{"href":"https:\/\/musicmedia.fi\/en\/wp-json\/wp\/v2\/pages\/7478","targetHints":{"allow":["GET"]}}],"collection":[{"href":"https:\/\/musicmedia.fi\/en\/wp-json\/wp\/v2\/pages"}],"about":[{"href":"https:\/\/musicmedia.fi\/en\/wp-json\/wp\/v2\/types\/page"}],"author":[{"embeddable":true,"href":"https:\/\/musicmedia.fi\/en\/wp-json\/wp\/v2\/users\/16"}],"replies":[{"embeddable":true,"href":"https:\/\/musicmedia.fi\/en\/wp-json\/wp\/v2\/comments?post=7478"}],"version-history":[{"count":0,"href":"https:\/\/musicmedia.fi\/en\/wp-json\/wp\/v2\/pages\/7478\/revisions"}],"wp:attachment":[{"href":"https:\/\/musicmedia.fi\/en\/wp-json\/wp\/v2\/media?parent=7478"}],"curies":[{"name":"wp","href":"https:\/\/api.w.org\/{rel}","templated":true}]}}