{"id":3845,"date":"2023-05-07T21:19:32","date_gmt":"2023-05-07T18:19:32","guid":{"rendered":"https:\/\/musamedia.fi\/?page_id=3845"},"modified":"2025-12-14T18:57:08","modified_gmt":"2025-12-14T16:57:08","slug":"yhteys","status":"publish","type":"page","link":"https:\/\/musicmedia.fi\/en\/yhteys\/","title":{"rendered":"Contact the LIM team"},"content":{"rendered":"<div data-elementor-type=\"wp-page\" data-elementor-id=\"3845\" class=\"elementor elementor-3845\">\n\t\t\t\t<div class=\"elementor-element elementor-element-59a9283 e-flex e-con-boxed e-con e-parent\" data-id=\"59a9283\" data-element_type=\"container\">\n\t\t\t\t\t<div class=\"e-con-inner\">\n\t\t\t\t<div class=\"elementor-element elementor-element-737e6e4 elementor-widget elementor-widget-heading\" data-id=\"737e6e4\" data-element_type=\"widget\" data-widget_type=\"heading.default\">\n\t\t\t\t<div class=\"elementor-widget-container\">\n\t\t\t\t\t<h1 class=\"elementor-heading-title elementor-size-default\">Contact<\/h1>\t\t\t\t<\/div>\n\t\t\t\t<\/div>\n\t\t\t\t\t<\/div>\n\t\t\t\t<\/div>\n\t\t<div class=\"elementor-element elementor-element-65de9e3 e-flex e-con-boxed e-con e-parent\" data-id=\"65de9e3\" data-element_type=\"container\">\n\t\t\t\t\t<div class=\"e-con-inner\">\n\t\t\t\t<div class=\"elementor-element elementor-element-26b82b5 elementor-widget elementor-widget-text-editor\" data-id=\"26b82b5\" data-element_type=\"widget\" data-widget_type=\"text-editor.default\">\n\t\t\t\t<div class=\"elementor-widget-container\">\n\t\t\t\t\t\t\t\t\t<p>Do you have any questions? You can reach us by email info@musicmedia.fi<\/p>\t\t\t\t\t\t\t\t<\/div>\n\t\t\t\t<\/div>\n\t\t\t\t\t<\/div>\n\t\t\t\t<\/div>\n\t\t<div class=\"elementor-element elementor-element-300c2ba e-flex e-con-boxed e-con e-parent\" data-id=\"300c2ba\" data-element_type=\"container\">\n\t\t\t\t\t<div class=\"e-con-inner\">\n\t\t\t\t<div class=\"elementor-element elementor-element-05a452b elementor-widget__width-initial elementor-widget elementor-widget-text-editor\" data-id=\"05a452b\" data-element_type=\"widget\" data-widget_type=\"text-editor.default\">\n\t\t\t\t<div class=\"elementor-widget-container\">\n\t\t\t\t\t\t\t\t\t<h2>Music x Media team:<\/h2><p><strong>Lotta Savolainen<\/strong><br \/>CEO<br \/>lotta.savolainen@musicmedia.fi<\/p><p><strong>Petra Kyt\u00f6l\u00e4<\/strong><br \/>COO<br \/>petra.kytola@musicmedia.fi<\/p>\t\t\t\t\t\t\t\t<\/div>\n\t\t\t\t<\/div>\n\t\t\t\t\t<\/div>\n\t\t\t\t<\/div>\n\t\t<div class=\"elementor-element elementor-element-82c5928 e-flex e-con-boxed e-con e-parent\" data-id=\"82c5928\" data-element_type=\"container\">\n\t\t\t\t\t<div class=\"e-con-inner\">\n\t\t\t\t<div class=\"elementor-element elementor-element-b65ce4a elementor-widget elementor-widget-image\" data-id=\"b65ce4a\" data-element_type=\"widget\" data-widget_type=\"image.default\">\n\t\t\t\t<div class=\"elementor-widget-container\">\n\t\t\t\t\t\t\t\t\t\t\t\t\t\t\t<img fetchpriority=\"high\" decoding=\"async\" width=\"800\" height=\"534\" src=\"https:\/\/musicmedia.fi\/wp-content\/uploads\/2025\/12\/1-1-1024x683.jpg\" class=\"attachment-large size-large wp-image-12593\" alt=\"\" srcset=\"https:\/\/musicmedia.fi\/wp-content\/uploads\/2025\/12\/1-1-1024x683.jpg 1024w, https:\/\/musicmedia.fi\/wp-content\/uploads\/2025\/12\/1-1-300x200.jpg 300w, https:\/\/musicmedia.fi\/wp-content\/uploads\/2025\/12\/1-1-768x512.jpg 768w, https:\/\/musicmedia.fi\/wp-content\/uploads\/2025\/12\/1-1-1536x1024.jpg 1536w, https:\/\/musicmedia.fi\/wp-content\/uploads\/2025\/12\/1-1-2048x1365.jpg 2048w, https:\/\/musicmedia.fi\/wp-content\/uploads\/2025\/12\/1-1-18x12.jpg 18w\" sizes=\"(max-width: 800px) 100vw, 800px\" \/>\t\t\t\t\t\t\t\t\t\t\t\t\t\t\t<\/div>\n\t\t\t\t<\/div>\n\t\t\t\t\t<\/div>\n\t\t\t\t<\/div>\n\t\t<div class=\"elementor-element elementor-element-513c15c e-flex e-con-boxed e-con e-parent\" data-id=\"513c15c\" data-element_type=\"container\">\n\t\t\t\t\t<div class=\"e-con-inner\">\n\t\t\t\t<div class=\"elementor-element elementor-element-c18dceb elementor-widget elementor-widget-text-editor\" data-id=\"c18dceb\" data-element_type=\"widget\" data-widget_type=\"text-editor.default\">\n\t\t\t\t<div class=\"elementor-widget-container\">\n\t\t\t\t\t\t\t\t\t<p>Lotta Savolainen ja Petra Kyt\u00f6l\u00e4<br \/>Kuvaaja: Emma Suominen<\/p>\t\t\t\t\t\t\t\t<\/div>\n\t\t\t\t<\/div>\n\t\t\t\t<div class=\"elementor-element elementor-element-9e75bcf elementor-widget-divider--view-line elementor-widget elementor-widget-divider\" data-id=\"9e75bcf\" data-element_type=\"widget\" data-widget_type=\"divider.default\">\n\t\t\t\t<div class=\"elementor-widget-container\">\n\t\t\t\t\t\t\t<div class=\"elementor-divider\">\n\t\t\t<span class=\"elementor-divider-separator\">\n\t\t\t\t\t\t<\/span>\n\t\t<\/div>\n\t\t\t\t\t\t<\/div>\n\t\t\t\t<\/div>\n\t\t\t\t\t<\/div>\n\t\t\t\t<\/div>\n\t\t<div class=\"elementor-element elementor-element-23f8d3f e-flex e-con-boxed e-con e-parent\" data-id=\"23f8d3f\" data-element_type=\"container\">\n\t\t\t\t\t<div class=\"e-con-inner\">\n\t\t\t\t<div class=\"elementor-element elementor-element-d4e076b elementor-widget elementor-widget-text-editor\" data-id=\"d4e076b\" data-element_type=\"widget\" data-widget_type=\"text-editor.default\">\n\t\t\t\t<div class=\"elementor-widget-container\">\n\t\t\t\t\t\t\t\t\t<h2>Music x Media invoicing details<\/h2><p><strong>E-invoice:<\/strong><br \/>Suomen Musiikki &amp; Media-Tapahtumat S.M.M. Oy<br \/>E-invoice and OVT: 003707928960<br \/>Operator: Apix Messaging Oy<br \/>Operator ID: DABAFIHH<\/p><p><span dir=\"ltr\" role=\"presentation\">Please note that<\/span><span dir=\"ltr\" role=\"presentation\">if you are using any of the following operators <\/span><span dir=\"ltr\" role=\"presentation\">for e-invoicing: <\/span><strong><span dir=\"ltr\" role=\"presentation\">Danske\u00a0<\/span><span dir=\"ltr\" role=\"presentation\">Bank\u00a0<\/span><span dir=\"ltr\" role=\"presentation\">Oyj,\u00a0<\/span><span dir=\"ltr\" role=\"presentation\">Handelsbanken,\u00a0<\/span><span dir=\"ltr\" role=\"presentation\">Paikallisosuuspankit <\/span><span dir=\"ltr\" role=\"presentation\">or <\/span><\/strong><strong><span dir=\"ltr\" role=\"presentation\">S\u00e4\u00e4st\u00f6pankit<\/span><\/strong><span dir=\"ltr\" role=\"presentation\">, you will have to use the following Apix e-invoicing information:<\/span><\/p><p><span dir=\"ltr\" role=\"presentation\">E-invoice: 003723327487<\/span><span dir=\"ltr\" role=\"presentation\">7<br \/>operaattoritunnus: DABAFIHH<\/span><\/p><p><span dir=\"ltr\" role=\"presentation\"><strong>Invoices by post<\/strong>:<\/span><br role=\"presentation\" \/><span dir=\"ltr\" role=\"presentation\">Suomen Musiikki &amp; Media<\/span><span dir=\"ltr\" role=\"presentation\">\u2013<\/span><span dir=\"ltr\" role=\"presentation\">Tapahtumat S.M.M. Oy <br \/>(Apix skannauspalvelu)<\/span><br role=\"presentation\" \/><span dir=\"ltr\" role=\"presentation\">PL 16112<\/span><br role=\"presentation\" \/><span dir=\"ltr\" role=\"presentation\">00021 LASKUTUS<\/span><\/p><p><span dir=\"ltr\" role=\"presentation\"><strong>Pdf-invoice<\/strong>:<\/span><br role=\"presentation\" \/><span dir=\"ltr\" role=\"presentation\">003707928960@procountor.apix.fi<\/span><\/p>\t\t\t\t\t\t\t\t<\/div>\n\t\t\t\t<\/div>\n\t\t\t\t<div class=\"elementor-element elementor-element-c794424 elementor-widget elementor-widget-spacer\" data-id=\"c794424\" data-element_type=\"widget\" data-widget_type=\"spacer.default\">\n\t\t\t\t<div class=\"elementor-widget-container\">\n\t\t\t\t\t\t\t<div class=\"elementor-spacer\">\n\t\t\t<div class=\"elementor-spacer-inner\"><\/div>\n\t\t<\/div>\n\t\t\t\t\t\t<\/div>\n\t\t\t\t<\/div>\n\t\t\t\t\t<\/div>\n\t\t\t\t<\/div>\n\t\t\t\t<\/div>","protected":false},"excerpt":{"rendered":"<p>Yhteystiedot Onko Sinulla jotain kysytt\u00e4v\u00e4\u00e4? Tavoitat meid\u00e4t osoitteesta info@musicmedia.fi Music x Median tiimi Lotta SavolainenToimitusjohtajalotta.savolainen@musicmedia.fi Petra Kyt\u00f6l\u00e4Operatiivinen johtajapetra.kytola@musicmedia.fi Lotta Savolainen ja Petra Kyt\u00f6l\u00e4Kuvaaja: Emma Suominen Music x Median laskutustiedot Verkkolasku:Suomen Musiikki &amp; Media-Tapahtumat S.M.M. OyVerkkolaskutusosoite ja OVT tunnus: 003707928960Operaattori: Apix Messaging OyOperaattoritunnus: DABAFIHH Huomioittehan, ett\u00e4 mik\u00e4li k\u00e4yt\u00f6ss\u00e4nne on jokin seuraavista operaattoreista verkkolaskun l\u00e4hett\u00e4miseen: Danske\u00a0Bank\u00a0Oyj,\u00a0Handelsbanken,\u00a0Paikallisosuuspankit tai [&hellip;]<\/p>","protected":false},"author":16,"featured_media":0,"parent":0,"menu_order":0,"comment_status":"closed","ping_status":"closed","template":"","meta":{"_acf_changed":false,"inline_featured_image":false,"footnotes":""},"class_list":["post-3845","page","type-page","status-publish","hentry"],"acf":[],"yoast_head":"<!-- This site is optimized with the Yoast SEO plugin v25.7 - https:\/\/yoast.com\/wordpress\/plugins\/seo\/ -->\n<title>Yhteys - Music x Media<\/title>\n<meta name=\"robots\" content=\"index, follow, max-snippet:-1, max-image-preview:large, max-video-preview:-1\" \/>\n<link rel=\"canonical\" href=\"https:\/\/musicmedia.fi\/en\/yhteys\/\" \/>\n<meta property=\"og:locale\" content=\"en_GB\" \/>\n<meta property=\"og:type\" content=\"article\" \/>\n<meta property=\"og:title\" content=\"Yhteys - Music x Media\" \/>\n<meta property=\"og:description\" content=\"Yhteystiedot Onko Sinulla jotain kysytt\u00e4v\u00e4\u00e4? Tavoitat meid\u00e4t osoitteesta info@musicmedia.fi Music x Median tiimi Lotta SavolainenToimitusjohtajalotta.savolainen@musicmedia.fi Petra Kyt\u00f6l\u00e4Operatiivinen johtajapetra.kytola@musicmedia.fi Lotta Savolainen ja Petra Kyt\u00f6l\u00e4Kuvaaja: Emma Suominen Music x Median laskutustiedot Verkkolasku:Suomen Musiikki &amp; Media-Tapahtumat S.M.M. OyVerkkolaskutusosoite ja OVT tunnus: 003707928960Operaattori: Apix Messaging OyOperaattoritunnus: DABAFIHH Huomioittehan, ett\u00e4 mik\u00e4li k\u00e4yt\u00f6ss\u00e4nne on jokin seuraavista operaattoreista verkkolaskun l\u00e4hett\u00e4miseen: Danske\u00a0Bank\u00a0Oyj,\u00a0Handelsbanken,\u00a0Paikallisosuuspankit tai [&hellip;]\" \/>\n<meta property=\"og:url\" content=\"https:\/\/musicmedia.fi\/en\/yhteys\/\" \/>\n<meta property=\"og:site_name\" content=\"Music x Media\" \/>\n<meta property=\"article:modified_time\" content=\"2025-12-14T16:57:08+00:00\" \/>\n<meta property=\"og:image\" content=\"https:\/\/musicmedia.fi\/wp-content\/uploads\/2025\/12\/1-1.jpg\" \/>\n\t<meta property=\"og:image:width\" content=\"2085\" \/>\n\t<meta property=\"og:image:height\" content=\"1390\" \/>\n\t<meta property=\"og:image:type\" content=\"image\/jpeg\" \/>\n<meta name=\"twitter:card\" content=\"summary_large_image\" \/>\n<meta name=\"twitter:label1\" content=\"Estimated reading time\" \/>\n\t<meta name=\"twitter:data1\" content=\"1 minute\" \/>\n<script type=\"application\/ld+json\" class=\"yoast-schema-graph\">{\"@context\":\"https:\/\/schema.org\",\"@graph\":[{\"@type\":\"WebPage\",\"@id\":\"https:\/\/musicmedia.fi\/yhteys\/\",\"url\":\"https:\/\/musicmedia.fi\/yhteys\/\",\"name\":\"Yhteys - Music x Media\",\"isPartOf\":{\"@id\":\"https:\/\/musicmedia.fi\/#website\"},\"primaryImageOfPage\":{\"@id\":\"https:\/\/musicmedia.fi\/yhteys\/#primaryimage\"},\"image\":{\"@id\":\"https:\/\/musicmedia.fi\/yhteys\/#primaryimage\"},\"thumbnailUrl\":\"https:\/\/musicmedia.fi\/wp-content\/uploads\/2025\/12\/1-1-1024x683.jpg\",\"datePublished\":\"2023-05-07T18:19:32+00:00\",\"dateModified\":\"2025-12-14T16:57:08+00:00\",\"breadcrumb\":{\"@id\":\"https:\/\/musicmedia.fi\/yhteys\/#breadcrumb\"},\"inLanguage\":\"en-GB\",\"potentialAction\":[{\"@type\":\"ReadAction\",\"target\":[\"https:\/\/musicmedia.fi\/yhteys\/\"]}]},{\"@type\":\"ImageObject\",\"inLanguage\":\"en-GB\",\"@id\":\"https:\/\/musicmedia.fi\/yhteys\/#primaryimage\",\"url\":\"https:\/\/musicmedia.fi\/wp-content\/uploads\/2025\/12\/1-1-1024x683.jpg\",\"contentUrl\":\"https:\/\/musicmedia.fi\/wp-content\/uploads\/2025\/12\/1-1-1024x683.jpg\"},{\"@type\":\"BreadcrumbList\",\"@id\":\"https:\/\/musicmedia.fi\/yhteys\/#breadcrumb\",\"itemListElement\":[{\"@type\":\"ListItem\",\"position\":1,\"name\":\"Home\",\"item\":\"https:\/\/musicmedia.fi\/\"},{\"@type\":\"ListItem\",\"position\":2,\"name\":\"Yhteys\"}]},{\"@type\":\"WebSite\",\"@id\":\"https:\/\/musicmedia.fi\/#website\",\"url\":\"https:\/\/musicmedia.fi\/\",\"name\":\"Music x Media\",\"description\":\"Musiikki-, viihde- ja tapahtuma-alojen kohtaamispaikka\",\"publisher\":{\"@id\":\"https:\/\/musicmedia.fi\/#organization\"},\"potentialAction\":[{\"@type\":\"SearchAction\",\"target\":{\"@type\":\"EntryPoint\",\"urlTemplate\":\"https:\/\/musicmedia.fi\/?s={search_term_string}\"},\"query-input\":{\"@type\":\"PropertyValueSpecification\",\"valueRequired\":true,\"valueName\":\"search_term_string\"}}],\"inLanguage\":\"en-GB\"},{\"@type\":\"Organization\",\"@id\":\"https:\/\/musicmedia.fi\/#organization\",\"name\":\"Music x Media\",\"url\":\"https:\/\/musicmedia.fi\/\",\"logo\":{\"@type\":\"ImageObject\",\"inLanguage\":\"en-GB\",\"@id\":\"https:\/\/musicmedia.fi\/#\/schema\/logo\/image\/\",\"url\":\"https:\/\/musicmedia.fi\/wp-content\/uploads\/2022\/05\/logo.png\",\"contentUrl\":\"https:\/\/musicmedia.fi\/wp-content\/uploads\/2022\/05\/logo.png\",\"width\":276,\"height\":147,\"caption\":\"Music x Media\"},\"image\":{\"@id\":\"https:\/\/musicmedia.fi\/#\/schema\/logo\/image\/\"}}]}<\/script>\n<!-- \/ Yoast SEO plugin. -->","yoast_head_json":{"title":"Yhteys - Music x Media","robots":{"index":"index","follow":"follow","max-snippet":"max-snippet:-1","max-image-preview":"max-image-preview:large","max-video-preview":"max-video-preview:-1"},"canonical":"https:\/\/musicmedia.fi\/en\/yhteys\/","og_locale":"en_GB","og_type":"article","og_title":"Yhteys - Music x Media","og_description":"Yhteystiedot Onko Sinulla jotain kysytt\u00e4v\u00e4\u00e4? Tavoitat meid\u00e4t osoitteesta info@musicmedia.fi Music x Median tiimi Lotta SavolainenToimitusjohtajalotta.savolainen@musicmedia.fi Petra Kyt\u00f6l\u00e4Operatiivinen johtajapetra.kytola@musicmedia.fi Lotta Savolainen ja Petra Kyt\u00f6l\u00e4Kuvaaja: Emma Suominen Music x Median laskutustiedot Verkkolasku:Suomen Musiikki &amp; Media-Tapahtumat S.M.M. OyVerkkolaskutusosoite ja OVT tunnus: 003707928960Operaattori: Apix Messaging OyOperaattoritunnus: DABAFIHH Huomioittehan, ett\u00e4 mik\u00e4li k\u00e4yt\u00f6ss\u00e4nne on jokin seuraavista operaattoreista verkkolaskun l\u00e4hett\u00e4miseen: Danske\u00a0Bank\u00a0Oyj,\u00a0Handelsbanken,\u00a0Paikallisosuuspankit tai [&hellip;]","og_url":"https:\/\/musicmedia.fi\/en\/yhteys\/","og_site_name":"Music x Media","article_modified_time":"2025-12-14T16:57:08+00:00","og_image":[{"width":2085,"height":1390,"url":"https:\/\/musicmedia.fi\/wp-content\/uploads\/2025\/12\/1-1.jpg","type":"image\/jpeg"}],"twitter_card":"summary_large_image","twitter_misc":{"Estimated reading time":"1 minute"},"schema":{"@context":"https:\/\/schema.org","@graph":[{"@type":"WebPage","@id":"https:\/\/musicmedia.fi\/yhteys\/","url":"https:\/\/musicmedia.fi\/yhteys\/","name":"Yhteys - Music x Media","isPartOf":{"@id":"https:\/\/musicmedia.fi\/#website"},"primaryImageOfPage":{"@id":"https:\/\/musicmedia.fi\/yhteys\/#primaryimage"},"image":{"@id":"https:\/\/musicmedia.fi\/yhteys\/#primaryimage"},"thumbnailUrl":"https:\/\/musicmedia.fi\/wp-content\/uploads\/2025\/12\/1-1-1024x683.jpg","datePublished":"2023-05-07T18:19:32+00:00","dateModified":"2025-12-14T16:57:08+00:00","breadcrumb":{"@id":"https:\/\/musicmedia.fi\/yhteys\/#breadcrumb"},"inLanguage":"en-GB","potentialAction":[{"@type":"ReadAction","target":["https:\/\/musicmedia.fi\/yhteys\/"]}]},{"@type":"ImageObject","inLanguage":"en-GB","@id":"https:\/\/musicmedia.fi\/yhteys\/#primaryimage","url":"https:\/\/musicmedia.fi\/wp-content\/uploads\/2025\/12\/1-1-1024x683.jpg","contentUrl":"https:\/\/musicmedia.fi\/wp-content\/uploads\/2025\/12\/1-1-1024x683.jpg"},{"@type":"BreadcrumbList","@id":"https:\/\/musicmedia.fi\/yhteys\/#breadcrumb","itemListElement":[{"@type":"ListItem","position":1,"name":"Home","item":"https:\/\/musicmedia.fi\/"},{"@type":"ListItem","position":2,"name":"Yhteys"}]},{"@type":"WebSite","@id":"https:\/\/musicmedia.fi\/#website","url":"https:\/\/musicmedia.fi\/","name":"Music x Media","description":"Bridging the worlds of Music, Entertainment, and Event Industries","publisher":{"@id":"https:\/\/musicmedia.fi\/#organization"},"potentialAction":[{"@type":"SearchAction","target":{"@type":"EntryPoint","urlTemplate":"https:\/\/musicmedia.fi\/?s={search_term_string}"},"query-input":{"@type":"PropertyValueSpecification","valueRequired":true,"valueName":"search_term_string"}}],"inLanguage":"en-GB"},{"@type":"Organization","@id":"https:\/\/musicmedia.fi\/#organization","name":"Music x Media","url":"https:\/\/musicmedia.fi\/","logo":{"@type":"ImageObject","inLanguage":"en-GB","@id":"https:\/\/musicmedia.fi\/#\/schema\/logo\/image\/","url":"https:\/\/musicmedia.fi\/wp-content\/uploads\/2022\/05\/logo.png","contentUrl":"https:\/\/musicmedia.fi\/wp-content\/uploads\/2022\/05\/logo.png","width":276,"height":147,"caption":"Music x Media"},"image":{"@id":"https:\/\/musicmedia.fi\/#\/schema\/logo\/image\/"}}]}},"_links":{"self":[{"href":"https:\/\/musicmedia.fi\/en\/wp-json\/wp\/v2\/pages\/3845","targetHints":{"allow":["GET"]}}],"collection":[{"href":"https:\/\/musicmedia.fi\/en\/wp-json\/wp\/v2\/pages"}],"about":[{"href":"https:\/\/musicmedia.fi\/en\/wp-json\/wp\/v2\/types\/page"}],"author":[{"embeddable":true,"href":"https:\/\/musicmedia.fi\/en\/wp-json\/wp\/v2\/users\/16"}],"replies":[{"embeddable":true,"href":"https:\/\/musicmedia.fi\/en\/wp-json\/wp\/v2\/comments?post=3845"}],"version-history":[{"count":0,"href":"https:\/\/musicmedia.fi\/en\/wp-json\/wp\/v2\/pages\/3845\/revisions"}],"wp:attachment":[{"href":"https:\/\/musicmedia.fi\/en\/wp-json\/wp\/v2\/media?parent=3845"}],"curies":[{"name":"wp","href":"https:\/\/api.w.org\/{rel}","templated":true}]}}