{"id":3837,"date":"2023-05-07T21:15:45","date_gmt":"2023-05-07T18:15:45","guid":{"rendered":"https:\/\/musamedia.fi\/?page_id=3837"},"modified":"2025-09-10T13:12:05","modified_gmt":"2025-09-10T10:12:05","slug":"avajaiset","status":"publish","type":"page","link":"https:\/\/musicmedia.fi\/en\/ohjelma-2025-3\/avajaiset\/","title":{"rendered":"Opening party"},"content":{"rendered":"<div data-elementor-type=\"wp-page\" data-elementor-id=\"3837\" class=\"elementor elementor-3837\">\n\t\t\t\t\t\t<section class=\"elementor-section elementor-top-section elementor-element elementor-element-20fc990 elementor-section-height-min-height elementor-section-boxed elementor-section-height-default elementor-section-items-middle\" data-id=\"20fc990\" data-element_type=\"section\" data-settings=\"{&quot;background_background&quot;:&quot;classic&quot;}\">\n\t\t\t\t\t\t<div class=\"elementor-container elementor-column-gap-default\">\n\t\t\t\t\t<div class=\"elementor-column elementor-col-100 elementor-top-column elementor-element elementor-element-18b4c38\" data-id=\"18b4c38\" data-element_type=\"column\">\n\t\t\t<div class=\"elementor-widget-wrap\">\n\t\t\t\t\t\t\t<\/div>\n\t\t<\/div>\n\t\t\t\t\t<\/div>\n\t\t<\/section>\n\t\t\t\t<section class=\"elementor-section elementor-top-section elementor-element elementor-element-cca457f elementor-section-boxed elementor-section-height-default elementor-section-height-default\" data-id=\"cca457f\" data-element_type=\"section\">\n\t\t\t\t\t\t<div class=\"elementor-container elementor-column-gap-default\">\n\t\t\t\t\t<div class=\"elementor-column elementor-col-100 elementor-top-column elementor-element elementor-element-e7ecada\" data-id=\"e7ecada\" data-element_type=\"column\">\n\t\t\t<div class=\"elementor-widget-wrap elementor-element-populated\">\n\t\t\t\t\t\t<div class=\"elementor-element elementor-element-7ed53ef elementor-widget elementor-widget-spacer\" data-id=\"7ed53ef\" data-element_type=\"widget\" data-widget_type=\"spacer.default\">\n\t\t\t\t<div class=\"elementor-widget-container\">\n\t\t\t\t\t\t\t<div class=\"elementor-spacer\">\n\t\t\t<div class=\"elementor-spacer-inner\"><\/div>\n\t\t<\/div>\n\t\t\t\t\t\t<\/div>\n\t\t\t\t<\/div>\n\t\t\t\t\t<\/div>\n\t\t<\/div>\n\t\t\t\t\t<\/div>\n\t\t<\/section>\n\t\t\t\t<section class=\"elementor-section elementor-top-section elementor-element elementor-element-d2e66e0 elementor-section-boxed elementor-section-height-default elementor-section-height-default\" data-id=\"d2e66e0\" data-element_type=\"section\">\n\t\t\t\t\t\t<div class=\"elementor-container elementor-column-gap-default\">\n\t\t\t\t\t<div class=\"elementor-column elementor-col-100 elementor-top-column elementor-element elementor-element-b54b978\" data-id=\"b54b978\" data-element_type=\"column\" data-settings=\"{&quot;background_background&quot;:&quot;classic&quot;}\">\n\t\t\t<div class=\"elementor-widget-wrap elementor-element-populated\">\n\t\t\t\t\t\t<div class=\"elementor-element elementor-element-a26b892 elementor-widget elementor-widget-text-editor\" data-id=\"a26b892\" data-element_type=\"widget\" data-widget_type=\"text-editor.default\">\n\t\t\t\t<div class=\"elementor-widget-container\">\n\t\t\t\t\t\t\t\t\t<h1><span style=\"font-family: var( --e-global-typography-primary-font-family ), Sans-serif; font-size: 2.5rem; background-color: var( --e-global-color-371159e );\">Opening party\u00a0<\/span><\/h1><p>On the first event day of Music x Media, we celebrate the opening party <strong>Thursday, 25 September 2025, from 6 to 8 p.m.<\/strong>\u00a0<a href=\"https:\/\/tavara-asema.fi\/\">at Tavara-asema<\/a> (Ratapihankatu 33, 33100 Tampere).\u00a0\u00a0<\/p><p>The official partners of the opening ceremony are <a href=\"https:\/\/www.theorchard.com\/\">The Orchard<\/a> and <a href=\"https:\/\/www.tampere.fi\/\">Tampere City<\/a>.<\/p><p class=\"translation-block\">At the event, there will be live music and speeches, as well as a buffet with light refreshments and good company.<\/p><p>All seminar guests who have purchased a ticket to Music x Media are welcome to attend the Opening Party.<\/p><p><em>The Orchard is a full-service music distribution company operating in more than 45 cities worldwide, celebrating their 25th anniversary last year. They manage their cross-region services in the Nordics out of their offices in Stockholm, Oslo and Copenhagen.<\/em><\/p><p><em>The Orchard's comprehensive artist &amp; label services offer innovative technology, transparent data analysis, and expertise to reach fans and grow audiences.  Offerings include digital and physical sales and marketing, advertising, sync and brand partnerships, rights management, video monetization, collaborator splits and royalty accounting, publishing administration and more. The Orchard empowers creators and entrepreneurs to grow and adapt in the dynamic, global industry.<\/em><\/p>\t\t\t\t\t\t\t\t<\/div>\n\t\t\t\t<\/div>\n\t\t\t\t\t<\/div>\n\t\t<\/div>\n\t\t\t\t\t<\/div>\n\t\t<\/section>\n\t\t<div class=\"elementor-element elementor-element-1726efa e-flex e-con-boxed e-con e-parent\" data-id=\"1726efa\" data-element_type=\"container\">\n\t\t\t\t\t<div class=\"e-con-inner\">\n\t\t\t\t<div class=\"elementor-element elementor-element-2f361b6 elementor-widget elementor-widget-spacer\" data-id=\"2f361b6\" data-element_type=\"widget\" data-widget_type=\"spacer.default\">\n\t\t\t\t<div class=\"elementor-widget-container\">\n\t\t\t\t\t\t\t<div class=\"elementor-spacer\">\n\t\t\t<div class=\"elementor-spacer-inner\"><\/div>\n\t\t<\/div>\n\t\t\t\t\t\t<\/div>\n\t\t\t\t<\/div>\n\t\t\t\t\t<\/div>\n\t\t\t\t<\/div>\n\t\t\t\t<\/div>","protected":false},"excerpt":{"rendered":"<p>Avajaiset\u00a0 Music x Median ensimm\u00e4inen p\u00e4iv\u00e4 p\u00e4\u00e4tet\u00e4\u00e4n perinteisesti tapahtuman virallisilla avajaisilla, jotka j\u00e4rjestet\u00e4\u00e4n torstaina 25.9.2025 klo 18-20\u00a0Tavara-asemalla (Ratapihankatu 33, 33100 Tampere).\u00a0\u00a0 Avajaisten virallisena kumppanina toimivat The Orchard ja Tampeereen kaupunki. Tilaisuudessa kuullaan livemusiikkia ja puheita sek\u00e4 nautitaan kevyen buffet-p\u00f6yd\u00e4n tarjoiluista ja hyv\u00e4st\u00e4 seurasta. Avajaisjuhliin p\u00e4\u00e4sev\u00e4t osallistumaan kaikki Music x Mediaan lipun ostaneet seminaarivieraat. The Orchard [&hellip;]<\/p>","protected":false},"author":16,"featured_media":0,"parent":11300,"menu_order":1,"comment_status":"closed","ping_status":"closed","template":"","meta":{"_acf_changed":false,"inline_featured_image":false,"footnotes":""},"class_list":["post-3837","page","type-page","status-publish","hentry"],"acf":[],"yoast_head":"<!-- This site is optimized with the Yoast SEO plugin v25.7 - https:\/\/yoast.com\/wordpress\/plugins\/seo\/ -->\n<title>Avajaiset - Music x Media<\/title>\n<meta name=\"robots\" content=\"index, follow, max-snippet:-1, max-image-preview:large, max-video-preview:-1\" \/>\n<link rel=\"canonical\" href=\"https:\/\/musicmedia.fi\/en\/ohjelma-2025-3\/avajaiset\/\" \/>\n<meta property=\"og:locale\" content=\"en_GB\" \/>\n<meta property=\"og:type\" content=\"article\" \/>\n<meta property=\"og:title\" content=\"Avajaiset - Music x Media\" \/>\n<meta property=\"og:description\" content=\"Avajaiset\u00a0 Music x Median ensimm\u00e4inen p\u00e4iv\u00e4 p\u00e4\u00e4tet\u00e4\u00e4n perinteisesti tapahtuman virallisilla avajaisilla, jotka j\u00e4rjestet\u00e4\u00e4n torstaina 25.9.2025 klo 18-20\u00a0Tavara-asemalla (Ratapihankatu 33, 33100 Tampere).\u00a0\u00a0 Avajaisten virallisena kumppanina toimivat The Orchard ja Tampeereen kaupunki. Tilaisuudessa kuullaan livemusiikkia ja puheita sek\u00e4 nautitaan kevyen buffet-p\u00f6yd\u00e4n tarjoiluista ja hyv\u00e4st\u00e4 seurasta. Avajaisjuhliin p\u00e4\u00e4sev\u00e4t osallistumaan kaikki Music x Mediaan lipun ostaneet seminaarivieraat. The Orchard [&hellip;]\" \/>\n<meta property=\"og:url\" content=\"https:\/\/musicmedia.fi\/en\/ohjelma-2025-3\/avajaiset\/\" \/>\n<meta property=\"og:site_name\" content=\"Music x Media\" \/>\n<meta property=\"article:modified_time\" content=\"2025-09-10T10:12:05+00:00\" \/>\n<meta property=\"og:image\" content=\"https:\/\/musicmedia.fi\/wp-content\/uploads\/2023\/05\/mxm_oletuskuva_some-1024x538.png\" \/>\n\t<meta property=\"og:image:width\" content=\"1024\" \/>\n\t<meta property=\"og:image:height\" content=\"538\" \/>\n\t<meta property=\"og:image:type\" content=\"image\/png\" \/>\n<meta name=\"twitter:card\" content=\"summary_large_image\" \/>\n<meta name=\"twitter:label1\" content=\"Estimated reading time\" \/>\n\t<meta name=\"twitter:data1\" content=\"1 minute\" \/>\n<script type=\"application\/ld+json\" class=\"yoast-schema-graph\">{\"@context\":\"https:\/\/schema.org\",\"@graph\":[{\"@type\":\"WebPage\",\"@id\":\"https:\/\/musicmedia.fi\/ohjelma-2025-3\/avajaiset\/\",\"url\":\"https:\/\/musicmedia.fi\/ohjelma-2025-3\/avajaiset\/\",\"name\":\"Avajaiset - Music x Media\",\"isPartOf\":{\"@id\":\"https:\/\/musicmedia.fi\/#website\"},\"datePublished\":\"2023-05-07T18:15:45+00:00\",\"dateModified\":\"2025-09-10T10:12:05+00:00\",\"breadcrumb\":{\"@id\":\"https:\/\/musicmedia.fi\/ohjelma-2025-3\/avajaiset\/#breadcrumb\"},\"inLanguage\":\"en-GB\",\"potentialAction\":[{\"@type\":\"ReadAction\",\"target\":[\"https:\/\/musicmedia.fi\/ohjelma-2025-3\/avajaiset\/\"]}]},{\"@type\":\"BreadcrumbList\",\"@id\":\"https:\/\/musicmedia.fi\/ohjelma-2025-3\/avajaiset\/#breadcrumb\",\"itemListElement\":[{\"@type\":\"ListItem\",\"position\":1,\"name\":\"Home\",\"item\":\"https:\/\/musicmedia.fi\/\"},{\"@type\":\"ListItem\",\"position\":2,\"name\":\"Ohjelma 2025\",\"item\":\"https:\/\/musicmedia.fi\/ohjelma-2025-3\/\"},{\"@type\":\"ListItem\",\"position\":3,\"name\":\"Avajaiset\"}]},{\"@type\":\"WebSite\",\"@id\":\"https:\/\/musicmedia.fi\/#website\",\"url\":\"https:\/\/musicmedia.fi\/\",\"name\":\"Music x Media\",\"description\":\"Musiikki-, viihde- ja tapahtuma-alojen kohtaamispaikka\",\"publisher\":{\"@id\":\"https:\/\/musicmedia.fi\/#organization\"},\"potentialAction\":[{\"@type\":\"SearchAction\",\"target\":{\"@type\":\"EntryPoint\",\"urlTemplate\":\"https:\/\/musicmedia.fi\/?s={search_term_string}\"},\"query-input\":{\"@type\":\"PropertyValueSpecification\",\"valueRequired\":true,\"valueName\":\"search_term_string\"}}],\"inLanguage\":\"en-GB\"},{\"@type\":\"Organization\",\"@id\":\"https:\/\/musicmedia.fi\/#organization\",\"name\":\"Music x Media\",\"url\":\"https:\/\/musicmedia.fi\/\",\"logo\":{\"@type\":\"ImageObject\",\"inLanguage\":\"en-GB\",\"@id\":\"https:\/\/musicmedia.fi\/#\/schema\/logo\/image\/\",\"url\":\"https:\/\/musicmedia.fi\/wp-content\/uploads\/2022\/05\/logo.png\",\"contentUrl\":\"https:\/\/musicmedia.fi\/wp-content\/uploads\/2022\/05\/logo.png\",\"width\":276,\"height\":147,\"caption\":\"Music x Media\"},\"image\":{\"@id\":\"https:\/\/musicmedia.fi\/#\/schema\/logo\/image\/\"}}]}<\/script>\n<!-- \/ Yoast SEO plugin. -->","yoast_head_json":{"title":"Avajaiset - Music x Media","robots":{"index":"index","follow":"follow","max-snippet":"max-snippet:-1","max-image-preview":"max-image-preview:large","max-video-preview":"max-video-preview:-1"},"canonical":"https:\/\/musicmedia.fi\/en\/ohjelma-2025-3\/avajaiset\/","og_locale":"en_GB","og_type":"article","og_title":"Avajaiset - Music x Media","og_description":"Avajaiset\u00a0 Music x Median ensimm\u00e4inen p\u00e4iv\u00e4 p\u00e4\u00e4tet\u00e4\u00e4n perinteisesti tapahtuman virallisilla avajaisilla, jotka j\u00e4rjestet\u00e4\u00e4n torstaina 25.9.2025 klo 18-20\u00a0Tavara-asemalla (Ratapihankatu 33, 33100 Tampere).\u00a0\u00a0 Avajaisten virallisena kumppanina toimivat The Orchard ja Tampeereen kaupunki. Tilaisuudessa kuullaan livemusiikkia ja puheita sek\u00e4 nautitaan kevyen buffet-p\u00f6yd\u00e4n tarjoiluista ja hyv\u00e4st\u00e4 seurasta. Avajaisjuhliin p\u00e4\u00e4sev\u00e4t osallistumaan kaikki Music x Mediaan lipun ostaneet seminaarivieraat. The Orchard [&hellip;]","og_url":"https:\/\/musicmedia.fi\/en\/ohjelma-2025-3\/avajaiset\/","og_site_name":"Music x Media","article_modified_time":"2025-09-10T10:12:05+00:00","og_image":[{"width":1024,"height":538,"url":"https:\/\/musicmedia.fi\/wp-content\/uploads\/2023\/05\/mxm_oletuskuva_some-1024x538.png","type":"image\/png"}],"twitter_card":"summary_large_image","twitter_misc":{"Estimated reading time":"1 minute"},"schema":{"@context":"https:\/\/schema.org","@graph":[{"@type":"WebPage","@id":"https:\/\/musicmedia.fi\/ohjelma-2025-3\/avajaiset\/","url":"https:\/\/musicmedia.fi\/ohjelma-2025-3\/avajaiset\/","name":"Avajaiset - Music x Media","isPartOf":{"@id":"https:\/\/musicmedia.fi\/#website"},"datePublished":"2023-05-07T18:15:45+00:00","dateModified":"2025-09-10T10:12:05+00:00","breadcrumb":{"@id":"https:\/\/musicmedia.fi\/ohjelma-2025-3\/avajaiset\/#breadcrumb"},"inLanguage":"en-GB","potentialAction":[{"@type":"ReadAction","target":["https:\/\/musicmedia.fi\/ohjelma-2025-3\/avajaiset\/"]}]},{"@type":"BreadcrumbList","@id":"https:\/\/musicmedia.fi\/ohjelma-2025-3\/avajaiset\/#breadcrumb","itemListElement":[{"@type":"ListItem","position":1,"name":"Home","item":"https:\/\/musicmedia.fi\/"},{"@type":"ListItem","position":2,"name":"Ohjelma 2025","item":"https:\/\/musicmedia.fi\/ohjelma-2025-3\/"},{"@type":"ListItem","position":3,"name":"Avajaiset"}]},{"@type":"WebSite","@id":"https:\/\/musicmedia.fi\/#website","url":"https:\/\/musicmedia.fi\/","name":"Music x Media","description":"Bridging the worlds of Music, Entertainment, and Event Industries","publisher":{"@id":"https:\/\/musicmedia.fi\/#organization"},"potentialAction":[{"@type":"SearchAction","target":{"@type":"EntryPoint","urlTemplate":"https:\/\/musicmedia.fi\/?s={search_term_string}"},"query-input":{"@type":"PropertyValueSpecification","valueRequired":true,"valueName":"search_term_string"}}],"inLanguage":"en-GB"},{"@type":"Organization","@id":"https:\/\/musicmedia.fi\/#organization","name":"Music x Media","url":"https:\/\/musicmedia.fi\/","logo":{"@type":"ImageObject","inLanguage":"en-GB","@id":"https:\/\/musicmedia.fi\/#\/schema\/logo\/image\/","url":"https:\/\/musicmedia.fi\/wp-content\/uploads\/2022\/05\/logo.png","contentUrl":"https:\/\/musicmedia.fi\/wp-content\/uploads\/2022\/05\/logo.png","width":276,"height":147,"caption":"Music x Media"},"image":{"@id":"https:\/\/musicmedia.fi\/#\/schema\/logo\/image\/"}}]}},"_links":{"self":[{"href":"https:\/\/musicmedia.fi\/en\/wp-json\/wp\/v2\/pages\/3837","targetHints":{"allow":["GET"]}}],"collection":[{"href":"https:\/\/musicmedia.fi\/en\/wp-json\/wp\/v2\/pages"}],"about":[{"href":"https:\/\/musicmedia.fi\/en\/wp-json\/wp\/v2\/types\/page"}],"author":[{"embeddable":true,"href":"https:\/\/musicmedia.fi\/en\/wp-json\/wp\/v2\/users\/16"}],"replies":[{"embeddable":true,"href":"https:\/\/musicmedia.fi\/en\/wp-json\/wp\/v2\/comments?post=3837"}],"version-history":[{"count":0,"href":"https:\/\/musicmedia.fi\/en\/wp-json\/wp\/v2\/pages\/3837\/revisions"}],"up":[{"embeddable":true,"href":"https:\/\/musicmedia.fi\/en\/wp-json\/wp\/v2\/pages\/11300"}],"wp:attachment":[{"href":"https:\/\/musicmedia.fi\/en\/wp-json\/wp\/v2\/media?parent=3837"}],"curies":[{"name":"wp","href":"https:\/\/api.w.org\/{rel}","templated":true}]}}