{"id":3390,"date":"2023-04-27T15:01:51","date_gmt":"2023-04-27T12:01:51","guid":{"rendered":"https:\/\/musamedia.fi\/?page_id=3390"},"modified":"2026-03-05T15:47:15","modified_gmt":"2026-03-05T13:47:15","slug":"hairintayhteyshenkilo","status":"publish","type":"page","link":"https:\/\/musicmedia.fi\/en\/hairintayhteyshenkilo\/","title":{"rendered":"Equality"},"content":{"rendered":"<div data-elementor-type=\"wp-page\" data-elementor-id=\"3390\" class=\"elementor elementor-3390\">\n\t\t\t\t<div class=\"elementor-element elementor-element-058ed7a e-flex e-con-boxed e-con e-parent\" data-id=\"058ed7a\" data-element_type=\"container\">\n\t\t\t\t\t<div class=\"e-con-inner\">\n\t\t\t\t<div class=\"elementor-element elementor-element-fc6e678 elementor-widget elementor-widget-heading\" data-id=\"fc6e678\" data-element_type=\"widget\" data-widget_type=\"heading.default\">\n\t\t\t\t<div class=\"elementor-widget-container\">\n\t\t\t\t\t<h1 class=\"elementor-heading-title elementor-size-default\">Safer Space in Music x Media<\/h1>\t\t\t\t<\/div>\n\t\t\t\t<\/div>\n\t\t\t\t\t<\/div>\n\t\t\t\t<\/div>\n\t\t\t\t<section class=\"elementor-section elementor-top-section elementor-element elementor-element-d2e66e0 elementor-section-boxed elementor-section-height-default elementor-section-height-default\" data-id=\"d2e66e0\" data-element_type=\"section\" data-settings=\"{&quot;background_background&quot;:&quot;classic&quot;}\">\n\t\t\t\t\t\t<div class=\"elementor-container elementor-column-gap-default\">\n\t\t\t\t\t<div class=\"elementor-column elementor-col-100 elementor-top-column elementor-element elementor-element-b54b978\" data-id=\"b54b978\" data-element_type=\"column\" data-settings=\"{&quot;background_background&quot;:&quot;classic&quot;}\">\n\t\t\t<div class=\"elementor-widget-wrap elementor-element-populated\">\n\t\t\t\t\t\t<div class=\"elementor-element elementor-element-a26b892 elementor-widget__width-initial elementor-widget elementor-widget-text-editor\" data-id=\"a26b892\" data-element_type=\"widget\" data-widget_type=\"text-editor.default\">\n\t\t\t\t<div class=\"elementor-widget-container\">\n\t\t\t\t\t\t\t\t\t<p><span style=\"font-weight: 400;\">Music x Media and Lost In Music want to offer their audience, visitors, employees, volunteers, students, partners, and speakers a safe and communal atmosphere.<\/span><\/p><p><span style=\"font-weight: 400;\">If you feel unsafe or you experience or witness inappropriate behaviour during the event, we ask you to inform a security personnel or the equality and harassment contact person of the event.<\/span><\/p><p><span style=\"font-weight: 400;\">Possible harassment cases or inappropriate behaviour is taken very seriously. Even in the most serious cases it is possible to get various kinds of help and support and no one will be left alone - considering the case we also guide towards further assistance and support.\nIn case of a crisis, we offer psychosocial first aid.<\/span><span style=\"font-weight: 400;\"><br \/><\/span><span style=\"font-weight: 400;\"><br \/><\/span><span style=\"font-weight: 400;\">We recognise the sunflower lanyard which signals a hidden disability.<\/span><\/p><p><span style=\"font-weight: 400;\">Everyone is responsible for their own behaviour and we expect everyone attending the event in any role to commit to follow the safer space principles of Music x Media 2025 and to respect the values of the event.<\/span><\/p><p><strong>SAFER SPACE PRINCIPLES<\/strong><\/p><ul><li style=\"font-weight: 400;\" aria-level=\"1\"><span style=\"font-weight: 400;\">Respect personal space and autonomy.<\/span><\/li><li style=\"font-weight: 400;\" aria-level=\"1\"><span style=\"font-weight: 400;\">You can not know the boundaries of another person without asking: do not touch without permission, and feel free to ask for space for yourself when needed.<\/span><\/li><li style=\"font-weight: 400;\" aria-level=\"1\"><span style=\"font-weight: 400;\">Communicate respectfully. Speak to and about others with respect.<\/span><\/li><li style=\"font-weight: 400;\" aria-level=\"1\"><span style=\"font-weight: 400;\">Refrain from making assumptions based on appearance or behaviour, such as about sexuality, gender, ethnicity, values, or health.<\/span><\/li><li style=\"font-weight: 400;\" aria-level=\"1\"><span style=\"font-weight: 400;\">Make space. Be mindful of others' opportunities to participate in discussions with their own opinions.<\/span><\/li><li style=\"font-weight: 400;\" aria-level=\"1\"><span style=\"font-weight: 400;\">Respect others' privacy boundaries and handle sensitive topics delicately.<\/span><\/li><li style=\"font-weight: 400;\" aria-level=\"1\"><span style=\"font-weight: 400;\">Listen and learn. We can all discover new interests and perspectives from one another. Be open to finding something new.<\/span><\/li><li style=\"font-weight: 400;\" aria-level=\"1\"><span style=\"font-weight: 400;\">Apologize if you have offended others, whether intentionally or unintentionally.<\/span><\/li><li style=\"font-weight: 400;\" aria-level=\"1\"><span style=\"font-weight: 400;\">Intervene. We encourage you to contact the equality and harassment contact person, security personnel, or a member of staff if you notice behaviour that contradicts our values and principles.<\/span><\/li><\/ul><p><span style=\"font-weight: 400;\">Each Lost In Music venue has their own safer space principles based on their values and we encourage everyone to familiarise themselves with them as well.<\/span><\/p><p><strong>EQUALITY AND HARASSMENT CONTACT PERSON<\/strong><\/p><p><span style=\"font-weight: 400;\">Music x Median ja Lost In Musicin yhdenvertaisuus- ja h\u00e4irint\u00e4yhteyshenkil\u00f6st\u00e4 tulee lis\u00e4\u00e4 infoa my\u00f6hemmin.<\/span><\/p>\t\t\t\t\t\t\t\t<\/div>\n\t\t\t\t<\/div>\n\t\t\t\t\t<\/div>\n\t\t<\/div>\n\t\t\t\t\t<\/div>\n\t\t<\/section>\n\t\t<div class=\"elementor-element elementor-element-ffa5f60 e-flex e-con-boxed e-con e-parent\" data-id=\"ffa5f60\" data-element_type=\"container\">\n\t\t\t\t\t<div class=\"e-con-inner\">\n\t\t\t\t<div class=\"elementor-element elementor-element-9abea63 elementor-widget elementor-widget-heading\" data-id=\"9abea63\" data-element_type=\"widget\" data-widget_type=\"heading.default\">\n\t\t\t\t<div class=\"elementor-widget-container\">\n\t\t\t\t\t<h2 class=\"elementor-heading-title elementor-size-default\">\n\n<\/h2>\t\t\t\t<\/div>\n\t\t\t\t<\/div>\n\t\t\t\t\t<\/div>\n\t\t\t\t<\/div>\n\t\t<div class=\"elementor-element elementor-element-abf946e e-flex e-con-boxed e-con e-parent\" data-id=\"abf946e\" data-element_type=\"container\">\n\t\t\t\t\t<div class=\"e-con-inner\">\n\t\t\t\t<div class=\"elementor-element elementor-element-73123e3 elementor-widget elementor-widget-spacer\" data-id=\"73123e3\" data-element_type=\"widget\" data-widget_type=\"spacer.default\">\n\t\t\t\t<div class=\"elementor-widget-container\">\n\t\t\t\t\t\t\t<div class=\"elementor-spacer\">\n\t\t\t<div class=\"elementor-spacer-inner\"><\/div>\n\t\t<\/div>\n\t\t\t\t\t\t<\/div>\n\t\t\t\t<\/div>\n\t\t\t\t\t<\/div>\n\t\t\t\t<\/div>\n\t\t\t\t<\/div>","protected":false},"excerpt":{"rendered":"<p>Turvallisempi tila Music x Mediassa Music x Media ja Lost In Music haluavat tarjota yleis\u00f6lleen, k\u00e4vij\u00f6illeen, tapahtuman tekemiseen osallistuville ty\u00f6ntekij\u00f6ille, vapaaehtoisille ja opiskelijoille, sek\u00e4 yhteisty\u00f6kumppaneille, esiintyjille ja puhujavierailleen mahdollisimman turvallisen ja yhteis\u00f6llisen ilmapiirin. Mik\u00e4li tapahtuman aikana kokee turvattomuuden tunnetta, on joutunut kokemaan tai todistamaan ep\u00e4asiallista k\u00e4yt\u00f6st\u00e4, pyydet\u00e4\u00e4n siit\u00e4 ilmoittamaan l\u00e4himm\u00e4lle j\u00e4rjestyksenvalvojalle tai tapahtuman yhdenvertaisuus- ja [&hellip;]<\/p>","protected":false},"author":16,"featured_media":0,"parent":0,"menu_order":0,"comment_status":"closed","ping_status":"closed","template":"","meta":{"_acf_changed":false,"inline_featured_image":false,"footnotes":""},"class_list":["post-3390","page","type-page","status-publish","hentry"],"acf":[],"yoast_head":"<!-- This site is optimized with the Yoast SEO plugin v25.7 - https:\/\/yoast.com\/wordpress\/plugins\/seo\/ -->\n<title>Yhdenvertaisuus - Music x Media<\/title>\n<meta name=\"robots\" content=\"index, follow, max-snippet:-1, max-image-preview:large, max-video-preview:-1\" \/>\n<link rel=\"canonical\" href=\"https:\/\/musicmedia.fi\/en\/hairintayhteyshenkilo\/\" \/>\n<meta property=\"og:locale\" content=\"en_GB\" \/>\n<meta property=\"og:type\" content=\"article\" \/>\n<meta property=\"og:title\" content=\"Yhdenvertaisuus - Music x Media\" \/>\n<meta property=\"og:description\" content=\"Turvallisempi tila Music x Mediassa Music x Media ja Lost In Music haluavat tarjota yleis\u00f6lleen, k\u00e4vij\u00f6illeen, tapahtuman tekemiseen osallistuville ty\u00f6ntekij\u00f6ille, vapaaehtoisille ja opiskelijoille, sek\u00e4 yhteisty\u00f6kumppaneille, esiintyjille ja puhujavierailleen mahdollisimman turvallisen ja yhteis\u00f6llisen ilmapiirin. Mik\u00e4li tapahtuman aikana kokee turvattomuuden tunnetta, on joutunut kokemaan tai todistamaan ep\u00e4asiallista k\u00e4yt\u00f6st\u00e4, pyydet\u00e4\u00e4n siit\u00e4 ilmoittamaan l\u00e4himm\u00e4lle j\u00e4rjestyksenvalvojalle tai tapahtuman yhdenvertaisuus- ja [&hellip;]\" \/>\n<meta property=\"og:url\" content=\"https:\/\/musicmedia.fi\/en\/hairintayhteyshenkilo\/\" \/>\n<meta property=\"og:site_name\" content=\"Music x Media\" \/>\n<meta property=\"article:modified_time\" content=\"2026-03-05T13:47:15+00:00\" \/>\n<meta property=\"og:image\" content=\"https:\/\/musicmedia.fi\/wp-content\/uploads\/2023\/05\/mxm_oletuskuva_some-1024x538.png\" \/>\n\t<meta property=\"og:image:width\" content=\"1024\" \/>\n\t<meta property=\"og:image:height\" content=\"538\" \/>\n\t<meta property=\"og:image:type\" content=\"image\/png\" \/>\n<meta name=\"twitter:card\" content=\"summary_large_image\" \/>\n<meta name=\"twitter:label1\" content=\"Estimated reading time\" \/>\n\t<meta name=\"twitter:data1\" content=\"2 minutes\" \/>\n<script type=\"application\/ld+json\" class=\"yoast-schema-graph\">{\"@context\":\"https:\/\/schema.org\",\"@graph\":[{\"@type\":\"WebPage\",\"@id\":\"https:\/\/musicmedia.fi\/hairintayhteyshenkilo\/\",\"url\":\"https:\/\/musicmedia.fi\/hairintayhteyshenkilo\/\",\"name\":\"Yhdenvertaisuus - Music x Media\",\"isPartOf\":{\"@id\":\"https:\/\/musicmedia.fi\/#website\"},\"datePublished\":\"2023-04-27T12:01:51+00:00\",\"dateModified\":\"2026-03-05T13:47:15+00:00\",\"breadcrumb\":{\"@id\":\"https:\/\/musicmedia.fi\/hairintayhteyshenkilo\/#breadcrumb\"},\"inLanguage\":\"en-GB\",\"potentialAction\":[{\"@type\":\"ReadAction\",\"target\":[\"https:\/\/musicmedia.fi\/hairintayhteyshenkilo\/\"]}]},{\"@type\":\"BreadcrumbList\",\"@id\":\"https:\/\/musicmedia.fi\/hairintayhteyshenkilo\/#breadcrumb\",\"itemListElement\":[{\"@type\":\"ListItem\",\"position\":1,\"name\":\"Home\",\"item\":\"https:\/\/musicmedia.fi\/\"},{\"@type\":\"ListItem\",\"position\":2,\"name\":\"Yhdenvertaisuus\"}]},{\"@type\":\"WebSite\",\"@id\":\"https:\/\/musicmedia.fi\/#website\",\"url\":\"https:\/\/musicmedia.fi\/\",\"name\":\"Music x Media\",\"description\":\"Musiikki-, viihde- ja tapahtuma-alojen kohtaamispaikka\",\"publisher\":{\"@id\":\"https:\/\/musicmedia.fi\/#organization\"},\"potentialAction\":[{\"@type\":\"SearchAction\",\"target\":{\"@type\":\"EntryPoint\",\"urlTemplate\":\"https:\/\/musicmedia.fi\/?s={search_term_string}\"},\"query-input\":{\"@type\":\"PropertyValueSpecification\",\"valueRequired\":true,\"valueName\":\"search_term_string\"}}],\"inLanguage\":\"en-GB\"},{\"@type\":\"Organization\",\"@id\":\"https:\/\/musicmedia.fi\/#organization\",\"name\":\"Music x Media\",\"url\":\"https:\/\/musicmedia.fi\/\",\"logo\":{\"@type\":\"ImageObject\",\"inLanguage\":\"en-GB\",\"@id\":\"https:\/\/musicmedia.fi\/#\/schema\/logo\/image\/\",\"url\":\"https:\/\/musicmedia.fi\/wp-content\/uploads\/2022\/05\/logo.png\",\"contentUrl\":\"https:\/\/musicmedia.fi\/wp-content\/uploads\/2022\/05\/logo.png\",\"width\":276,\"height\":147,\"caption\":\"Music x Media\"},\"image\":{\"@id\":\"https:\/\/musicmedia.fi\/#\/schema\/logo\/image\/\"}}]}<\/script>\n<!-- \/ Yoast SEO plugin. -->","yoast_head_json":{"title":"Yhdenvertaisuus - Music x Media","robots":{"index":"index","follow":"follow","max-snippet":"max-snippet:-1","max-image-preview":"max-image-preview:large","max-video-preview":"max-video-preview:-1"},"canonical":"https:\/\/musicmedia.fi\/en\/hairintayhteyshenkilo\/","og_locale":"en_GB","og_type":"article","og_title":"Yhdenvertaisuus - Music x Media","og_description":"Turvallisempi tila Music x Mediassa Music x Media ja Lost In Music haluavat tarjota yleis\u00f6lleen, k\u00e4vij\u00f6illeen, tapahtuman tekemiseen osallistuville ty\u00f6ntekij\u00f6ille, vapaaehtoisille ja opiskelijoille, sek\u00e4 yhteisty\u00f6kumppaneille, esiintyjille ja puhujavierailleen mahdollisimman turvallisen ja yhteis\u00f6llisen ilmapiirin. Mik\u00e4li tapahtuman aikana kokee turvattomuuden tunnetta, on joutunut kokemaan tai todistamaan ep\u00e4asiallista k\u00e4yt\u00f6st\u00e4, pyydet\u00e4\u00e4n siit\u00e4 ilmoittamaan l\u00e4himm\u00e4lle j\u00e4rjestyksenvalvojalle tai tapahtuman yhdenvertaisuus- ja [&hellip;]","og_url":"https:\/\/musicmedia.fi\/en\/hairintayhteyshenkilo\/","og_site_name":"Music x Media","article_modified_time":"2026-03-05T13:47:15+00:00","og_image":[{"width":1024,"height":538,"url":"https:\/\/musicmedia.fi\/wp-content\/uploads\/2023\/05\/mxm_oletuskuva_some-1024x538.png","type":"image\/png"}],"twitter_card":"summary_large_image","twitter_misc":{"Estimated reading time":"2 minutes"},"schema":{"@context":"https:\/\/schema.org","@graph":[{"@type":"WebPage","@id":"https:\/\/musicmedia.fi\/hairintayhteyshenkilo\/","url":"https:\/\/musicmedia.fi\/hairintayhteyshenkilo\/","name":"Yhdenvertaisuus - Music x Media","isPartOf":{"@id":"https:\/\/musicmedia.fi\/#website"},"datePublished":"2023-04-27T12:01:51+00:00","dateModified":"2026-03-05T13:47:15+00:00","breadcrumb":{"@id":"https:\/\/musicmedia.fi\/hairintayhteyshenkilo\/#breadcrumb"},"inLanguage":"en-GB","potentialAction":[{"@type":"ReadAction","target":["https:\/\/musicmedia.fi\/hairintayhteyshenkilo\/"]}]},{"@type":"BreadcrumbList","@id":"https:\/\/musicmedia.fi\/hairintayhteyshenkilo\/#breadcrumb","itemListElement":[{"@type":"ListItem","position":1,"name":"Home","item":"https:\/\/musicmedia.fi\/"},{"@type":"ListItem","position":2,"name":"Yhdenvertaisuus"}]},{"@type":"WebSite","@id":"https:\/\/musicmedia.fi\/#website","url":"https:\/\/musicmedia.fi\/","name":"Music x Media","description":"Bridging the worlds of Music, Entertainment, and Event Industries","publisher":{"@id":"https:\/\/musicmedia.fi\/#organization"},"potentialAction":[{"@type":"SearchAction","target":{"@type":"EntryPoint","urlTemplate":"https:\/\/musicmedia.fi\/?s={search_term_string}"},"query-input":{"@type":"PropertyValueSpecification","valueRequired":true,"valueName":"search_term_string"}}],"inLanguage":"en-GB"},{"@type":"Organization","@id":"https:\/\/musicmedia.fi\/#organization","name":"Music x Media","url":"https:\/\/musicmedia.fi\/","logo":{"@type":"ImageObject","inLanguage":"en-GB","@id":"https:\/\/musicmedia.fi\/#\/schema\/logo\/image\/","url":"https:\/\/musicmedia.fi\/wp-content\/uploads\/2022\/05\/logo.png","contentUrl":"https:\/\/musicmedia.fi\/wp-content\/uploads\/2022\/05\/logo.png","width":276,"height":147,"caption":"Music x Media"},"image":{"@id":"https:\/\/musicmedia.fi\/#\/schema\/logo\/image\/"}}]}},"_links":{"self":[{"href":"https:\/\/musicmedia.fi\/en\/wp-json\/wp\/v2\/pages\/3390","targetHints":{"allow":["GET"]}}],"collection":[{"href":"https:\/\/musicmedia.fi\/en\/wp-json\/wp\/v2\/pages"}],"about":[{"href":"https:\/\/musicmedia.fi\/en\/wp-json\/wp\/v2\/types\/page"}],"author":[{"embeddable":true,"href":"https:\/\/musicmedia.fi\/en\/wp-json\/wp\/v2\/users\/16"}],"replies":[{"embeddable":true,"href":"https:\/\/musicmedia.fi\/en\/wp-json\/wp\/v2\/comments?post=3390"}],"version-history":[{"count":0,"href":"https:\/\/musicmedia.fi\/en\/wp-json\/wp\/v2\/pages\/3390\/revisions"}],"wp:attachment":[{"href":"https:\/\/musicmedia.fi\/en\/wp-json\/wp\/v2\/media?parent=3390"}],"curies":[{"name":"wp","href":"https:\/\/api.w.org\/{rel}","templated":true}]}}