{"id":3387,"date":"2023-04-27T15:01:40","date_gmt":"2023-04-27T12:01:40","guid":{"rendered":"https:\/\/musamedia.fi\/?page_id=3387"},"modified":"2026-03-23T14:35:10","modified_gmt":"2026-03-23T12:35:10","slug":"saapuminen-majoitus","status":"publish","type":"page","link":"https:\/\/musicmedia.fi\/en\/saapuminen-majoitus\/","title":{"rendered":"Arriving"},"content":{"rendered":"<div data-elementor-type=\"wp-page\" data-elementor-id=\"3387\" class=\"elementor elementor-3387\">\n\t\t\t\t\t\t<section class=\"elementor-section elementor-top-section elementor-element elementor-element-d2e66e0 elementor-section-boxed elementor-section-height-default elementor-section-height-default\" data-id=\"d2e66e0\" data-element_type=\"section\">\n\t\t\t\t\t\t<div class=\"elementor-container elementor-column-gap-default\">\n\t\t\t\t\t<div class=\"elementor-column elementor-col-100 elementor-top-column elementor-element elementor-element-b54b978\" data-id=\"b54b978\" data-element_type=\"column\">\n\t\t\t<div class=\"elementor-widget-wrap elementor-element-populated\">\n\t\t\t\t\t\t<div class=\"elementor-element elementor-element-a26b892 elementor-widget elementor-widget-text-editor\" data-id=\"a26b892\" data-element_type=\"widget\" data-widget_type=\"text-editor.default\">\n\t\t\t\t<div class=\"elementor-widget-container\">\n\t\t\t\t\t\t\t\t\t<p>\u00a0<\/p><p>T\u00e4lt\u00e4 sivulta l\u00f6yd\u00e4t saapumisohjeet.<\/p><h2>Getting there<\/h2><p><span style=\"font-weight: 400;\">Kaksip\u00e4iv\u00e4inen Music x Media j\u00e4rjestet\u00e4\u00e4n Tampere-talossa 1.-2. lokakuuta.\u00a0<\/span><\/p><p><span style=\"font-weight: 400;\">Tampere-talo sijaitsee Tampereen keskustassa, k\u00e4velymatkan p\u00e4\u00e4ss\u00e4 rautatieasemalta. <a href=\"https:\/\/www.tampere-talo.fi\/kavijoille\/saapuminen\/?gad_source=1&amp;gad_campaignid=21856693643&amp;gbraid=0AAAAA-ZYU1rsz7le74d2XYyakTsEbC1oN&amp;gclid=Cj0KCQiA8KTNBhD_ARIsAOvp6DLIglW52NIFNwivb-tjBpcbwo3DQIXHrDTADZ--EZn3eiLNLFmDPt0aAptlEALw_wcB\">Voit lukea lis\u00e4\u00e4 henkil\u00f6auto-, juna- ja bussiyhteyksist\u00e4 t\u00e4\u00e4lt\u00e4<\/a>.<\/span><\/p><p><strong>Tampere Hall<br \/><\/strong>Yliopistonkatu 55<br \/>33100 Tampere<\/p><p><b>Collecting your pass before entering the event<br \/><\/b><span style=\"font-weight: 400;\">Music x Media tickets are exchanged for an event pass before entering the event.\nPasses can be collected in the lobby of Tampere Hall, on the entrance floor at the Info &amp; Check In desk. You must show a valid ID when collecting the pass. When collecting a student, pensioner or unemployed pass, appropriate certificates must be presented, which entitle you to a discount.\nPersonal belongings can be left at the cloakroom, which is free for delegates.<br \/>The cloakroom can be found on the right after the entrance.\u00a0<\/span><\/p><p><strong>Info &amp; Check-In desk opening hours<br \/><\/strong>Infon ja Check In-pisteen aukioloajat p\u00e4ivittyv\u00e4t my\u00f6hemmin.<\/p><p>The check-in desk is run by Tiketti, with volunteers from Music x Media and a four-person team from Pertin Valinta.<\/p><p><span style=\"font-weight: 400;\"><strong>Attending the seminars<\/strong><br \/>Seminars are held on the second and third floor of Tampere Hall. You can reach the seminar rooms by stairs or elevators. Please follow the signs on-site; staff will assist if needed.<br \/><\/span><b><\/b><span style=\"font-weight: 400;\">The seminar rooms have limited capacity, so it is encouraged to be there before the program starts if you want to ensure your place. You can enter the seminar rooms by showing both your pass and wristband at the door.<\/span><\/p><p><span style=\"font-weight: 400;\">The seminars listed in the schedule are free to enter with all passes, and you can leave or enter the seminar rooms during the program.<\/span><\/p><p><span style=\"font-weight: 400;\">However, some program sections require registration in advance, more info<\/span><span style=\"font-weight: 400;\">\u00a0for these can be found in the <strong><a href=\"https:\/\/musicmedia.fi\/en\/ohjelma2025\/\">schedule and program description<\/a><\/strong>. <\/span><\/p><p><b>Event Accessibility<br \/><\/b><span style=\"font-weight: 400;\">All of Tampere Hall\u2019s conference facilities and public areas are wheelchair-accessible.<\/span> <span style=\"font-weight: 400;\">There are threshold ramps in all doorways and automatically opening exterior doors. The corridors and doorways are wide and the end of the staircase railings is indicated by a tactile marker on the last step. Tampere Hall's accessible toilets are located on the first floor and on the ground floor, which can be accessed by an elevator. Tiketti-, Gramex- and P\u00e5g\u00e5 rooms have an induction loop.\u00a0<br \/>There is space reserved for wheelchairs in the seminar rooms. \nTampere Hall's staff is trained to guide and assist customers with mobility and sensory impairments. We recognise the sunflower lanyard, which signals an invisible disability.\u00a0<br \/>Tampere Hall is a We Speak Gay venue, ensuring the event is a safe and welcoming place for everyone.\u00a0<\/span><\/p><p>Tapahtumassa toimii yhdenvertaisuus- ja h\u00e4irint\u00e4yhteyshenkil\u00f6. <a href=\"https:\/\/musicmedia.fi\/en\/hairintayhteyshenkilo\/\">Yhteydenottotavat p\u00e4ivittyv\u00e4t t\u00e4nne<\/a>.<\/p><p><strong>Dining<br \/><\/strong>The Fuuga Restaurant is located on the second floor of Tampere Hall. Lunch is served between 11:30\u201314:00 on both event days. The price is 16.50 \u20ac if purchased in advance, or 17.50 \u20ac on-site. You can view the menu and purchase your meals in advance<\/p><p><strong>Opening party<br \/><\/strong>The Music x Media Opening Ceremony will take place <strong>torstaina 1.10.<\/strong>\u00a0Tilaisuudessa kuullaan livemusiikkia ja puheita sek\u00e4 nautitaan kevyen buffet-p\u00f6yd\u00e4n tarjoiluista ja hyv\u00e4st\u00e4 seurasta. Avajaisjuhliin p\u00e4\u00e4sev\u00e4t osallistumaan kaikki Music x Mediaan lipun ostaneet seminaarivieraat. <a href=\"https:\/\/musicmedia.fi\/en\/ohjelma-2025-3\/avajaiset\/\">Lue lis\u00e4\u00e4 viime vuoden avajaisista t\u00e4\u00e4lt\u00e4<\/a>.<\/p><p><strong>Networking<\/strong>\u00a0<br \/>Seminaariohjelman lomassa j\u00e4rjest\u00e4mme yhteisty\u00f6kumppaneidemme kanssa erilaisia verkostoitumismahdollisuuksia, joihin kaikilla on vapaa p\u00e4\u00e4sy.\u00a0<\/p><p>Networking is also possible through the Eventee app, where you can connect with other participants both before and during the event. On our website\u2019s <a href=\"https:\/\/musicmedia.fi\/en\/osallistujat\/\">participants section,<\/a> you\u2019ll also find all registered attendees who have consented to having their names published.\u00a0<\/p><p><strong>Industry Awards Gala<\/strong><br \/>The 2025 Industry Awards Gala will be held<b data-stringify-type=\"bold\"> perjantaina 2.10. Tampere-talon Sorsapuistosalissa.<\/b>\u00a0<a href=\"https:\/\/musicmedia.fi\/en\/gaala\/\">Lue lis\u00e4\u00e4 tietoa illan kulusta t\u00e4\u00e4lt\u00e4<\/a>.<\/p><p><strong>Lost In Music\u00a0<br \/><\/strong>Music x Median passilla ja rannekkeella p\u00e4\u00e4set osallistumaan my\u00f6s Lost In Musicin keikoille niiden kapasiteettien puitteissa. Liikkuessasi kaupungilla, huomioithan rautatieaseman l\u00e4heisyydess\u00e4 sijaitsevan tiety\u00f6maan ja varaat tarpeeksi aikaa liikkumiseen. <a href=\"https:\/\/lostinmusic.fi\/en\/ohjelma\/\">Tutustu Lost In Musicin viime vuoden artisteihin ja aikatauluihin t\u00e4\u00e4ll\u00e4<\/a>.<\/p>\t\t\t\t\t\t\t\t<\/div>\n\t\t\t\t<\/div>\n\t\t\t\t\t<\/div>\n\t\t<\/div>\n\t\t\t\t\t<\/div>\n\t\t<\/section>\n\t\t<div class=\"elementor-element elementor-element-291597d e-flex e-con-boxed e-con e-parent\" data-id=\"291597d\" data-element_type=\"container\">\n\t\t\t\t\t<div class=\"e-con-inner\">\n\t\t<div class=\"elementor-element elementor-element-b8459b3 e-con-full e-flex e-con e-child\" data-id=\"b8459b3\" data-element_type=\"container\">\n\t\t\t\t<div class=\"elementor-element elementor-element-ada54e2 elementor-widget elementor-widget-image\" data-id=\"ada54e2\" data-element_type=\"widget\" data-widget_type=\"image.default\">\n\t\t\t\t<div class=\"elementor-widget-container\">\n\t\t\t\t\t\t\t\t\t\t\t\t\t\t\t<img fetchpriority=\"high\" decoding=\"async\" width=\"2211\" height=\"2211\" src=\"https:\/\/musicmedia.fi\/wp-content\/uploads\/2022\/07\/Visit_Tampere_Autumn_2021_City_Center_drone_views_Laura_Vanzo-28.jpg\" class=\"attachment-full size-full wp-image-1135\" alt=\"\" srcset=\"https:\/\/musicmedia.fi\/wp-content\/uploads\/2022\/07\/Visit_Tampere_Autumn_2021_City_Center_drone_views_Laura_Vanzo-28.jpg 2211w, https:\/\/musicmedia.fi\/wp-content\/uploads\/2022\/07\/Visit_Tampere_Autumn_2021_City_Center_drone_views_Laura_Vanzo-28-300x300.jpg 300w, https:\/\/musicmedia.fi\/wp-content\/uploads\/2022\/07\/Visit_Tampere_Autumn_2021_City_Center_drone_views_Laura_Vanzo-28-1024x1024.jpg 1024w, https:\/\/musicmedia.fi\/wp-content\/uploads\/2022\/07\/Visit_Tampere_Autumn_2021_City_Center_drone_views_Laura_Vanzo-28-150x150.jpg 150w, https:\/\/musicmedia.fi\/wp-content\/uploads\/2022\/07\/Visit_Tampere_Autumn_2021_City_Center_drone_views_Laura_Vanzo-28-768x768.jpg 768w, https:\/\/musicmedia.fi\/wp-content\/uploads\/2022\/07\/Visit_Tampere_Autumn_2021_City_Center_drone_views_Laura_Vanzo-28-1536x1536.jpg 1536w, https:\/\/musicmedia.fi\/wp-content\/uploads\/2022\/07\/Visit_Tampere_Autumn_2021_City_Center_drone_views_Laura_Vanzo-28-2048x2048.jpg 2048w\" sizes=\"(max-width: 2211px) 100vw, 2211px\" \/>\t\t\t\t\t\t\t\t\t\t\t\t\t\t\t<\/div>\n\t\t\t\t<\/div>\n\t\t\t\t<\/div>\n\t\t<div class=\"elementor-element elementor-element-ffdc6ad e-con-full e-flex e-con e-child\" data-id=\"ffdc6ad\" data-element_type=\"container\">\n\t\t\t\t<div class=\"elementor-element elementor-element-692f035 elementor-widget__width-initial elementor-widget elementor-widget-image\" data-id=\"692f035\" data-element_type=\"widget\" data-widget_type=\"image.default\">\n\t\t\t\t<div class=\"elementor-widget-container\">\n\t\t\t\t\t\t\t\t\t\t\t\t\t\t\t<img decoding=\"async\" width=\"800\" height=\"800\" src=\"https:\/\/musicmedia.fi\/wp-content\/uploads\/2023\/04\/Tampere-talo-Tampere-Hall-Laura-Vanzo-15-scaled-800x800_c.jpg\" class=\"attachment-large size-large wp-image-3373\" alt=\"\" srcset=\"https:\/\/musicmedia.fi\/wp-content\/uploads\/2023\/04\/Tampere-talo-Tampere-Hall-Laura-Vanzo-15-scaled-800x800_c.jpg 800w, https:\/\/musicmedia.fi\/wp-content\/uploads\/2023\/04\/Tampere-talo-Tampere-Hall-Laura-Vanzo-15-scaled-800x800_c-300x300.jpg 300w, https:\/\/musicmedia.fi\/wp-content\/uploads\/2023\/04\/Tampere-talo-Tampere-Hall-Laura-Vanzo-15-scaled-800x800_c-150x150.jpg 150w, https:\/\/musicmedia.fi\/wp-content\/uploads\/2023\/04\/Tampere-talo-Tampere-Hall-Laura-Vanzo-15-scaled-800x800_c-768x768.jpg 768w, https:\/\/musicmedia.fi\/wp-content\/uploads\/2023\/04\/Tampere-talo-Tampere-Hall-Laura-Vanzo-15-scaled-800x800_c-12x12.jpg 12w\" sizes=\"(max-width: 800px) 100vw, 800px\" \/>\t\t\t\t\t\t\t\t\t\t\t\t\t\t\t<\/div>\n\t\t\t\t<\/div>\n\t\t\t\t<\/div>\n\t\t\t\t\t<\/div>\n\t\t\t\t<\/div>\n\t\t<div class=\"elementor-element elementor-element-33a1e44 e-flex e-con-boxed e-con e-parent\" data-id=\"33a1e44\" data-element_type=\"container\">\n\t\t\t\t\t<div class=\"e-con-inner\">\n\t\t<div class=\"elementor-element elementor-element-f2a3b5a e-con-full e-flex e-con e-child\" data-id=\"f2a3b5a\" data-element_type=\"container\">\n\t\t\t\t<\/div>\n\t\t<div class=\"elementor-element elementor-element-84fc7de e-con-full e-flex e-con e-child\" data-id=\"84fc7de\" data-element_type=\"container\">\n\t\t\t\t<\/div>\n\t\t\t\t\t<\/div>\n\t\t\t\t<\/div>\n\t\t<div class=\"elementor-element elementor-element-6ae0607 e-flex e-con-boxed e-con e-parent\" data-id=\"6ae0607\" data-element_type=\"container\">\n\t\t\t\t\t<div class=\"e-con-inner\">\n\t\t\t\t<div class=\"elementor-element elementor-element-6c4b1bf elementor-widget elementor-widget-spacer\" data-id=\"6c4b1bf\" data-element_type=\"widget\" data-widget_type=\"spacer.default\">\n\t\t\t\t<div class=\"elementor-widget-container\">\n\t\t\t\t\t\t\t<div class=\"elementor-spacer\">\n\t\t\t<div class=\"elementor-spacer-inner\"><\/div>\n\t\t<\/div>\n\t\t\t\t\t\t<\/div>\n\t\t\t\t<\/div>\n\t\t\t\t\t<\/div>\n\t\t\t\t<\/div>\n\t\t\t\t<\/div>","protected":false},"excerpt":{"rendered":"<p>\u00a0 T\u00e4lt\u00e4 sivulta l\u00f6yd\u00e4t saapumisohjeet. Saapumisohjeet Kaksip\u00e4iv\u00e4inen Music x Media j\u00e4rjestet\u00e4\u00e4n Tampere-talossa 1.-2. lokakuuta.\u00a0 Tampere-talo sijaitsee Tampereen keskustassa, k\u00e4velymatkan p\u00e4\u00e4ss\u00e4 rautatieasemalta. Voit lukea lis\u00e4\u00e4 henkil\u00f6auto-, juna- ja bussiyhteyksist\u00e4 t\u00e4\u00e4lt\u00e4. Tampere-taloYliopistonkatu 5533100 Tampere Passin nouto ennen tapahtumaan p\u00e4\u00e4sy\u00e4Music x Median liput vaihdetaan tapahtumapassiin ennen tapahtumaan p\u00e4\u00e4sy\u00e4. Passien noutaminen tapahtuu Tampere-talon sis\u00e4\u00e4ntulokerroksen aulassa Music x Median Info [&hellip;]<\/p>","protected":false},"author":16,"featured_media":0,"parent":0,"menu_order":0,"comment_status":"closed","ping_status":"closed","template":"","meta":{"_acf_changed":false,"inline_featured_image":false,"footnotes":""},"class_list":["post-3387","page","type-page","status-publish","hentry"],"acf":[],"yoast_head":"<!-- This site is optimized with the Yoast SEO plugin v25.7 - https:\/\/yoast.com\/wordpress\/plugins\/seo\/ -->\n<title>Saapuminen - Music x Media<\/title>\n<meta name=\"robots\" content=\"index, follow, max-snippet:-1, max-image-preview:large, max-video-preview:-1\" \/>\n<link rel=\"canonical\" href=\"https:\/\/musicmedia.fi\/en\/saapuminen-majoitus\/\" \/>\n<meta property=\"og:locale\" content=\"en_GB\" \/>\n<meta property=\"og:type\" content=\"article\" \/>\n<meta property=\"og:title\" content=\"Saapuminen - Music x Media\" \/>\n<meta property=\"og:description\" content=\"\u00a0 T\u00e4lt\u00e4 sivulta l\u00f6yd\u00e4t saapumisohjeet. Saapumisohjeet Kaksip\u00e4iv\u00e4inen Music x Media j\u00e4rjestet\u00e4\u00e4n Tampere-talossa 1.-2. lokakuuta.\u00a0 Tampere-talo sijaitsee Tampereen keskustassa, k\u00e4velymatkan p\u00e4\u00e4ss\u00e4 rautatieasemalta. Voit lukea lis\u00e4\u00e4 henkil\u00f6auto-, juna- ja bussiyhteyksist\u00e4 t\u00e4\u00e4lt\u00e4. Tampere-taloYliopistonkatu 5533100 Tampere Passin nouto ennen tapahtumaan p\u00e4\u00e4sy\u00e4Music x Median liput vaihdetaan tapahtumapassiin ennen tapahtumaan p\u00e4\u00e4sy\u00e4. Passien noutaminen tapahtuu Tampere-talon sis\u00e4\u00e4ntulokerroksen aulassa Music x Median Info [&hellip;]\" \/>\n<meta property=\"og:url\" content=\"https:\/\/musicmedia.fi\/en\/saapuminen-majoitus\/\" \/>\n<meta property=\"og:site_name\" content=\"Music x Media\" \/>\n<meta property=\"article:modified_time\" content=\"2026-03-23T12:35:10+00:00\" \/>\n<meta property=\"og:image\" content=\"https:\/\/musicmedia.fi\/wp-content\/uploads\/2022\/07\/Visit_Tampere_Autumn_2021_City_Center_drone_views_Laura_Vanzo-28-1024x1024.jpg\" \/>\n\t<meta property=\"og:image:width\" content=\"1024\" \/>\n\t<meta property=\"og:image:height\" content=\"1024\" \/>\n\t<meta property=\"og:image:type\" content=\"image\/jpeg\" \/>\n<meta name=\"twitter:card\" content=\"summary_large_image\" \/>\n<meta name=\"twitter:label1\" content=\"Estimated reading time\" \/>\n\t<meta name=\"twitter:data1\" content=\"4 minutes\" \/>\n<script type=\"application\/ld+json\" class=\"yoast-schema-graph\">{\"@context\":\"https:\/\/schema.org\",\"@graph\":[{\"@type\":\"WebPage\",\"@id\":\"https:\/\/musicmedia.fi\/saapuminen-majoitus\/\",\"url\":\"https:\/\/musicmedia.fi\/saapuminen-majoitus\/\",\"name\":\"Saapuminen - Music x Media\",\"isPartOf\":{\"@id\":\"https:\/\/musicmedia.fi\/#website\"},\"primaryImageOfPage\":{\"@id\":\"https:\/\/musicmedia.fi\/saapuminen-majoitus\/#primaryimage\"},\"image\":{\"@id\":\"https:\/\/musicmedia.fi\/saapuminen-majoitus\/#primaryimage\"},\"thumbnailUrl\":\"https:\/\/musicmedia.fi\/wp-content\/uploads\/2022\/07\/Visit_Tampere_Autumn_2021_City_Center_drone_views_Laura_Vanzo-28.jpg\",\"datePublished\":\"2023-04-27T12:01:40+00:00\",\"dateModified\":\"2026-03-23T12:35:10+00:00\",\"breadcrumb\":{\"@id\":\"https:\/\/musicmedia.fi\/saapuminen-majoitus\/#breadcrumb\"},\"inLanguage\":\"en-GB\",\"potentialAction\":[{\"@type\":\"ReadAction\",\"target\":[\"https:\/\/musicmedia.fi\/saapuminen-majoitus\/\"]}]},{\"@type\":\"ImageObject\",\"inLanguage\":\"en-GB\",\"@id\":\"https:\/\/musicmedia.fi\/saapuminen-majoitus\/#primaryimage\",\"url\":\"https:\/\/musicmedia.fi\/wp-content\/uploads\/2022\/07\/Visit_Tampere_Autumn_2021_City_Center_drone_views_Laura_Vanzo-28.jpg\",\"contentUrl\":\"https:\/\/musicmedia.fi\/wp-content\/uploads\/2022\/07\/Visit_Tampere_Autumn_2021_City_Center_drone_views_Laura_Vanzo-28.jpg\"},{\"@type\":\"BreadcrumbList\",\"@id\":\"https:\/\/musicmedia.fi\/saapuminen-majoitus\/#breadcrumb\",\"itemListElement\":[{\"@type\":\"ListItem\",\"position\":1,\"name\":\"Home\",\"item\":\"https:\/\/musicmedia.fi\/\"},{\"@type\":\"ListItem\",\"position\":2,\"name\":\"Saapuminen\"}]},{\"@type\":\"WebSite\",\"@id\":\"https:\/\/musicmedia.fi\/#website\",\"url\":\"https:\/\/musicmedia.fi\/\",\"name\":\"Music x Media\",\"description\":\"Musiikki-, viihde- ja tapahtuma-alojen kohtaamispaikka\",\"publisher\":{\"@id\":\"https:\/\/musicmedia.fi\/#organization\"},\"potentialAction\":[{\"@type\":\"SearchAction\",\"target\":{\"@type\":\"EntryPoint\",\"urlTemplate\":\"https:\/\/musicmedia.fi\/?s={search_term_string}\"},\"query-input\":{\"@type\":\"PropertyValueSpecification\",\"valueRequired\":true,\"valueName\":\"search_term_string\"}}],\"inLanguage\":\"en-GB\"},{\"@type\":\"Organization\",\"@id\":\"https:\/\/musicmedia.fi\/#organization\",\"name\":\"Music x Media\",\"url\":\"https:\/\/musicmedia.fi\/\",\"logo\":{\"@type\":\"ImageObject\",\"inLanguage\":\"en-GB\",\"@id\":\"https:\/\/musicmedia.fi\/#\/schema\/logo\/image\/\",\"url\":\"https:\/\/musicmedia.fi\/wp-content\/uploads\/2022\/05\/logo.png\",\"contentUrl\":\"https:\/\/musicmedia.fi\/wp-content\/uploads\/2022\/05\/logo.png\",\"width\":276,\"height\":147,\"caption\":\"Music x Media\"},\"image\":{\"@id\":\"https:\/\/musicmedia.fi\/#\/schema\/logo\/image\/\"}}]}<\/script>\n<!-- \/ Yoast SEO plugin. -->","yoast_head_json":{"title":"Saapuminen - Music x Media","robots":{"index":"index","follow":"follow","max-snippet":"max-snippet:-1","max-image-preview":"max-image-preview:large","max-video-preview":"max-video-preview:-1"},"canonical":"https:\/\/musicmedia.fi\/en\/saapuminen-majoitus\/","og_locale":"en_GB","og_type":"article","og_title":"Saapuminen - Music x Media","og_description":"\u00a0 T\u00e4lt\u00e4 sivulta l\u00f6yd\u00e4t saapumisohjeet. Saapumisohjeet Kaksip\u00e4iv\u00e4inen Music x Media j\u00e4rjestet\u00e4\u00e4n Tampere-talossa 1.-2. lokakuuta.\u00a0 Tampere-talo sijaitsee Tampereen keskustassa, k\u00e4velymatkan p\u00e4\u00e4ss\u00e4 rautatieasemalta. Voit lukea lis\u00e4\u00e4 henkil\u00f6auto-, juna- ja bussiyhteyksist\u00e4 t\u00e4\u00e4lt\u00e4. Tampere-taloYliopistonkatu 5533100 Tampere Passin nouto ennen tapahtumaan p\u00e4\u00e4sy\u00e4Music x Median liput vaihdetaan tapahtumapassiin ennen tapahtumaan p\u00e4\u00e4sy\u00e4. Passien noutaminen tapahtuu Tampere-talon sis\u00e4\u00e4ntulokerroksen aulassa Music x Median Info [&hellip;]","og_url":"https:\/\/musicmedia.fi\/en\/saapuminen-majoitus\/","og_site_name":"Music x Media","article_modified_time":"2026-03-23T12:35:10+00:00","og_image":[{"width":1024,"height":1024,"url":"https:\/\/musicmedia.fi\/wp-content\/uploads\/2022\/07\/Visit_Tampere_Autumn_2021_City_Center_drone_views_Laura_Vanzo-28-1024x1024.jpg","type":"image\/jpeg"}],"twitter_card":"summary_large_image","twitter_misc":{"Estimated reading time":"4 minutes"},"schema":{"@context":"https:\/\/schema.org","@graph":[{"@type":"WebPage","@id":"https:\/\/musicmedia.fi\/saapuminen-majoitus\/","url":"https:\/\/musicmedia.fi\/saapuminen-majoitus\/","name":"Saapuminen - Music x Media","isPartOf":{"@id":"https:\/\/musicmedia.fi\/#website"},"primaryImageOfPage":{"@id":"https:\/\/musicmedia.fi\/saapuminen-majoitus\/#primaryimage"},"image":{"@id":"https:\/\/musicmedia.fi\/saapuminen-majoitus\/#primaryimage"},"thumbnailUrl":"https:\/\/musicmedia.fi\/wp-content\/uploads\/2022\/07\/Visit_Tampere_Autumn_2021_City_Center_drone_views_Laura_Vanzo-28.jpg","datePublished":"2023-04-27T12:01:40+00:00","dateModified":"2026-03-23T12:35:10+00:00","breadcrumb":{"@id":"https:\/\/musicmedia.fi\/saapuminen-majoitus\/#breadcrumb"},"inLanguage":"en-GB","potentialAction":[{"@type":"ReadAction","target":["https:\/\/musicmedia.fi\/saapuminen-majoitus\/"]}]},{"@type":"ImageObject","inLanguage":"en-GB","@id":"https:\/\/musicmedia.fi\/saapuminen-majoitus\/#primaryimage","url":"https:\/\/musicmedia.fi\/wp-content\/uploads\/2022\/07\/Visit_Tampere_Autumn_2021_City_Center_drone_views_Laura_Vanzo-28.jpg","contentUrl":"https:\/\/musicmedia.fi\/wp-content\/uploads\/2022\/07\/Visit_Tampere_Autumn_2021_City_Center_drone_views_Laura_Vanzo-28.jpg"},{"@type":"BreadcrumbList","@id":"https:\/\/musicmedia.fi\/saapuminen-majoitus\/#breadcrumb","itemListElement":[{"@type":"ListItem","position":1,"name":"Home","item":"https:\/\/musicmedia.fi\/"},{"@type":"ListItem","position":2,"name":"Saapuminen"}]},{"@type":"WebSite","@id":"https:\/\/musicmedia.fi\/#website","url":"https:\/\/musicmedia.fi\/","name":"Music x Media","description":"Bridging the worlds of Music, Entertainment, and Event Industries","publisher":{"@id":"https:\/\/musicmedia.fi\/#organization"},"potentialAction":[{"@type":"SearchAction","target":{"@type":"EntryPoint","urlTemplate":"https:\/\/musicmedia.fi\/?s={search_term_string}"},"query-input":{"@type":"PropertyValueSpecification","valueRequired":true,"valueName":"search_term_string"}}],"inLanguage":"en-GB"},{"@type":"Organization","@id":"https:\/\/musicmedia.fi\/#organization","name":"Music x Media","url":"https:\/\/musicmedia.fi\/","logo":{"@type":"ImageObject","inLanguage":"en-GB","@id":"https:\/\/musicmedia.fi\/#\/schema\/logo\/image\/","url":"https:\/\/musicmedia.fi\/wp-content\/uploads\/2022\/05\/logo.png","contentUrl":"https:\/\/musicmedia.fi\/wp-content\/uploads\/2022\/05\/logo.png","width":276,"height":147,"caption":"Music x Media"},"image":{"@id":"https:\/\/musicmedia.fi\/#\/schema\/logo\/image\/"}}]}},"_links":{"self":[{"href":"https:\/\/musicmedia.fi\/en\/wp-json\/wp\/v2\/pages\/3387","targetHints":{"allow":["GET"]}}],"collection":[{"href":"https:\/\/musicmedia.fi\/en\/wp-json\/wp\/v2\/pages"}],"about":[{"href":"https:\/\/musicmedia.fi\/en\/wp-json\/wp\/v2\/types\/page"}],"author":[{"embeddable":true,"href":"https:\/\/musicmedia.fi\/en\/wp-json\/wp\/v2\/users\/16"}],"replies":[{"embeddable":true,"href":"https:\/\/musicmedia.fi\/en\/wp-json\/wp\/v2\/comments?post=3387"}],"version-history":[{"count":0,"href":"https:\/\/musicmedia.fi\/en\/wp-json\/wp\/v2\/pages\/3387\/revisions"}],"wp:attachment":[{"href":"https:\/\/musicmedia.fi\/en\/wp-json\/wp\/v2\/media?parent=3387"}],"curies":[{"name":"wp","href":"https:\/\/api.w.org\/{rel}","templated":true}]}}