{"id":3308,"date":"2023-04-24T23:00:55","date_gmt":"2023-04-24T20:00:55","guid":{"rendered":"https:\/\/musamedia.fi\/?page_id=3308"},"modified":"2025-05-19T13:47:59","modified_gmt":"2025-05-19T10:47:59","slug":"tahtikatu","status":"publish","type":"page","link":"https:\/\/musicmedia.fi\/en\/tahtikatu\/","title":{"rendered":"Walk of Fame"},"content":{"rendered":"<div data-elementor-type=\"wp-page\" data-elementor-id=\"3308\" class=\"elementor elementor-3308\">\n\t\t\t\t<div class=\"elementor-element elementor-element-9858137 e-flex e-con-boxed e-con e-parent\" data-id=\"9858137\" data-element_type=\"container\">\n\t\t\t\t\t<div class=\"e-con-inner\">\n\t\t\t\t<div class=\"elementor-element elementor-element-235f253 elementor-widget elementor-widget-heading\" data-id=\"235f253\" data-element_type=\"widget\" data-widget_type=\"heading.default\">\n\t\t\t\t<div class=\"elementor-widget-container\">\n\t\t\t\t\t<h1 class=\"elementor-heading-title elementor-size-default\">Walk of Fame<\/h1>\t\t\t\t<\/div>\n\t\t\t\t<\/div>\n\t\t\t\t\t<\/div>\n\t\t\t\t<\/div>\n\t\t\t\t<section class=\"elementor-section elementor-top-section elementor-element elementor-element-e04a5b4 elementor-section-boxed elementor-section-height-default elementor-section-height-default\" data-id=\"e04a5b4\" data-element_type=\"section\">\n\t\t\t\t\t\t<div class=\"elementor-container elementor-column-gap-default\">\n\t\t\t\t\t<div class=\"elementor-column elementor-col-50 elementor-top-column elementor-element elementor-element-85cd0d7\" data-id=\"85cd0d7\" data-element_type=\"column\" data-settings=\"{&quot;background_background&quot;:&quot;classic&quot;}\">\n\t\t\t<div class=\"elementor-widget-wrap elementor-element-populated\">\n\t\t\t\t\t\t<div class=\"elementor-element elementor-element-fb96cec elementor-widget elementor-widget-text-editor\" data-id=\"fb96cec\" data-element_type=\"widget\" data-widget_type=\"text-editor.default\">\n\t\t\t\t<div class=\"elementor-widget-container\">\n\t\t\t\t\t\t\t\t\t<p><span style=\"color: #000000;\">The Walk of Fame pays tribute to music, artists and music professionals. Like its Hollywood-counterpart, Finland\u2019s very own Walk of Fame consists of a line of stars paved on the streets of Tampere. The first stars were revealed in 2019, after which the street has grown its number of stars year by year.<\/span><\/p><p><span style=\"color: #000000;\">The Walk of Fame celebrates and honors both Finnish and international names in the music industry. All names carved on the stars are chosen by a public vote. The winners of Tampere Music Awards, selected as part of Music x Media\u2019s Industry Awards, are featured in the stars as well. The selections are made with the diversity of the winners as one of the main criteria.<\/span><\/p><p><span style=\"color: #000000;\">By including the music heritage and stories in the urban street scene, Tampere brings more depth into the everyday passageway of locals and tourists alike.<\/span><\/p>\t\t\t\t\t\t\t\t<\/div>\n\t\t\t\t<\/div>\n\t\t\t\t\t<\/div>\n\t\t<\/div>\n\t\t\t\t<div class=\"elementor-column elementor-col-50 elementor-top-column elementor-element elementor-element-4655770\" data-id=\"4655770\" data-element_type=\"column\">\n\t\t\t<div class=\"elementor-widget-wrap elementor-element-populated\">\n\t\t\t\t\t\t<div class=\"elementor-element elementor-element-bb76776 elementor-widget__width-initial elementor-widget elementor-widget-image\" data-id=\"bb76776\" data-element_type=\"widget\" data-widget_type=\"image.default\">\n\t\t\t\t<div class=\"elementor-widget-container\">\n\t\t\t\t\t\t\t\t\t\t\t\t\t\t\t<img fetchpriority=\"high\" decoding=\"async\" width=\"788\" height=\"1024\" src=\"https:\/\/musicmedia.fi\/wp-content\/uploads\/2024\/04\/tahtikatu-kuva-scaled-e1713877750206-788x1024.jpg\" class=\"attachment-large size-large wp-image-6919\" alt=\"\" srcset=\"https:\/\/musicmedia.fi\/wp-content\/uploads\/2024\/04\/tahtikatu-kuva-scaled-e1713877750206-788x1024.jpg 788w, https:\/\/musicmedia.fi\/wp-content\/uploads\/2024\/04\/tahtikatu-kuva-scaled-e1713877750206-231x300.jpg 231w, https:\/\/musicmedia.fi\/wp-content\/uploads\/2024\/04\/tahtikatu-kuva-scaled-e1713877750206-768x998.jpg 768w, https:\/\/musicmedia.fi\/wp-content\/uploads\/2024\/04\/tahtikatu-kuva-scaled-e1713877750206-1181x1536.jpg 1181w, https:\/\/musicmedia.fi\/wp-content\/uploads\/2024\/04\/tahtikatu-kuva-scaled-e1713877750206-1575x2048.jpg 1575w, https:\/\/musicmedia.fi\/wp-content\/uploads\/2024\/04\/tahtikatu-kuva-scaled-e1713877750206-9x12.jpg 9w, https:\/\/musicmedia.fi\/wp-content\/uploads\/2024\/04\/tahtikatu-kuva-scaled-e1713877750206.jpg 1706w\" sizes=\"(max-width: 788px) 100vw, 788px\" \/>\t\t\t\t\t\t\t\t\t\t\t\t\t\t\t<\/div>\n\t\t\t\t<\/div>\n\t\t\t\t\t<\/div>\n\t\t<\/div>\n\t\t\t\t\t<\/div>\n\t\t<\/section>\n\t\t<div class=\"elementor-element elementor-element-d48f088 e-flex e-con-boxed e-con e-parent\" data-id=\"d48f088\" data-element_type=\"container\">\n\t\t\t\t\t<div class=\"e-con-inner\">\n\t\t\t\t<div class=\"elementor-element elementor-element-2ce2a7f elementor-widget elementor-widget-text-editor\" data-id=\"2ce2a7f\" data-element_type=\"widget\" data-widget_type=\"text-editor.default\">\n\t\t\t\t<div class=\"elementor-widget-container\">\n\t\t\t\t\t\t\t\t\t<p><span style=\"color: #000000;\"><i>Every year, 5\u20138 new stars are added to the street based on suggestions from the public. Now you have had the chance once again to have an influence on who will have their names added to the star plaques this year. Suggestions for recipients of the star plaque can be submitted on spring 2025.<\/i><\/span><\/p><p><span style=\"color: #000000;\"><i>The public can nominate anyone who has been influential in the field: artists, bands, music creators, lyricists, composers, music producers, as well as representatives of organizations or institutions<\/i><\/span><\/p><p><span style=\"color: #000000;\"><i>T\u00e4htien saajat julkaistaan katuun ja viestinn\u00e4ss\u00e4 syyskuussa ja t\u00e4htien saajia juhlistetaan Music x Media -tapahtuman Industry Awards -gaalassa.<\/i><\/span><\/p>\t\t\t\t\t\t\t\t<\/div>\n\t\t\t\t<\/div>\n\t\t\t\t\t<\/div>\n\t\t\t\t<\/div>\n\t\t\t\t<section class=\"elementor-section elementor-top-section elementor-element elementor-element-c27b062 elementor-section-boxed elementor-section-height-default elementor-section-height-default\" data-id=\"c27b062\" data-element_type=\"section\">\n\t\t\t\t\t\t<div class=\"elementor-container elementor-column-gap-default\">\n\t\t\t\t\t<div class=\"elementor-column elementor-col-100 elementor-top-column elementor-element elementor-element-758f53c0\" data-id=\"758f53c0\" data-element_type=\"column\">\n\t\t\t<div class=\"elementor-widget-wrap elementor-element-populated\">\n\t\t\t\t\t\t<div class=\"elementor-element elementor-element-436e426e elementor-widget elementor-widget-text-editor\" data-id=\"436e426e\" data-element_type=\"widget\" data-widget_type=\"text-editor.default\">\n\t\t\t\t<div class=\"elementor-widget-container\">\n\t\t\t\t\t\t\t\t\t<h2><span style=\"color: #000000;\">Included in the Walk of Fame:<\/span><\/h2><p><span style=\"color: #000000;\"><b>2024<br \/><\/b><\/span>Kaj Chydenius<br \/>Pave Maijanen<br \/>PMMP<br \/>Aino Ackt\u00e9<br \/>Toivo K\u00e4rki<br \/>Jaakko Ryh\u00e4nen<br \/>Juhani Merimaa<br \/>Virve Rosti<\/p><p><span style=\"color: #000000;\"><b>2023<br \/><\/b><\/span><span style=\"color: #000000;\">Vesa-Matti Loiri<\/span><br \/><span style=\"color: #000000;\">HIM<\/span><br \/><span style=\"color: #000000;\">Kikka<\/span><br \/><span style=\"color: #000000;\">Antti Tuisku<\/span><br \/><span style=\"color: #000000;\">Santtu-Matias Rouvali<\/span><br \/><span style=\"color: #000000;\">Maija Vilkkumaa<\/span><br \/><span style=\"color: #000000;\">Anna-Mari K\u00e4h\u00e4r\u00e4<\/span><\/p><p><span style=\"font-weight: bolder; color: #000000;\">2022<br \/><\/span><span style=\"color: #000000;\">Conductor, composer and violinist Jaakko Kuusisto<\/span><br \/><span style=\"color: #000000;\">Rock band Hanoi Rocks<\/span><br \/><span style=\"color: #000000;\">Blues guitarist, singer-songwriter Erja Lyytinen<\/span><br \/><span style=\"color: #000000;\">Musician Heikki Salo<\/span><br \/><span style=\"color: #000000;\">Singer Marion Rung<span style=\"background-color: var( --e-global-color-371159e );\"><br \/><\/span><\/span><\/p><p><span style=\"font-weight: bolder; color: #000000;\">2021<br \/><\/span><span style=\"color: #000000;\">Musician Mikko Alatalo<\/span><br \/><span style=\"color: #000000;\">Rock band Y\u00f6<\/span><br \/><span style=\"color: #000000;\">Modern folk band V\u00e4rttin\u00e4<\/span><br \/><span style=\"color: #000000;\">Singer Kaija Koo<\/span><br \/><span style=\"color: #000000;\">Conductor and composer Esa-Pekka Salonen<\/span><\/p><p><span style=\"font-weight: bolder; color: #000000;\">2020<br \/><\/span><span style=\"color: #000000;\">Music influencer Tapio Korjus<\/span><br \/><span style=\"color: #000000;\">Rock band Eppu Normaali<\/span><br \/><span style=\"color: #000000;\">Metal band Nightwish<\/span><br \/><span style=\"color: #000000;\">Soprano Karita Mattila<\/span><br \/><span style=\"color: #000000;\">Musician Ismo Alanko<\/span><br \/><span style=\"color: #000000;\">Singer Paula Koivuniemi<\/span><\/p><p><span style=\"color: #000000;\"><strong>2019<br \/><\/strong><\/span><span style=\"color: #000000;\">Rap artist Cheek<\/span><br \/><span style=\"color: #000000;\">Musician Juice Leskinen<\/span><br \/><span style=\"color: #000000;\">Rock band Popeda<\/span><br \/><span style=\"color: #000000;\">Singer Katri Helena<\/span><br \/><span style=\"color: #000000;\">Composer Jean Sibelius<\/span><br \/><span style=\"color: #000000;\">Composer Kaija Saariaho<\/span><br \/><span style=\"color: #000000;\">Music entrepreneur Epe Helenius<\/span><br \/><span style=\"color: #000000;\">Pioneer in the Nordic music export, Anna Hildur<\/span><br \/><span style=\"color: #000000;\">Estonian culture influencer Rein Lang<\/span><br \/><span style=\"color: #000000;\">Swedish music publisher Pelle Lidell<\/span><br \/><span style=\"color: #000000;\">Finnish music promoter in Japan, Onta Shiroh Kawaguchi<\/span><br \/><span style=\"color: #000000;\">Finnish metal music ambassador Holger Tiefenbach (2015)<\/span><br \/><span style=\"color: #000000;\">Founder of Tallinn Music Week Helen Sildna<\/span><br \/><span style=\"color: #000000;\">Indie music ambassador Jonas Sj\u00f6str\u00f6m<\/span><br \/><span style=\"color: #000000;\">Music photographer and journalist Jan Sneum (2012)<\/span><\/p>\t\t\t\t\t\t\t\t<\/div>\n\t\t\t\t<\/div>\n\t\t\t\t\t<\/div>\n\t\t<\/div>\n\t\t\t\t\t<\/div>\n\t\t<\/section>\n\t\t<div class=\"elementor-element elementor-element-91cfb16 e-flex e-con-boxed e-con e-parent\" data-id=\"91cfb16\" data-element_type=\"container\">\n\t\t\t\t\t<div class=\"e-con-inner\">\n\t\t\t\t<div class=\"elementor-element elementor-element-e1918d4 elementor-widget elementor-widget-spacer\" data-id=\"e1918d4\" data-element_type=\"widget\" data-widget_type=\"spacer.default\">\n\t\t\t\t<div class=\"elementor-widget-container\">\n\t\t\t\t\t\t\t<div class=\"elementor-spacer\">\n\t\t\t<div class=\"elementor-spacer-inner\"><\/div>\n\t\t<\/div>\n\t\t\t\t\t\t<\/div>\n\t\t\t\t<\/div>\n\t\t\t\t\t<\/div>\n\t\t\t\t<\/div>\n\t\t\t\t<\/div>","protected":false},"excerpt":{"rendered":"<p>T\u00e4htikatu T\u00e4htikatu on musiikkia, artisteja ja musiikintekij\u00f6it\u00e4 kunnioittava katu Hollywoodin jalanj\u00e4ljiss\u00e4 \u2013 ensimm\u00e4inen valtakunnallinen ja kansainv\u00e4linen T\u00e4htikatu Suomessa. Ensimm\u00e4iset t\u00e4hdet julkistettiin vuonna 2019, mink\u00e4 j\u00e4lkeen \u00c5kerlundinkadulla sijaitseva T\u00e4htikatu on t\u00e4ydentynyt vuosittain uusilla t\u00e4hdill\u00e4. Katu juhlistaa ja kunnioittaa kotimaisen ja kansainv\u00e4lisen musiikkialan keskeisi\u00e4 toimijoita \u2013 niin alan ammattilaisia kuin artistit\u00e4hti\u00e4. T\u00e4htiin painetut nimet on valittu yleis\u00f6\u00e4\u00e4nestyksell\u00e4. [&hellip;]<\/p>","protected":false},"author":15,"featured_media":0,"parent":0,"menu_order":0,"comment_status":"closed","ping_status":"closed","template":"","meta":{"_acf_changed":false,"inline_featured_image":false,"footnotes":""},"class_list":["post-3308","page","type-page","status-publish","hentry"],"acf":[],"yoast_head":"<!-- This site is optimized with the Yoast SEO plugin v25.7 - https:\/\/yoast.com\/wordpress\/plugins\/seo\/ -->\n<title>T\u00e4htikatu - Music x Media<\/title>\n<meta name=\"robots\" content=\"index, follow, max-snippet:-1, max-image-preview:large, max-video-preview:-1\" \/>\n<link rel=\"canonical\" href=\"https:\/\/musicmedia.fi\/en\/tahtikatu\/\" \/>\n<meta property=\"og:locale\" content=\"en_GB\" \/>\n<meta property=\"og:type\" content=\"article\" \/>\n<meta property=\"og:title\" content=\"T\u00e4htikatu - Music x Media\" \/>\n<meta property=\"og:description\" content=\"T\u00e4htikatu T\u00e4htikatu on musiikkia, artisteja ja musiikintekij\u00f6it\u00e4 kunnioittava katu Hollywoodin jalanj\u00e4ljiss\u00e4 \u2013 ensimm\u00e4inen valtakunnallinen ja kansainv\u00e4linen T\u00e4htikatu Suomessa. Ensimm\u00e4iset t\u00e4hdet julkistettiin vuonna 2019, mink\u00e4 j\u00e4lkeen \u00c5kerlundinkadulla sijaitseva T\u00e4htikatu on t\u00e4ydentynyt vuosittain uusilla t\u00e4hdill\u00e4. Katu juhlistaa ja kunnioittaa kotimaisen ja kansainv\u00e4lisen musiikkialan keskeisi\u00e4 toimijoita \u2013 niin alan ammattilaisia kuin artistit\u00e4hti\u00e4. T\u00e4htiin painetut nimet on valittu yleis\u00f6\u00e4\u00e4nestyksell\u00e4. [&hellip;]\" \/>\n<meta property=\"og:url\" content=\"https:\/\/musicmedia.fi\/en\/tahtikatu\/\" \/>\n<meta property=\"og:site_name\" content=\"Music x Media\" \/>\n<meta property=\"article:modified_time\" content=\"2025-05-19T10:47:59+00:00\" \/>\n<meta property=\"og:image\" content=\"https:\/\/musicmedia.fi\/wp-content\/uploads\/2024\/04\/tahtikatu-kuva-scaled-e1713877750206.jpg\" \/>\n\t<meta property=\"og:image:width\" content=\"1706\" \/>\n\t<meta property=\"og:image:height\" content=\"2218\" \/>\n\t<meta property=\"og:image:type\" content=\"image\/jpeg\" \/>\n<meta name=\"twitter:card\" content=\"summary_large_image\" \/>\n<meta name=\"twitter:label1\" content=\"Estimated reading time\" \/>\n\t<meta name=\"twitter:data1\" content=\"3 minutes\" \/>\n<script type=\"application\/ld+json\" class=\"yoast-schema-graph\">{\"@context\":\"https:\/\/schema.org\",\"@graph\":[{\"@type\":\"WebPage\",\"@id\":\"https:\/\/musicmedia.fi\/tahtikatu\/\",\"url\":\"https:\/\/musicmedia.fi\/tahtikatu\/\",\"name\":\"T\u00e4htikatu - Music x Media\",\"isPartOf\":{\"@id\":\"https:\/\/musicmedia.fi\/#website\"},\"primaryImageOfPage\":{\"@id\":\"https:\/\/musicmedia.fi\/tahtikatu\/#primaryimage\"},\"image\":{\"@id\":\"https:\/\/musicmedia.fi\/tahtikatu\/#primaryimage\"},\"thumbnailUrl\":\"https:\/\/musicmedia.fi\/wp-content\/uploads\/2024\/04\/tahtikatu-kuva-scaled-e1713877750206-788x1024.jpg\",\"datePublished\":\"2023-04-24T20:00:55+00:00\",\"dateModified\":\"2025-05-19T10:47:59+00:00\",\"breadcrumb\":{\"@id\":\"https:\/\/musicmedia.fi\/tahtikatu\/#breadcrumb\"},\"inLanguage\":\"en-GB\",\"potentialAction\":[{\"@type\":\"ReadAction\",\"target\":[\"https:\/\/musicmedia.fi\/tahtikatu\/\"]}]},{\"@type\":\"ImageObject\",\"inLanguage\":\"en-GB\",\"@id\":\"https:\/\/musicmedia.fi\/tahtikatu\/#primaryimage\",\"url\":\"https:\/\/musicmedia.fi\/wp-content\/uploads\/2024\/04\/tahtikatu-kuva-scaled-e1713877750206-788x1024.jpg\",\"contentUrl\":\"https:\/\/musicmedia.fi\/wp-content\/uploads\/2024\/04\/tahtikatu-kuva-scaled-e1713877750206-788x1024.jpg\"},{\"@type\":\"BreadcrumbList\",\"@id\":\"https:\/\/musicmedia.fi\/tahtikatu\/#breadcrumb\",\"itemListElement\":[{\"@type\":\"ListItem\",\"position\":1,\"name\":\"Home\",\"item\":\"https:\/\/musicmedia.fi\/\"},{\"@type\":\"ListItem\",\"position\":2,\"name\":\"T\u00e4htikatu\"}]},{\"@type\":\"WebSite\",\"@id\":\"https:\/\/musicmedia.fi\/#website\",\"url\":\"https:\/\/musicmedia.fi\/\",\"name\":\"Music x Media\",\"description\":\"Musiikki-, viihde- ja tapahtuma-alojen kohtaamispaikka\",\"publisher\":{\"@id\":\"https:\/\/musicmedia.fi\/#organization\"},\"potentialAction\":[{\"@type\":\"SearchAction\",\"target\":{\"@type\":\"EntryPoint\",\"urlTemplate\":\"https:\/\/musicmedia.fi\/?s={search_term_string}\"},\"query-input\":{\"@type\":\"PropertyValueSpecification\",\"valueRequired\":true,\"valueName\":\"search_term_string\"}}],\"inLanguage\":\"en-GB\"},{\"@type\":\"Organization\",\"@id\":\"https:\/\/musicmedia.fi\/#organization\",\"name\":\"Music x Media\",\"url\":\"https:\/\/musicmedia.fi\/\",\"logo\":{\"@type\":\"ImageObject\",\"inLanguage\":\"en-GB\",\"@id\":\"https:\/\/musicmedia.fi\/#\/schema\/logo\/image\/\",\"url\":\"https:\/\/musicmedia.fi\/wp-content\/uploads\/2022\/05\/logo.png\",\"contentUrl\":\"https:\/\/musicmedia.fi\/wp-content\/uploads\/2022\/05\/logo.png\",\"width\":276,\"height\":147,\"caption\":\"Music x Media\"},\"image\":{\"@id\":\"https:\/\/musicmedia.fi\/#\/schema\/logo\/image\/\"}}]}<\/script>\n<!-- \/ Yoast SEO plugin. -->","yoast_head_json":{"title":"T\u00e4htikatu - Music x Media","robots":{"index":"index","follow":"follow","max-snippet":"max-snippet:-1","max-image-preview":"max-image-preview:large","max-video-preview":"max-video-preview:-1"},"canonical":"https:\/\/musicmedia.fi\/en\/tahtikatu\/","og_locale":"en_GB","og_type":"article","og_title":"T\u00e4htikatu - Music x Media","og_description":"T\u00e4htikatu T\u00e4htikatu on musiikkia, artisteja ja musiikintekij\u00f6it\u00e4 kunnioittava katu Hollywoodin jalanj\u00e4ljiss\u00e4 \u2013 ensimm\u00e4inen valtakunnallinen ja kansainv\u00e4linen T\u00e4htikatu Suomessa. Ensimm\u00e4iset t\u00e4hdet julkistettiin vuonna 2019, mink\u00e4 j\u00e4lkeen \u00c5kerlundinkadulla sijaitseva T\u00e4htikatu on t\u00e4ydentynyt vuosittain uusilla t\u00e4hdill\u00e4. Katu juhlistaa ja kunnioittaa kotimaisen ja kansainv\u00e4lisen musiikkialan keskeisi\u00e4 toimijoita \u2013 niin alan ammattilaisia kuin artistit\u00e4hti\u00e4. T\u00e4htiin painetut nimet on valittu yleis\u00f6\u00e4\u00e4nestyksell\u00e4. [&hellip;]","og_url":"https:\/\/musicmedia.fi\/en\/tahtikatu\/","og_site_name":"Music x Media","article_modified_time":"2025-05-19T10:47:59+00:00","og_image":[{"width":1706,"height":2218,"url":"https:\/\/musicmedia.fi\/wp-content\/uploads\/2024\/04\/tahtikatu-kuva-scaled-e1713877750206.jpg","type":"image\/jpeg"}],"twitter_card":"summary_large_image","twitter_misc":{"Estimated reading time":"3 minutes"},"schema":{"@context":"https:\/\/schema.org","@graph":[{"@type":"WebPage","@id":"https:\/\/musicmedia.fi\/tahtikatu\/","url":"https:\/\/musicmedia.fi\/tahtikatu\/","name":"T\u00e4htikatu - Music x Media","isPartOf":{"@id":"https:\/\/musicmedia.fi\/#website"},"primaryImageOfPage":{"@id":"https:\/\/musicmedia.fi\/tahtikatu\/#primaryimage"},"image":{"@id":"https:\/\/musicmedia.fi\/tahtikatu\/#primaryimage"},"thumbnailUrl":"https:\/\/musicmedia.fi\/wp-content\/uploads\/2024\/04\/tahtikatu-kuva-scaled-e1713877750206-788x1024.jpg","datePublished":"2023-04-24T20:00:55+00:00","dateModified":"2025-05-19T10:47:59+00:00","breadcrumb":{"@id":"https:\/\/musicmedia.fi\/tahtikatu\/#breadcrumb"},"inLanguage":"en-GB","potentialAction":[{"@type":"ReadAction","target":["https:\/\/musicmedia.fi\/tahtikatu\/"]}]},{"@type":"ImageObject","inLanguage":"en-GB","@id":"https:\/\/musicmedia.fi\/tahtikatu\/#primaryimage","url":"https:\/\/musicmedia.fi\/wp-content\/uploads\/2024\/04\/tahtikatu-kuva-scaled-e1713877750206-788x1024.jpg","contentUrl":"https:\/\/musicmedia.fi\/wp-content\/uploads\/2024\/04\/tahtikatu-kuva-scaled-e1713877750206-788x1024.jpg"},{"@type":"BreadcrumbList","@id":"https:\/\/musicmedia.fi\/tahtikatu\/#breadcrumb","itemListElement":[{"@type":"ListItem","position":1,"name":"Home","item":"https:\/\/musicmedia.fi\/"},{"@type":"ListItem","position":2,"name":"T\u00e4htikatu"}]},{"@type":"WebSite","@id":"https:\/\/musicmedia.fi\/#website","url":"https:\/\/musicmedia.fi\/","name":"Music x Media","description":"Bridging the worlds of Music, Entertainment, and Event Industries","publisher":{"@id":"https:\/\/musicmedia.fi\/#organization"},"potentialAction":[{"@type":"SearchAction","target":{"@type":"EntryPoint","urlTemplate":"https:\/\/musicmedia.fi\/?s={search_term_string}"},"query-input":{"@type":"PropertyValueSpecification","valueRequired":true,"valueName":"search_term_string"}}],"inLanguage":"en-GB"},{"@type":"Organization","@id":"https:\/\/musicmedia.fi\/#organization","name":"Music x Media","url":"https:\/\/musicmedia.fi\/","logo":{"@type":"ImageObject","inLanguage":"en-GB","@id":"https:\/\/musicmedia.fi\/#\/schema\/logo\/image\/","url":"https:\/\/musicmedia.fi\/wp-content\/uploads\/2022\/05\/logo.png","contentUrl":"https:\/\/musicmedia.fi\/wp-content\/uploads\/2022\/05\/logo.png","width":276,"height":147,"caption":"Music x Media"},"image":{"@id":"https:\/\/musicmedia.fi\/#\/schema\/logo\/image\/"}}]}},"_links":{"self":[{"href":"https:\/\/musicmedia.fi\/en\/wp-json\/wp\/v2\/pages\/3308","targetHints":{"allow":["GET"]}}],"collection":[{"href":"https:\/\/musicmedia.fi\/en\/wp-json\/wp\/v2\/pages"}],"about":[{"href":"https:\/\/musicmedia.fi\/en\/wp-json\/wp\/v2\/types\/page"}],"author":[{"embeddable":true,"href":"https:\/\/musicmedia.fi\/en\/wp-json\/wp\/v2\/users\/15"}],"replies":[{"embeddable":true,"href":"https:\/\/musicmedia.fi\/en\/wp-json\/wp\/v2\/comments?post=3308"}],"version-history":[{"count":0,"href":"https:\/\/musicmedia.fi\/en\/wp-json\/wp\/v2\/pages\/3308\/revisions"}],"wp:attachment":[{"href":"https:\/\/musicmedia.fi\/en\/wp-json\/wp\/v2\/media?parent=3308"}],"curies":[{"name":"wp","href":"https:\/\/api.w.org\/{rel}","templated":true}]}}