{"id":12923,"date":"2026-03-23T14:34:18","date_gmt":"2026-03-23T12:34:18","guid":{"rendered":"https:\/\/musicmedia.fi\/?page_id=12923"},"modified":"2026-03-23T14:39:10","modified_gmt":"2026-03-23T12:39:10","slug":"majoitus","status":"publish","type":"page","link":"https:\/\/musicmedia.fi\/en\/majoitus\/","title":{"rendered":"Accomodation"},"content":{"rendered":"<div data-elementor-type=\"wp-page\" data-elementor-id=\"12923\" class=\"elementor elementor-12923\">\n\t\t\t\t<div class=\"elementor-element elementor-element-aca1d81 e-flex e-con-boxed e-con e-parent\" data-id=\"aca1d81\" data-element_type=\"container\">\n\t\t\t\t\t<div class=\"e-con-inner\">\n\t\t\t\t\t<\/div>\n\t\t\t\t<\/div>\n\t\t<div class=\"elementor-element elementor-element-a39db13 e-flex e-con-boxed e-con e-parent\" data-id=\"a39db13\" data-element_type=\"container\">\n\t\t\t\t\t<div class=\"e-con-inner\">\n\t\t\t\t<div class=\"elementor-element elementor-element-a6bcdcf elementor-widget elementor-widget-heading\" data-id=\"a6bcdcf\" data-element_type=\"widget\" data-widget_type=\"heading.default\">\n\t\t\t\t<div class=\"elementor-widget-container\">\n\t\t\t\t\t<h2 class=\"elementor-heading-title elementor-size-default\">Accomodation<\/h2>\t\t\t\t<\/div>\n\t\t\t\t<\/div>\n\t\t\t\t<div class=\"elementor-element elementor-element-d73fcdd elementor-widget elementor-widget-text-editor\" data-id=\"d73fcdd\" data-element_type=\"widget\" data-widget_type=\"text-editor.default\">\n\t\t\t\t<div class=\"elementor-widget-container\">\n\t\t\t\t\t\t\t\t\t<p><strong>Dream Hostel &amp; Hotel<\/strong><\/p><p>\u00c5kerlundinkatu 2<\/p><p><a href=\"https:\/\/www.dreamhostel.fi\/en\/front-page\/\">Dream Hostel &amp; Hotel nettisivut<\/a>.<\/p><p>Koodilla\u00a0<strong><b>LIMXDREAM26\u00a0<\/b><\/strong>saat -10% majoitushinnasta. Tarjous on voimassa 30.9.2026 asti, kun varaat majoituksen 29.9.-5.10.2026 v\u00e4lille hotellin omien nettisivujen kautta.<\/p><p><strong>Scandic<\/strong><\/p><p><a href=\"https:\/\/www.scandichotels.com\/fi?bookingcode=EVNT\">Scandicin alennushintaisten huoneiden varaus<\/a>.<\/p><p>Linkin kautta varatessasi p\u00e4\u00e4set varaamaan suoraan alennushintaisen majoituksen. Voit valita haluamasi majoituksen, ja saat lis\u00e4alennusta, jos maksat majoituksen heti varauden yhteydess\u00e4. Varauksen vahvistamiseksi tulee antaa voimassaolevat luottotiedot.<\/p><p>Huoneet ovat varattavissa hotellin varaustilanteen mukaan viimeist\u00e4\u00e4n 10 p\u00e4iv\u00e4\u00e4 ennen saapumista.<\/p><p>Scandic Friends -j\u00e4senten kannattaa tarkistaa my\u00f6s saatavilla olevat kanta-asiakastarjoukset.<\/p><p><strong>Sokos Hotel Torni Tampere<\/strong><\/p><p>Ratapihankatu 43<\/p><p><a href=\"https:\/\/www.sokoshotels.fi\/hotellit\/tampere\/solo-sokos-hotel-torni-tampere\">Sokos Hotel Torni Tampereen sivut<\/a>.<\/p><p>Koodilla\u00a0<strong>BMUSICMEDIA26\u00a0<\/strong>saat varattua huoneen seuraavilla hinnoilla:<\/p><p>30.9.-1.10.2026<br \/>285 EUR \/ 1hh Solo<br \/>315 EUR \/ 2hh Solo<\/p><p>1.-3.10.2026<br \/>195 EUR \/ 1hh Solo<br \/>225 EUR \/ 2hh Solo<\/p><p>Huonehintaan sis\u00e4ltyy hotelliaamiainen, asiakassauna,\u00a0 WiFi-yhteys sek\u00e4 ALV.<\/p><p>Tarjous on voimassa 12.8.2026 asti.<\/p><p><strong>Uumen Hotels<\/strong><\/p><p>Finlaysoninkatu 5<\/p><p><a href=\"https:\/\/uumenhotels.fi\/\">Uumen Hotelsin nettisivut<\/a>.<\/p><p>Koodilla\u00a0<strong>Music &amp; Media<\/strong>\u00a0saat varattua Uumen Hotelsin nettisivujen kautta majoituksen kiinti\u00f6hinnoin. Koodi lis\u00e4t\u00e4\u00e4n heti varauksen 1. sivulle kohtaan \u201dLis\u00e4\u00e4 tarjouskoodi\u201d.\u00a0<\/p><p><strong>Courtyard by Marriott Tampere City<\/strong><\/p><p>Yliopistonkatu 57<\/p><p><a href=\"https:\/\/www.marriott.com\/event-reservations\/reservation-link.mi?id=1764597083705&amp;key=GRP&amp;app=resvlink&amp;_branch_match_id=1517482357362090199&amp;_branch_referrer=H4sIAAAAAAAAA8soKSkottLXTywo0MtNLCrKzC8p0UvOz9UvSi3OyczLtgdK2ALZZSCOWmaKraG5mYmppbmBhbG5galadmqlrXtQgFpdUWpaKlB3Xnp8UlF%2BeXFqka1zRlF%2BbioATDTrcGAAAAA%3D\">Courtyard by Marriott Tampere City alennushintaisten huoneiden varaus<\/a>.<\/p><p>Linkin kautta varatessasi p\u00e4\u00e4set varaamaan majoituksen tarjoushintaan:<\/p><p>185 \u20ac \/ y\u00f6, Standard -huone yhdelle<\/p><div><div dir=\"ltr\"><p>205 \u20ac \/ y\u00f6, Standard -huone kahdelle<\/p><p>205 \u20ac \/ y\u00f6, Green Choice Deluxe -huone yhdelle<\/p><p>225 \u20ac \/ y\u00f6, Green Choice Deluxe -huone kahdelle<\/p><p>Huonehintoihin sis\u00e4ltyy monipuolinen aamupala, verot, maksuton Wi-Fi sek\u00e4 hyvin varustellun kuntosalin k\u00e4ytt\u00f6.<\/p><p>Tarjouskohtaiset hinnat ovat voimassa 1.9.2026 asti, ja huoneita on saatavilla rajoitetusti.<\/p><\/div><\/div>\t\t\t\t\t\t\t\t<\/div>\n\t\t\t\t<\/div>\n\t\t\t\t\t<\/div>\n\t\t\t\t<\/div>\n\t\t<div class=\"elementor-element elementor-element-342afa1 e-flex e-con-boxed e-con e-parent\" data-id=\"342afa1\" data-element_type=\"container\">\n\t\t\t\t\t<div class=\"e-con-inner\">\n\t\t\t\t<div class=\"elementor-element elementor-element-70afd1f elementor-widget elementor-widget-image\" data-id=\"70afd1f\" data-element_type=\"widget\" data-widget_type=\"image.default\">\n\t\t\t\t<div class=\"elementor-widget-container\">\n\t\t\t\t\t\t\t\t\t\t\t\t\t\t\t<img fetchpriority=\"high\" decoding=\"async\" width=\"800\" height=\"800\" src=\"https:\/\/musicmedia.fi\/wp-content\/uploads\/2024\/06\/Visit_Tampere_Autumn_2021_City_Center_drone_views_Laura_Vanzo-28-800x800_c.jpeg\" class=\"attachment-large size-large wp-image-8012\" alt=\"\" srcset=\"https:\/\/musicmedia.fi\/wp-content\/uploads\/2024\/06\/Visit_Tampere_Autumn_2021_City_Center_drone_views_Laura_Vanzo-28-800x800_c.jpeg 800w, https:\/\/musicmedia.fi\/wp-content\/uploads\/2024\/06\/Visit_Tampere_Autumn_2021_City_Center_drone_views_Laura_Vanzo-28-800x800_c-300x300.jpeg 300w, https:\/\/musicmedia.fi\/wp-content\/uploads\/2024\/06\/Visit_Tampere_Autumn_2021_City_Center_drone_views_Laura_Vanzo-28-800x800_c-150x150.jpeg 150w, https:\/\/musicmedia.fi\/wp-content\/uploads\/2024\/06\/Visit_Tampere_Autumn_2021_City_Center_drone_views_Laura_Vanzo-28-800x800_c-768x768.jpeg 768w, https:\/\/musicmedia.fi\/wp-content\/uploads\/2024\/06\/Visit_Tampere_Autumn_2021_City_Center_drone_views_Laura_Vanzo-28-800x800_c-12x12.jpeg 12w\" sizes=\"(max-width: 800px) 100vw, 800px\" \/>\t\t\t\t\t\t\t\t\t\t\t\t\t\t\t<\/div>\n\t\t\t\t<\/div>\n\t\t\t\t<div class=\"elementor-element elementor-element-0c406e3 elementor-widget elementor-widget-image\" data-id=\"0c406e3\" data-element_type=\"widget\" data-widget_type=\"image.default\">\n\t\t\t\t<div class=\"elementor-widget-container\">\n\t\t\t\t\t\t\t\t\t\t\t\t\t\t\t<img decoding=\"async\" width=\"800\" height=\"800\" src=\"https:\/\/musicmedia.fi\/wp-content\/uploads\/2023\/04\/Tampere-talo-Tampere-Hall-Laura-Vanzo-15-scaled-800x800_c.jpg\" class=\"attachment-large size-large wp-image-3373\" alt=\"\" srcset=\"https:\/\/musicmedia.fi\/wp-content\/uploads\/2023\/04\/Tampere-talo-Tampere-Hall-Laura-Vanzo-15-scaled-800x800_c.jpg 800w, https:\/\/musicmedia.fi\/wp-content\/uploads\/2023\/04\/Tampere-talo-Tampere-Hall-Laura-Vanzo-15-scaled-800x800_c-300x300.jpg 300w, https:\/\/musicmedia.fi\/wp-content\/uploads\/2023\/04\/Tampere-talo-Tampere-Hall-Laura-Vanzo-15-scaled-800x800_c-150x150.jpg 150w, https:\/\/musicmedia.fi\/wp-content\/uploads\/2023\/04\/Tampere-talo-Tampere-Hall-Laura-Vanzo-15-scaled-800x800_c-768x768.jpg 768w, https:\/\/musicmedia.fi\/wp-content\/uploads\/2023\/04\/Tampere-talo-Tampere-Hall-Laura-Vanzo-15-scaled-800x800_c-12x12.jpg 12w\" sizes=\"(max-width: 800px) 100vw, 800px\" \/>\t\t\t\t\t\t\t\t\t\t\t\t\t\t\t<\/div>\n\t\t\t\t<\/div>\n\t\t\t\t\t<\/div>\n\t\t\t\t<\/div>\n\t\t<div class=\"elementor-element elementor-element-7da72f9 e-flex e-con-boxed e-con e-parent\" data-id=\"7da72f9\" data-element_type=\"container\">\n\t\t\t\t\t<div class=\"e-con-inner\">\n\t\t\t\t\t<\/div>\n\t\t\t\t<\/div>\n\t\t\t\t<\/div>","protected":false},"excerpt":{"rendered":"<p>Majoitus Dream Hostel &amp; Hotel \u00c5kerlundinkatu 2 Dream Hostel &amp; Hotel nettisivut. Koodilla\u00a0LIMXDREAM26\u00a0saat -10% majoitushinnasta. Tarjous on voimassa 30.9.2026 asti, kun varaat majoituksen 29.9.-5.10.2026 v\u00e4lille hotellin omien nettisivujen kautta. Scandic Scandicin alennushintaisten huoneiden varaus. Linkin kautta varatessasi p\u00e4\u00e4set varaamaan suoraan alennushintaisen majoituksen. Voit valita haluamasi majoituksen, ja saat lis\u00e4alennusta, jos maksat majoituksen heti varauden yhteydess\u00e4. [&hellip;]<\/p>","protected":false},"author":11,"featured_media":0,"parent":0,"menu_order":0,"comment_status":"closed","ping_status":"closed","template":"","meta":{"_acf_changed":false,"inline_featured_image":false,"footnotes":""},"class_list":["post-12923","page","type-page","status-publish","hentry"],"acf":[],"yoast_head":"<!-- This site is optimized with the Yoast SEO plugin v25.7 - https:\/\/yoast.com\/wordpress\/plugins\/seo\/ -->\n<title>Majoitus - Music x Media<\/title>\n<meta name=\"robots\" content=\"index, follow, max-snippet:-1, max-image-preview:large, max-video-preview:-1\" \/>\n<link rel=\"canonical\" href=\"https:\/\/musicmedia.fi\/en\/majoitus\/\" \/>\n<meta property=\"og:locale\" content=\"en_GB\" \/>\n<meta property=\"og:type\" content=\"article\" \/>\n<meta property=\"og:title\" content=\"Majoitus - Music x Media\" \/>\n<meta property=\"og:description\" content=\"Majoitus Dream Hostel &amp; Hotel \u00c5kerlundinkatu 2 Dream Hostel &amp; Hotel nettisivut. Koodilla\u00a0LIMXDREAM26\u00a0saat -10% majoitushinnasta. Tarjous on voimassa 30.9.2026 asti, kun varaat majoituksen 29.9.-5.10.2026 v\u00e4lille hotellin omien nettisivujen kautta. Scandic Scandicin alennushintaisten huoneiden varaus. Linkin kautta varatessasi p\u00e4\u00e4set varaamaan suoraan alennushintaisen majoituksen. Voit valita haluamasi majoituksen, ja saat lis\u00e4alennusta, jos maksat majoituksen heti varauden yhteydess\u00e4. [&hellip;]\" \/>\n<meta property=\"og:url\" content=\"https:\/\/musicmedia.fi\/en\/majoitus\/\" \/>\n<meta property=\"og:site_name\" content=\"Music x Media\" \/>\n<meta property=\"article:modified_time\" content=\"2026-03-23T12:39:10+00:00\" \/>\n<meta property=\"og:image\" content=\"https:\/\/musicmedia.fi\/wp-content\/uploads\/2024\/06\/Visit_Tampere_Autumn_2021_City_Center_drone_views_Laura_Vanzo-28-800x800_c.jpeg\" \/>\n<meta name=\"twitter:card\" content=\"summary_large_image\" \/>\n<meta name=\"twitter:label1\" content=\"Estimated reading time\" \/>\n\t<meta name=\"twitter:data1\" content=\"2 minutes\" \/>\n<script type=\"application\/ld+json\" class=\"yoast-schema-graph\">{\"@context\":\"https:\/\/schema.org\",\"@graph\":[{\"@type\":\"WebPage\",\"@id\":\"https:\/\/musicmedia.fi\/majoitus\/\",\"url\":\"https:\/\/musicmedia.fi\/majoitus\/\",\"name\":\"Majoitus - Music x Media\",\"isPartOf\":{\"@id\":\"https:\/\/musicmedia.fi\/#website\"},\"primaryImageOfPage\":{\"@id\":\"https:\/\/musicmedia.fi\/majoitus\/#primaryimage\"},\"image\":{\"@id\":\"https:\/\/musicmedia.fi\/majoitus\/#primaryimage\"},\"thumbnailUrl\":\"https:\/\/musicmedia.fi\/wp-content\/uploads\/2024\/06\/Visit_Tampere_Autumn_2021_City_Center_drone_views_Laura_Vanzo-28-800x800_c.jpeg\",\"datePublished\":\"2026-03-23T12:34:18+00:00\",\"dateModified\":\"2026-03-23T12:39:10+00:00\",\"breadcrumb\":{\"@id\":\"https:\/\/musicmedia.fi\/majoitus\/#breadcrumb\"},\"inLanguage\":\"en-GB\",\"potentialAction\":[{\"@type\":\"ReadAction\",\"target\":[\"https:\/\/musicmedia.fi\/majoitus\/\"]}]},{\"@type\":\"ImageObject\",\"inLanguage\":\"en-GB\",\"@id\":\"https:\/\/musicmedia.fi\/majoitus\/#primaryimage\",\"url\":\"https:\/\/musicmedia.fi\/wp-content\/uploads\/2024\/06\/Visit_Tampere_Autumn_2021_City_Center_drone_views_Laura_Vanzo-28-800x800_c.jpeg\",\"contentUrl\":\"https:\/\/musicmedia.fi\/wp-content\/uploads\/2024\/06\/Visit_Tampere_Autumn_2021_City_Center_drone_views_Laura_Vanzo-28-800x800_c.jpeg\"},{\"@type\":\"BreadcrumbList\",\"@id\":\"https:\/\/musicmedia.fi\/majoitus\/#breadcrumb\",\"itemListElement\":[{\"@type\":\"ListItem\",\"position\":1,\"name\":\"Home\",\"item\":\"https:\/\/musicmedia.fi\/\"},{\"@type\":\"ListItem\",\"position\":2,\"name\":\"Majoitus\"}]},{\"@type\":\"WebSite\",\"@id\":\"https:\/\/musicmedia.fi\/#website\",\"url\":\"https:\/\/musicmedia.fi\/\",\"name\":\"Music x Media\",\"description\":\"Musiikki-, viihde- ja tapahtuma-alojen kohtaamispaikka\",\"publisher\":{\"@id\":\"https:\/\/musicmedia.fi\/#organization\"},\"potentialAction\":[{\"@type\":\"SearchAction\",\"target\":{\"@type\":\"EntryPoint\",\"urlTemplate\":\"https:\/\/musicmedia.fi\/?s={search_term_string}\"},\"query-input\":{\"@type\":\"PropertyValueSpecification\",\"valueRequired\":true,\"valueName\":\"search_term_string\"}}],\"inLanguage\":\"en-GB\"},{\"@type\":\"Organization\",\"@id\":\"https:\/\/musicmedia.fi\/#organization\",\"name\":\"Music x Media\",\"url\":\"https:\/\/musicmedia.fi\/\",\"logo\":{\"@type\":\"ImageObject\",\"inLanguage\":\"en-GB\",\"@id\":\"https:\/\/musicmedia.fi\/#\/schema\/logo\/image\/\",\"url\":\"https:\/\/musicmedia.fi\/wp-content\/uploads\/2022\/05\/logo.png\",\"contentUrl\":\"https:\/\/musicmedia.fi\/wp-content\/uploads\/2022\/05\/logo.png\",\"width\":276,\"height\":147,\"caption\":\"Music x Media\"},\"image\":{\"@id\":\"https:\/\/musicmedia.fi\/#\/schema\/logo\/image\/\"}}]}<\/script>\n<!-- \/ Yoast SEO plugin. -->","yoast_head_json":{"title":"Majoitus - Music x Media","robots":{"index":"index","follow":"follow","max-snippet":"max-snippet:-1","max-image-preview":"max-image-preview:large","max-video-preview":"max-video-preview:-1"},"canonical":"https:\/\/musicmedia.fi\/en\/majoitus\/","og_locale":"en_GB","og_type":"article","og_title":"Majoitus - Music x Media","og_description":"Majoitus Dream Hostel &amp; Hotel \u00c5kerlundinkatu 2 Dream Hostel &amp; Hotel nettisivut. Koodilla\u00a0LIMXDREAM26\u00a0saat -10% majoitushinnasta. Tarjous on voimassa 30.9.2026 asti, kun varaat majoituksen 29.9.-5.10.2026 v\u00e4lille hotellin omien nettisivujen kautta. Scandic Scandicin alennushintaisten huoneiden varaus. Linkin kautta varatessasi p\u00e4\u00e4set varaamaan suoraan alennushintaisen majoituksen. Voit valita haluamasi majoituksen, ja saat lis\u00e4alennusta, jos maksat majoituksen heti varauden yhteydess\u00e4. [&hellip;]","og_url":"https:\/\/musicmedia.fi\/en\/majoitus\/","og_site_name":"Music x Media","article_modified_time":"2026-03-23T12:39:10+00:00","og_image":[{"url":"https:\/\/musicmedia.fi\/wp-content\/uploads\/2024\/06\/Visit_Tampere_Autumn_2021_City_Center_drone_views_Laura_Vanzo-28-800x800_c.jpeg","type":"","width":"","height":""}],"twitter_card":"summary_large_image","twitter_misc":{"Estimated reading time":"2 minutes"},"schema":{"@context":"https:\/\/schema.org","@graph":[{"@type":"WebPage","@id":"https:\/\/musicmedia.fi\/majoitus\/","url":"https:\/\/musicmedia.fi\/majoitus\/","name":"Majoitus - Music x Media","isPartOf":{"@id":"https:\/\/musicmedia.fi\/#website"},"primaryImageOfPage":{"@id":"https:\/\/musicmedia.fi\/majoitus\/#primaryimage"},"image":{"@id":"https:\/\/musicmedia.fi\/majoitus\/#primaryimage"},"thumbnailUrl":"https:\/\/musicmedia.fi\/wp-content\/uploads\/2024\/06\/Visit_Tampere_Autumn_2021_City_Center_drone_views_Laura_Vanzo-28-800x800_c.jpeg","datePublished":"2026-03-23T12:34:18+00:00","dateModified":"2026-03-23T12:39:10+00:00","breadcrumb":{"@id":"https:\/\/musicmedia.fi\/majoitus\/#breadcrumb"},"inLanguage":"en-GB","potentialAction":[{"@type":"ReadAction","target":["https:\/\/musicmedia.fi\/majoitus\/"]}]},{"@type":"ImageObject","inLanguage":"en-GB","@id":"https:\/\/musicmedia.fi\/majoitus\/#primaryimage","url":"https:\/\/musicmedia.fi\/wp-content\/uploads\/2024\/06\/Visit_Tampere_Autumn_2021_City_Center_drone_views_Laura_Vanzo-28-800x800_c.jpeg","contentUrl":"https:\/\/musicmedia.fi\/wp-content\/uploads\/2024\/06\/Visit_Tampere_Autumn_2021_City_Center_drone_views_Laura_Vanzo-28-800x800_c.jpeg"},{"@type":"BreadcrumbList","@id":"https:\/\/musicmedia.fi\/majoitus\/#breadcrumb","itemListElement":[{"@type":"ListItem","position":1,"name":"Home","item":"https:\/\/musicmedia.fi\/"},{"@type":"ListItem","position":2,"name":"Majoitus"}]},{"@type":"WebSite","@id":"https:\/\/musicmedia.fi\/#website","url":"https:\/\/musicmedia.fi\/","name":"Music x Media","description":"Bridging the worlds of Music, Entertainment, and Event Industries","publisher":{"@id":"https:\/\/musicmedia.fi\/#organization"},"potentialAction":[{"@type":"SearchAction","target":{"@type":"EntryPoint","urlTemplate":"https:\/\/musicmedia.fi\/?s={search_term_string}"},"query-input":{"@type":"PropertyValueSpecification","valueRequired":true,"valueName":"search_term_string"}}],"inLanguage":"en-GB"},{"@type":"Organization","@id":"https:\/\/musicmedia.fi\/#organization","name":"Music x Media","url":"https:\/\/musicmedia.fi\/","logo":{"@type":"ImageObject","inLanguage":"en-GB","@id":"https:\/\/musicmedia.fi\/#\/schema\/logo\/image\/","url":"https:\/\/musicmedia.fi\/wp-content\/uploads\/2022\/05\/logo.png","contentUrl":"https:\/\/musicmedia.fi\/wp-content\/uploads\/2022\/05\/logo.png","width":276,"height":147,"caption":"Music x Media"},"image":{"@id":"https:\/\/musicmedia.fi\/#\/schema\/logo\/image\/"}}]}},"_links":{"self":[{"href":"https:\/\/musicmedia.fi\/en\/wp-json\/wp\/v2\/pages\/12923","targetHints":{"allow":["GET"]}}],"collection":[{"href":"https:\/\/musicmedia.fi\/en\/wp-json\/wp\/v2\/pages"}],"about":[{"href":"https:\/\/musicmedia.fi\/en\/wp-json\/wp\/v2\/types\/page"}],"author":[{"embeddable":true,"href":"https:\/\/musicmedia.fi\/en\/wp-json\/wp\/v2\/users\/11"}],"replies":[{"embeddable":true,"href":"https:\/\/musicmedia.fi\/en\/wp-json\/wp\/v2\/comments?post=12923"}],"version-history":[{"count":0,"href":"https:\/\/musicmedia.fi\/en\/wp-json\/wp\/v2\/pages\/12923\/revisions"}],"wp:attachment":[{"href":"https:\/\/musicmedia.fi\/en\/wp-json\/wp\/v2\/media?parent=12923"}],"curies":[{"name":"wp","href":"https:\/\/api.w.org\/{rel}","templated":true}]}}