{"id":12863,"date":"2026-03-16T15:08:33","date_gmt":"2026-03-16T13:08:33","guid":{"rendered":"https:\/\/musicmedia.fi\/?page_id=12863"},"modified":"2026-03-16T15:15:27","modified_gmt":"2026-03-16T13:15:27","slug":"vieraskyna","status":"publish","type":"page","link":"https:\/\/musicmedia.fi\/en\/vieraskyna\/","title":{"rendered":"Vieraskyn\u00e4"},"content":{"rendered":"<div data-elementor-type=\"wp-page\" data-elementor-id=\"12863\" class=\"elementor elementor-12863\">\n\t\t\t\t<div class=\"elementor-element elementor-element-f99b2c5 e-flex e-con-boxed e-con e-parent\" data-id=\"f99b2c5\" data-element_type=\"container\">\n\t\t\t\t\t<div class=\"e-con-inner\">\n\t\t\t\t<div class=\"elementor-element elementor-element-a527fcd elementor-widget elementor-widget-heading\" data-id=\"a527fcd\" data-element_type=\"widget\" data-widget_type=\"heading.default\">\n\t\t\t\t<div class=\"elementor-widget-container\">\n\t\t\t\t\t<h2 class=\"elementor-heading-title elementor-size-default\">Music x Median Vieraskyn\u00e4<\/h2>\t\t\t\t<\/div>\n\t\t\t\t<\/div>\n\t\t\t\t\t<\/div>\n\t\t\t\t<\/div>\n\t\t<div class=\"elementor-element elementor-element-dae3db7 e-flex e-con-boxed e-con e-parent\" data-id=\"dae3db7\" data-element_type=\"container\">\n\t\t\t\t\t<div class=\"e-con-inner\">\n\t\t\t\t<div class=\"elementor-element elementor-element-c3c3ac1 elementor-widget elementor-widget-ucaddon_post_blocks\" data-id=\"c3c3ac1\" data-element_type=\"widget\" data-widget_type=\"ucaddon_post_blocks.default\">\n\t\t\t\t<div class=\"elementor-widget-container\">\n\t\t\t\t\t\n<!-- start Post Blocks -->\n\t\t<link id='font-awesome-css' href='https:\/\/musicmedia.fi\/wp-content\/plugins\/unlimited-elements-for-elementor\/assets_libraries\/font-awesome6\/fontawesome-all.min.css' type='text\/css' rel='stylesheet' >\n\t\t<link id='font-awesome-4-shim-css' href='https:\/\/musicmedia.fi\/wp-content\/plugins\/unlimited-elements-for-elementor\/assets_libraries\/font-awesome6\/fontawesome-v4-shims.min.css' type='text\/css' rel='stylesheet' >\n\n<style>\/* widget: Post Blocks *\/\n\n\r\n@keyframes uc_post_blocks_elementor_c3c3ac1__item-animation {\r\n  0% {\r\n            \r\n        \t        \tfilter: blur(10px);\r\n\t\t\t\r\n    \t    opacity: 0;\r\n  }\r\n  100% {\r\n            \r\n        \t            filter: blur(0px);\r\n            \r\n    \t\topacity: 1;\r\n  }\r\n}\r\n\r\n\r\n#uc_post_blocks_elementor_c3c3ac1 .ue_post_blocks_box{\r\n\topacity:0;\r\n}\r\n\r\n\r\n#uc_post_blocks_elementor_c3c3ac1 .uc-entrance-animate {\r\n  opacity:1;\r\n}\r\n\r\n#uc_post_blocks_elementor_c3c3ac1 .uc-entrance-animate {\r\n\tanimation: uc_post_blocks_elementor_c3c3ac1__item-animation 0.6s cubic-bezier(0.470, 0.000, 0.745, 0.715) both;\r\n}\r\n\r\n\t\t\t\n\n#uc_post_blocks_elementor_c3c3ac1 {\n    display:grid;\n}\n#uc_post_blocks_elementor_c3c3ac1 .ue_post_blocks_box\n{\n  overflow:hidden;\n}\n\n#uc_post_blocks_elementor_c3c3ac1 .ue_post_blocks_image\n{\n  overflow:hidden;\n}\n#uc_post_blocks_elementor_c3c3ac1 .ue_post_blocks_image img\n{\n  object-fit: cover;\n  object-position:center center;\n  width:100%;\n  display:block;\n}\n#uc_post_blocks_elementor_c3c3ac1 .ue_post_blocks_link a\n{\n  display:inline-block;\n  text-decoration:none;\n  text-align:center;\n}\n\n #uc_post_blocks_elementor_c3c3ac1 .ue_post_blocks_box img\n{\n  transition:0.5s;\n}\n #uc_post_blocks_elementor_c3c3ac1 .ue_post_blocks_box:hover img\n{\n  transform:scale(1.1,1.1);\n}\n\n\n\n\n#uc_post_blocks_elementor_c3c3ac1 .ue-grid-item-meta-data\n{\n  display:inlin-flex;\n  flex-wrap: wrap;\n}\n\n.ue-grid-item-meta-data\n{\n  font-size:12px;\n}\n\n#uc_post_blocks_elementor_c3c3ac1 .ue-grid-item-meta-data-icon\n{\n  line-height:1em;\n}\n\n#uc_post_blocks_elementor_c3c3ac1 .ue-grid-item-meta-data-icon svg\n{\n  width:1em;\n  height:1em;\n}\n\n\n.ue-grid-item-category a\n{\n  display:inline-block;\n  font-size:10px;\n  text-transform:uppercase;\n}\n\n<\/style>\n\n<div id=\"uc_post_blocks_elementor_c3c3ac1\" class=\"ue_post_blocks uc-items-wrapper\" >\n    <div class=\"ue_post_blocks_box\">\n    <div class=\"ue_post_blocks_image\">\n    <a href=\"https:\/\/musicmedia.fi\/en\/vieraskyna-joogametafora\/\" style=\"display:block;\"><img fetchpriority=\"high\" decoding=\"async\" src=\"https:\/\/musicmedia.fi\/wp-content\/uploads\/2026\/04\/Vieraskyna1-uutinen-1-768x461.jpg\"  alt=\"Vieraskyna\u03081-uutinen\" width=\"768\" height=\"461\"><\/a>\n  <\/div>\n    <div class=\"ue_post_blocks_content\">\n      \n     \n         \n    <div class=\"ue_post_blocks_title\"><a href=\"https:\/\/musicmedia.fi\/en\/vieraskyna-joogametafora\/\">Vieraskyn\u00e4: Joogametafora<\/a><\/div>    \n        \n    \n        <div class=\"ue_post_blocks_link\"><a href=\"https:\/\/musicmedia.fi\/en\/vieraskyna-joogametafora\/\" class=\"\">Read More<div class=\"mm-luenuoli\">\u2191<\/div><\/a><\/div>  <\/div>\n<\/div>\n<div class=\"ue_post_blocks_box\">\n    <div class=\"ue_post_blocks_image\">\n    <a href=\"https:\/\/musicmedia.fi\/en\/vieraskyna-solovey-rakentaa-kokonaisturvallisuutta\/\" style=\"display:block;\"><img decoding=\"async\" src=\"https:\/\/musicmedia.fi\/wp-content\/uploads\/2026\/04\/Vieraskyna1-uutinen-768x461.jpg\"  alt=\"Vieraskyna\u03081-uutinen\" width=\"768\" height=\"461\"><\/a>\n  <\/div>\n    <div class=\"ue_post_blocks_content\">\n      \n     \n         \n    <div class=\"ue_post_blocks_title\"><a href=\"https:\/\/musicmedia.fi\/en\/vieraskyna-solovey-rakentaa-kokonaisturvallisuutta\/\">Vieraskyn\u00e4: Solovey rakentaa kokonaisturvallisuutta<\/a><\/div>    \n        \n    \n        <div class=\"ue_post_blocks_link\"><a href=\"https:\/\/musicmedia.fi\/en\/vieraskyna-solovey-rakentaa-kokonaisturvallisuutta\/\" class=\"\">Read More<div class=\"mm-luenuoli\">\u2191<\/div><\/a><\/div>  <\/div>\n<\/div>\n<div class=\"ue_post_blocks_box\">\n    <div class=\"ue_post_blocks_image\">\n    <a href=\"https:\/\/musicmedia.fi\/en\/vieraskyna-kanteleliiton-valtionrahoitus-lopetettu-kansallissoitin-elaa-modernina-ja-relevanttina-2020-luvulla\/\" style=\"display:block;\"><img decoding=\"async\" src=\"https:\/\/musicmedia.fi\/wp-content\/uploads\/2026\/03\/Vieraskyna1-uutinen-768x461.jpg\"  alt=\"Vieraskyna\u03081-uutinen\" width=\"768\" height=\"461\"><\/a>\n  <\/div>\n    <div class=\"ue_post_blocks_content\">\n      \n     \n         \n    <div class=\"ue_post_blocks_title\"><a href=\"https:\/\/musicmedia.fi\/en\/vieraskyna-kanteleliiton-valtionrahoitus-lopetettu-kansallissoitin-elaa-modernina-ja-relevanttina-2020-luvulla\/\">Vieraskyn\u00e4: Kanteleliiton valtionrahoitus lopetettu - Kansallissoitin el\u00e4\u00e4 modernina ja relevanttina 2020-luvulla<\/a><\/div>    \n        \n    \n        <div class=\"ue_post_blocks_link\"><a href=\"https:\/\/musicmedia.fi\/en\/vieraskyna-kanteleliiton-valtionrahoitus-lopetettu-kansallissoitin-elaa-modernina-ja-relevanttina-2020-luvulla\/\" class=\"\">Read More<div class=\"mm-luenuoli\">\u2191<\/div><\/a><\/div>  <\/div>\n<\/div>\n<div class=\"ue_post_blocks_box\">\n    <div class=\"ue_post_blocks_image\">\n    <a href=\"https:\/\/musicmedia.fi\/en\/vieraskyna-pieni-maa-suuri-aani\/\" style=\"display:block;\"><img loading=\"lazy\" decoding=\"async\" src=\"https:\/\/musicmedia.fi\/wp-content\/uploads\/2026\/02\/Vieraskyna1-uutinen-768x461.png\"  alt=\"Vieraskyna\u03081-uutinen\" width=\"768\" height=\"461\"><\/a>\n  <\/div>\n    <div class=\"ue_post_blocks_content\">\n      \n     \n         \n    <div class=\"ue_post_blocks_title\"><a href=\"https:\/\/musicmedia.fi\/en\/vieraskyna-pieni-maa-suuri-aani\/\">Vieraskyn\u00e4: Pieni maa, suuri \u00e4\u00e4ni<\/a><\/div>    \n        \n    \n        <div class=\"ue_post_blocks_link\"><a href=\"https:\/\/musicmedia.fi\/en\/vieraskyna-pieni-maa-suuri-aani\/\" class=\"\">Read More<div class=\"mm-luenuoli\">\u2191<\/div><\/a><\/div>  <\/div>\n<\/div>\n<div class=\"ue_post_blocks_box\">\n    <div class=\"ue_post_blocks_image\">\n    <a href=\"https:\/\/musicmedia.fi\/en\/vieraskyna-kaparin-kupla-urani-naisvaltaisella-musiikkialalla\/\" style=\"display:block;\"><img loading=\"lazy\" decoding=\"async\" src=\"https:\/\/musicmedia.fi\/wp-content\/uploads\/2026\/01\/Vieraskyna1-uutinen-2-768x419.png\"  alt=\"Vieraskyna\u03081-uutinen-2\" width=\"768\" height=\"419\"><\/a>\n  <\/div>\n    <div class=\"ue_post_blocks_content\">\n      \n     \n         \n    <div class=\"ue_post_blocks_title\"><a href=\"https:\/\/musicmedia.fi\/en\/vieraskyna-kaparin-kupla-urani-naisvaltaisella-musiikkialalla\/\">Vieraskyn\u00e4: Kaparin Kupla - Urani naisvaltaisella musiikkialalla<\/a><\/div>    \n        \n    \n        <div class=\"ue_post_blocks_link\"><a href=\"https:\/\/musicmedia.fi\/en\/vieraskyna-kaparin-kupla-urani-naisvaltaisella-musiikkialalla\/\" class=\"\">Read More<div class=\"mm-luenuoli\">\u2191<\/div><\/a><\/div>  <\/div>\n<\/div>\n\n<\/div>\n<!-- end Post Blocks -->\t\t\t\t<\/div>\n\t\t\t\t<\/div>\n\t\t\t\t\t<\/div>\n\t\t\t\t<\/div>\n\t\t\t\t<\/div>","protected":false},"excerpt":{"rendered":"<p>Music x Median Vieraskyn\u00e4 Vieraskyn\u00e4: Pieni maa, suuri \u00e4\u00e4ni Read More\u2191 Vieraskyn\u00e4: Kaparin Kupla &#8211; Urani naisvaltaisella musiikkialalla Read More\u2191<\/p>","protected":false},"author":11,"featured_media":0,"parent":0,"menu_order":0,"comment_status":"closed","ping_status":"closed","template":"","meta":{"_acf_changed":false,"inline_featured_image":false,"footnotes":""},"class_list":["post-12863","page","type-page","status-publish","hentry"],"acf":[],"yoast_head":"<!-- This site is optimized with the Yoast SEO plugin v25.7 - https:\/\/yoast.com\/wordpress\/plugins\/seo\/ -->\n<title>Vieraskyn\u00e4 - Music x Media<\/title>\n<meta name=\"robots\" content=\"index, follow, max-snippet:-1, max-image-preview:large, max-video-preview:-1\" \/>\n<link rel=\"canonical\" href=\"https:\/\/musicmedia.fi\/en\/vieraskyna\/\" \/>\n<meta property=\"og:locale\" content=\"en_GB\" \/>\n<meta property=\"og:type\" content=\"article\" \/>\n<meta property=\"og:title\" content=\"Vieraskyn\u00e4 - Music x Media\" \/>\n<meta property=\"og:description\" content=\"Music x Median Vieraskyn\u00e4 Vieraskyn\u00e4: Pieni maa, suuri \u00e4\u00e4ni Read More\u2191 Vieraskyn\u00e4: Kaparin Kupla &#8211; Urani naisvaltaisella musiikkialalla Read More\u2191\" \/>\n<meta property=\"og:url\" content=\"https:\/\/musicmedia.fi\/en\/vieraskyna\/\" \/>\n<meta property=\"og:site_name\" content=\"Music x Media\" \/>\n<meta property=\"article:modified_time\" content=\"2026-03-16T13:15:27+00:00\" \/>\n<meta property=\"og:image\" content=\"https:\/\/musicmedia.fi\/wp-content\/uploads\/2026\/02\/Vieraskyna1-uutinen-768x461.png\" \/>\n<meta name=\"twitter:card\" content=\"summary_large_image\" \/>\n<meta name=\"twitter:label1\" content=\"Estimated reading time\" \/>\n\t<meta name=\"twitter:data1\" content=\"1 minute\" \/>\n<script type=\"application\/ld+json\" class=\"yoast-schema-graph\">{\"@context\":\"https:\/\/schema.org\",\"@graph\":[{\"@type\":\"WebPage\",\"@id\":\"https:\/\/musicmedia.fi\/vieraskyna\/\",\"url\":\"https:\/\/musicmedia.fi\/vieraskyna\/\",\"name\":\"Vieraskyn\u00e4 - Music x Media\",\"isPartOf\":{\"@id\":\"https:\/\/musicmedia.fi\/#website\"},\"primaryImageOfPage\":{\"@id\":\"https:\/\/musicmedia.fi\/vieraskyna\/#primaryimage\"},\"image\":{\"@id\":\"https:\/\/musicmedia.fi\/vieraskyna\/#primaryimage\"},\"thumbnailUrl\":\"https:\/\/musicmedia.fi\/wp-content\/uploads\/2026\/02\/Vieraskyna1-uutinen-768x461.png\",\"datePublished\":\"2026-03-16T13:08:33+00:00\",\"dateModified\":\"2026-03-16T13:15:27+00:00\",\"breadcrumb\":{\"@id\":\"https:\/\/musicmedia.fi\/vieraskyna\/#breadcrumb\"},\"inLanguage\":\"en-GB\",\"potentialAction\":[{\"@type\":\"ReadAction\",\"target\":[\"https:\/\/musicmedia.fi\/vieraskyna\/\"]}]},{\"@type\":\"ImageObject\",\"inLanguage\":\"en-GB\",\"@id\":\"https:\/\/musicmedia.fi\/vieraskyna\/#primaryimage\",\"url\":\"https:\/\/musicmedia.fi\/wp-content\/uploads\/2026\/02\/Vieraskyna1-uutinen-768x461.png\",\"contentUrl\":\"https:\/\/musicmedia.fi\/wp-content\/uploads\/2026\/02\/Vieraskyna1-uutinen-768x461.png\"},{\"@type\":\"BreadcrumbList\",\"@id\":\"https:\/\/musicmedia.fi\/vieraskyna\/#breadcrumb\",\"itemListElement\":[{\"@type\":\"ListItem\",\"position\":1,\"name\":\"Home\",\"item\":\"https:\/\/musicmedia.fi\/\"},{\"@type\":\"ListItem\",\"position\":2,\"name\":\"Vieraskyn\u00e4\"}]},{\"@type\":\"WebSite\",\"@id\":\"https:\/\/musicmedia.fi\/#website\",\"url\":\"https:\/\/musicmedia.fi\/\",\"name\":\"Music x Media\",\"description\":\"Musiikki-, viihde- ja tapahtuma-alojen kohtaamispaikka\",\"publisher\":{\"@id\":\"https:\/\/musicmedia.fi\/#organization\"},\"potentialAction\":[{\"@type\":\"SearchAction\",\"target\":{\"@type\":\"EntryPoint\",\"urlTemplate\":\"https:\/\/musicmedia.fi\/?s={search_term_string}\"},\"query-input\":{\"@type\":\"PropertyValueSpecification\",\"valueRequired\":true,\"valueName\":\"search_term_string\"}}],\"inLanguage\":\"en-GB\"},{\"@type\":\"Organization\",\"@id\":\"https:\/\/musicmedia.fi\/#organization\",\"name\":\"Music x Media\",\"url\":\"https:\/\/musicmedia.fi\/\",\"logo\":{\"@type\":\"ImageObject\",\"inLanguage\":\"en-GB\",\"@id\":\"https:\/\/musicmedia.fi\/#\/schema\/logo\/image\/\",\"url\":\"https:\/\/musicmedia.fi\/wp-content\/uploads\/2022\/05\/logo.png\",\"contentUrl\":\"https:\/\/musicmedia.fi\/wp-content\/uploads\/2022\/05\/logo.png\",\"width\":276,\"height\":147,\"caption\":\"Music x Media\"},\"image\":{\"@id\":\"https:\/\/musicmedia.fi\/#\/schema\/logo\/image\/\"}}]}<\/script>\n<!-- \/ Yoast SEO plugin. -->","yoast_head_json":{"title":"Vieraskyn\u00e4 - Music x Media","robots":{"index":"index","follow":"follow","max-snippet":"max-snippet:-1","max-image-preview":"max-image-preview:large","max-video-preview":"max-video-preview:-1"},"canonical":"https:\/\/musicmedia.fi\/en\/vieraskyna\/","og_locale":"en_GB","og_type":"article","og_title":"Vieraskyn\u00e4 - Music x Media","og_description":"Music x Median Vieraskyn\u00e4 Vieraskyn\u00e4: Pieni maa, suuri \u00e4\u00e4ni Read More\u2191 Vieraskyn\u00e4: Kaparin Kupla &#8211; Urani naisvaltaisella musiikkialalla Read More\u2191","og_url":"https:\/\/musicmedia.fi\/en\/vieraskyna\/","og_site_name":"Music x Media","article_modified_time":"2026-03-16T13:15:27+00:00","og_image":[{"url":"https:\/\/musicmedia.fi\/wp-content\/uploads\/2026\/02\/Vieraskyna1-uutinen-768x461.png","type":"","width":"","height":""}],"twitter_card":"summary_large_image","twitter_misc":{"Estimated reading time":"1 minute"},"schema":{"@context":"https:\/\/schema.org","@graph":[{"@type":"WebPage","@id":"https:\/\/musicmedia.fi\/vieraskyna\/","url":"https:\/\/musicmedia.fi\/vieraskyna\/","name":"Vieraskyn\u00e4 - Music x Media","isPartOf":{"@id":"https:\/\/musicmedia.fi\/#website"},"primaryImageOfPage":{"@id":"https:\/\/musicmedia.fi\/vieraskyna\/#primaryimage"},"image":{"@id":"https:\/\/musicmedia.fi\/vieraskyna\/#primaryimage"},"thumbnailUrl":"https:\/\/musicmedia.fi\/wp-content\/uploads\/2026\/02\/Vieraskyna1-uutinen-768x461.png","datePublished":"2026-03-16T13:08:33+00:00","dateModified":"2026-03-16T13:15:27+00:00","breadcrumb":{"@id":"https:\/\/musicmedia.fi\/vieraskyna\/#breadcrumb"},"inLanguage":"en-GB","potentialAction":[{"@type":"ReadAction","target":["https:\/\/musicmedia.fi\/vieraskyna\/"]}]},{"@type":"ImageObject","inLanguage":"en-GB","@id":"https:\/\/musicmedia.fi\/vieraskyna\/#primaryimage","url":"https:\/\/musicmedia.fi\/wp-content\/uploads\/2026\/02\/Vieraskyna1-uutinen-768x461.png","contentUrl":"https:\/\/musicmedia.fi\/wp-content\/uploads\/2026\/02\/Vieraskyna1-uutinen-768x461.png"},{"@type":"BreadcrumbList","@id":"https:\/\/musicmedia.fi\/vieraskyna\/#breadcrumb","itemListElement":[{"@type":"ListItem","position":1,"name":"Home","item":"https:\/\/musicmedia.fi\/"},{"@type":"ListItem","position":2,"name":"Vieraskyn\u00e4"}]},{"@type":"WebSite","@id":"https:\/\/musicmedia.fi\/#website","url":"https:\/\/musicmedia.fi\/","name":"Music x Media","description":"Bridging the worlds of Music, Entertainment, and Event Industries","publisher":{"@id":"https:\/\/musicmedia.fi\/#organization"},"potentialAction":[{"@type":"SearchAction","target":{"@type":"EntryPoint","urlTemplate":"https:\/\/musicmedia.fi\/?s={search_term_string}"},"query-input":{"@type":"PropertyValueSpecification","valueRequired":true,"valueName":"search_term_string"}}],"inLanguage":"en-GB"},{"@type":"Organization","@id":"https:\/\/musicmedia.fi\/#organization","name":"Music x Media","url":"https:\/\/musicmedia.fi\/","logo":{"@type":"ImageObject","inLanguage":"en-GB","@id":"https:\/\/musicmedia.fi\/#\/schema\/logo\/image\/","url":"https:\/\/musicmedia.fi\/wp-content\/uploads\/2022\/05\/logo.png","contentUrl":"https:\/\/musicmedia.fi\/wp-content\/uploads\/2022\/05\/logo.png","width":276,"height":147,"caption":"Music x Media"},"image":{"@id":"https:\/\/musicmedia.fi\/#\/schema\/logo\/image\/"}}]}},"_links":{"self":[{"href":"https:\/\/musicmedia.fi\/en\/wp-json\/wp\/v2\/pages\/12863","targetHints":{"allow":["GET"]}}],"collection":[{"href":"https:\/\/musicmedia.fi\/en\/wp-json\/wp\/v2\/pages"}],"about":[{"href":"https:\/\/musicmedia.fi\/en\/wp-json\/wp\/v2\/types\/page"}],"author":[{"embeddable":true,"href":"https:\/\/musicmedia.fi\/en\/wp-json\/wp\/v2\/users\/11"}],"replies":[{"embeddable":true,"href":"https:\/\/musicmedia.fi\/en\/wp-json\/wp\/v2\/comments?post=12863"}],"version-history":[{"count":0,"href":"https:\/\/musicmedia.fi\/en\/wp-json\/wp\/v2\/pages\/12863\/revisions"}],"wp:attachment":[{"href":"https:\/\/musicmedia.fi\/en\/wp-json\/wp\/v2\/media?parent=12863"}],"curies":[{"name":"wp","href":"https:\/\/api.w.org\/{rel}","templated":true}]}}